 {"id":617,"date":"2013-06-29T13:31:53","date_gmt":"2013-06-29T11:31:53","guid":{"rendered":"https:\/\/blogs.univ-tlse2.fr\/comparaisons-semiotiques\/?page_id=617"},"modified":"2014-03-17T09:57:02","modified_gmt":"2014-03-17T08:57:02","slug":"resume-desveaux","status":"publish","type":"page","link":"https:\/\/blogs.univ-tlse2.fr\/comparaisons-semiotiques\/resume-conferences\/resume-desveaux\/","title":{"rendered":"R\u00e9sum\u00e9 D\u00e9sveaux"},"content":{"rendered":"<p><strong>R\u00e9sum\u00e9<\/strong><\/p>\n<p>D&rsquo;un bout \u00e0 l&rsquo;autre des Alpes, il existe une architecture vernaculaire dont les grandes caract\u00e9ristiques semblent \u00e0 premi\u00e8re vue assez similaires autant au regard des fonctions du ou des b\u00e2timents\u00a0 \u2014 une \u00e9table, un fenil, une habitation \u2014 qu&rsquo;au regard d&rsquo;une technique de construction qui consiste \u00e0 empiler les madriers les uns sur les autres tout en les rendant solidaires par un syst\u00e8me d&rsquo;encoches\u00a0 m\u00e9nag\u00e9es \u00e0 leurs extr\u00e9mit\u00e9s. Dans un premier temps, nous montrerons que la variation des formes observ\u00e9es exclue un pur d\u00e9terminisme mat\u00e9rialiste dans leur interpr\u00e9tation et qu&rsquo;il convient donc d&rsquo;y ajouter une dimension s\u00e9miotique. Dans un deuxi\u00e8me temps, \u00e0 partir de quelques exemples, nous nous interrogerons sur les \u00e9chelles pertinentes en vue de mener l&rsquo;analyse de ces variations dans l&rsquo;optique, pr\u00e9cis\u00e9ment, d&rsquo;y d\u00e9celer un syst\u00e8me de significations.<\/p>\n","protected":false},"excerpt":{"rendered":"<p>R\u00e9sum\u00e9 D&rsquo;un bout \u00e0 l&rsquo;autre des Alpes, il existe une architecture vernaculaire dont les grandes caract\u00e9ristiques semblent \u00e0 premi\u00e8re vue assez similaires autant au regard des fonctions du ou des b\u00e2timents\u00a0 \u2014 une \u00e9table, un fenil, une habitation \u2014 qu&rsquo;au &hellip; <a href=\"https:\/\/blogs.univ-tlse2.fr\/comparaisons-semiotiques\/resume-conferences\/resume-desveaux\/\">Continuer la lecture <span class=\"meta-nav\">&rarr;<\/span><\/a><\/p>\n","protected":false},"author":195,"featured_media":0,"parent":622,"menu_order":0,"comment_status":"closed","ping_status":"open","template":"","meta":{"footnotes":""},"class_list":["post-617","page","type-page","status-publish","hentry"],"_links":{"self":[{"href":"https:\/\/blogs.univ-tlse2.fr\/comparaisons-semiotiques\/wp-json\/wp\/v2\/pages\/617","targetHints":{"allow":["GET"]}}],"collection":[{"href":"https:\/\/blogs.univ-tlse2.fr\/comparaisons-semiotiques\/wp-json\/wp\/v2\/pages"}],"about":[{"href":"https:\/\/blogs.univ-tlse2.fr\/comparaisons-semiotiques\/wp-json\/wp\/v2\/types\/page"}],"author":[{"embeddable":true,"href":"https:\/\/blogs.univ-tlse2.fr\/comparaisons-semiotiques\/wp-json\/wp\/v2\/users\/195"}],"replies":[{"embeddable":true,"href":"https:\/\/blogs.univ-tlse2.fr\/comparaisons-semiotiques\/wp-json\/wp\/v2\/comments?post=617"}],"version-history":[{"count":2,"href":"https:\/\/blogs.univ-tlse2.fr\/comparaisons-semiotiques\/wp-json\/wp\/v2\/pages\/617\/revisions"}],"predecessor-version":[{"id":623,"href":"https:\/\/blogs.univ-tlse2.fr\/comparaisons-semiotiques\/wp-json\/wp\/v2\/pages\/617\/revisions\/623"}],"up":[{"embeddable":true,"href":"https:\/\/blogs.univ-tlse2.fr\/comparaisons-semiotiques\/wp-json\/wp\/v2\/pages\/622"}],"wp:attachment":[{"href":"https:\/\/blogs.univ-tlse2.fr\/comparaisons-semiotiques\/wp-json\/wp\/v2\/media?parent=617"}],"curies":[{"name":"wp","href":"https:\/\/api.w.org\/{rel}","templated":true}]}}