 {"id":828,"date":"2013-09-03T22:48:35","date_gmt":"2013-09-03T20:48:35","guid":{"rendered":"https:\/\/blogs.univ-tlse2.fr\/comparaisons-semiotiques\/?page_id=828"},"modified":"2014-03-17T09:57:02","modified_gmt":"2014-03-17T08:57:02","slug":"affiche","status":"publish","type":"page","link":"https:\/\/blogs.univ-tlse2.fr\/comparaisons-semiotiques\/pre-programme-2\/affiche\/","title":{"rendered":"Affiche"},"content":{"rendered":"<p><a href=\"https:\/\/blogs.univ-tlse2.fr\/comparaisons-semiotiques\/files\/2013\/09\/Affiche.png\"><img loading=\"lazy\" decoding=\"async\" class=\"alignnone size-medium wp-image-840\" alt=\"Affiche\" src=\"https:\/\/blogs.univ-tlse2.fr\/comparaisons-semiotiques\/files\/2013\/09\/Affiche-212x300.png\" width=\"212\" height=\"300\" srcset=\"https:\/\/blogs.univ-tlse2.fr\/comparaisons-semiotiques\/files\/2013\/09\/Affiche-212x300.png 212w, https:\/\/blogs.univ-tlse2.fr\/comparaisons-semiotiques\/files\/2013\/09\/Affiche-723x1024.png 723w, https:\/\/blogs.univ-tlse2.fr\/comparaisons-semiotiques\/files\/2013\/09\/Affiche.png 842w\" sizes=\"auto, (max-width: 212px) 100vw, 212px\" \/><\/a><\/p>\n<p>\u00c0 t\u00e9l\u00e9charger et imprimer :<br \/>\n<a href=\"https:\/\/blogs.univ-tlse2.fr\/comparaisons-semiotiques\/files\/2013\/09\/Affiche_hd.pdf\">Affiche_hd<\/a><\/p>\n","protected":false},"excerpt":{"rendered":"<p>\u00c0 t\u00e9l\u00e9charger et imprimer : Affiche_hd<\/p>\n","protected":false},"author":195,"featured_media":0,"parent":84,"menu_order":0,"comment_status":"closed","ping_status":"open","template":"","meta":{"footnotes":""},"class_list":["post-828","page","type-page","status-publish","hentry"],"_links":{"self":[{"href":"https:\/\/blogs.univ-tlse2.fr\/comparaisons-semiotiques\/wp-json\/wp\/v2\/pages\/828","targetHints":{"allow":["GET"]}}],"collection":[{"href":"https:\/\/blogs.univ-tlse2.fr\/comparaisons-semiotiques\/wp-json\/wp\/v2\/pages"}],"about":[{"href":"https:\/\/blogs.univ-tlse2.fr\/comparaisons-semiotiques\/wp-json\/wp\/v2\/types\/page"}],"author":[{"embeddable":true,"href":"https:\/\/blogs.univ-tlse2.fr\/comparaisons-semiotiques\/wp-json\/wp\/v2\/users\/195"}],"replies":[{"embeddable":true,"href":"https:\/\/blogs.univ-tlse2.fr\/comparaisons-semiotiques\/wp-json\/wp\/v2\/comments?post=828"}],"version-history":[{"count":8,"href":"https:\/\/blogs.univ-tlse2.fr\/comparaisons-semiotiques\/wp-json\/wp\/v2\/pages\/828\/revisions"}],"predecessor-version":[{"id":890,"href":"https:\/\/blogs.univ-tlse2.fr\/comparaisons-semiotiques\/wp-json\/wp\/v2\/pages\/828\/revisions\/890"}],"up":[{"embeddable":true,"href":"https:\/\/blogs.univ-tlse2.fr\/comparaisons-semiotiques\/wp-json\/wp\/v2\/pages\/84"}],"wp:attachment":[{"href":"https:\/\/blogs.univ-tlse2.fr\/comparaisons-semiotiques\/wp-json\/wp\/v2\/media?parent=828"}],"curies":[{"name":"wp","href":"https:\/\/api.w.org\/{rel}","templated":true}]}}