 {"id":84,"date":"2013-06-19T13:18:55","date_gmt":"2013-06-19T13:18:55","guid":{"rendered":"https:\/\/blogs.univ-tlse2.fr\/comparaisons-semiotiques\/?page_id=84"},"modified":"2014-03-17T09:57:02","modified_gmt":"2014-03-17T08:57:02","slug":"pre-programme-2","status":"publish","type":"page","link":"https:\/\/blogs.univ-tlse2.fr\/comparaisons-semiotiques\/pre-programme-2\/","title":{"rendered":"Programme"},"content":{"rendered":"<p><em><a href=\"https:\/\/blogs.univ-tlse2.fr\/comparaisons-semiotiques\/files\/2013\/06\/cropped-bandeau03.png\"><img loading=\"lazy\" decoding=\"async\" class=\"alignnone size-medium wp-image-62\" alt=\"cropped-bandeau03.png\" src=\"https:\/\/blogs.univ-tlse2.fr\/comparaisons-semiotiques\/files\/2013\/06\/cropped-bandeau03-300x61.png\" width=\"300\" height=\"61\" srcset=\"https:\/\/blogs.univ-tlse2.fr\/comparaisons-semiotiques\/files\/2013\/06\/cropped-bandeau03-300x61.png 300w, https:\/\/blogs.univ-tlse2.fr\/comparaisons-semiotiques\/files\/2013\/06\/cropped-bandeau03-500x103.png 500w, https:\/\/blogs.univ-tlse2.fr\/comparaisons-semiotiques\/files\/2013\/06\/cropped-bandeau03.png 1000w\" sizes=\"auto, (max-width: 300px) 100vw, 300px\" \/><\/a><\/em><\/p>\n<table cellspacing=\"0\" cellpadding=\"0\">\n<tbody>\n<tr>\n<td colspan=\"3\" valign=\"top\">\n<h3>11 septembre matin<\/h3>\n<\/td>\n<\/tr>\n<tr>\n<td valign=\"top\"><strong>Horaires<\/strong><\/td>\n<td valign=\"top\"><strong>Intervenants<\/strong><\/td>\n<td valign=\"top\"><strong>Titre<\/strong><\/td>\n<\/tr>\n<tr>\n<td valign=\"top\">9h00-<br \/>\n9h15<\/td>\n<td valign=\"top\">Daniel Lacroix<br \/>\n(Vice-Pr\u00e9sident du CS)<\/td>\n<td valign=\"top\">Allocution<\/td>\n<\/tr>\n<tr>\n<td valign=\"top\">9h15-<br \/>\n9h35<\/td>\n<td valign=\"top\">Michel Ballabriga<\/td>\n<td valign=\"top\">Introduction<\/td>\n<\/tr>\n<tr>\n<td valign=\"top\">9h35-<br \/>\n10h35<\/td>\n<td valign=\"top\">Alessandro Zinna<\/td>\n<td valign=\"top\">L&rsquo;art de comparer : voir l&rsquo;invisible<br \/>\n<a title=\"R\u00e9sum\u00e9 zinna\" href=\"https:\/\/blogs.univ-tlse2.fr\/comparaisons-semiotiques\/resume-intervenant-7\/\"><img loading=\"lazy\" decoding=\"async\" alt=\"graphique05\" src=\"https:\/\/blogs.univ-tlse2.fr\/comparaisons-semiotiques\/files\/2013\/06\/graphique05.png\" width=\"37\" height=\"37\" \/><\/a><\/td>\n<\/tr>\n<tr>\n<td valign=\"top\">10h35-<br \/>\n10h50<\/td>\n<td valign=\"top\">Pause<\/td>\n<td valign=\"top\">Caf\u00e9<\/td>\n<\/tr>\n<tr>\n<td valign=\"top\">10h50-<br \/>\n11h25<\/td>\n<td valign=\"top\">Sylvie<br \/>\nP\u00e9rineau<\/td>\n<td valign=\"top\">Quels principes de pr\u00e9caution pour<br \/>\nun usage s\u00e9miotique de la comparaison ?<br \/>\n<a title=\"R\u00e9sum\u00e9 intervenant 3\" href=\"https:\/\/blogs.univ-tlse2.fr\/comparaisons-semiotiques\/pre-programme\/resume-intervenant-3\/\" target=\"_blank\"><img loading=\"lazy\" decoding=\"async\" alt=\"graphique05\" src=\"https:\/\/blogs.univ-tlse2.fr\/comparaisons-semiotiques\/files\/2013\/06\/graphique05.png\" width=\"37\" height=\"37\" \/><\/a><\/td>\n<\/tr>\n<tr>\n<td valign=\"top\">11h25-<br \/>\n12h00<\/td>\n<td valign=\"top\">Dalila<br \/>\nHarir<\/td>\n<td valign=\"top\">\u00a0Confrontation s\u00e9miotique :<br \/>\nde la litt\u00e9rature classique au manga<br \/>\n<a title=\"R\u00e9sum\u00e9 intervenant 8\" href=\"https:\/\/blogs.univ-tlse2.fr\/comparaisons-semiotiques\/resume-intervenant-8\/\"><img loading=\"lazy\" decoding=\"async\" alt=\"graphique05\" src=\"https:\/\/blogs.univ-tlse2.fr\/comparaisons-semiotiques\/files\/2013\/06\/graphique05.png\" width=\"37\" height=\"37\" \/><\/a><\/td>\n<\/tr>\n<\/tbody>\n<\/table>\n<p>&nbsp;<\/p>\n<table cellspacing=\"0\" cellpadding=\"0\">\n<tbody>\n<tr>\n<td colspan=\"3\" valign=\"top\">\n<h3>11 septembre apr\u00e8s-midi<\/h3>\n<\/td>\n<\/tr>\n<tr>\n<td valign=\"top\"><strong>Horaires<\/strong><\/td>\n<td valign=\"top\"><strong>Intervenants<\/strong><\/td>\n<td valign=\"top\"><strong>Titre<\/strong><\/td>\n<\/tr>\n<tr>\n<td valign=\"top\">14h00-<br \/>\n15h00<\/td>\n<td valign=\"top\">Massimo<br \/>\nLeone<\/td>\n<td valign=\"top\">S\u00e9miotique de la vacuit\u00e9<br \/>\n<a title=\"R\u00e9sum\u00e9 intervenant 10\" href=\"https:\/\/blogs.univ-tlse2.fr\/comparaisons-semiotiques\/pre-programme\/resume-intervenant-10\/\"><img loading=\"lazy\" decoding=\"async\" alt=\"graphique05\" src=\"https:\/\/blogs.univ-tlse2.fr\/comparaisons-semiotiques\/files\/2013\/06\/graphique05.png\" width=\"37\" height=\"37\" \/><\/a><\/td>\n<\/tr>\n<tr>\n<td valign=\"top\">15h00-<br \/>\n15h35<\/td>\n<td valign=\"top\">Pascale<br \/>\nDelormas<\/td>\n<td valign=\"top\">Comparaisons s\u00e9miotiques<br \/>\n<a title=\"Pascale Delormas\" href=\"https:\/\/blogs.univ-tlse2.fr\/comparaisons-semiotiques\/resumes\/delormas-pascale\/\"><img loading=\"lazy\" decoding=\"async\" class=\"alignnone size-full wp-image-183\" alt=\"graphique05\" src=\"https:\/\/blogs.univ-tlse2.fr\/comparaisons-semiotiques\/files\/2013\/06\/graphique05.png\" width=\"37\" height=\"37\" \/><\/a><\/td>\n<\/tr>\n<tr>\n<td valign=\"top\">15h35-<br \/>\n15h50<\/td>\n<td valign=\"top\">Pause<\/td>\n<td valign=\"top\">Caf\u00e9<\/td>\n<\/tr>\n<tr>\n<td valign=\"top\">15h50-<br \/>\n16h25<\/td>\n<td valign=\"top\">\u00a0Didier<br \/>\nTsala Effa<\/td>\n<td valign=\"top\">\u00a0Comparaison, diff\u00e9renciation et champ concurrentiel<br \/>\ndans le marketing<br \/>\n<a title=\"R\u00e9sum\u00e9 intervenant  4\" href=\"https:\/\/blogs.univ-tlse2.fr\/comparaisons-semiotiques\/pre-programme\/resume-intervenant-4\/\"><img loading=\"lazy\" decoding=\"async\" alt=\"graphique05\" src=\"https:\/\/blogs.univ-tlse2.fr\/comparaisons-semiotiques\/files\/2013\/06\/graphique05.png\" width=\"37\" height=\"37\" \/><\/a><\/td>\n<\/tr>\n<tr>\n<td valign=\"top\">18h00-<br \/>\n19h30<\/td>\n<td valign=\"top\">Visite de la Mairie<\/td>\n<td valign=\"top\"><\/td>\n<\/tr>\n<\/tbody>\n<\/table>\n<p>&nbsp;<\/p>\n<table cellspacing=\"0\" cellpadding=\"0\">\n<tbody>\n<tr>\n<td colspan=\"3\" valign=\"top\">\n<h3>12 septembre matin<\/h3>\n<\/td>\n<\/tr>\n<tr>\n<td valign=\"top\"><strong>Horaires<\/strong><\/td>\n<td valign=\"top\"><strong>Intervenants<\/strong><\/td>\n<td valign=\"top\"><strong>Titre<\/strong><\/td>\n<\/tr>\n<tr>\n<td valign=\"top\">9h00-<br \/>\n10h00<\/td>\n<td valign=\"top\">Ivan<br \/>\nDarrault-Harris<\/td>\n<td valign=\"top\">Au carrefour fusionnant discours, objets et pratiques, les d\u00e9fis de la psychoth\u00e9rapie<\/td>\n<\/tr>\n<tr>\n<td valign=\"top\">10h00-<br \/>\n10h35<\/td>\n<td valign=\"top\">Daniel<br \/>\nGalarreta<\/td>\n<td valign=\"top\">Comparaisons linguistiques vs s\u00e9miotiques.<br \/>\nD\u00e9tecter les \u00e9volutions de connaissances<br \/>\n<a title=\"R\u00e9sum\u00e9 intervenant 6\" href=\"https:\/\/blogs.univ-tlse2.fr\/comparaisons-semiotiques\/pre-programme\/resume-intervenant-6\/\"><img loading=\"lazy\" decoding=\"async\" alt=\"graphique05\" src=\"https:\/\/blogs.univ-tlse2.fr\/comparaisons-semiotiques\/files\/2013\/06\/graphique05.png\" width=\"37\" height=\"37\" \/><\/a><\/td>\n<\/tr>\n<tr>\n<td valign=\"top\">10h35-<br \/>\n10h50<\/td>\n<td valign=\"top\">Pause<\/td>\n<td valign=\"top\">Caf\u00e9<\/td>\n<\/tr>\n<tr>\n<td valign=\"top\">10h50-<br \/>\n11h25<\/td>\n<td valign=\"top\">Pierre-Antoine<br \/>\nNavarette<\/td>\n<td valign=\"top\">Transformation des textes<br \/>\net mod\u00e8le de conversion narrative<br \/>\n<a href=\"https:\/\/blogs.univ-tlse2.fr\/comparaisons-semiotiques\/files\/2013\/06\/graphique05.png\"><img loading=\"lazy\" decoding=\"async\" alt=\"graphique05\" src=\"https:\/\/blogs.univ-tlse2.fr\/comparaisons-semiotiques\/files\/2013\/06\/graphique05.png\" width=\"37\" height=\"37\" \/><\/a><\/td>\n<\/tr>\n<tr>\n<td valign=\"top\">11h25-<br \/>\n12h00<\/td>\n<td valign=\"top\">St\u00e9phanie Bertincourt<\/td>\n<td valign=\"top\">Analyse s\u00e9miotique d&rsquo;une adaptation filmique.<br \/>\nLe Pays sans \u00e9toiles de Pierre V\u00e9ry<br \/>\n<a title=\"R\u00e9sum\u00e9 intervenant 11\" href=\"https:\/\/blogs.univ-tlse2.fr\/comparaisons-semiotiques\/pre-programme\/resume-intervenant-11\/\"><img loading=\"lazy\" decoding=\"async\" alt=\"graphique05\" src=\"https:\/\/blogs.univ-tlse2.fr\/comparaisons-semiotiques\/files\/2013\/06\/graphique05.png\" width=\"37\" height=\"37\" \/><\/a><\/td>\n<\/tr>\n<\/tbody>\n<\/table>\n<table cellspacing=\"0\" cellpadding=\"0\">\n<tbody>\n<tr>\n<td colspan=\"3\" valign=\"top\">\n<h3>12 septembre apr\u00e8s-midi<\/h3>\n<\/td>\n<\/tr>\n<tr>\n<td valign=\"top\"><strong>Horaires<\/strong><\/td>\n<td valign=\"top\"><strong>Intervenants<\/strong><\/td>\n<td valign=\"top\"><strong>Titre<\/strong><\/td>\n<\/tr>\n<tr>\n<td valign=\"top\">14h00-<br \/>\n15h00<\/td>\n<td valign=\"top\">Pierluigi<br \/>\nBasso-Fossali<\/td>\n<td valign=\"top\">L\u2019op\u00e9ration de comparer<br \/>\n<a title=\"Pierluigi Basso-Fossali\" href=\"https:\/\/blogs.univ-tlse2.fr\/comparaisons-semiotiques\/resumes\/basso\/\"><img loading=\"lazy\" decoding=\"async\" class=\"alignnone size-full wp-image-183\" alt=\"graphique05\" src=\"https:\/\/blogs.univ-tlse2.fr\/comparaisons-semiotiques\/files\/2013\/06\/graphique05.png\" width=\"37\" height=\"37\" \/><\/a><\/td>\n<\/tr>\n<tr>\n<td valign=\"top\">15h00-<br \/>\n15h35<\/td>\n<td valign=\"top\">Laurence<br \/>\nLeveneur<\/td>\n<td valign=\"top\">Du jeu au jeu t\u00e9l\u00e9visuel<br \/>\nComparaisons et transpositions d\u2019un genre prot\u00e9iforme<br \/>\n<a href=\"https:\/\/blogs.univ-tlse2.fr\/comparaisons-semiotiques\/files\/2013\/06\/graphique05.png\"><img loading=\"lazy\" decoding=\"async\" alt=\"graphique05\" src=\"https:\/\/blogs.univ-tlse2.fr\/comparaisons-semiotiques\/files\/2013\/06\/graphique05.png\" width=\"37\" height=\"37\" \/><\/a><\/td>\n<\/tr>\n<tr>\n<td valign=\"top\">15h35-<br \/>\n15h50<\/td>\n<td valign=\"top\">Pause<\/td>\n<td valign=\"top\">Caf\u00e9<\/td>\n<\/tr>\n<tr>\n<td valign=\"top\">15h50-<br \/>\n16h25<\/td>\n<td valign=\"top\">Marianna Boero<br \/>\nStefano Traini<\/td>\n<td valign=\"top\">Le langage de la mode et la comparaison des sites web<br \/>\n<a title=\"R\u00e9sum\u00e9 intervenant 2\" href=\"https:\/\/blogs.univ-tlse2.fr\/comparaisons-semiotiques\/pre-programme\/resume-intervenant-2\/\"><img loading=\"lazy\" decoding=\"async\" alt=\"graphique05\" src=\"https:\/\/blogs.univ-tlse2.fr\/comparaisons-semiotiques\/files\/2013\/06\/graphique05.png\" width=\"37\" height=\"37\" \/><\/a><\/td>\n<\/tr>\n<tr>\n<td valign=\"top\">16h25-<br \/>\n17h00<\/td>\n<td valign=\"top\">\u00a0Elena<br \/>\nGuseva<\/td>\n<td valign=\"top\">\u00a0L&rsquo;\u00e9tude comparative des discours du packaging des produits alimentaires<br \/>\n<a title=\"Elena Guseva\" href=\"https:\/\/blogs.univ-tlse2.fr\/comparaisons-semiotiques\/resumes\/resume-intervenant-5\/\"><img loading=\"lazy\" decoding=\"async\" class=\"alignnone size-full wp-image-183\" alt=\"graphique05\" src=\"https:\/\/blogs.univ-tlse2.fr\/comparaisons-semiotiques\/files\/2013\/06\/graphique05.png\" width=\"37\" height=\"37\" \/><\/a><\/td>\n<\/tr>\n<\/tbody>\n<\/table>\n<p>&nbsp;<\/p>\n<table cellspacing=\"0\" cellpadding=\"0\">\n<tbody>\n<tr>\n<td colspan=\"3\" valign=\"top\">\n<h3>13 septembre matin<\/h3>\n<\/td>\n<\/tr>\n<tr>\n<td valign=\"top\"><strong>Horaires<\/strong><\/td>\n<td valign=\"top\"><strong>Intervenants<\/strong><\/td>\n<td valign=\"top\"><strong>Titre<\/strong><\/td>\n<\/tr>\n<tr>\n<td valign=\"top\">9h00-<br \/>\n10h00<\/td>\n<td valign=\"top\">Emmanuel<br \/>\nD\u00e9sveaux<\/td>\n<td valign=\"top\">Comparer, mais \u00e0 quelle \u00e9chelle ?<br \/>\nLe cas de l\u2019architecture alpine<br \/>\n<a title=\"R\u00e9sum\u00e9 D\u00e9sveaux\" href=\"https:\/\/blogs.univ-tlse2.fr\/comparaisons-semiotiques\/resume-conferences\/resume-desveaux\/\"><img loading=\"lazy\" decoding=\"async\" class=\"alignnone size-full wp-image-183\" alt=\"graphique05\" src=\"https:\/\/blogs.univ-tlse2.fr\/comparaisons-semiotiques\/files\/2013\/06\/graphique05.png\" width=\"37\" height=\"37\" \/><\/a><\/td>\n<\/tr>\n<tr>\n<td valign=\"top\">10h00-<br \/>\n10h35<\/td>\n<td valign=\"top\">Jean-Pierre<br \/>\nFewou<\/td>\n<td valign=\"top\">Comparaison s\u00e9miotique de quelques forums<br \/>\nde discussion en ligne<br \/>\n<a title=\"Jean-Pierre Fewou-Ngouloure\" href=\"https:\/\/blogs.univ-tlse2.fr\/comparaisons-semiotiques\/resumes\/intervenant-1\/\"><img loading=\"lazy\" decoding=\"async\" class=\"alignnone size-full wp-image-183\" alt=\"graphique05\" src=\"https:\/\/blogs.univ-tlse2.fr\/comparaisons-semiotiques\/files\/2013\/06\/graphique05.png\" width=\"37\" height=\"37\" \/><\/a><\/td>\n<\/tr>\n<tr>\n<td valign=\"top\">10h35-<br \/>\n10h50<\/td>\n<td valign=\"top\">Pause<\/td>\n<td valign=\"top\">Caf\u00e9<\/td>\n<\/tr>\n<tr>\n<td valign=\"top\"><\/td>\n<td valign=\"top\"><\/td>\n<td valign=\"top\"><\/td>\n<\/tr>\n<tr>\n<td valign=\"top\">10h50-<br \/>\n12h00<\/td>\n<td valign=\"top\">Table ronde<\/td>\n<td valign=\"top\">La comparaison entre pratique et m\u00e9thode<\/td>\n<\/tr>\n<\/tbody>\n<\/table>\n<p>&nbsp;<\/p>\n","protected":false},"excerpt":{"rendered":"<p>11 septembre matin Horaires Intervenants Titre 9h00- 9h15 Daniel Lacroix (Vice-Pr\u00e9sident du CS) Allocution 9h15- 9h35 Michel Ballabriga Introduction 9h35- 10h35 Alessandro Zinna L&rsquo;art de comparer : voir l&rsquo;invisible 10h35- 10h50 Pause Caf\u00e9 10h50- 11h25 Sylvie P\u00e9rineau Quels principes de &hellip; <a href=\"https:\/\/blogs.univ-tlse2.fr\/comparaisons-semiotiques\/pre-programme-2\/\">Continuer la lecture <span class=\"meta-nav\">&rarr;<\/span><\/a><\/p>\n","protected":false},"author":195,"featured_media":0,"parent":0,"menu_order":0,"comment_status":"closed","ping_status":"open","template":"","meta":{"footnotes":""},"class_list":["post-84","page","type-page","status-publish","hentry"],"_links":{"self":[{"href":"https:\/\/blogs.univ-tlse2.fr\/comparaisons-semiotiques\/wp-json\/wp\/v2\/pages\/84","targetHints":{"allow":["GET"]}}],"collection":[{"href":"https:\/\/blogs.univ-tlse2.fr\/comparaisons-semiotiques\/wp-json\/wp\/v2\/pages"}],"about":[{"href":"https:\/\/blogs.univ-tlse2.fr\/comparaisons-semiotiques\/wp-json\/wp\/v2\/types\/page"}],"author":[{"embeddable":true,"href":"https:\/\/blogs.univ-tlse2.fr\/comparaisons-semiotiques\/wp-json\/wp\/v2\/users\/195"}],"replies":[{"embeddable":true,"href":"https:\/\/blogs.univ-tlse2.fr\/comparaisons-semiotiques\/wp-json\/wp\/v2\/comments?post=84"}],"version-history":[{"count":55,"href":"https:\/\/blogs.univ-tlse2.fr\/comparaisons-semiotiques\/wp-json\/wp\/v2\/pages\/84\/revisions"}],"predecessor-version":[{"id":889,"href":"https:\/\/blogs.univ-tlse2.fr\/comparaisons-semiotiques\/wp-json\/wp\/v2\/pages\/84\/revisions\/889"}],"wp:attachment":[{"href":"https:\/\/blogs.univ-tlse2.fr\/comparaisons-semiotiques\/wp-json\/wp\/v2\/media?parent=84"}],"curies":[{"name":"wp","href":"https:\/\/api.w.org\/{rel}","templated":true}]}}