 {"id":737,"date":"2017-03-23T16:01:50","date_gmt":"2017-03-23T15:01:50","guid":{"rendered":"https:\/\/blogs.univ-tlse2.fr\/concertation-universitedetoulouse-idex\/?page_id=737"},"modified":"2017-05-28T08:37:13","modified_gmt":"2017-05-28T06:37:13","slug":"groupes-de-travail-comue","status":"publish","type":"page","link":"https:\/\/blogs.univ-tlse2.fr\/concertation-universitedetoulouse-idex\/groupes-de-travail-comue\/","title":{"rendered":"Groupes de travail externes (COMUE)"},"content":{"rendered":"<p>L\u2019appropriation du projet de construction d\u2019une universit\u00e9 int\u00e9gr\u00e9e et de reconqu\u00eate de l\u2019IDEX par les diverses communaut\u00e9s (\u00e9tudiants, BIATSS, EC) des \u00e9tablissements investis implique de mettre en place des groupes de travail th\u00e9matiques largement repr\u00e9sentatifs dans un d\u00e9lai relativement bref, afin de pr\u00e9parer les transferts de comp\u00e9tences \u00e0 op\u00e9rer en anticipant l\u2019ensemble des questions qu\u2019ils posent et \u00e9galement en vue de pr\u00e9parer le travail de r\u00e9daction des statuts de la future UT.<\/p>\n<blockquote><p>La feuille de route qui d\u00e9crit le projet d\u2019UT pr\u00e9voit deux cercles d\u2019\u00e9tablissement et des \u00e9volutions juridiques diff\u00e9rentes entre universit\u00e9s et \u00e9coles au sein de l\u2019UT. Elle est compl\u00e9t\u00e9e par un texte relatif \u00e0 la politique de site qu\u2019il convient \u00e9galement de prendre en consid\u00e9ration pour penser ce processus de concertation. Sur ces fondements, il est indispensable d\u2019envisager des groupes de travail \u00e0 configuration variable afin de prendre en compte les p\u00e9rim\u00e8tres diff\u00e9rents des comp\u00e9tences concern\u00e9es.<\/p><\/blockquote>\n<p>Ces groupes, qui devront \u00e9galement se r\u00e9unir en configuration plus restreinte pour traiter de questions n\u2019int\u00e9ressant qu\u2019une partie des \u00e9tablissements et organismes ou accueillir ponctuellement des invit\u00e9s, s\u2019appuieront sur les orientations d\u00e9finies dans la feuille de route et feront des propositions pour pr\u00e9ciser les objectifs cibles et les modalit\u00e9s pour y parvenir. Chaque groupe sera pilot\u00e9 par un bin\u00f4me COMUE\/\u00e9tablissement qui fera un retour r\u00e9gulier au Conseil des membres et au CAC\u00a0; il disposera d\u2019un r\u00e9tro planning de travail prenant en compte les jalons de la feuille de route et pr\u00e9voyant les livrables attendus.<\/p>\n","protected":false},"excerpt":{"rendered":"<p>L\u2019appropriation du projet de construction d\u2019une universit\u00e9 int\u00e9gr\u00e9e et de reconqu\u00eate de l\u2019IDEX par les diverses communaut\u00e9s (\u00e9tudiants, BIATSS, EC) des \u00e9tablissements investis implique de mettre en place des groupes de travail th\u00e9matiques largement repr\u00e9sentatifs dans un d\u00e9lai relativement bref, afin de pr\u00e9parer les transferts de comp\u00e9tences \u00e0 op\u00e9rer en anticipant l\u2019ensemble des questions qu\u2019ils<\/p>\n","protected":false},"author":126,"featured_media":0,"parent":0,"menu_order":0,"comment_status":"closed","ping_status":"closed","template":"page.php","meta":{"footnotes":""},"class_list":["post-737","page","type-page","status-publish","hentry"],"_links":{"self":[{"href":"https:\/\/blogs.univ-tlse2.fr\/concertation-universitedetoulouse-idex\/wp-json\/wp\/v2\/pages\/737","targetHints":{"allow":["GET"]}}],"collection":[{"href":"https:\/\/blogs.univ-tlse2.fr\/concertation-universitedetoulouse-idex\/wp-json\/wp\/v2\/pages"}],"about":[{"href":"https:\/\/blogs.univ-tlse2.fr\/concertation-universitedetoulouse-idex\/wp-json\/wp\/v2\/types\/page"}],"author":[{"embeddable":true,"href":"https:\/\/blogs.univ-tlse2.fr\/concertation-universitedetoulouse-idex\/wp-json\/wp\/v2\/users\/126"}],"replies":[{"embeddable":true,"href":"https:\/\/blogs.univ-tlse2.fr\/concertation-universitedetoulouse-idex\/wp-json\/wp\/v2\/comments?post=737"}],"version-history":[{"count":5,"href":"https:\/\/blogs.univ-tlse2.fr\/concertation-universitedetoulouse-idex\/wp-json\/wp\/v2\/pages\/737\/revisions"}],"predecessor-version":[{"id":1639,"href":"https:\/\/blogs.univ-tlse2.fr\/concertation-universitedetoulouse-idex\/wp-json\/wp\/v2\/pages\/737\/revisions\/1639"}],"wp:attachment":[{"href":"https:\/\/blogs.univ-tlse2.fr\/concertation-universitedetoulouse-idex\/wp-json\/wp\/v2\/media?parent=737"}],"curies":[{"name":"wp","href":"https:\/\/api.w.org\/{rel}","templated":true}]}}