 {"id":756,"date":"2017-03-23T16:08:40","date_gmt":"2017-03-23T15:08:40","guid":{"rendered":"https:\/\/blogs.univ-tlse2.fr\/concertation-universitedetoulouse-idex\/?page_id=756"},"modified":"2017-11-21T17:20:05","modified_gmt":"2017-11-21T16:20:05","slug":"comptes-rendus-groupes-gti-recherche","status":"publish","type":"page","link":"https:\/\/blogs.univ-tlse2.fr\/concertation-universitedetoulouse-idex\/comptes-rendus-groupes-gti-recherche\/","title":{"rendered":"CR GTI RECHERCHE"},"content":{"rendered":"<p><a href=\"https:\/\/blogs.univ-tlse2.fr\/concertation-universitedetoulouse-idex\/files\/2017\/06\/GT-Interne-RECHERCHE-Compte-rendu-Re\u0301union-1-21-04-2017.pdf\" target=\"_blank\" rel=\"noopener noreferrer\">Compte-rendu<\/a> du Vendredi 21 avril 2017 \/ 10h30-12h \/ D246 :<br \/>\nOrganisation du programme de travail<\/p>\n<p><a href=\"https:\/\/blogs.univ-tlse2.fr\/concertation-universitedetoulouse-idex\/files\/2017\/06\/GT-Interne-RECHERCHE-Compte-rendu-Re\u0301union-2-05-05-2017.pdf\" target=\"_blank\" rel=\"noopener noreferrer\">Compte-rendu<\/a> du Vendredi 5 mai 2017 \/ 10h30-12h \/ D246 :<br \/>\nCartographie de la recherche H-SHS et singularisation de celle-ci ( \u00e0 partir de ce qui a d\u00e9j\u00e0 \u00e9t\u00e9 fait)<\/p>\n<p><a href=\"https:\/\/blogs.univ-tlse2.fr\/concertation-universitedetoulouse-idex\/files\/2017\/06\/GT-Interne-RECHERCHE-Compte-rendu-Re\u0301union-3-19-05-2017.pdf\" target=\"_blank\" rel=\"noopener noreferrer\">Compte-rendu<\/a> du Vendredi 19 mai 2017 \/ 10h-11h30 \/ D246 :<br \/>\nInterdisciplinarit\u00e9 (qu&rsquo;est-ce que l&rsquo;\u00c9tablissement peut porter comme propositions d&rsquo;interdisciplinarit\u00e9 -d\u00e9passant le spectre H-SHS- \u00e0 l&rsquo;\u00e9chelle du site ?<\/p>\n<p><a href=\"https:\/\/blogs.univ-tlse2.fr\/concertation-universitedetoulouse-idex\/files\/2017\/06\/GT-Interne-RECHERCHE-Compte-rendu-Re\u0301union-4.pdf\" target=\"_blank\" rel=\"noopener noreferrer\">Compte-rendu<\/a> du Vendredi 2 juin 2017 \/ 11h30-11h \/ D246 :<br \/>\nGouvernance et en particulier articulation p\u00f4le H-SHS et instances de l&rsquo;UT2J<\/p>\n<p><a href=\"https:\/\/blogs.univ-tlse2.fr\/concertation-universitedetoulouse-idex\/files\/2017\/07\/GT-Interne-RECHERCHE-Compte-rendu-Re\u0301union-5-23-06-2017.pdf\" target=\"_blank\" rel=\"noopener noreferrer\">Compte-rendu<\/a> du Vendredi 23 juin 2017 \/ 10h30-12H \/ D246 :<br \/>\nPolitique d&rsquo;\u00e9quipement scientifique : plateformes existantes et projets \u00e0 venir<\/p>\n<p><a href=\"https:\/\/blogs.univ-tlse2.fr\/concertation-universitedetoulouse-idex\/files\/2017\/10\/GT-Interne-RECHERCHE-Compte-rendu-Re\u0301union-7-08-09-2017_vu.pdf\" target=\"_blank\" rel=\"noopener noreferrer\">Compte-rendu<\/a> du Vendredi 8 septembre 2017 \/ 10h30-12H \/ D246<\/p>\n<p><a href=\"https:\/\/blogs.univ-tlse2.fr\/concertation-universitedetoulouse-idex\/files\/2017\/10\/GT-Interne-RECHERCHE-Compte-rendu-Re\u0301union-8-du-29-09-2017.pdf\" target=\"_blank\" rel=\"noopener noreferrer\">Compte-rendu<\/a> du Vendredi 29 septembre 2017 \/ 10h30-12H \/ D246<\/p>\n<p>&nbsp;<\/p>\n<hr \/>\n<p>Contributions diverses :<\/p>\n<p><a href=\"https:\/\/blogs.univ-tlse2.fr\/concertation-universitedetoulouse-idex\/files\/2017\/11\/descrip-pole-HSHS-version-def-30-oct-.pdf\" target=\"_blank\" rel=\"noopener\">P\u00f4le H-SHS<\/a> : Humanit\u00e9s, Sciences humaines et sociales<\/p>\n<p><a href=\"https:\/\/blogs.univ-tlse2.fr\/concertation-universitedetoulouse-idex\/files\/2017\/11\/contrib-pole-HSHS-aux-autres-priorit-strategiques-version-finale-30-oct.pdf\" target=\"_blank\" rel=\"noopener\">Contributions<\/a> du p\u00f4le H-SHS aux diff\u00e9rentes priorit\u00e9s strat\u00e9giques li\u00e9es aux d\u00e9fis soci\u00e9taux<\/p>\n<p><a href=\"https:\/\/blogs.univ-tlse2.fr\/concertation-universitedetoulouse-idex\/files\/2017\/11\/Travail-compl-de-caracterisation-du-pole-H-SHS-version-finale-30-oct.pdf\" target=\"_blank\" rel=\"noopener\">Travail de caract\u00e9risation du p\u00f4le H-SHS compl\u00e9mentaire<\/a> \u00e0 celui effectu\u00e9 par les organismes de recherche<\/p>\n<p><a href=\"https:\/\/blogs.univ-tlse2.fr\/concertation-universitedetoulouse-idex\/files\/2017\/11\/priorit-strat-patrimoine-creation-innovation-version-finale-30-oct.pdf\" target=\"_blank\" rel=\"noopener\">Priorit\u00e9 strat\u00e9gique<\/a> : \u00ab patrimoines, innovations\/cr\u00e9ation \u00bb<\/p>\n<p>&nbsp;<\/p>\n","protected":false},"excerpt":{"rendered":"<p>Compte-rendu du Vendredi 21 avril 2017 \/ 10h30-12h \/ D246 : Organisation du programme de travail Compte-rendu du Vendredi 5 mai 2017 \/ 10h30-12h \/ D246 : Cartographie de la recherche H-SHS et singularisation de celle-ci ( \u00e0 partir de ce qui a d\u00e9j\u00e0 \u00e9t\u00e9 fait) Compte-rendu du Vendredi 19 mai 2017 \/ 10h-11h30 \/<\/p>\n","protected":false},"author":126,"featured_media":0,"parent":0,"menu_order":0,"comment_status":"closed","ping_status":"closed","template":"page.php","meta":{"footnotes":""},"class_list":["post-756","page","type-page","status-publish","hentry"],"_links":{"self":[{"href":"https:\/\/blogs.univ-tlse2.fr\/concertation-universitedetoulouse-idex\/wp-json\/wp\/v2\/pages\/756","targetHints":{"allow":["GET"]}}],"collection":[{"href":"https:\/\/blogs.univ-tlse2.fr\/concertation-universitedetoulouse-idex\/wp-json\/wp\/v2\/pages"}],"about":[{"href":"https:\/\/blogs.univ-tlse2.fr\/concertation-universitedetoulouse-idex\/wp-json\/wp\/v2\/types\/page"}],"author":[{"embeddable":true,"href":"https:\/\/blogs.univ-tlse2.fr\/concertation-universitedetoulouse-idex\/wp-json\/wp\/v2\/users\/126"}],"replies":[{"embeddable":true,"href":"https:\/\/blogs.univ-tlse2.fr\/concertation-universitedetoulouse-idex\/wp-json\/wp\/v2\/comments?post=756"}],"version-history":[{"count":16,"href":"https:\/\/blogs.univ-tlse2.fr\/concertation-universitedetoulouse-idex\/wp-json\/wp\/v2\/pages\/756\/revisions"}],"predecessor-version":[{"id":1771,"href":"https:\/\/blogs.univ-tlse2.fr\/concertation-universitedetoulouse-idex\/wp-json\/wp\/v2\/pages\/756\/revisions\/1771"}],"wp:attachment":[{"href":"https:\/\/blogs.univ-tlse2.fr\/concertation-universitedetoulouse-idex\/wp-json\/wp\/v2\/media?parent=756"}],"curies":[{"name":"wp","href":"https:\/\/api.w.org\/{rel}","templated":true}]}}