 {"id":771,"date":"2017-03-23T19:26:24","date_gmt":"2017-03-23T18:26:24","guid":{"rendered":"https:\/\/blogs.univ-tlse2.fr\/concertation-universitedetoulouse-idex\/?page_id=771"},"modified":"2017-05-28T08:48:52","modified_gmt":"2017-05-28T06:48:52","slug":"gte-1-finances","status":"publish","type":"page","link":"https:\/\/blogs.univ-tlse2.fr\/concertation-universitedetoulouse-idex\/gte-1-finances\/","title":{"rendered":"GTE Ressources"},"content":{"rendered":"<p><a href=\"http:\/\/universite-integree.univ-toulouse.fr\/ressources-0\" target=\"_blank\" rel=\"noopener noreferrer\">Se rendre<\/a> sur le site du projet pour l&rsquo;UT<\/p>\n<hr \/>\n<p>La volont\u00e9 de mettre en \u0153uvre une exp\u00e9rimentation sur la concentration des flux financiers venus de la tutelle rencontre celle du MESR et va donc conduire \u00e0 un travail en partenariat pour envisager les conditions concr\u00e8tes de cette exp\u00e9rimentation.<br \/>\nIl conviendra notamment d\u2019envisager le p\u00e9rim\u00e8tre (cr\u00e9dits de fonctionnement en premi\u00e8re phase), les modalit\u00e9s de flux financiers en fonction des cons\u00e9quences comptables \u00e9ventuelles (r\u00e8gles d\u2019amortissement notamment), ainsi que les garanties du maintien de la r\u00e9partition des dotations existantes. La r\u00e9flexion pourra \u00e9galement d\u2019envisager les modalit\u00e9s d\u2019affectation des \u00e9ventuelles dotations suppl\u00e9mentaires que g\u00e9n\u00e8rerait cet exercice.<br \/>\nAu-del\u00e0 des conditions de l\u2019exp\u00e9rimentation proprement dite, il conviendra d\u2019analyser les perspectives organisationnelles (modalit\u00e9s de mise en \u0153uvre de la subsidiarit\u00e9) et de syst\u00e8me d\u2019information financier qu\u2019implique l\u2019int\u00e9gration dans une universit\u00e9 int\u00e9gr\u00e9e \u00e0 plus long terme.<\/p>\n<hr \/>\n<p><strong>Ressources<\/strong><br \/>\nFinances<br \/>\nComposition du groupe : en cours de validation<\/p>\n<hr \/>\n<p><strong>Convergence Ressources Humaines<\/strong><br \/>\nComposition du groupe : en cours de validation<\/p>\n<hr \/>\n<p><strong>Recherche documentaire<\/strong><br \/>\nComposition du groupe : en cours de validation<\/p>\n<hr \/>\n<p><strong>Patrimoine<\/strong><br \/>\nComposition du groupe : en cours de validation<\/p>\n<p>&nbsp;<\/p>\n","protected":false},"excerpt":{"rendered":"<p>Se rendre sur le site du projet pour l&rsquo;UT La volont\u00e9 de mettre en \u0153uvre une exp\u00e9rimentation sur la concentration des flux financiers venus de la tutelle rencontre celle du MESR et va donc conduire \u00e0 un travail en partenariat pour envisager les conditions concr\u00e8tes de cette exp\u00e9rimentation. Il conviendra notamment d\u2019envisager le p\u00e9rim\u00e8tre (cr\u00e9dits<\/p>\n","protected":false},"author":126,"featured_media":1148,"parent":0,"menu_order":0,"comment_status":"closed","ping_status":"closed","template":"page.php","meta":{"footnotes":""},"class_list":["post-771","page","type-page","status-publish","has-post-thumbnail","hentry"],"_links":{"self":[{"href":"https:\/\/blogs.univ-tlse2.fr\/concertation-universitedetoulouse-idex\/wp-json\/wp\/v2\/pages\/771","targetHints":{"allow":["GET"]}}],"collection":[{"href":"https:\/\/blogs.univ-tlse2.fr\/concertation-universitedetoulouse-idex\/wp-json\/wp\/v2\/pages"}],"about":[{"href":"https:\/\/blogs.univ-tlse2.fr\/concertation-universitedetoulouse-idex\/wp-json\/wp\/v2\/types\/page"}],"author":[{"embeddable":true,"href":"https:\/\/blogs.univ-tlse2.fr\/concertation-universitedetoulouse-idex\/wp-json\/wp\/v2\/users\/126"}],"replies":[{"embeddable":true,"href":"https:\/\/blogs.univ-tlse2.fr\/concertation-universitedetoulouse-idex\/wp-json\/wp\/v2\/comments?post=771"}],"version-history":[{"count":7,"href":"https:\/\/blogs.univ-tlse2.fr\/concertation-universitedetoulouse-idex\/wp-json\/wp\/v2\/pages\/771\/revisions"}],"predecessor-version":[{"id":1524,"href":"https:\/\/blogs.univ-tlse2.fr\/concertation-universitedetoulouse-idex\/wp-json\/wp\/v2\/pages\/771\/revisions\/1524"}],"wp:featuredmedia":[{"embeddable":true,"href":"https:\/\/blogs.univ-tlse2.fr\/concertation-universitedetoulouse-idex\/wp-json\/wp\/v2\/media\/1148"}],"wp:attachment":[{"href":"https:\/\/blogs.univ-tlse2.fr\/concertation-universitedetoulouse-idex\/wp-json\/wp\/v2\/media?parent=771"}],"curies":[{"name":"wp","href":"https:\/\/api.w.org\/{rel}","templated":true}]}}