 {"id":775,"date":"2017-03-23T19:27:04","date_gmt":"2017-03-23T18:27:04","guid":{"rendered":"https:\/\/blogs.univ-tlse2.fr\/concertation-universitedetoulouse-idex\/?page_id=775"},"modified":"2017-07-10T19:32:12","modified_gmt":"2017-07-10T17:32:12","slug":"gte-3-recherche","status":"publish","type":"page","link":"https:\/\/blogs.univ-tlse2.fr\/concertation-universitedetoulouse-idex\/gte-3-recherche\/","title":{"rendered":"GTE Recherche"},"content":{"rendered":"<p style=\"text-align: left\"><em><a href=\"http:\/\/universite-integree.univ-toulouse.fr\/recherche\" target=\"_blank\" rel=\"noopener noreferrer\">Se rendre<\/a> sur le site du projet pour l&rsquo;UT<\/em><\/p>\n<hr \/>\n<p><strong>Objectifs<\/strong><br \/>\nD\u00e9finition d\u2019un processus d\u2019\u00e9laboration de la strat\u00e9gie scientifique de site<br \/>\nOrientations de la strat\u00e9gie scientifique du site, pr\u00e9cisions des programmes IDEX et des modalit\u00e9s d\u2019animation scientifique de l\u2019IDEX<\/p>\n<hr \/>\n<p><em><a href=\"http:\/\/universite-integree.univ-toulouse.fr\/recherche\" target=\"_blank\" rel=\"noopener noreferrer\">Les premiers documents<\/a> (CR) sont en ligne sur le site de l&rsquo;UT, d&rsquo;autres suivront (ils sont int\u00e9gr\u00e9s en bas de page afin de les retrouver tr\u00e8s rapidement sur la colonne de droite dans \u00ab\u00a0documents li\u00e9s\u00a0\u00bb).<br \/>\n<\/em><\/p>\n","protected":false},"excerpt":{"rendered":"<p>Se rendre sur le site du projet pour l&rsquo;UT Objectifs D\u00e9finition d\u2019un processus d\u2019\u00e9laboration de la strat\u00e9gie scientifique de site Orientations de la strat\u00e9gie scientifique du site, pr\u00e9cisions des programmes IDEX et des modalit\u00e9s d\u2019animation scientifique de l\u2019IDEX Les premiers documents (CR) sont en ligne sur le site de l&rsquo;UT, d&rsquo;autres suivront (ils sont int\u00e9gr\u00e9s<\/p>\n","protected":false},"author":126,"featured_media":1508,"parent":0,"menu_order":0,"comment_status":"closed","ping_status":"closed","template":"page.php","meta":{"footnotes":""},"class_list":["post-775","page","type-page","status-publish","has-post-thumbnail","hentry"],"_links":{"self":[{"href":"https:\/\/blogs.univ-tlse2.fr\/concertation-universitedetoulouse-idex\/wp-json\/wp\/v2\/pages\/775","targetHints":{"allow":["GET"]}}],"collection":[{"href":"https:\/\/blogs.univ-tlse2.fr\/concertation-universitedetoulouse-idex\/wp-json\/wp\/v2\/pages"}],"about":[{"href":"https:\/\/blogs.univ-tlse2.fr\/concertation-universitedetoulouse-idex\/wp-json\/wp\/v2\/types\/page"}],"author":[{"embeddable":true,"href":"https:\/\/blogs.univ-tlse2.fr\/concertation-universitedetoulouse-idex\/wp-json\/wp\/v2\/users\/126"}],"replies":[{"embeddable":true,"href":"https:\/\/blogs.univ-tlse2.fr\/concertation-universitedetoulouse-idex\/wp-json\/wp\/v2\/comments?post=775"}],"version-history":[{"count":29,"href":"https:\/\/blogs.univ-tlse2.fr\/concertation-universitedetoulouse-idex\/wp-json\/wp\/v2\/pages\/775\/revisions"}],"predecessor-version":[{"id":1690,"href":"https:\/\/blogs.univ-tlse2.fr\/concertation-universitedetoulouse-idex\/wp-json\/wp\/v2\/pages\/775\/revisions\/1690"}],"wp:featuredmedia":[{"embeddable":true,"href":"https:\/\/blogs.univ-tlse2.fr\/concertation-universitedetoulouse-idex\/wp-json\/wp\/v2\/media\/1508"}],"wp:attachment":[{"href":"https:\/\/blogs.univ-tlse2.fr\/concertation-universitedetoulouse-idex\/wp-json\/wp\/v2\/media?parent=775"}],"curies":[{"name":"wp","href":"https:\/\/api.w.org\/{rel}","templated":true}]}}