 {"id":777,"date":"2017-03-23T19:27:34","date_gmt":"2017-03-23T18:27:34","guid":{"rendered":"https:\/\/blogs.univ-tlse2.fr\/concertation-universitedetoulouse-idex\/?page_id=777"},"modified":"2017-05-28T08:57:02","modified_gmt":"2017-05-28T06:57:02","slug":"gte-4-formation-et-reussite-etudiante","status":"publish","type":"page","link":"https:\/\/blogs.univ-tlse2.fr\/concertation-universitedetoulouse-idex\/gte-4-formation-et-reussite-etudiante\/","title":{"rendered":"GTE Formation"},"content":{"rendered":"<p><em><a href=\"http:\/\/universite-integree.univ-toulouse.fr\/formation\" target=\"_blank\" rel=\"noopener noreferrer\">Se rendre<\/a> sur le site du projet pour l&rsquo;UT<\/em><\/p>\n<hr \/>\n<p><strong>Th\u00e8mes de r\u00e9flexion<\/strong><br \/>\nformation initiale, formation continue, alternance, p\u00e9dagogie,<br \/>\nInformation Orientation et Insertion Professionnelle (IO -IP)<\/p>\n<hr \/>\n<p><strong>Objectifs<\/strong><br \/>\nFaire des propositions sur :<br \/>\nles modalit\u00e9s d\u2019\u00e9laboration et de mise en \u0153uvre de la strat\u00e9gie formation du site<br \/>\nles modalit\u00e9s de d\u00e9livrance des masters (et autres dipl\u00f4mes) par l\u2019UT<br \/>\nles objectifs et actions au p\u00e9rim\u00e8tre des membres fondateurs de l\u2019UT (1er cercle)<br \/>\nles actions IDEX \u00e0 mettre en \u0153uvre en mati\u00e8re de formation.<\/p>\n","protected":false},"excerpt":{"rendered":"<p>Se rendre sur le site du projet pour l&rsquo;UT Th\u00e8mes de r\u00e9flexion formation initiale, formation continue, alternance, p\u00e9dagogie, Information Orientation et Insertion Professionnelle (IO -IP) Objectifs Faire des propositions sur : les modalit\u00e9s d\u2019\u00e9laboration et de mise en \u0153uvre de la strat\u00e9gie formation du site les modalit\u00e9s de d\u00e9livrance des masters (et autres dipl\u00f4mes) par<\/p>\n","protected":false},"author":126,"featured_media":1070,"parent":0,"menu_order":0,"comment_status":"closed","ping_status":"closed","template":"page.php","meta":{"footnotes":""},"class_list":["post-777","page","type-page","status-publish","has-post-thumbnail","hentry"],"_links":{"self":[{"href":"https:\/\/blogs.univ-tlse2.fr\/concertation-universitedetoulouse-idex\/wp-json\/wp\/v2\/pages\/777","targetHints":{"allow":["GET"]}}],"collection":[{"href":"https:\/\/blogs.univ-tlse2.fr\/concertation-universitedetoulouse-idex\/wp-json\/wp\/v2\/pages"}],"about":[{"href":"https:\/\/blogs.univ-tlse2.fr\/concertation-universitedetoulouse-idex\/wp-json\/wp\/v2\/types\/page"}],"author":[{"embeddable":true,"href":"https:\/\/blogs.univ-tlse2.fr\/concertation-universitedetoulouse-idex\/wp-json\/wp\/v2\/users\/126"}],"replies":[{"embeddable":true,"href":"https:\/\/blogs.univ-tlse2.fr\/concertation-universitedetoulouse-idex\/wp-json\/wp\/v2\/comments?post=777"}],"version-history":[{"count":13,"href":"https:\/\/blogs.univ-tlse2.fr\/concertation-universitedetoulouse-idex\/wp-json\/wp\/v2\/pages\/777\/revisions"}],"predecessor-version":[{"id":1533,"href":"https:\/\/blogs.univ-tlse2.fr\/concertation-universitedetoulouse-idex\/wp-json\/wp\/v2\/pages\/777\/revisions\/1533"}],"wp:featuredmedia":[{"embeddable":true,"href":"https:\/\/blogs.univ-tlse2.fr\/concertation-universitedetoulouse-idex\/wp-json\/wp\/v2\/media\/1070"}],"wp:attachment":[{"href":"https:\/\/blogs.univ-tlse2.fr\/concertation-universitedetoulouse-idex\/wp-json\/wp\/v2\/media?parent=777"}],"curies":[{"name":"wp","href":"https:\/\/api.w.org\/{rel}","templated":true}]}}