 {"id":781,"date":"2017-03-23T19:28:10","date_gmt":"2017-03-23T18:28:10","guid":{"rendered":"https:\/\/blogs.univ-tlse2.fr\/concertation-universitedetoulouse-idex\/?page_id=781"},"modified":"2017-05-28T08:59:38","modified_gmt":"2017-05-28T06:59:38","slug":"gte-6-vie-etudiante","status":"publish","type":"page","link":"https:\/\/blogs.univ-tlse2.fr\/concertation-universitedetoulouse-idex\/gte-6-vie-etudiante\/","title":{"rendered":"GTE Vie \u00e9tudiante"},"content":{"rendered":"<p><a href=\"http:\/\/universite-integree.univ-toulouse.fr\/vie-etudiante\" target=\"_blank\" rel=\"noopener noreferrer\">Se rendre<\/a> sur le site du projet pour l&rsquo;UT<\/p>\n<hr \/>\n<p><strong>Th\u00e8mes de reflexion<\/strong><br \/>\nDans le p\u00e9rim\u00e8tre de comp\u00e9tences des \u00e9tablissements : accueil int\u00e9gration, culture, sport, sant\u00e9, social, handicap, job, engagement et vie associative<br \/>\nHors comp\u00e9tences directes : transport, logement, restauration<\/p>\n<hr \/>\n<p><strong>Objectifs<\/strong><br \/>\nD\u00e9finition des modalit\u00e9s d\u2019actions sur la qualit\u00e9 de la vie \u00e9tudiante dans le cadre du sch\u00e9ma d\u2019am\u00e9lioration de la vie \u00e9tudiante (politique de site)<br \/>\nD\u00e9finition des objectifs et actions en mati\u00e8re de vie \u00e9tudiante au p\u00e9rim\u00e8tre du 1er cercle<br \/>\nD\u00e9finition des actions IDEX \u00e0 mettre en \u0153uvre en mati\u00e8re de vie \u00e9tudiante.<\/p>\n","protected":false},"excerpt":{"rendered":"<p>Se rendre sur le site du projet pour l&rsquo;UT Th\u00e8mes de reflexion Dans le p\u00e9rim\u00e8tre de comp\u00e9tences des \u00e9tablissements : accueil int\u00e9gration, culture, sport, sant\u00e9, social, handicap, job, engagement et vie associative Hors comp\u00e9tences directes : transport, logement, restauration Objectifs D\u00e9finition des modalit\u00e9s d\u2019actions sur la qualit\u00e9 de la vie \u00e9tudiante dans le cadre du<\/p>\n","protected":false},"author":126,"featured_media":1136,"parent":0,"menu_order":0,"comment_status":"closed","ping_status":"closed","template":"page.php","meta":{"footnotes":""},"class_list":["post-781","page","type-page","status-publish","has-post-thumbnail","hentry"],"_links":{"self":[{"href":"https:\/\/blogs.univ-tlse2.fr\/concertation-universitedetoulouse-idex\/wp-json\/wp\/v2\/pages\/781","targetHints":{"allow":["GET"]}}],"collection":[{"href":"https:\/\/blogs.univ-tlse2.fr\/concertation-universitedetoulouse-idex\/wp-json\/wp\/v2\/pages"}],"about":[{"href":"https:\/\/blogs.univ-tlse2.fr\/concertation-universitedetoulouse-idex\/wp-json\/wp\/v2\/types\/page"}],"author":[{"embeddable":true,"href":"https:\/\/blogs.univ-tlse2.fr\/concertation-universitedetoulouse-idex\/wp-json\/wp\/v2\/users\/126"}],"replies":[{"embeddable":true,"href":"https:\/\/blogs.univ-tlse2.fr\/concertation-universitedetoulouse-idex\/wp-json\/wp\/v2\/comments?post=781"}],"version-history":[{"count":12,"href":"https:\/\/blogs.univ-tlse2.fr\/concertation-universitedetoulouse-idex\/wp-json\/wp\/v2\/pages\/781\/revisions"}],"predecessor-version":[{"id":1536,"href":"https:\/\/blogs.univ-tlse2.fr\/concertation-universitedetoulouse-idex\/wp-json\/wp\/v2\/pages\/781\/revisions\/1536"}],"wp:featuredmedia":[{"embeddable":true,"href":"https:\/\/blogs.univ-tlse2.fr\/concertation-universitedetoulouse-idex\/wp-json\/wp\/v2\/media\/1136"}],"wp:attachment":[{"href":"https:\/\/blogs.univ-tlse2.fr\/concertation-universitedetoulouse-idex\/wp-json\/wp\/v2\/media?parent=781"}],"curies":[{"name":"wp","href":"https:\/\/api.w.org\/{rel}","templated":true}]}}