 {"id":783,"date":"2017-03-23T19:28:34","date_gmt":"2017-03-23T18:28:34","guid":{"rendered":"https:\/\/blogs.univ-tlse2.fr\/concertation-universitedetoulouse-idex\/?page_id=783"},"modified":"2017-05-28T09:00:33","modified_gmt":"2017-05-28T07:00:33","slug":"gte-7-doctorat","status":"publish","type":"page","link":"https:\/\/blogs.univ-tlse2.fr\/concertation-universitedetoulouse-idex\/gte-7-doctorat\/","title":{"rendered":"GTE Doctorat"},"content":{"rendered":"<p><a href=\"http:\/\/universite-integree.univ-toulouse.fr\/doctorat\" target=\"_blank\" rel=\"noopener noreferrer\">Se rendre<\/a> sur le site du projet pour l&rsquo;UT<\/p>\n<hr \/>\n<p><strong>Objectifs<\/strong><br \/>\nAccr\u00e9ditation de l\u2019UT (mentions, \u00ab marque \u00bb&#8230;)<br \/>\nPortage des ED (UT seule, premier ou second cercle)<br \/>\nD\u00e9finition des modalit\u00e9s de transfert du dipl\u00f4me de Doctorat (inscription, diplomation) \u2013 comp\u00e9tence du socle commun \u2013 par l\u2019Universit\u00e9 de Toulouse (par la ComUE en attendant la cr\u00e9ation de l\u2019UT), \u00e9tablissement d\u2019un tableau de subsidiarit\u00e9 (UT, Etab., EDT, ED)<\/p>\n","protected":false},"excerpt":{"rendered":"<p>Se rendre sur le site du projet pour l&rsquo;UT Objectifs Accr\u00e9ditation de l\u2019UT (mentions, \u00ab marque \u00bb&#8230;) Portage des ED (UT seule, premier ou second cercle) D\u00e9finition des modalit\u00e9s de transfert du dipl\u00f4me de Doctorat (inscription, diplomation) \u2013 comp\u00e9tence du socle commun \u2013 par l\u2019Universit\u00e9 de Toulouse (par la ComUE en attendant la cr\u00e9ation de<\/p>\n","protected":false},"author":126,"featured_media":1152,"parent":0,"menu_order":0,"comment_status":"closed","ping_status":"closed","template":"page.php","meta":{"footnotes":""},"class_list":["post-783","page","type-page","status-publish","has-post-thumbnail","hentry"],"_links":{"self":[{"href":"https:\/\/blogs.univ-tlse2.fr\/concertation-universitedetoulouse-idex\/wp-json\/wp\/v2\/pages\/783","targetHints":{"allow":["GET"]}}],"collection":[{"href":"https:\/\/blogs.univ-tlse2.fr\/concertation-universitedetoulouse-idex\/wp-json\/wp\/v2\/pages"}],"about":[{"href":"https:\/\/blogs.univ-tlse2.fr\/concertation-universitedetoulouse-idex\/wp-json\/wp\/v2\/types\/page"}],"author":[{"embeddable":true,"href":"https:\/\/blogs.univ-tlse2.fr\/concertation-universitedetoulouse-idex\/wp-json\/wp\/v2\/users\/126"}],"replies":[{"embeddable":true,"href":"https:\/\/blogs.univ-tlse2.fr\/concertation-universitedetoulouse-idex\/wp-json\/wp\/v2\/comments?post=783"}],"version-history":[{"count":7,"href":"https:\/\/blogs.univ-tlse2.fr\/concertation-universitedetoulouse-idex\/wp-json\/wp\/v2\/pages\/783\/revisions"}],"predecessor-version":[{"id":1537,"href":"https:\/\/blogs.univ-tlse2.fr\/concertation-universitedetoulouse-idex\/wp-json\/wp\/v2\/pages\/783\/revisions\/1537"}],"wp:featuredmedia":[{"embeddable":true,"href":"https:\/\/blogs.univ-tlse2.fr\/concertation-universitedetoulouse-idex\/wp-json\/wp\/v2\/media\/1152"}],"wp:attachment":[{"href":"https:\/\/blogs.univ-tlse2.fr\/concertation-universitedetoulouse-idex\/wp-json\/wp\/v2\/media?parent=783"}],"curies":[{"name":"wp","href":"https:\/\/api.w.org\/{rel}","templated":true}]}}