 {"id":787,"date":"2017-03-23T19:29:09","date_gmt":"2017-03-23T18:29:09","guid":{"rendered":"https:\/\/blogs.univ-tlse2.fr\/concertation-universitedetoulouse-idex\/?page_id=787"},"modified":"2017-06-02T11:27:06","modified_gmt":"2017-06-02T09:27:06","slug":"gte-9-systeme-dinformation-et-numerique","status":"publish","type":"page","link":"https:\/\/blogs.univ-tlse2.fr\/concertation-universitedetoulouse-idex\/gte-9-systeme-dinformation-et-numerique\/","title":{"rendered":"GTE SI et num\u00e9rique"},"content":{"rendered":"<p><a href=\"http:\/\/universite-integree.univ-toulouse.fr\/si-et-numerique\" target=\"_blank\" rel=\"noopener noreferrer\">Se rendre<\/a> sur le site du projet pour l&rsquo;UT<\/p>\n<hr \/>\n<p><strong>Le GTE SI et num\u00e9rique poursuit plusieurs objectifs compl\u00e9mentaires :<\/strong><\/p>\n<ul>\n<li>En formation \u00e9largie \u00e0 tous les membres de la comue il examine les projets communs, d\u00e9j\u00e0 list\u00e9 dans le Sch\u00e9ma Directeur du Num\u00e9rique de l\u2019UFTMiP et leur valorisation dans le cadre du dossier IDEX. Ce sont ainsi des actions notamment en faveur de l\u2019accessibilit\u00e9 aux travaux de recherche, un service de stockage multim\u00e9dia, un meilleur affichage de l\u2019offre de formation qui b\u00e9n\u00e9ficient d\u2019une acc\u00e9l\u00e9ration. Des projets de soutien \u00e0 la transformation num\u00e9rique de l\u2019Universit\u00e9 (d\u00e9mat\u00e9rialisation, signature \u00e9lectronique, &#8230;) et au del\u00e0 de la soci\u00e9t\u00e9 sont aussi discut\u00e9s.<\/li>\n<li>En formation restreinte aux futurs membres de l\u2019UT il s\u2019agit de concevoir le futur syst\u00e8me d\u2019information de l\u2019Universit\u00e9 int\u00e9gr\u00e9e. Un examen comparatif des sites s\u2019\u00e9tant rapproch\u00e9s (Sites d&rsquo;Aix Marseille Universit\u00e9, Grenoble, Bordeaux et Strasbourg) a ainsi \u00e9t\u00e9 men\u00e9 et des pistes de travail envisag\u00e9. Ces pistes portent aussi bien sur la technique m\u00e9tier que sur la structuration n\u00e9cessaire des \u00e9quipes DSI n\u00e9cessaires \u00e0 leur r\u00e9alisation.<br \/>\nD\u2019un point de vue plus global le GTE SI et num\u00e9rique a distingu\u00e9 des repr\u00e9sentants charg\u00e9s de faire le lien avec les groupes de travail \u00ab m\u00e9tier \u00bb travaillant sur le projet. Cette coordination, qui touche tous les secteurs, va permettre de prendre en compte d\u00e8s leur \u00e9vocation les besoins en outils num\u00e9riques mis en \u00e9vidence par ces autres groupes.<\/li>\n<\/ul>\n","protected":false},"excerpt":{"rendered":"<p>Se rendre sur le site du projet pour l&rsquo;UT Le GTE SI et num\u00e9rique poursuit plusieurs objectifs compl\u00e9mentaires : En formation \u00e9largie \u00e0 tous les membres de la comue il examine les projets communs, d\u00e9j\u00e0 list\u00e9 dans le Sch\u00e9ma Directeur du Num\u00e9rique de l\u2019UFTMiP et leur valorisation dans le cadre du dossier IDEX. Ce sont<\/p>\n","protected":false},"author":126,"featured_media":1167,"parent":0,"menu_order":0,"comment_status":"closed","ping_status":"closed","template":"page.php","meta":{"footnotes":""},"class_list":["post-787","page","type-page","status-publish","has-post-thumbnail","hentry"],"_links":{"self":[{"href":"https:\/\/blogs.univ-tlse2.fr\/concertation-universitedetoulouse-idex\/wp-json\/wp\/v2\/pages\/787","targetHints":{"allow":["GET"]}}],"collection":[{"href":"https:\/\/blogs.univ-tlse2.fr\/concertation-universitedetoulouse-idex\/wp-json\/wp\/v2\/pages"}],"about":[{"href":"https:\/\/blogs.univ-tlse2.fr\/concertation-universitedetoulouse-idex\/wp-json\/wp\/v2\/types\/page"}],"author":[{"embeddable":true,"href":"https:\/\/blogs.univ-tlse2.fr\/concertation-universitedetoulouse-idex\/wp-json\/wp\/v2\/users\/126"}],"replies":[{"embeddable":true,"href":"https:\/\/blogs.univ-tlse2.fr\/concertation-universitedetoulouse-idex\/wp-json\/wp\/v2\/comments?post=787"}],"version-history":[{"count":11,"href":"https:\/\/blogs.univ-tlse2.fr\/concertation-universitedetoulouse-idex\/wp-json\/wp\/v2\/pages\/787\/revisions"}],"predecessor-version":[{"id":1629,"href":"https:\/\/blogs.univ-tlse2.fr\/concertation-universitedetoulouse-idex\/wp-json\/wp\/v2\/pages\/787\/revisions\/1629"}],"wp:featuredmedia":[{"embeddable":true,"href":"https:\/\/blogs.univ-tlse2.fr\/concertation-universitedetoulouse-idex\/wp-json\/wp\/v2\/media\/1167"}],"wp:attachment":[{"href":"https:\/\/blogs.univ-tlse2.fr\/concertation-universitedetoulouse-idex\/wp-json\/wp\/v2\/media?parent=787"}],"curies":[{"name":"wp","href":"https:\/\/api.w.org\/{rel}","templated":true}]}}