 {"id":791,"date":"2017-03-23T19:29:44","date_gmt":"2017-03-23T18:29:44","guid":{"rendered":"https:\/\/blogs.univ-tlse2.fr\/concertation-universitedetoulouse-idex\/?page_id=791"},"modified":"2017-07-10T19:32:31","modified_gmt":"2017-07-10T17:32:31","slug":"gte-11-politique-de-site","status":"publish","type":"page","link":"https:\/\/blogs.univ-tlse2.fr\/concertation-universitedetoulouse-idex\/gte-11-politique-de-site\/","title":{"rendered":"GTE Politique de site"},"content":{"rendered":"<p><a href=\"http:\/\/universite-integree.univ-toulouse.fr\/politique-de-site\" target=\"_blank\" rel=\"noopener noreferrer\">Se rendre<\/a> sur le site du projet pour l&rsquo;UT<\/p>\n<hr \/>\n<p><strong>Objectifs<\/strong><br \/>\nR\u00e9flexion sur la p\u00e9rennisation et le d\u00e9veloppement de la politique de site et ses modalit\u00e9s sp\u00e9cifiques de gouvernance<br \/>\nPropositions sur les diverses modalit\u00e9s possibles d\u2019association \u00e0 l\u2019UT<\/p>\n<hr \/>\n<p><em><a href=\"http:\/\/universite-integree.univ-toulouse.fr\/politique-de-site\" target=\"_blank\" rel=\"noopener noreferrer\">Les premiers documents<\/a> (CR) sont en ligne sur le site de l&rsquo;UT, d&rsquo;autres suivront (ils sont int\u00e9gr\u00e9s en bas de page afin de les retrouver tr\u00e8s rapidement sur la colonne de droite dans \u00ab\u00a0documents li\u00e9s\u00a0\u00bb).<\/em><\/p>\n","protected":false},"excerpt":{"rendered":"<p>Se rendre sur le site du projet pour l&rsquo;UT Objectifs R\u00e9flexion sur la p\u00e9rennisation et le d\u00e9veloppement de la politique de site et ses modalit\u00e9s sp\u00e9cifiques de gouvernance Propositions sur les diverses modalit\u00e9s possibles d\u2019association \u00e0 l\u2019UT Les premiers documents (CR) sont en ligne sur le site de l&rsquo;UT, d&rsquo;autres suivront (ils sont int\u00e9gr\u00e9s en<\/p>\n","protected":false},"author":126,"featured_media":1171,"parent":0,"menu_order":0,"comment_status":"closed","ping_status":"closed","template":"page.php","meta":{"footnotes":""},"class_list":["post-791","page","type-page","status-publish","has-post-thumbnail","hentry"],"_links":{"self":[{"href":"https:\/\/blogs.univ-tlse2.fr\/concertation-universitedetoulouse-idex\/wp-json\/wp\/v2\/pages\/791","targetHints":{"allow":["GET"]}}],"collection":[{"href":"https:\/\/blogs.univ-tlse2.fr\/concertation-universitedetoulouse-idex\/wp-json\/wp\/v2\/pages"}],"about":[{"href":"https:\/\/blogs.univ-tlse2.fr\/concertation-universitedetoulouse-idex\/wp-json\/wp\/v2\/types\/page"}],"author":[{"embeddable":true,"href":"https:\/\/blogs.univ-tlse2.fr\/concertation-universitedetoulouse-idex\/wp-json\/wp\/v2\/users\/126"}],"replies":[{"embeddable":true,"href":"https:\/\/blogs.univ-tlse2.fr\/concertation-universitedetoulouse-idex\/wp-json\/wp\/v2\/comments?post=791"}],"version-history":[{"count":11,"href":"https:\/\/blogs.univ-tlse2.fr\/concertation-universitedetoulouse-idex\/wp-json\/wp\/v2\/pages\/791\/revisions"}],"predecessor-version":[{"id":1691,"href":"https:\/\/blogs.univ-tlse2.fr\/concertation-universitedetoulouse-idex\/wp-json\/wp\/v2\/pages\/791\/revisions\/1691"}],"wp:featuredmedia":[{"embeddable":true,"href":"https:\/\/blogs.univ-tlse2.fr\/concertation-universitedetoulouse-idex\/wp-json\/wp\/v2\/media\/1171"}],"wp:attachment":[{"href":"https:\/\/blogs.univ-tlse2.fr\/concertation-universitedetoulouse-idex\/wp-json\/wp\/v2\/media?parent=791"}],"curies":[{"name":"wp","href":"https:\/\/api.w.org\/{rel}","templated":true}]}}