 {"id":103,"date":"2014-02-11T15:42:16","date_gmt":"2014-02-11T14:42:16","guid":{"rendered":"https:\/\/blogs.univ-tlse2.fr\/convisciencia\/?page_id=103"},"modified":"2014-04-17T09:30:19","modified_gmt":"2014-04-17T07:30:19","slug":"informations-pratiques","status":"publish","type":"page","link":"https:\/\/blogs.univ-tlse2.fr\/convisciencia\/informations-pratiques\/","title":{"rendered":"Plans et acc\u00e8s"},"content":{"rendered":"<div>\n<h3 style=\"text-align: center\"><span style=\"color: #ff0000\">Acc\u00e8s aux sites des journ\u00e9es internationales<\/span><\/h3>\n<h2 style=\"text-align: center\"><span style=\"color: #99cc00\">ENFA (4 juin 2014)<\/span><\/h2>\n<p style=\"text-align: center\"><em>Coordonn\u00e9es :<\/em><\/p>\n<p style=\"text-align: center\">2, route de Narbonne<\/p>\n<p style=\"text-align: center\">31326 Castanet Tolosan Cedex<\/p>\n<p style=\"text-align: center\">t\u00e9l : 05 61 75 32 32<\/p>\n<p>&nbsp;<\/p>\n<p>Le Complexe Agricole d\u2019Auzeville se situe \u00e0 10 km du centre ville (gare) de Toulouse.On peut acc\u00e9der \u00e0 l\u2019Ecole Nationale de Formation Agronomique (ENFA) situ\u00e9e dans le Complexe Agricole d\u2019Auzeville, en bordure de RN 113 :<\/p>\n<p style=\"text-align: center\"><strong>En voiture<\/strong><\/p>\n<p>Coordonn\u00e9es GPS = +43\u00b0 32\u2032 5.16\u2033, +1\u00b0 29\u2032 9.60\u2033<\/p>\n<ul>\n<li>\n<div><em>Par l\u2019autoroute A 61<\/em> sortie p\u00e9riph\u00e9rique n\u00b019 \u00ab Le Palays \u00bb<br \/>\nRAMONVILLE \u2013 CARCASSONNE par RN 113<\/div>\n<\/li>\n<li>\n<div><em> Par l\u2019autoroute A62 <\/em>prendre direction MONTPELLIER<br \/>\nsortie p\u00e9riph\u00e9rique n\u00b019 \u00ab Le Palays \u00bb<\/div>\n<\/li>\n<\/ul>\n<p style=\"text-align: center\"><strong>En train et m\u00e9tro-bus <\/strong><\/p>\n<p>Arriv\u00e9e en gare de <strong>TOULOUSE-MATABIAU <\/strong>vers le <strong>COMPLEXE AGRICOLE<\/strong><\/p>\n<ul>\n<li>des quais <strong>MATABIAU SNCF<\/strong>, suivre le couloir qui m\u00e8ne \u00e0 la station de m\u00e9tro MARENGO SNCF (se munir d\u2019un ticket <strong>m\u00e9tro-bus<\/strong>)<\/li>\n<li>Prendre la ligne A <strong>BASSO CAMBO<\/strong>, descendre \u00e0 la station <strong>Jean Jaur\u00e8s<\/strong> (1\u00e8re station)<\/li>\n<li>Prendre la ligne B jusqu\u2019au terminus station <strong>Ramonville<\/strong><\/li>\n<li>Prendre le bus n\u00b0 62 CASTANET \u2013 demander <strong>l\u2019arr\u00eat Complexe Agricole<\/strong><\/li>\n<\/ul>\n<p>Les horaires sont \u00e0 votre disposition sur le site de <a href=\"http:\/\/www.tisseo.fr\/\"><strong>Tisseo<\/strong> <\/a>ou \u00e0 <strong>All\u00f4 Tiss\u00e9o<\/strong> : 05-61-41-70-70<\/p>\n<p style=\"text-align: center\"><strong>En avion <\/strong><\/p>\n<p>Depuis l\u2019a\u00e9roport Toulouse-Blagnac prendre <a href=\"http:\/\/www.tisseo.fr\/se-deplacer\/navettes-thematiques\"><strong>la navette<\/strong> <\/a>qui conduit au centre ville de Toulouse jusqu\u2019\u00e0 l\u2019arr\u00eat Jean-Jaur\u00e8s. Prendre ensuite le m\u00e9tro ligne B jusqu\u2019au terminus station <strong>Ramonville<\/strong>.<\/p>\n<p><em>Plan de l&rsquo;ENFA<\/em><\/p>\n<p><a href=\"https:\/\/blogs.univ-tlse2.fr\/convisciencia\/files\/2014\/02\/grandPlan_ENFA_09Converti.jpg\"><img loading=\"lazy\" decoding=\"async\" alt=\"grandPlan_ENFA_09Converti\" src=\"https:\/\/blogs.univ-tlse2.fr\/convisciencia\/files\/2014\/02\/grandPlan_ENFA_09Converti-184x300.jpg\" width=\"105\" height=\"170\" \/><\/a><\/p>\n<\/div>\n<div>\n<h5><\/h5>\n<p>&nbsp;<\/p>\n<h2 style=\"text-align: center\"><span style=\"color: #99cc00\">Universit\u00e9\u00a0 Toulouse II Le Mirail (5-6 juin 2014)<\/span><\/h2>\n<p>&nbsp;<\/p>\n<p style=\"text-align: center\"><em>Coordonn\u00e9es :<\/em><\/p>\n<p style=\"text-align: center\">5 All\u00e9e Antonio Machado<\/p>\n<p style=\"text-align: center\">31058 TOULOUSE cedex<\/p>\n<p style=\"text-align: center\">t\u00e9l : 05 61 50 42 50<\/p>\n<p>&nbsp;<\/p>\n<p style=\"text-align: center\"><strong>En voiture<br \/>\n<\/strong><\/p>\n<ul>\n<li>Par le nord de Toulouse, A62 (Paris, Bordeaux, Montauban)\u00a0: prenez la direction Tarbes-Foix, puis sortie N\u00b027\u00a0; au sortir de la bretelle, vous contournez le rond-point et prenez la direction Universit\u00e9 (rue Vauquelin). Vous suivez la rue Vauquelin jusqu\u2019au pont du m\u00e9tro. Tout de suite apr\u00e8s le pont, vous tournez \u00e0 droite et vous d\u00e9bouchez sur le grand parking de l\u2019Universit\u00e9. La Maison de la Recherche est sur la gauche du parking.<\/li>\n<\/ul>\n<ul>\n<li>Par le sud de Toulouse, A64 (Pau), A61 (Montpellier)\u00a0: prenez la direction Blagnac-A\u00e9roport, puis sortie N\u00b026 La Faourette, allez \u00e0 droite au 1er feu tricolore, puis passez au-dessus du p\u00e9riph\u00e9rique. Apr\u00e8s le 1er feu tricolore, vous tournez imm\u00e9diatement \u00e0 droite et vous suivez la rue jusqu\u2019au pont du m\u00e9tro. Juste avant le pont, vous tournez \u00e0 gauche et vous d\u00e9bouchez sur le grand parking de l\u2019Universit\u00e9. La Maison de la Recherche est sur la gauche du parking.<\/li>\n<\/ul>\n<p style=\"text-align: center\"><strong>En avion<\/strong><\/p>\n<p>A l\u2019a\u00e9roport de Toulouse-Blagnac, navette autocar et taxis vous conduiront jusqu\u2019\u00e0 votre h\u00f4tel (20 \u00e0 30 mn). Le terminus de la <a href=\"http:\/\/www.tisseo.fr\/se-deplacer\/navettes-thematiques\">navette<\/a> est situ\u00e9 \u00e0 la gare routi\u00e8re tout pr\u00e8s de la Gare Matabiau SNCF et de la station de m\u00e9tro Marengo SNCF.<\/p>\n<p style=\"text-align: center\"><strong>En train<\/strong><\/p>\n<p>La gare de Toulouse-Matabiau est situ\u00e9e au centre ville. Elle est jumel\u00e9e avec la station de <a href=\"http:\/\/www.tisseo.fr\/\">m\u00e9tro<\/a> Marengo-SNCF.<\/p>\n<p style=\"text-align: center\"><strong>En m\u00e9tro<\/strong><\/p>\n<p>Prenez la direction Basso Cambo sur la ligne A du m\u00e9tro toulousain. Vous trouverez des distributeurs de tickets dans chaque station.<br \/>\nDescendez \u00e0 la station Mirail Universit\u00e9. L\u2019Universit\u00e9 se trouve \u00e0 100 m. face \u00e0 la station. Au bout de la rue se dresse le B\u00e2timent de l\u2019Arche. Lorsque vous arrivez devant ce b\u00e2timent, vous tournez \u00e0 droite. Vous passez devant la Biblioth\u00e8que Universitaire (b\u00e2timent en briques roses) et vous allez tout droit jusqu\u2019au b\u00e2timent suivant\u00a0: la Maison de la Recherche.<\/p>\n<p><em>Plan de l\u2019Universit\u00e9- Toulouse II Le Mirail<\/em><\/p>\n<p><a href=\"https:\/\/blogs.univ-tlse2.fr\/convisciencia\/files\/2014\/02\/plan-campus-utm-2014.jpg\"><img loading=\"lazy\" decoding=\"async\" class=\"alignnone  wp-image-732\" alt=\"plan campus utm 2014\" src=\"https:\/\/blogs.univ-tlse2.fr\/convisciencia\/files\/2014\/02\/plan-campus-utm-2014-1024x723.jpg\" width=\"236\" height=\"166\" srcset=\"https:\/\/blogs.univ-tlse2.fr\/convisciencia\/files\/2014\/02\/plan-campus-utm-2014-1024x723.jpg 1024w, https:\/\/blogs.univ-tlse2.fr\/convisciencia\/files\/2014\/02\/plan-campus-utm-2014-300x212.jpg 300w, https:\/\/blogs.univ-tlse2.fr\/convisciencia\/files\/2014\/02\/plan-campus-utm-2014-624x441.jpg 624w, https:\/\/blogs.univ-tlse2.fr\/convisciencia\/files\/2014\/02\/plan-campus-utm-2014.jpg 1754w\" sizes=\"auto, (max-width: 236px) 100vw, 236px\" \/><\/a><\/p>\n<p>&nbsp;<\/p>\n<\/div>\n","protected":false},"excerpt":{"rendered":"<p>Acc\u00e8s aux sites des journ\u00e9es internationales ENFA (4 juin 2014) Coordonn\u00e9es : 2, route de Narbonne 31326 Castanet Tolosan Cedex t\u00e9l : 05 61 75 32 32 &nbsp; Le Complexe Agricole d\u2019Auzeville se situe \u00e0 10 km du centre ville (gare) de Toulouse.On peut acc\u00e9der \u00e0 l\u2019Ecole Nationale de Formation Agronomique (ENFA) situ\u00e9e dans le [&hellip;]<\/p>\n","protected":false},"author":196,"featured_media":0,"parent":0,"menu_order":0,"comment_status":"closed","ping_status":"closed","template":"","meta":{"footnotes":""},"class_list":["post-103","page","type-page","status-publish","hentry"],"_links":{"self":[{"href":"https:\/\/blogs.univ-tlse2.fr\/convisciencia\/wp-json\/wp\/v2\/pages\/103","targetHints":{"allow":["GET"]}}],"collection":[{"href":"https:\/\/blogs.univ-tlse2.fr\/convisciencia\/wp-json\/wp\/v2\/pages"}],"about":[{"href":"https:\/\/blogs.univ-tlse2.fr\/convisciencia\/wp-json\/wp\/v2\/types\/page"}],"author":[{"embeddable":true,"href":"https:\/\/blogs.univ-tlse2.fr\/convisciencia\/wp-json\/wp\/v2\/users\/196"}],"replies":[{"embeddable":true,"href":"https:\/\/blogs.univ-tlse2.fr\/convisciencia\/wp-json\/wp\/v2\/comments?post=103"}],"version-history":[{"count":16,"href":"https:\/\/blogs.univ-tlse2.fr\/convisciencia\/wp-json\/wp\/v2\/pages\/103\/revisions"}],"predecessor-version":[{"id":733,"href":"https:\/\/blogs.univ-tlse2.fr\/convisciencia\/wp-json\/wp\/v2\/pages\/103\/revisions\/733"}],"wp:attachment":[{"href":"https:\/\/blogs.univ-tlse2.fr\/convisciencia\/wp-json\/wp\/v2\/media?parent=103"}],"curies":[{"name":"wp","href":"https:\/\/api.w.org\/{rel}","templated":true}]}}