 {"id":131,"date":"2014-02-11T17:03:56","date_gmt":"2014-02-11T16:03:56","guid":{"rendered":"https:\/\/blogs.univ-tlse2.fr\/convisciencia\/?page_id=131"},"modified":"2015-03-24T11:56:53","modified_gmt":"2015-03-24T10:56:53","slug":"1-etude-du-curriculum-en-actes-en-education-physique-et-sportive-approches-plurielles","status":"publish","type":"page","link":"https:\/\/blogs.univ-tlse2.fr\/convisciencia\/1-etude-du-curriculum-en-actes-en-education-physique-et-sportive-approches-plurielles\/","title":{"rendered":"1 &#8211; curriculum en actes en EPS"},"content":{"rendered":"<h2>Etude du curriculum en actes en Education Physique et Sportive : approches plurielles<\/h2>\n<p><strong>Symposium anim\u00e9 par Chantal Amade-Escot et\u00a0Fabienne Bri\u00e8re-Guenoun<\/strong><\/p>\n<p>&nbsp;<\/p>\n<h1><span style=\"color: #99cc00\">Num\u00e9ro sp\u00e9cial de la revue \u00ab\u00a0Questions Vives\u00a0\u00bb publi\u00e9 suite au symposium<\/span><\/h1>\n<p><a href=\"https:\/\/blogs.univ-tlse2.fr\/convisciencia\/files\/2014\/02\/qv22-small230.gif\"><img loading=\"lazy\" decoding=\"async\" class=\" size-full wp-image-827 alignleft\" src=\"https:\/\/blogs.univ-tlse2.fr\/convisciencia\/files\/2014\/02\/qv22-small230.gif\" alt=\"qv22-small230\" width=\"160\" height=\"230\" \/><\/a><\/p>\n<p><strong><span style=\"color: #99cc00\">Fabienne Bri\u00e8re-Guenoun, Chantal Amade EScot (r\u00e9dactrices en chef)<\/span><\/strong><\/p>\n<p><span style=\"color: #99cc00\">Questionner le curriculum en \u00e9ducation physique et sportive : Quelle dynamique en contexte ? Quelle autonomie<\/span><\/p>\n<p><span style=\"color: #99cc00\"><a style=\"color: #00ff00\" title=\"revue Questions Vives n\u00b022\" href=\"http:\/\/questionsvives.revues.org\/1566\"><span style=\"color: #99cc00\">Revue disponible en ligne<\/span><\/a><\/span><\/p>\n<p>&nbsp;<\/p>\n<h1><\/h1>\n<h1>Descriptif du symposium des 5 et 6 juin<\/h1>\n<p>Le symposium est consacr\u00e9 \u00e0 l\u2019\u00e9tude des pratiques d\u2019enseignement et d\u2019apprentissage en \u00e9ducation physique en lien avec la production du curriculum. Il s\u2019appuie sur des travaux originaux men\u00e9s \u00e0 partir de cadres th\u00e9oriques vari\u00e9s.<\/p>\n<p>En \u00e9ducation physique, si l\u2019on dispose de panorama de recherches dans le domaine des sciences de l&rsquo;intervention (Musard, Loquet &amp; Carlier, 2010) ou encore de comparaisons internationales \u00e0 propos des curriculums (P\u00fchse, &amp; Gerber, 2005), aucune publication n\u2019a &#8211; \u00e0 notre connaissance &#8211; propos\u00e9 un \u00e9tat des lieux des recherches sur le curriculum <i>\u00ab<\/i>\u00a0<i>en train de se faire\u00a0\u00bb. <\/i>Or, les connaissances produites par ces travaux sont susceptibles de fournir des outils pertinents de lecture de la complexit\u00e9 de l\u2019activit\u00e9 des acteurs (enseignants et \u00e9l\u00e8ves) impliqu\u00e9s dans la dynamique curriculaire (Crahay, Audigier &amp; Dolz, 2006\u00a0; Forquin, 2008\u00a0; Gundem &amp; Hopmann, 1998).<\/p>\n<p>Le symposium a pour ambition de discuter la possible contribution des concepts d\u2019action et d\u2019activit\u00e9 (sous couverts des diff\u00e9rentes th\u00e9ories qui les mobilisent) \u00e0 la compr\u00e9hension des formes singuli\u00e8res d\u2019actualisation du curriculum en \u00e9ducation physique. Sa vis\u00e9e est de rendre compte de la dynamique curriculaire telle qu\u2019elle est mise en \u0153uvre au niveau des contextes quotidiens d\u2019enseignement et d\u2019apprentissage \u00e0 partir de l\u2019\u00e9tude du jeu des acteurs. Diff\u00e9rentes dimensions impliqu\u00e9es dans la production du curriculum seront explor\u00e9es : \u00e9thique, axiologique, \u00e9pist\u00e9mologique et pragmatique.<\/p>\n<p>Dans ce cadre plusieurs th\u00e8mes sont soumis au d\u00e9bat. Le premier s\u2019int\u00e9resse \u00e0 l\u2019autonomie du curriculum effectif tel qu\u2019il s\u2019actualise dans les pratiques des enseignants et des \u00e9l\u00e8ves au regard des injonctions dont il fait l\u2019objet. L\u2019analyse porte sur les\u00a0 mani\u00e8res dont les diff\u00e9rents acteurs r\u00e9duisent les incertitudes, agissent au plus pr\u00e8s des contraintes et des possibles au regard de l\u2019intentionnalit\u00e9 qui leur est propre. Le second th\u00e8me concerne les \u00ab\u00a0ingr\u00e9dients\u00a0\u00bb constitutifs des gestes professionnels des enseignants, notamment les mani\u00e8res dont, aux prises avec le curriculum, ils mobilisent dans l\u2019action avec les \u00e9l\u00e8ves des exp\u00e9riences, des savoirs, des croyances, etc\u2026. Le troisi\u00e8me envisage les modalit\u00e9s selon lesquelles les \u00e9l\u00e8ves dans leur diversit\u00e9 s\u2019engagent et b\u00e9n\u00e9ficient (ou non) du curriculum qu\u2019ils participent \u00e0 produire dans les interactions ou transactions avec l\u2019enseignant ou leurs pairs.<\/p>\n<p>&nbsp;<\/p>\n<p>&nbsp;<\/p>\n<p><b>R\u00e9f\u00e9rences bibliographiques <\/b><\/p>\n<ul>\n<li>Crahay, M., Audigier, F. &amp; Dolz, J. (2006). <i>Curriculum, enseignement et pilotage<\/i>. Bruxelles, \u00c9dition De Boeck, Raisons \u00e9ducatives.<\/li>\n<li>Gundem B. B. &amp; Hopmann S. (1998, Eds.), <i>Didaktik and\/or curriculum: An International dialogue<\/i>. New York: Peter Lang.<\/li>\n<li>Forquin, J.C. (2008). <i>Sociologie du curriculum<\/i>. Rennes\u00a0: PUR, collection Paideia.<\/li>\n<li>Musard, M., Loquet M. &amp; G. Carlier (Eds) (2010). <i>Sciences de l&rsquo;intervention en EPS et en sport. R\u00e9sultats de recherche et fondements th\u00e9oriques<\/i>. Paris: Aris &amp; Editions de la revue EP.S.<\/li>\n<li>P\u00fchse, U., &amp; Gerber, M. (Eds.) (2005). <i>International Comparison of physical education. Concepts, problems and prospects<\/i>. Oxford: Meyer and Meyer Sport.<\/li>\n<\/ul>\n<p>&nbsp;<\/p>\n<p><strong>Les interventions<\/strong><\/p>\n<p><a href=\"https:\/\/blogs.univ-tlse2.fr\/convisciencia\/category\/symposium-1\/\"><em>R\u00e9sum\u00e9s des interventions<\/em><\/a><\/p>\n<p><b><a title=\"1-1 L\u2019impl\u00e9mentation des nouveaux programmes par comp\u00e9tences au B\u00e9nin : \u00e9tude compar\u00e9e de la pratique enseignante chez trois enseignants d\u2019EPS de statuts  diff\u00e9rents\" href=\"https:\/\/blogs.univ-tlse2.fr\/convisciencia\/2014\/02\/11\/1-1-limplementation-des-nouveaux-programmes-par-competences-au-benin-etude-comparee-de-la-pratique-enseignante-chez-trois-enseignants-deps-de-statuts-differents\/\">L\u2019impl\u00e9mentation des nouveaux programmes par comp\u00e9tences au B\u00e9nin\u00a0: \u00e9tude compar\u00e9e de la pratique enseignante chez trois enseignants d\u2019EPS de statuts diff\u00e9rents<\/a> &#8211; <\/b><b>Basile<\/b><b>\u00a0 <\/b><b>Agbodjogbe, <b>Kossivi Attiklem\u00e9<\/b><\/b><\/p>\n<p><b><a title=\"1-2 Curriculum en EPS et \u00e9valuation certificative au baccalaur\u00e9at\" href=\"https:\/\/blogs.univ-tlse2.fr\/convisciencia\/2014\/02\/11\/1-2-curriculum-en-eps-et-evaluation-certificative-au-baccalaureat\/\">Curriculum en EPS et \u00e9valuation certificative au baccalaur\u00e9at<\/a> &#8211; St\u00e9phane Brau-Antony<\/b>,\u00a0 <b>Beno\u00eet Hubert <\/b><\/p>\n<p><b><a title=\"1-3 Trajectoire et gestes professionnels didactiques d\u2019un enseignant stagiaire en EPS\" href=\"https:\/\/blogs.univ-tlse2.fr\/convisciencia\/2014\/02\/11\/1-3-trajectoire-et-gestes-professionnels-didactiques-dun-enseignant-stagiaire-en-eps\/\">Trajectoire et gestes professionnels didactiques d\u2019un enseignant stagiaire en EPS<\/a> &#8211; Fabienne Bri\u00e8re-Guenoun<\/b><\/p>\n<p><strong><a title=\"1-4 Vers un curriculum \u00ab r\u00e9el \u00bb, ou comment se rendre intelligible l\u2019activit\u00e9 de l\u2019\u00e9l\u00e8ve ?\" href=\"https:\/\/blogs.univ-tlse2.fr\/convisciencia\/2014\/02\/11\/1-4-vers-un-curriculum-reel-ou-comment-se-rendre-intelligible-lactivite-de-leleve\/\">Vers un curriculum \u00ab r\u00e9el \u00bb, ou comment rendre intelligible l\u2019activit\u00e9 de l\u2019\u00e9l\u00e8ve ?<\/a> &#8211; Marc Cizeron<\/strong><\/p>\n<p><strong><a title=\"1-5 L\u2019articulation des syst\u00e8mes didactiques dans la construction de la r\u00e9f\u00e9rence en classe. Le cas de l\u2019enseignement en co-responsabilit\u00e9 de l\u2019\u00e9ducation physique \u00e0 l\u2019\u00e9cole primaire genevoise\" href=\"https:\/\/blogs.univ-tlse2.fr\/convisciencia\/2014\/02\/11\/1-5-larticulation-des-systemes-didactiques-dans-la-construction-de-la-reference-en-classe-le-cas-de-lenseignement-en-co-responsabilite-de-leducation-physique-a-lec\/\">L\u2019articulation des syst\u00e8mes didactiques dans la construction de la r\u00e9f\u00e9rence en classe. Le cas de l\u2019enseignement en co-responsabilit\u00e9 de l\u2019\u00e9ducation physique \u00e0 l\u2019\u00e9cole primaire genevoise<\/a> &#8211; Adri\u00e1n Cordoba, Beno\u00eft Lenzen, Bernard Poussin, Herv\u00e9 Denervaud<\/strong><\/p>\n<p><strong><a title=\"1-6 EPS \u00e0 l\u2019\u00e9cole primaire : vari\u00e9t\u00e9 et h\u00e9t\u00e9rog\u00e9n\u00e9it\u00e9 des contenus enseign\u00e9s.\" href=\"https:\/\/blogs.univ-tlse2.fr\/convisciencia\/2014\/02\/11\/1-6-eps-a-lecole-primaire-variete-et-heterogeneite-des-contenus-enseignes\/\">EPS \u00e0 l\u2019\u00e9cole primaire : vari\u00e9t\u00e9 et h\u00e9t\u00e9rog\u00e9n\u00e9it\u00e9 des contenus enseign\u00e9s<\/a> &#8211; Odile Devos-Prieur, Christine Amans-Passaga<\/strong><\/p>\n<p><b><a title=\"1-7 Le rapport au \u00ab\u00a0curriculum recommand\u00e9\u00a0\u00bb des \u00e9tudiants d\u2019EPS en formation par alternance\" href=\"https:\/\/blogs.univ-tlse2.fr\/convisciencia\/2014\/02\/17\/1-7-le-rapport-au-curriculum-recommande-des-etudiants-deps-en-formation-par-alternance\/\">Le rapport au \u00ab\u00a0curriculum recommand\u00e9\u00a0\u00bb des \u00e9tudiants d&rsquo;EPS en formation par alternance<\/a> &#8211; Elisabeth Magendie<br \/>\n<\/b><\/p>\n<p><b><a title=\"1-8 Le rapport aux \u0153uvres dans l\u2019enseignement de la danse au coll\u00e8ge : le cas de la monstration de la proposition dans\u00e9e\" href=\"https:\/\/blogs.univ-tlse2.fr\/convisciencia\/2014\/02\/17\/1-8-le-rapport-aux-oeuvres-dans-lenseignement-de-la-danse-au-college-le-cas-de-la-monstration-de-la-proposition-dansee\/\">Le rapport aux \u0153uvres dans l\u2019enseignement de la danse au coll\u00e8ge\u00a0: le cas de la monstration de la proposition dans\u00e9e<\/a> &#8211; Dominique Montaud, Chantal Amade Escot<i> <\/i><\/b><\/p>\n<p><strong><a title=\"1-9 EPS en milieu difficile : processus de contextualisation et approche socio-didactique\" href=\"https:\/\/blogs.univ-tlse2.fr\/convisciencia\/2014\/02\/17\/1-9-eps-en-milieu-difficile-processus-de-contextualisation-et-approche-socio-didactique\/\">EPS en milieu difficile\u00a0: processus de contextualisation et approche socio-didactique<\/a> &#8211; Marie-Paule Poggi<\/strong><\/p>\n<p><b><a title=\"1-10 Que cache le cach\u00e9 ? Ou les dimensions non verbales dans la dynamique des interactions didactiques selon le genre en EPS\" href=\"https:\/\/blogs.univ-tlse2.fr\/convisciencia\/2014\/02\/17\/1-10-que-cache-le-cache-ou-les-dimensions-non-verbales-dans-la-dynamique-des-interactions-didactiques-selon-le-genre-en-eps\/\">Que cache le cach\u00e9\u00a0? Ou les dimensions non verbales dans la dynamique des interactions didactiques selon le genre en EPS<\/a> &#8211; Martine Vinson, <b>Souha Elandoulsi<\/b><br \/>\n<\/b><\/p>\n<p><b><a title=\"1-11 S\u00e9miotique des interactions langagi\u00e8res en EPS : l\u2019adresse et la r\u00e9ception des savoirs en actes\" href=\"https:\/\/blogs.univ-tlse2.fr\/convisciencia\/2014\/02\/17\/1-11-semiotique-des-interactions-langagieres-en-eps-ladresse-et-la-reception-des-savoirs-en-actes\/\">S\u00e9miotique des interactions langagi\u00e8res en EPS\u00a0: l\u2019adresse et la r\u00e9ception des savoirs en actes<\/a> &#8211; Nathalie Wallian<br \/>\n<\/b><\/p>\n<p>&nbsp;<\/p>\n<p>&nbsp;<\/p>\n<p><b>\u00a0<\/b><\/p>\n","protected":false},"excerpt":{"rendered":"<p>Etude du curriculum en actes en Education Physique et Sportive : approches plurielles Symposium anim\u00e9 par Chantal Amade-Escot et\u00a0Fabienne Bri\u00e8re-Guenoun &nbsp; Num\u00e9ro sp\u00e9cial de la revue \u00ab\u00a0Questions Vives\u00a0\u00bb publi\u00e9 suite au symposium Fabienne Bri\u00e8re-Guenoun, Chantal Amade EScot (r\u00e9dactrices en chef) Questionner le curriculum en \u00e9ducation physique et sportive : Quelle dynamique en contexte ? Quelle [&hellip;]<\/p>\n","protected":false},"author":196,"featured_media":0,"parent":0,"menu_order":0,"comment_status":"closed","ping_status":"closed","template":"","meta":{"footnotes":""},"class_list":["post-131","page","type-page","status-publish","hentry"],"_links":{"self":[{"href":"https:\/\/blogs.univ-tlse2.fr\/convisciencia\/wp-json\/wp\/v2\/pages\/131","targetHints":{"allow":["GET"]}}],"collection":[{"href":"https:\/\/blogs.univ-tlse2.fr\/convisciencia\/wp-json\/wp\/v2\/pages"}],"about":[{"href":"https:\/\/blogs.univ-tlse2.fr\/convisciencia\/wp-json\/wp\/v2\/types\/page"}],"author":[{"embeddable":true,"href":"https:\/\/blogs.univ-tlse2.fr\/convisciencia\/wp-json\/wp\/v2\/users\/196"}],"replies":[{"embeddable":true,"href":"https:\/\/blogs.univ-tlse2.fr\/convisciencia\/wp-json\/wp\/v2\/comments?post=131"}],"version-history":[{"count":20,"href":"https:\/\/blogs.univ-tlse2.fr\/convisciencia\/wp-json\/wp\/v2\/pages\/131\/revisions"}],"predecessor-version":[{"id":828,"href":"https:\/\/blogs.univ-tlse2.fr\/convisciencia\/wp-json\/wp\/v2\/pages\/131\/revisions\/828"}],"wp:attachment":[{"href":"https:\/\/blogs.univ-tlse2.fr\/convisciencia\/wp-json\/wp\/v2\/media?parent=131"}],"curies":[{"name":"wp","href":"https:\/\/api.w.org\/{rel}","templated":true}]}}