 {"id":156,"date":"2014-02-12T11:07:02","date_gmt":"2014-02-12T10:07:02","guid":{"rendered":"https:\/\/blogs.univ-tlse2.fr\/convisciencia\/?page_id=156"},"modified":"2016-01-04T15:57:39","modified_gmt":"2016-01-04T14:57:39","slug":"2-mediation-numerique-des-savoirs","status":"publish","type":"page","link":"https:\/\/blogs.univ-tlse2.fr\/convisciencia\/2-mediation-numerique-des-savoirs\/","title":{"rendered":"2 &#8211; M\u00e9diation num\u00e9rique des savoirs"},"content":{"rendered":"<p><a href=\"http:\/\/dms.revues.org\/\"><img loading=\"lazy\" decoding=\"async\" class=\" wp-image-849 alignleft\" src=\"https:\/\/blogs.univ-tlse2.fr\/convisciencia\/files\/2016\/01\/dms.png\" alt=\"dms\" width=\"135\" height=\"85\" \/><\/a>Retrouvez les actes du symposium dans num\u00e9ro th\u00e9matique de la revue Distances et M\u00e9diations des Savoirs (DMS 12\/2015), <a href=\"http:\/\/dms.revues.org\/1169\">M\u00e9diation num\u00e9rique des savoirs<\/a> coordonn\u00e9 par C\u00e9cile Gardi\u00e8s et Jean-Luc Rinaudo<\/p>\n<p>&nbsp;<\/p>\n<p><strong>Symposium anim\u00e9 par C\u00e9cile Gardies et Jean-Luc Rinaudo<br \/>\n<\/strong><\/p>\n<p>Dans un contexte soci\u00e9tal d\u2019acc\u00e8s \u00e0 l\u2019information abondante facilit\u00e9 pour le plus grand nombre, et de forts questionnements sur les processus d\u2019apprentissage des jeunes et la n\u00e9cessit\u00e9 de refonder l\u2019\u00e9cole, les pratiques d\u2019enseignement ou informationnelles et les dispositifs qui organisent la mise \u00e0 disposition de l\u2019information doivent \u00eatre interrog\u00e9s. On peut suive l\u2019Unesco pour qui \u00ab\u00a0<i>une part de plus en plus importante de l\u2019information produite aujourd\u2019hui dans presque tous les domaines de l\u2019activit\u00e9 humaine est num\u00e9rique et con\u00e7ue pour \u00eatre accessible sur ordinateur<\/i>\u00a0\u00bb (Unesco, 2002). Or, la notion d\u2019accessibilit\u00e9 \u00e0 l\u2019information facilit\u00e9e par le num\u00e9rique, v\u00e9hicul\u00e9e avec celle de soci\u00e9t\u00e9 de l&rsquo;information, semble faire abstraction d\u2019une n\u00e9cessaire m\u00e9diation. Que l\u2019on consid\u00e8re que la m\u00e9diation des savoirs met en jeu prioritairement de l\u2019information dans des processus de construction de connaissances gr\u00e2ce \u00e0 des dispositifs sociaux, techniques (num\u00e9riques) et humains ou que l\u2019on pense que la m\u00e9diation concerne l\u2019activit\u00e9 principale des enseignants et formateurs dans leur pratique avec le num\u00e9rique, on est amener \u00e0 consid\u00e9rer la place de la m\u00e9diation num\u00e9rique des savoirs dans son rapport \u00e0 la connaissance et aux savoirs.<\/p>\n<p>La m\u00e9diation comprend une dimension symbolique et une dimension logistique. Elle peut se d\u00e9finir comme une communication m\u00e9diatis\u00e9e et, en ce sens, comprend \u00e9galement une dimension sociale, technique et langagi\u00e8re. L\u2019image de disponibilit\u00e9, de transparence et d\u2019accessibilit\u00e9 qui semble sous-jacente dans les nouveaux dispositifs num\u00e9riques (banques de donn\u00e9es en ligne, plate-formes de formation, r\u00e9seaux sociaux\u2026) est souvent contredite par les usages qui doivent s\u2019adapter\u00a0parfois sans accompagnement.<\/p>\n<p>Si l\u2019information est consid\u00e9r\u00e9e comme un contenu cognitif situ\u00e9 dans un processus de communication o\u00f9 le r\u00e9cepteur a un r\u00f4le primordial d\u2019activation, d\u2019interpr\u00e9tation et d\u2019appropriation \u00ab <i>les nouveaux processus de m\u00e9diation [qui]doivent, en s\u2019appuyant sur la complexit\u00e9 croissante des dispositifs, prendre en compte l\u2019activation du sens par le r\u00e9cepteur [\u2026], pour lui permettre d\u2019appr\u00e9hender et s\u2019approprier l\u2019information afin de construire des connaissances signifiantes pour lui<\/i>\u00a0\u00bb (Fabre, Gardi\u00e8s, 2010).<\/p>\n<p>Le symposium sur la m\u00e9diation num\u00e9rique des savoirs a pour objectif de discuter, \u00e0 partir d\u2019approches diff\u00e9rentes et pluridisciplinaires, de la complexit\u00e9 des nouvelles formes d\u2019enseignement ou de formation, des dispositifs qui les supportent et des objets et enjeux de savoirs \u00e0 partir desquels les connaissances se construisent.<\/p>\n<p>De fa\u00e7on non exclusive, les participants \u00e0 se symposium tenteront d\u2019apporter des \u00e9l\u00e9ments de r\u00e9ponse \u00e0 plusieurs questions. Que recouvre l\u2019appellation \u00ab\u00a0m\u00e9diation num\u00e9rique des savoirs\u00a0\u00bb\u00a0? Comment les acteurs de l\u2019\u00e9ducation et de la formation articulent-ils usages des technologies num\u00e9riques de l\u2019imm\u00e9diat \u00e0 leurs pratiques \u00e9ducatives\u00a0fond\u00e9es sur des processus\u00a0? Quels sont les enjeux d\u2019enseignement et d\u2019apprentissage au regard des dispositifs num\u00e9riques de m\u00e9diation des savoirs\u00a0? Comment les processus de m\u00e9diation et de m\u00e9diatisation num\u00e9riques contribuent-ils \u00e0 la construction des connaissances\u00a0? Quel cadre conceptuel pour penser les dispositifs de m\u00e9diation des savoirs\u00a0?<\/p>\n<p>&nbsp;<\/p>\n<p><b>r\u00e9f\u00e9rences bibliographiques :<\/b><\/p>\n<ul>\n<li>GARDIES, C\u00e9cile, FABRE, Isabelle (2012). M\u00e9diation documentaire et dispositifs num\u00e9riques. in <i>La m\u00e9diation num\u00e9rique documentaire<\/i>. Lyon : presses de l&rsquo;ENSSIB. P. 45-62<\/li>\n<li>GARDIES, C\u00e9cile (2012). Dispositifs de m\u00e9diation des savoirs de l\u2019information documentation. In <i>Colloque international <\/i><i>R\u00e9seaux et processus info-communicationnels:m\u00e9diations, m\u00e9moires, appropriations<\/i>, Rio de Janeiro (24-25-26 octobre 2012<i>)<\/i>. Anais, vol 2, 2012, p. 345-355.<\/li>\n<li>RINAUDO, Jean-Luc (2013). Extension du domaine de la classe. <i>Connexions,<\/i> n\u00b0 100, p. 89-98.<\/li>\n<\/ul>\n<p>&nbsp;<\/p>\n<p><strong>Les interventions<\/strong><\/p>\n<p><a href=\"https:\/\/blogs.univ-tlse2.fr\/convisciencia\/category\/symposium-2\/\"><em>R\u00e9sum\u00e9s des interventions<\/em><\/a><\/p>\n<p><strong><a title=\"2-1 enjeux d\u2019enseignement et d\u2019apprentissage\" href=\"https:\/\/blogs.univ-tlse2.fr\/convisciencia\/2014\/02\/12\/2-1-enjeux-denseignement-et-dapprentissage\/\">Enjeux d\u2019enseignement et d\u2019apprentissage<\/a> &#8211; Herv\u00e9 Daguet<\/strong><\/p>\n<p><strong><a title=\"2-2 L\u00b4usage des technologies pour le management des connaissances chez les \u00e9tudiants normalistes\" href=\"https:\/\/blogs.univ-tlse2.fr\/convisciencia\/2014\/02\/12\/2-2-lusage-des-technologies-pour-le-management-des-connaissances-chez-les-etudiants-normalistes\/\">L\u00b4usage des technologies pour le management des connaissances chez les \u00e9tudiants normalistes<\/a> &#8211; Isabel Cant\u00f3n Mayo<\/strong><\/p>\n<p><strong><a title=\"2-3 M\u00e9diation num\u00e9rique des savoirs : de la diffusion d\u2019informations \u00e0 la construction de connaissances, le cas d\u2019une \u00ab classe invers\u00e9e \u00bb\" href=\"https:\/\/blogs.univ-tlse2.fr\/convisciencia\/2014\/02\/12\/2-3-mediation-numerique-des-savoirs-de-la-diffusion-dinformations-a-la-construction-de-connaissances-le-cas-dune-classe-inversee\/\">M\u00e9diation num\u00e9rique des savoirs : de la diffusion d\u2019informations \u00e0 la construction de connaissances, le cas d\u2019une \u00ab classe invers\u00e9e \u00bb<\/a> &#8211; C\u00e9cile Gardies, Isabelle Fabre<\/strong><\/p>\n<p><strong><a title=\"2-4 L\u2019utilisation d\u2019un carnet de bord virtuel comme outil technop\u00e9dagogique facilitant la m\u00e9diation num\u00e9rique du savoir.\" href=\"https:\/\/blogs.univ-tlse2.fr\/convisciencia\/2014\/02\/12\/2-4-lutilisation-dun-carnet-de-bord-virtuel-comme-outil-technopedagogique-facilitant-la-mediation-numerique-du-savoir\/\">L\u2019utilisation d\u2019un carnet de bord virtuel comme outil technop\u00e9dagogique facilitant la m\u00e9diation num\u00e9rique du savoir<\/a> &#8211; Fatiha Tali<\/strong><\/p>\n<p><strong><a title=\"2-5 Dispositif de m\u00e9diation num\u00e9rique des savoirs professionnels en situation d\u2019interactions\" href=\"https:\/\/blogs.univ-tlse2.fr\/convisciencia\/2014\/02\/12\/2-5-dispositif-de-mediation-numerique-des-savoirs-professionnels-en-situation-dinteractions\/\">Dispositif de m\u00e9diation num\u00e9rique des savoirs professionnels en situation d\u2019interactions <\/a>&#8211; Laurent Faur\u00e9<\/strong><\/p>\n<p><strong><a title=\"2-6 Quand l\u2019accessibilit\u00e9 web aux ressources num\u00e9riques devient un enjeu de m\u00e9diation des savoirs\" href=\"https:\/\/blogs.univ-tlse2.fr\/convisciencia\/2014\/02\/12\/2-6-titre-de-lintervention-quand-laccessibilite-web-aux-ressources-numeriques-devient-un-enjeu-de-mediation-des-savoirs\/\">Quand l\u2019accessibilit\u00e9 web aux ressources num\u00e9riques devient un enjeu de m\u00e9diation des savoirs<\/a> &#8211; Vincent Liqu\u00e8te<\/strong><\/p>\n<p><strong><a title=\"2-7 Dispositifs num\u00e9riques de m\u00e9diation culturelle\" href=\"https:\/\/blogs.univ-tlse2.fr\/convisciencia\/2014\/02\/12\/2-7-dispositifs-numeriques-de-mediation-culturelle\/\">Dispositifs num\u00e9riques de m\u00e9diation culturelle<\/a> &#8211; Patrick Fraysse<\/strong><\/p>\n<p><strong><a title=\"2-8 Information et connaissance\" href=\"https:\/\/blogs.univ-tlse2.fr\/convisciencia\/2014\/02\/12\/2-8-information-et-connaissance\/\">Information et connaissance<\/a> &#8211; Sylvie Sognos<\/strong><\/p>\n<p><strong><a title=\"2-9 Approche \u00e9cologique des objets num\u00e9riques\" href=\"https:\/\/blogs.univ-tlse2.fr\/convisciencia\/2014\/02\/12\/2-9-approche-ecologique-des-objets-numeriques\/\">Approche \u00e9cologique des objets num\u00e9riques<\/a> &#8211; St\u00e9phane Simonian<\/strong><\/p>\n<p><strong><a title=\"2-10 Une licence professionnelle \u00e0 distance et sur mod\u00e8le collaboratif d\u2019apprentissage\" href=\"https:\/\/blogs.univ-tlse2.fr\/convisciencia\/2014\/02\/12\/2-10-une-licence-professionnelle-a-distance-et-sur-modele-collaboratif-dapprentissage\/\">Une licence professionnelle \u00e0 distance et sur mod\u00e8le collaboratif d\u2019apprentissage<\/a> &#8211; Jacques B\u00e9ziat<\/strong><\/p>\n<p><strong><a title=\"2-11 Les technologies peuvent-elles offrir la possibilit\u00e9 de dispositifs didactiques qui favorisent le respect de la diversit\u00e9 ?\" href=\"https:\/\/blogs.univ-tlse2.fr\/convisciencia\/2014\/02\/12\/2-11-les-technologies-peuvent-elles-offrir-la-possibilite-de-dispositifs-didactiques-qui-favorisent-le-respect-de-la-diversite\/\">Les technologies peuvent-elles offrir la possibilit\u00e9 de dispositifs didactiques qui favorisent le respect de la diversit\u00e9 ?<\/a> &#8211; Patrizia Magnoler, Pier Giuseppe Rossi<\/strong><\/p>\n<p><strong><a title=\"2-12 M\u00e9diation num\u00e9rique en \u00e9ducation\" href=\"https:\/\/blogs.univ-tlse2.fr\/convisciencia\/2014\/02\/12\/2-12-mediation-numerique-en-education\/\">M\u00e9diation num\u00e9rique en \u00e9ducation<\/a> &#8211; Jean-Luc Rinaudo<\/strong><\/p>\n<p>&nbsp;<\/p>\n<p>&nbsp;<\/p>\n<p>&nbsp;<\/p>\n<p>&nbsp;<\/p>\n<p>&nbsp;<\/p>\n","protected":false},"excerpt":{"rendered":"<p>Retrouvez les actes du symposium dans num\u00e9ro th\u00e9matique de la revue Distances et M\u00e9diations des Savoirs (DMS 12\/2015), M\u00e9diation num\u00e9rique des savoirs coordonn\u00e9 par C\u00e9cile Gardi\u00e8s et Jean-Luc Rinaudo &nbsp; Symposium anim\u00e9 par C\u00e9cile Gardies et Jean-Luc Rinaudo Dans un contexte soci\u00e9tal d\u2019acc\u00e8s \u00e0 l\u2019information abondante facilit\u00e9 pour le plus grand nombre, et de forts [&hellip;]<\/p>\n","protected":false},"author":196,"featured_media":0,"parent":0,"menu_order":0,"comment_status":"closed","ping_status":"closed","template":"","meta":{"footnotes":""},"class_list":["post-156","page","type-page","status-publish","hentry"],"_links":{"self":[{"href":"https:\/\/blogs.univ-tlse2.fr\/convisciencia\/wp-json\/wp\/v2\/pages\/156","targetHints":{"allow":["GET"]}}],"collection":[{"href":"https:\/\/blogs.univ-tlse2.fr\/convisciencia\/wp-json\/wp\/v2\/pages"}],"about":[{"href":"https:\/\/blogs.univ-tlse2.fr\/convisciencia\/wp-json\/wp\/v2\/types\/page"}],"author":[{"embeddable":true,"href":"https:\/\/blogs.univ-tlse2.fr\/convisciencia\/wp-json\/wp\/v2\/users\/196"}],"replies":[{"embeddable":true,"href":"https:\/\/blogs.univ-tlse2.fr\/convisciencia\/wp-json\/wp\/v2\/comments?post=156"}],"version-history":[{"count":11,"href":"https:\/\/blogs.univ-tlse2.fr\/convisciencia\/wp-json\/wp\/v2\/pages\/156\/revisions"}],"predecessor-version":[{"id":850,"href":"https:\/\/blogs.univ-tlse2.fr\/convisciencia\/wp-json\/wp\/v2\/pages\/156\/revisions\/850"}],"wp:attachment":[{"href":"https:\/\/blogs.univ-tlse2.fr\/convisciencia\/wp-json\/wp\/v2\/media?parent=156"}],"curies":[{"name":"wp","href":"https:\/\/api.w.org\/{rel}","templated":true}]}}