 {"id":206,"date":"2014-02-12T14:23:19","date_gmt":"2014-02-12T13:23:19","guid":{"rendered":"https:\/\/blogs.univ-tlse2.fr\/convisciencia\/?page_id=206"},"modified":"2014-05-13T16:28:08","modified_gmt":"2014-05-13T14:28:08","slug":"3-questions-socialement-vives-agronomiques-et-environnementales-et-les-educations-a","status":"publish","type":"page","link":"https:\/\/blogs.univ-tlse2.fr\/convisciencia\/3-questions-socialement-vives-agronomiques-et-environnementales-et-les-educations-a\/","title":{"rendered":"3 &#8211; QSV et \u00e9ducation \u00e0&#8230;"},"content":{"rendered":"<h2>Questions Socialement Vives Agronomiques et Environnementales et les \u00e9ducations \u00e0\u2026<\/h2>\n<p><strong>Symposium anim\u00e9 par Jean Simonneaux, Laurence Simonneaux et Alain Legardez<\/strong><\/p>\n<p>Les pionniers de l\u2019enseignement des Questions Socialement Vives (Legardez et Simonneaux, 2006) relateront tout d\u2019abord l\u2019histoire de la naissance de ce courant (Simonneaux &amp; Legardez, 2011) mais il parait aussi important d\u2019en mesurer son int\u00e9r\u00eat et son usage, notamment dans les proximit\u00e9s avec d\u2019autres courants tels les <i>socio-scientific issues<\/i> (Sadler et al. 2007) ou la <i>post-normal science<\/i> (Funtowitz et Ravetz, 1993).<\/p>\n<p>Notion ou concept pour les uns, formule \u00ab\u00a0attrape-tout\u00a0\u00bb pour d\u2019autres, l\u2019expression \u00ab\u00a0questions socialement vives\u00a0\u00bb a fait flor\u00e8s depuis son introduction dans le champ des recherches en \u00e9ducation au d\u00e9but des ann\u00e9es 2000. Le concept de QSV est mobilis\u00e9 dans de multiples recherches didactiques avec des angles de questionnement vari\u00e9s dont rendent compte les contributions du symposium. Le panorama des variations observables autour de l\u2019enseignement des QSV illustre comment les probl\u00e9matiques didactiques sont marqu\u00e9es par les enjeux \u00e9ducatifs que se fixent les acteurs \u00e9ducatifs ou la recherche. Si tout un chacun est libre d\u2019utiliser une expression, il semble important que des chercheurs pr\u00e9cisent les d\u00e9finitions qu\u2019ils proposent, ainsi que leur domaine de pertinence.<\/p>\n<p>Le concept de QSV est justifi\u00e9 pour rendre compte des \u00e9volutions des rapports entre sciences et soci\u00e9t\u00e9, l\u2019id\u00e9e de sciences n\u2019est plus associ\u00e9e syst\u00e9matiquement \u00e0 l\u2019id\u00e9e de progr\u00e8s, les incertitudes et les risques associ\u00e9s aux sciences donnent lieu \u00e0 des d\u00e9bats m\u00e9diatis\u00e9s au-del\u00e0 du cercle des seuls scientifiques. L\u2019application du concept de QSV dans le champ environnemental s\u2019est largement d\u00e9velopp\u00e9 en constituant un champ de recherche \u00e0 la crois\u00e9e des didactiques disciplinaires constitu\u00e9es et des \u00e9ducations \u00e0. Les Questions Socialement Vives Agronomiques et Environnementales (QSVAE) ne peuvent pas \u00e9chapper \u00e0 un questionnement \u00e9pist\u00e9mologique et \u00e0 des choix de r\u00e9f\u00e9rencement axiologiques. Ces choix impactent les finalit\u00e9s et les modalit\u00e9s \u00e9ducatives qui peuvent \u00eatre attribu\u00e9es \u00e0 une \u00e9ducation relative \u00e0 l\u2019environnement mais aussi au d\u00e9veloppement durable, \u00e0 la citoyennet\u00e9, \u00e0 la sant\u00e9, \u00e0 la consommation\u2026 Ces recherches portent sur une diversit\u00e9 de publics (\u00e9l\u00e8ves et enseignants) et de situations d\u2019enseignements (d\u00e9bats, cartographies des controverses, situations-probl\u00e8mes, usage des m\u00e9dias\u2026). Les QSVAE sont des questions complexes interdisciplinaires qui recouvrent de multiples probl\u00e9matiques. La mobilisation des QSV dans les \u00ab\u00a0\u00e9ducations \u00e0\u00a0\u00bb n\u00e9cessite, d\u2019un point de vue cognitif, la construction de raisonnements socio-scientifiques, la mobilisation de savoirs interdisciplinaires et sociaux et de valeurs\u00a0; elle vise le d\u00e9veloppement de la pens\u00e9e critique dans la perspective de prendre des d\u00e9cisions et d\u2019agir individuellement ou collectivement.<\/p>\n<p>&nbsp;<\/p>\n<p><strong>r\u00e9f\u00e9rences bibliographiques<\/strong><\/p>\n<ul>\n<li>Funtowicz, S. &amp; Ravetz, J. (1993).\u00a0 Science for the post-normal age.\u00a0 <i>Futures<\/i>, 25, 739-755.<\/li>\n<li>Legardez, A. &amp; Simonneaux, L. (2006). <i>L&rsquo;\u00e9cole \u00e0 l&rsquo;\u00e9preuve de l&rsquo;actualit\u00e9. Enseigner des questions vives.<\/i> Paris : ESF.<\/li>\n<li>Sadler, T. D., Barab, S. A., &amp; Scott, B. (2007). What do students gain by engaging in socio-scientific inquiry? <i>Research in Science Education<\/i>, 37(Issue 4), 371-391.<\/li>\n<li>Simonneaux, L. &amp; Legardez, A. (2011). <i>D\u00e9veloppement durable et autres questions d\u2019actualit\u00e9. Questions socialement vives dans l\u2019enseignement et la formation.<\/i> Dijon\u00a0: Educagri.<\/li>\n<li>Simonneaux, J. &amp; Simonneaux, L. (2012). Educational configurations for teaching environmental socioscientific issues within the perspective of sustainability. <i>Research In Science Education. <\/i>42, 1, 75-94.<\/li>\n<\/ul>\n<p>&nbsp;<\/p>\n<p><strong>Les interventions<\/strong><\/p>\n<p><a href=\"https:\/\/blogs.univ-tlse2.fr\/convisciencia\/category\/symposium-3\/\"><em>R\u00e9sum\u00e9s des interventions<\/em><\/a><\/p>\n<p><strong><a title=\"3-1 Variations autour de l\u2019enseignement des Questions Socialement Vives\" href=\"https:\/\/blogs.univ-tlse2.fr\/convisciencia\/2014\/02\/12\/3-1-variations-autour-de-lenseignement-des-questions-socialement-vives\/\">Variations autour de l\u2019enseignement des Questions Socialement Vives<\/a>\u00a0 &#8211; Laurence Simonneaux, Jean Simonneaux<\/strong><\/p>\n<p><strong><a title=\"3-2 Questions socialement vives dans l\u2019enseignement et la formation et autres questions sensibles\" href=\"https:\/\/blogs.univ-tlse2.fr\/convisciencia\/2014\/02\/12\/3-2-questions-socialement-vives-dans-lenseignement-et-la-formation-et-autres-questions-sensibles\/\">Questions socialement vives dans l\u2019enseignement et la formation et autres questions sensibles<\/a> &#8211; Alain Legardez et <strong>Agnieszka Jeziorski<\/strong><br \/>\n<\/strong><\/p>\n<p><strong><a title=\"3-3 D\u00e9bat QSV sur les nanotechnologies : un outil pour une \u00e9ducation post-moderne ?\" href=\"https:\/\/blogs.univ-tlse2.fr\/convisciencia\/2014\/02\/12\/3-3-debat-qsv-sur-les-nanotechnologies-un-outil-pour-une-education-post-moderne\/\">D\u00e9bat QSV sur les nanotechnologies : un outil pour une \u00e9ducation post-moderne ? <\/a>-Nathalie Panissal<\/strong><\/p>\n<p><strong><a title=\"3-4 Cartographier des controverses pour apprendre le fonctionnement social des technosciences : l\u2019\u00e9tude des gaz de schiste en lyc\u00e9e agricole\" href=\"https:\/\/blogs.univ-tlse2.fr\/convisciencia\/2014\/02\/12\/3-4-cartographier-des-controverses-pour-apprendre-le-fonctionnement-social-des-technosciences-letude-des-gaz-de-schiste-en-lycee-agricole\/\">Cartographier des controverses pour apprendre le fonctionnement social des technosciences : l\u2019\u00e9tude des gaz de schiste en lyc\u00e9e agricole<\/a> &#8211; Nicolas Herv\u00e9<\/strong><\/p>\n<p><strong><a title=\"3-5 La promotion de l\u00b4activisme en futurs enseignants partant de la discussion de probl\u00e8mes socio-environnementaux et socio-scientifiques\" href=\"https:\/\/blogs.univ-tlse2.fr\/convisciencia\/2014\/02\/12\/3-5-la-promotion-de-lactivisme-en-futurs-enseignants-partant-de-la-discussion-de-problemes-socio-environnementaux-et-socio-scientifiques\/\">La promotion de l\u00b4activisme en futurs enseignants partant de la discussion de probl\u00e8mes socio-environnementaux et socio-scientifiques <\/a>&#8211; Pedro Reis, Elisabeth Linhares<\/strong><\/p>\n<p><strong><a title=\"3-6 Rapports aux savoirs scientifiques et formes d\u2019engagement \u00e9cocitoyen d\u2019\u00e9l\u00e8ves de secondaire IV face aux changements climatiques\" href=\"https:\/\/blogs.univ-tlse2.fr\/convisciencia\/2014\/02\/12\/3-6-rapports-aux-savoirs-scientifiques-et-formes-dengagement-ecocitoyen-deleves-de-secondaire-iv-face-aux-changements-climatiques\/\">Rapports aux savoirs scientifiques et formes d\u2019engagement \u00e9cocitoyen d\u2019\u00e9l\u00e8ves de secondaire IV face aux changements climatiques<\/a> &#8211; Barbara Bader, Genevi\u00e8ve Therriault,\u00a0 \u00c9milie Morin, Isabelle Arseneau<\/strong><\/p>\n<p><strong><a title=\"3-7 La question de la production alimentaire dans les prescriptions de l\u2019enseignement g\u00e9n\u00e9ral : analyse multir\u00e9f\u00e9rentielle, enjeux \u00e9ducatifs, enjeux didactiques.\" href=\"https:\/\/blogs.univ-tlse2.fr\/convisciencia\/2014\/02\/12\/3-7-la-question-de-la-production-alimentaire-dans-les-prescriptions-de-lenseignement-general-analyse-multireferentielle-enjeux-educatifs-enjeux-didactiques\/\">La question de la production alimentaire dans les prescriptions de l\u2019enseignement g\u00e9n\u00e9ral : analyse multir\u00e9f\u00e9rentielle, enjeux \u00e9ducatifs, enjeux didactiques<\/a> &#8211;\u00a0 Jean-Marc Lange<\/strong><\/p>\n<p><strong><a title=\"3-8 Une cl\u00e9 d\u2019entr\u00e9e pour comprendre le d\u00e9veloppement durable : une illustration par les gaz de schiste\" href=\"https:\/\/blogs.univ-tlse2.fr\/convisciencia\/2014\/02\/12\/3-8-une-cle-dentree-pour-comprendre-le-developpement-durable-une-illustration-par-les-gaz-de-schiste\/\">Une cl\u00e9 d\u2019entr\u00e9e pour comprendre le d\u00e9veloppement durable : une illustration par les gaz de schiste<\/a> &#8211; Arnaud Diemer, Christel Marquat, Yannick Rafaitin<\/strong><\/p>\n<p><strong><a title=\"3-9 Comp\u00e9tition, extinction, invasion\u2026, des concepts scientifiques et\/ou id\u00e9ologiques, pour quelle prise en compte \u00e9ducative ?\" href=\"https:\/\/blogs.univ-tlse2.fr\/convisciencia\/2014\/02\/12\/3-9-competition-extinction-invasion-des-concepts-scientifiques-etou-ideologiques-pour-quelle-prise-en-compte-educative\/\">Comp\u00e9tition, extinction, invasion\u2026, des concepts scientifiques et\/ou id\u00e9ologiques, pour quelle prise en compte \u00e9ducative ?<\/a> &#8211; Didier Mulnet<\/strong><\/p>\n<p><strong><a title=\"3-10 Education au d\u00e9veloppement durable : l\u2019enseignement d\u2019une question socialement vive dans le syst\u00e8me scolaire chilien.\" href=\"https:\/\/blogs.univ-tlse2.fr\/convisciencia\/2014\/02\/12\/3-10-education-au-developpement-durable-lenseignement-dune-question-socialement-vive-dans-le-systeme-scolaire-chilien\/\">Education au d\u00e9veloppement durable : l&rsquo;enseignement d&rsquo;une question socialement vive dans le syst\u00e8me scolaire chilien<\/a> &#8211; Adolfo Berrios<\/strong><\/p>\n<p><strong><a title=\"3-11 Maintenir la Nouvelle Z\u00e9lande propre et verte:  une analyse des QSV dans des ressources p\u00e9dagogiques s\u00e9lectionn\u00e9es\" href=\"https:\/\/blogs.univ-tlse2.fr\/convisciencia\/2014\/02\/12\/3-11-maintenir-la-nouvelle-zelande-propre-et-verte-une-analyse-des-qsv-dans-des-ressources-pedagogiques-selectionnees\/\">Maintenir la Nouvelle Z\u00e9lande propre et verte:\u00a0 une analyse des QSV dans des ressources p\u00e9dagogiques s\u00e9lectionn\u00e9es<\/a> &#8211; Sally Birdsall, France Bev<\/strong><\/p>\n<p><strong><a title=\"3-12 Suivre les processus et r\u00e9sultats de la construction de raisonnements sur des Questions Socialement Vives par des \u00e9l\u00e8ves\/\u00e9tudiants : propositions de trois variations m\u00e9thodologiques\" href=\"https:\/\/blogs.univ-tlse2.fr\/convisciencia\/2014\/02\/12\/3-12-suivre-les-processus-et-resultats-de-la-construction-de-raisonnements-sur-des-questions-socialement-vives-par-des-elevesetudiants-propositions-de-trois-variations-methodologiques\/\">Suivre les processus et r\u00e9sultats de la construction de raisonnements sur des Questions Socialement Vives par des \u00e9l\u00e8ves\/\u00e9tudiants : propositions de trois variations m\u00e9thodologiques<\/a> &#8211; Nadia Cancian, Olivier Morin, Alain Sarda, Laurence Simonneaux, Jean Simonneaux<\/strong><\/p>\n<p><strong><a title=\"3-13 Comment les prescriptions et les manuels scolaires de l\u2019enseignement de l\u2019agriculture prennent en compte (ou non) la vivacit\u00e9 de la question socialement vive du bien \u00eatre animal en \u00e9levage ?\" href=\"https:\/\/blogs.univ-tlse2.fr\/convisciencia\/2014\/02\/12\/3-13-comment-les-prescriptions-et-les-manuels-scolaires-de-lenseignement-de-lagriculture-prennent-en-compte-ou-non-la-vivacite-de-la-question-socialement-vive-du-bien-etre-animal-e\/\">Comment les prescriptions et les manuels scolaires de l\u2019enseignement de l\u2019agriculture prennent en compte (ou non) la vivacit\u00e9 de la question socialement vive du bien \u00eatre animal en \u00e9levage ?<\/a> &#8211; Am\u00e9lie Lipp, Michel Vidal, Laurence Simonneaux<\/strong><\/p>\n<p>&nbsp;<\/p>\n","protected":false},"excerpt":{"rendered":"<p>Questions Socialement Vives Agronomiques et Environnementales et les \u00e9ducations \u00e0\u2026 Symposium anim\u00e9 par Jean Simonneaux, Laurence Simonneaux et Alain Legardez Les pionniers de l\u2019enseignement des Questions Socialement Vives (Legardez et Simonneaux, 2006) relateront tout d\u2019abord l\u2019histoire de la naissance de ce courant (Simonneaux &amp; Legardez, 2011) mais il parait aussi important d\u2019en mesurer son int\u00e9r\u00eat [&hellip;]<\/p>\n","protected":false},"author":196,"featured_media":0,"parent":0,"menu_order":0,"comment_status":"closed","ping_status":"closed","template":"","meta":{"footnotes":""},"class_list":["post-206","page","type-page","status-publish","hentry"],"_links":{"self":[{"href":"https:\/\/blogs.univ-tlse2.fr\/convisciencia\/wp-json\/wp\/v2\/pages\/206","targetHints":{"allow":["GET"]}}],"collection":[{"href":"https:\/\/blogs.univ-tlse2.fr\/convisciencia\/wp-json\/wp\/v2\/pages"}],"about":[{"href":"https:\/\/blogs.univ-tlse2.fr\/convisciencia\/wp-json\/wp\/v2\/types\/page"}],"author":[{"embeddable":true,"href":"https:\/\/blogs.univ-tlse2.fr\/convisciencia\/wp-json\/wp\/v2\/users\/196"}],"replies":[{"embeddable":true,"href":"https:\/\/blogs.univ-tlse2.fr\/convisciencia\/wp-json\/wp\/v2\/comments?post=206"}],"version-history":[{"count":8,"href":"https:\/\/blogs.univ-tlse2.fr\/convisciencia\/wp-json\/wp\/v2\/pages\/206\/revisions"}],"predecessor-version":[{"id":785,"href":"https:\/\/blogs.univ-tlse2.fr\/convisciencia\/wp-json\/wp\/v2\/pages\/206\/revisions\/785"}],"wp:attachment":[{"href":"https:\/\/blogs.univ-tlse2.fr\/convisciencia\/wp-json\/wp\/v2\/media?parent=206"}],"curies":[{"name":"wp","href":"https:\/\/api.w.org\/{rel}","templated":true}]}}