 {"id":243,"date":"2014-02-13T15:43:26","date_gmt":"2014-02-13T14:43:26","guid":{"rendered":"https:\/\/blogs.univ-tlse2.fr\/convisciencia\/?page_id=243"},"modified":"2014-05-21T13:40:46","modified_gmt":"2014-05-21T11:40:46","slug":"4-pratiques-parentales-deducation-et-prevention-du-decrochage-scolaire","status":"publish","type":"page","link":"https:\/\/blogs.univ-tlse2.fr\/convisciencia\/4-pratiques-parentales-deducation-et-prevention-du-decrochage-scolaire\/","title":{"rendered":"4 &#8211; Pratiques parentales et d\u00e9crochage"},"content":{"rendered":"<h2>Pratiques parentales d\u2019\u00e9ducation et pr\u00e9vention du d\u00e9crochage scolaire<\/h2>\n<p><strong>Symposium anim\u00e9 par S\u00e9raphin Alava et D\u00e9borah PONCELET<\/strong><\/p>\n<p>Le symposium propos\u00e9 vise \u00e0 croiser les approches disciplinaires\u00a0: psychologie, sociologie, anthropologie, sciences de l\u2019\u00e9ducation, \u00e9conomie de l\u2019\u00e9ducation autour de la place des parents dans les processus scolaires et p\u00e9riscolaires de pr\u00e9vention du d\u00e9crochage. Le syst\u00e8me \u00e9ducatif se mobilise pour pr\u00e9venir le d\u00e9crochage scolaire parall\u00e8lement les institutions publiques mettent en place des dispositifs de raccrochage. La notion de pratiques \u00e9ducatives parentales est issue des travaux scientifiques d\u2019\u00e9ducation familiale depuis 20 ans et met en valeur le r\u00f4le de l\u2019activit\u00e9 des parents dans le proc\u00e8s d\u2019\u00e9ducation et plus r\u00e9cemment dans la d\u00e9marche de r\u00e9ussite \u00e9ducative des adolescents. Depuis 8 ans cette notion entre en\u00a0 \u00e9cho avec le concept de parentalit\u00e9 issu des travaux de psychologie et de psychanalyse qui met en avant la relation active de celui qui agit comme parent. La parentalit\u00e9 est un processus contextuel et interactif. Les sociologues utilisent la notion d\u2019actions \u00e9ducatives des parents ou de travail parental pour parler des actions sociales et des comp\u00e9tences sociales attendus ou mis en \u0153uvre par les parents. Mais au-del\u00e0 des champs scientifiques les 10 derni\u00e8res ann\u00e9es mettent en avant une r\u00e9-interrogation actuelle de la place des parents au sein des communaut\u00e9s \u00e9ducatives scolaires. L\u2019accompagnement \u00e0 la scolarit\u00e9, la relation du jeune aux savoirs et \u00e0 l\u2019\u00e9cole implique alors les parents non pas seulement dans la forme \u00e9ducative globale mais dans ses pratiques concr\u00e8tes<\/p>\n<p>Dans cette perspective le symposium \u00e9tudiera\u00a0:<\/p>\n<ul>\n<li>les recherches et \u00e9valuations portant sur les processus de pr\u00e9vention du d\u00e9crochage et la place prise par les parents dans ses dispositifs.<\/li>\n<li>les recherches dans le domaine des pratiques \u00e9ducatives parentales et leurs mises en relation avec les autres pratiques enseignantes et de travail social.<\/li>\n<\/ul>\n<p>Une attention particuli\u00e8re sera port\u00e9e au d\u00e9bat th\u00e9orique pour favoriser la recherche de consensus ou de fracture \u00e9pist\u00e9mologique sur le r\u00f4le et l\u2019action des parents dans le champ scolaire. Les travaux pr\u00e9sent\u00e9es donneront lieu a l\u2019\u00e9criture d\u2019un article martyr par chaque membre et \u00e0 la lecture d\u2019un discutant qui contribuera ainsi \u00e0 mettre en avant les questions, les apports originaux de chaque texte. Le symposium sera donc un moment de travail en coop\u00e9ratif pour avancer en commun vers une publication coh\u00e9rentes des travaux.<\/p>\n<p>&nbsp;<\/p>\n<p><b>r\u00e9f\u00e9rences bibliographiques\u00a0 :<\/b><\/p>\n<ul>\n<li>Jean-Luc GILLES, Pierre POTVIN Pierre, Chantal TI\u00c8CHE CHRISTINAT (dir.). Les alliances \u00e9ducatives pour lutter contre le d\u00e9crochage scolaire. Peter Lang, 2013<\/li>\n<li>Julie DELALANDE. Saisir les repr\u00e9sentations et les exp\u00e9riences des enfants \u00e0 l&rsquo;\u00e9cole. L&rsquo;exemple du passage au coll\u00e8ge \u00bb, Agora D\u00e9bats\/Jeunesse, n\u00b055, 2010<\/li>\n<li>D\u00e9bora PONCELET. L\u2019engagement parental dans la scolarit\u00e9 des enfants. La revue internationale de l\u2019\u00e9ducation familiale. N\u00b028 2010<\/li>\n<li>V\u00e9ronique FRANCIS.\u00a0Ecole et familles\u00a0: Favoriser les conditions d\u2019une relation propice au soutien des comp\u00e9tences parentales\u00a0In\u00a0Actes du Colloque Regards europ\u00e9ens sur le r\u00f4le des familles dans l\u2019action socio-\u00e9ducative aupr\u00e8s des jeunes en difficult\u00e9, Paris, 15 et 16 octobre 2007, Paris, Chroniques Sociales<\/li>\n<\/ul>\n<p>&nbsp;<\/p>\n<p><strong>Les interventions<\/strong><\/p>\n<p><a href=\"https:\/\/blogs.univ-tlse2.fr\/convisciencia\/category\/symposium-4\/\"><em>R\u00e9sum\u00e9s des interventions<\/em><\/a><\/p>\n<p><strong><a title=\"4-1 L\u2019internat : un dispositif pour un double raccrochage\" href=\"https:\/\/blogs.univ-tlse2.fr\/convisciencia\/2014\/02\/13\/4-1-linternat-un-dispositif-pour-un-double-raccrochage\/\">L\u2019internat\u00a0: un dispositif pour un double raccrochage<\/a> &#8211; C\u00e9dric A\u00eft-Ali<\/strong><\/p>\n<p><strong><a title=\"4-2 Activit\u00e9 collective et apprentissages dans la pratique des devoirs. Une \u00e9tude de cas.\" href=\"https:\/\/blogs.univ-tlse2.fr\/convisciencia\/2014\/02\/13\/4-2-lapprentissage-de-la-lecon-de-la-classe-a-lespace-familial\/\"><strong>Activit\u00e9 collective et apprentissages dans la pratique des devoirs. Une \u00e9tude de cas.<\/strong><\/a> &#8211; R\u00e9mi Bonasio, Philippe Veyrunes<\/strong><\/p>\n<p><strong><a title=\"4-3 L\u2019entr\u00e9e au coll\u00e8ge et la n\u00e9cessit\u00e9 de \u00ab grandir \u00bb : quel accompagnement des enfants \u00ab ordinaires \u00bb et des enfants suivis par un programme de r\u00e9ussite \u00e9ducative (PRE) ?\" href=\"https:\/\/blogs.univ-tlse2.fr\/convisciencia\/2014\/02\/13\/4-3-lentree-au-college-et-la-necessite-de-grandir-quel-accompagnement-des-enfants-ordinaires-et-des-enfants-suivis-par-un-programme-de-reussite-educative-pre\/\">L\u2019entr\u00e9e au coll\u00e8ge et la n\u00e9cessit\u00e9 de \u00ab\u00a0grandir\u00a0\u00bb\u00a0: quel accompagnement des enfants \u00ab\u00a0ordinaires\u00a0\u00bb et des enfants suivis par un programme de r\u00e9ussite \u00e9ducative (PRE)\u00a0?<\/a> &#8211; Julie Delalande<\/strong><\/p>\n<p><strong><a title=\"4-4 Le regard des enseignants (en formation initiale et en fonction) sur le r\u00f4le et la place des parents dans la scolarit\u00e9 pr\u00e9scolaire de leur enfant et notamment, dans l\u2019apprentissage des premi\u00e8res comp\u00e9tences num\u00e9riques\" href=\"https:\/\/blogs.univ-tlse2.fr\/convisciencia\/2014\/02\/13\/4-4-le-regard-des-enseignants-en-formation-initiale-et-en-fonction-sur-le-role-et-la-place-des-parents-dans-la-scolarite-prescolaire-de-leur-enfant-et-notamment-dans-lapprentissage-des-pre\/\">Le regard des enseignants (en formation initiale et en fonction) sur le r\u00f4le et la place des parents dans la scolarit\u00e9 pr\u00e9scolaire de leur enfant et notamment, dans l\u2019apprentissage des premi\u00e8res comp\u00e9tences num\u00e9riques<\/a> &#8211; D\u00e9bora Poncelet,\u00a0 Christophe Dierendonck, S. Kerger, G. Mancuso, Jo\u00eblle Vlassis<\/strong><\/p>\n<p><strong><a title=\"4-5 La famille, un alli\u00e9 essentiel \u00e0 l\u2019accrochage de l\u2019\u00e9l\u00e8ve\" href=\"https:\/\/blogs.univ-tlse2.fr\/convisciencia\/2014\/02\/13\/4-5-la-famille-un-allie-essentiel-a-laccrochage-de-leleve\/\">La famille, un alli\u00e9 essentiel \u00e0 l\u2019accrochage de l\u2019\u00e9l\u00e8ve<\/a> &#8211; Chantal TIECHE-CHRISTINAT<\/strong><\/p>\n<p><strong><a title=\"4-6 Aide aux devoirs et \u00e9volution des pratiques parentales\" href=\"https:\/\/blogs.univ-tlse2.fr\/convisciencia\/2014\/02\/13\/4-6-aide-aux-devoirs-et-evolution-des-pratiques-parentales\/\">Aide aux devoirs et \u00e9volution des pratiques parentales<\/a> &#8211; S\u00e9raphin Alava<\/strong><\/p>\n<p><strong><a title=\"4-7 Accrochage scolaire et pr\u00e9vention du d\u00e9crochage au cours de la scolarit\u00e9 des jeunes enfants : dispositifs de soutien pour les parents et actions port\u00e9es par les parents\" href=\"https:\/\/blogs.univ-tlse2.fr\/convisciencia\/2014\/03\/11\/4-7-accrochage-scolaire-et-prevention-du-decrochage-au-cours-de-la-scolarite-des-jeunes-enfants-dispositifs-de-soutien-pour-les-parents-et-actions-portees-par-les-parents\/\">Accrochage scolaire et pr\u00e9vention du d\u00e9crochage au cours de la scolarit\u00e9 des jeunes enfants : dispositifs de soutien pour les parents et actions port\u00e9es par les parents<\/a> &#8211; V\u00e9ronique Francis<\/strong><\/p>\n<p>&nbsp;<\/p>\n","protected":false},"excerpt":{"rendered":"<p>Pratiques parentales d\u2019\u00e9ducation et pr\u00e9vention du d\u00e9crochage scolaire Symposium anim\u00e9 par S\u00e9raphin Alava et D\u00e9borah PONCELET Le symposium propos\u00e9 vise \u00e0 croiser les approches disciplinaires\u00a0: psychologie, sociologie, anthropologie, sciences de l\u2019\u00e9ducation, \u00e9conomie de l\u2019\u00e9ducation autour de la place des parents dans les processus scolaires et p\u00e9riscolaires de pr\u00e9vention du d\u00e9crochage. Le syst\u00e8me \u00e9ducatif se mobilise [&hellip;]<\/p>\n","protected":false},"author":196,"featured_media":0,"parent":0,"menu_order":0,"comment_status":"closed","ping_status":"closed","template":"","meta":{"footnotes":""},"class_list":["post-243","page","type-page","status-publish","hentry"],"_links":{"self":[{"href":"https:\/\/blogs.univ-tlse2.fr\/convisciencia\/wp-json\/wp\/v2\/pages\/243","targetHints":{"allow":["GET"]}}],"collection":[{"href":"https:\/\/blogs.univ-tlse2.fr\/convisciencia\/wp-json\/wp\/v2\/pages"}],"about":[{"href":"https:\/\/blogs.univ-tlse2.fr\/convisciencia\/wp-json\/wp\/v2\/types\/page"}],"author":[{"embeddable":true,"href":"https:\/\/blogs.univ-tlse2.fr\/convisciencia\/wp-json\/wp\/v2\/users\/196"}],"replies":[{"embeddable":true,"href":"https:\/\/blogs.univ-tlse2.fr\/convisciencia\/wp-json\/wp\/v2\/comments?post=243"}],"version-history":[{"count":10,"href":"https:\/\/blogs.univ-tlse2.fr\/convisciencia\/wp-json\/wp\/v2\/pages\/243\/revisions"}],"predecessor-version":[{"id":801,"href":"https:\/\/blogs.univ-tlse2.fr\/convisciencia\/wp-json\/wp\/v2\/pages\/243\/revisions\/801"}],"wp:attachment":[{"href":"https:\/\/blogs.univ-tlse2.fr\/convisciencia\/wp-json\/wp\/v2\/media?parent=243"}],"curies":[{"name":"wp","href":"https:\/\/api.w.org\/{rel}","templated":true}]}}