 {"id":263,"date":"2014-02-17T12:07:16","date_gmt":"2014-02-17T11:07:16","guid":{"rendered":"https:\/\/blogs.univ-tlse2.fr\/convisciencia\/?page_id=263"},"modified":"2017-04-24T16:25:37","modified_gmt":"2017-04-24T14:25:37","slug":"5-traces-de-la-subjectivite-des-enseignants-dans-lacte-denseignement-les-apports-de-la-psychanalyse-a-lanalyse-clinique-des-pratiques","status":"publish","type":"page","link":"https:\/\/blogs.univ-tlse2.fr\/convisciencia\/5-traces-de-la-subjectivite-des-enseignants-dans-lacte-denseignement-les-apports-de-la-psychanalyse-a-lanalyse-clinique-des-pratiques\/","title":{"rendered":"5 &#8211; Analyse clinique des pratiques"},"content":{"rendered":"<p>Ce symposium a donn\u00e9 lieu \u00e0 la publication suivante :<\/p>\n<p><span style=\"color: #99cc00\"><strong><a href=\"https:\/\/blogs.univ-tlse2.fr\/convisciencia\/accueil-journees-internationales-de-lumr-efts\/lsdle_492_l204\/\" rel=\"attachment wp-att-863\"><img loading=\"lazy\" decoding=\"async\" class=\" wp-image-863 alignleft\" src=\"https:\/\/blogs.univ-tlse2.fr\/convisciencia\/files\/2017\/04\/LSDLE_492_L204.jpg\" alt=\"\" width=\"101\" height=\"143\" \/><\/a>Emmanuelle Brossais (dir.)<br \/>\n<\/strong><\/span><\/p>\n<p class=\"text_medium title\"><a href=\"https:\/\/www.cairn.info\/revue-les-sciences-de-l-education-pour-l-ere-nouvelle-2016-2.htm\">Traces de la subjectivit\u00e9 des enseignants dans l\u2019acte d\u2019enseignement : les apports de la psychanalyse \u00e0 l\u2019analyse clinique des processus \u00e9ducatifs et des pratiques d\u2019enseignement<\/a><\/p>\n<p class=\"text_medium title\">Revue Les sciences de l&rsquo;\u00e9ducation pour l&rsquo;\u00e8re nouvelle<\/p>\n<p class=\"text_medium title\" style=\"text-align: center\">&#8212;&#8212;&#8212;&#8212;&#8212;&#8212;&#8212;&#8212;&#8212;&#8212;&#8212;&#8212;&#8212;-<\/p>\n<h2>Traces de la subjectivit\u00e9 des enseignants dans l\u2019acte d\u2019enseignement : les apports de la psychanalyse \u00e0 l\u2019analyse clinique des pratiques<\/h2>\n<p><strong>Symposium anim\u00e9 par Emmanuelle Brossais et Jean-Marie Weber<br \/>\n<\/strong><\/p>\n<p>Le symposium vise \u00e0 faire un \u00e9tat des lieux des recherches qui, en Sciences de l\u2019\u00c9ducation, sont en lien avec la psychanalyse pour interroger leurs objets, leurs questionnements, leurs r\u00e9f\u00e9rences. Nous nous centrons sur la mani\u00e8re dont est prise en compte la subjectivit\u00e9 des enseignants pris dans le syst\u00e8me didactique (Carnus et Terrisse, 2013). Des chercheurs de plusieurs laboratoires (UMR-EFTS, <i>Toulouse\u00a02<\/i>\u00a0; LCMI, <i>Luxembourg\u00a0<\/i>; ELLIADD, Franche-Comt\u00e9 ; CIRCEFT, Paris VIII\u00a0; CERSE et LEPSI, Caen\/Sao Paolo) se rencontrent pour rendre compte et discuter de recherches organis\u00e9es par les questions suivantes\u00a0: Quel sens les enseignants donnent-ils \u00e0 ce qu\u2019ils vivent en classe\u00a0? Comment un sujet confronte son d\u00e9sir de transmission \u00e0 l\u2019\u00e9preuve de l\u2019enseignement\u00a0?<\/p>\n<p>Les enseignants sont impr\u00e9gn\u00e9s par leur v\u00e9cu familial, leurs exp\u00e9riences d\u2019\u00e9l\u00e8ve et les discours auxquels ils sont confront\u00e9s. Ils peuvent \u00eatre sous l\u2019emprise de discours et de fantasmes d\u00e9termin\u00e9s par leurs diff\u00e9rentes craintes ou envies de ma\u00eetrise imaginaire de la r\u00e9alit\u00e9 de la classe et de la transmission du savoir (Ka\u00ebs, Anzieu, 1997). L\u2019enseignant est amen\u00e9 \u00e0 faire des choix au temps de la rencontre avec les \u00e9l\u00e8ves. Diff\u00e9rentes situations peuvent affecter l\u2019enseignant. Elles lui p\u00e8sent et certaines finissent par le d\u00e9stabiliser s\u00e9rieusement (Blanchard-Laville, Nadot, 2000).<\/p>\n<p>Les communications pourront \u00eatre relatives\u00a0\u00e0 la pr\u00e9sentation :<\/p>\n<ul>\n<li>des concepts qui sont construits et\/ou utilis\u00e9s pour analyser les pratiques enseignantes\u00a0: rapport \u00e0 l\u2019\u00e9preuve, rapport au savoir, processus de d\u00e9liaison, r\u00e9flexivit\u00e9, impossible \u00e0 supporter, sujet suppos\u00e9 savoir, sujet du d\u00e9sir\u00a0;<\/li>\n<li>des dispositifs de type clinique \u00e0 orientation psychanalytique dont l\u2019objectif est de produire des effets sur le rapport au savoir\u00a0et le rapport au m\u00e9tier des sujets.<\/li>\n<\/ul>\n<p>Par rapport \u00e0 ces dispositifs nous voulons \u00e9changer sur les questions \u00e9pist\u00e9mologiques, m\u00e9thodologiques et \u00e9thiques qui se posent par rapport \u00e0 tel et tel type de dispositif d\u2019analyse des pratiques \u00e0 orientation psychanalytique ou par rapport \u00e0 l\u2019emprunt \u00e0 d\u2019autres champs et\/ou la cr\u00e9ation de tel ou tel concept ?<\/p>\n<p>Seront particuli\u00e8rement d\u00e9battues les questions relatives\u00a0:<\/p>\n<ul>\n<li>\u00e0 la sp\u00e9cificit\u00e9 d\u2019une orientation clinique (c.\u00e0.d. \u00ab\u00a0au pied\/au lit du malade\u00a0\u00bb\u00a0) r\u00e9f\u00e9r\u00e9e \u00e0 la psychanalyse en particulier le fait de penser l\u2019enseignant comme un sujet soit un \u00eatre de parole, divis\u00e9 par son inconscient, assujetti, singulier et pris dans le lien social\u00a0;<\/li>\n<li>\u00e0 la posture des chercheurs et\/ou des animateurs de groupe d\u2019analyse des pratiques.<\/li>\n<\/ul>\n<p>&nbsp;<\/p>\n<p><b>R\u00e9f\u00e9rences bibliographiques <\/b><\/p>\n<ul>\n<li>Blanchard-Laville, C., Nadot, S. (2000).<i> Malaise dans la formation des enseignants<\/i>, Paris\u00a0:\u00a0L\u2019Harmattan.<\/li>\n<li>Anzieu, D., Ka\u00ebs, R., Thomas, L-V. (1997). <i>Fantasme et formation<\/i>. Paris\u00a0: Dunod.<\/li>\n<li>Lacan J. (1966). <i>\u00c9<\/i><i>crits<\/i>, Paris\u00a0: Seuil.<\/li>\n<li>Carnus, M-F., Terrisse, A. (2013). <i>Didactique clinique de l&rsquo;EPS. Le sujet enseignant en question<\/i>. Paris : \u00c9ditions EPS<\/li>\n<\/ul>\n<p>&nbsp;<\/p>\n<p><strong>Les interventions<\/strong><\/p>\n<p><a href=\"https:\/\/blogs.univ-tlse2.fr\/convisciencia\/category\/symposium-5\/\"><em>R\u00e9sum\u00e9s des interventions<\/em><\/a><\/p>\n<p><a title=\"5-1 L\u2019\u00e9ducation entre connaissance et savoir\" href=\"https:\/\/blogs.univ-tlse2.fr\/convisciencia\/2014\/02\/17\/5-1-leducation-entre-connaissance-et-savoir\/\"><b>L\u2019\u00e9ducation entre connaissance et sa<\/b><\/a><strong><a title=\"5-1 L\u2019\u00e9ducation entre connaissance et savoir\" href=\"https:\/\/blogs.univ-tlse2.fr\/convisciencia\/2014\/02\/17\/5-1-leducation-entre-connaissance-et-savoir\/\">voir<\/a>\u00a0 &#8211;\u00a0 L\u00e9andro de Lajonqui\u00e8re <\/strong><\/p>\n<p><a title=\"5-2 Les \u00e9l\u00e8ves \u00ab affront\u00e9s \u00bb, point d\u2019arr\u00eat \u00e0 la jouissance professorale\" href=\"https:\/\/blogs.univ-tlse2.fr\/convisciencia\/2014\/02\/17\/5-2-les-eleves-affrontes-point-darret-a-la-jouissance-professorale\/\"><b>Les \u00e9l\u00e8ves \u00ab\u00a0affront\u00e9s\u00a0\u00bb, point d\u2019arr\u00eat \u00e0 la jouissance professorale<\/b><\/a> &#8211; <strong>Yves-F\u00e9lix Montagne<\/strong><\/p>\n<p><a title=\"5-3 Heuristique et dynamique du concept de rapport \u00e0 l\u2019\u00e9preuve\" href=\"https:\/\/blogs.univ-tlse2.fr\/convisciencia\/2014\/02\/17\/5-3-heuristique-et-dynamique-du-concept-de-rapport-a-lepreuve\/\"><b>Heuristique et dynamique du concept de rapport \u00e0 l\u2019\u00e9preuve<\/b><\/a> &#8211; <strong>Emmanuelle Brossais<\/strong>, <strong>Isabelle Jourdan<\/strong>, <strong>Florence Savournin<\/strong><\/p>\n<p><a title=\"5-4 L\u2019\u00e9valuation \u00e0 l\u2019\u00e9cole \u00e9l\u00e9mentaire : une approche en didactique clinique\" href=\"https:\/\/blogs.univ-tlse2.fr\/convisciencia\/2014\/02\/17\/5-4-levaluation-a-lecole-elementaire-une-approche-en-didactique-clinique\/\"><b>L&rsquo;\u00e9valuation \u00e0 l\u2019\u00e9cole \u00e9l\u00e9mentaire : une approche en didactique clinique<\/b><\/a> &#8211; <strong>Patricia Mothes<\/strong>, <strong>Marie-France Carnus<\/strong><\/p>\n<p><a title=\"5-5 Le rapport au savoir et le d\u00e9sir d\u2019enseigner\" href=\"https:\/\/blogs.univ-tlse2.fr\/convisciencia\/2014\/02\/17\/5-5-le-rapport-au-savoir-et-le-desir-denseigner\/\"><b>Le rapport au savoir et le d\u00e9sir d\u2019enseigner<\/b><\/a> &#8211; <strong>Jean-Marie WEBER<\/strong>, <strong>Julia STROHMER<\/strong><\/p>\n<p><a title=\"5-6 Du d\u00e9sir de transmettre \u00e0 l\u2019\u00e9preuve du (non) d\u00e9sir d\u2019apprendre\" href=\"https:\/\/blogs.univ-tlse2.fr\/convisciencia\/2014\/02\/17\/5-6-du-desir-de-transmettre-a-lepreuve-du-non-desir-dapprendre\/\"><b>Du d\u00e9sir de transmettre \u00e0 l\u2019\u00e9preuve du (non) d\u00e9sir d\u2019apprendre<\/b><\/a> &#8211; <strong>Laurence Gavarini<\/strong><\/p>\n<p><b><a title=\"5-7 L\u2019apr\u00e8s coup du chercheur : illustration dans une recherche doctorale sur l\u2019\u00e9ducation \u00e0 la sant\u00e9 en milieu scolaire\" href=\"https:\/\/blogs.univ-tlse2.fr\/convisciencia\/2014\/02\/17\/5-7-lapres-coup-du-chercheur-illustration-dans-une-recherche-doctorale-sur-leducation-a-la-sante-en-milieu-scolaire\/\">L\u2019apr\u00e8s coup du chercheur : illustration dans une recherche doctorale sur l\u2019\u00e9ducation \u00e0 la sant\u00e9 en milieu scolaire<\/a> &#8211; Yves L\u00e9al<br \/>\n<\/b><\/p>\n<p><a title=\"5-8 \u00ab \u00catre le gros poisson dans la petite mare \u00bb : le v\u0153u professionnel d\u2019un professeur d\u00e9butant\" href=\"https:\/\/blogs.univ-tlse2.fr\/convisciencia\/2014\/02\/17\/5-8-etre-le-gros-poisson-dans-la-petite-mare-le-voeu-professionnel-dun-professeur-debutant\/\"><b><i>\u00ab\u00a0\u00catre le gros poisson dans la petite mare\u00a0\u00bb <\/i>:<i> <\/i><\/b><b>le v\u0153u professionnel d&rsquo;un professeur d\u00e9butant<\/b><\/a> <strong>&#8211; Andr\u00e9 Terrisse<\/strong><\/p>\n<p>&nbsp;<\/p>\n<p>&nbsp;<\/p>\n","protected":false},"excerpt":{"rendered":"<p>Ce symposium a donn\u00e9 lieu \u00e0 la publication suivante : Emmanuelle Brossais (dir.) Traces de la subjectivit\u00e9 des enseignants dans l\u2019acte d\u2019enseignement : les apports de la psychanalyse \u00e0 l\u2019analyse clinique des processus \u00e9ducatifs et des pratiques d\u2019enseignement Revue Les sciences de l&rsquo;\u00e9ducation pour l&rsquo;\u00e8re nouvelle &#8212;&#8212;&#8212;&#8212;&#8212;&#8212;&#8212;&#8212;&#8212;&#8212;&#8212;&#8212;&#8212;- Traces de la subjectivit\u00e9 des enseignants dans l\u2019acte [&hellip;]<\/p>\n","protected":false},"author":196,"featured_media":0,"parent":0,"menu_order":0,"comment_status":"closed","ping_status":"closed","template":"","meta":{"footnotes":""},"class_list":["post-263","page","type-page","status-publish","hentry"],"_links":{"self":[{"href":"https:\/\/blogs.univ-tlse2.fr\/convisciencia\/wp-json\/wp\/v2\/pages\/263","targetHints":{"allow":["GET"]}}],"collection":[{"href":"https:\/\/blogs.univ-tlse2.fr\/convisciencia\/wp-json\/wp\/v2\/pages"}],"about":[{"href":"https:\/\/blogs.univ-tlse2.fr\/convisciencia\/wp-json\/wp\/v2\/types\/page"}],"author":[{"embeddable":true,"href":"https:\/\/blogs.univ-tlse2.fr\/convisciencia\/wp-json\/wp\/v2\/users\/196"}],"replies":[{"embeddable":true,"href":"https:\/\/blogs.univ-tlse2.fr\/convisciencia\/wp-json\/wp\/v2\/comments?post=263"}],"version-history":[{"count":9,"href":"https:\/\/blogs.univ-tlse2.fr\/convisciencia\/wp-json\/wp\/v2\/pages\/263\/revisions"}],"predecessor-version":[{"id":865,"href":"https:\/\/blogs.univ-tlse2.fr\/convisciencia\/wp-json\/wp\/v2\/pages\/263\/revisions\/865"}],"wp:attachment":[{"href":"https:\/\/blogs.univ-tlse2.fr\/convisciencia\/wp-json\/wp\/v2\/media?parent=263"}],"curies":[{"name":"wp","href":"https:\/\/api.w.org\/{rel}","templated":true}]}}