 {"id":289,"date":"2014-02-17T12:42:12","date_gmt":"2014-02-17T11:42:12","guid":{"rendered":"https:\/\/blogs.univ-tlse2.fr\/convisciencia\/?page_id=289"},"modified":"2014-04-24T14:37:19","modified_gmt":"2014-04-24T12:37:19","slug":"6-visionner-le-travail-ou-se-visionner-au-travail-sert-il-a-sy-former-interets-et-limites-de-lusage-de-la-video-en-formation","status":"publish","type":"page","link":"https:\/\/blogs.univ-tlse2.fr\/convisciencia\/6-visionner-le-travail-ou-se-visionner-au-travail-sert-il-a-sy-former-interets-et-limites-de-lusage-de-la-video-en-formation\/","title":{"rendered":"6 &#8211; La vid\u00e9o en formation"},"content":{"rendered":"<h2>Visionner le travail ou se visionner au travail sert-il \u00e0 s\u2019y former ? Int\u00e9r\u00eats et limites de l\u2019usage de la vid\u00e9o en formation<\/h2>\n<p><strong>Symposium anim\u00e9 par Serge Leblanc et S\u00e9bastien Chalies<\/strong><\/p>\n<p>Les travaux port\u00e9s par ce symposium interrogent d\u2019un point de vue th\u00e9orique et technologique en quoi et comment l\u2019usage de la vid\u00e9o peut avoir des retomb\u00e9es en mati\u00e8re de formation professionnelle.<\/p>\n<p>La vis\u00e9e de ce symposium est double\u00a0:<\/p>\n<ul>\n<li>D\u2019une part, il cherche \u00e0 rassembler, faire discuter, voire controverser, les principales orientations th\u00e9oriques ayant choisi une entr\u00e9e \u00ab\u00a0activit\u00e9\u00a0\u00bb pour interroger les usages de la vid\u00e9o dans le cadre de dispositifs de formation professionnelle adress\u00e9s aux enseignants\u00a0;<\/li>\n<li>Sur la base de ces \u00e9changes th\u00e9oriques, ce symposium cherche, d\u2019autre part, \u00e0 proposer des pistes en mati\u00e8re d\u2019am\u00e9nagements des dispositifs de formation et\/ou de recherche exploitant l\u2019outil vid\u00e9o.<\/li>\n<\/ul>\n<p>Le point de d\u00e9part de chacune des dix contributions constitutives de ce symposium sera plus pr\u00e9cis\u00e9ment le constat, partag\u00e9 par plusieurs des revues de litt\u00e9rature du champ les plus r\u00e9centes (Blomberg et al., 2013; Gaudin &amp; Chali\u00e8s, 2012\u00a0; Leblanc &amp; Veyrunes, 2011\u00a0; Tripp &amp; Rich, 2012), selon lequel bien que \u00ab\u00a0<i>la finalit\u00e9 affich\u00e9e de l\u2019usage de la vid\u00e9o lors des situations de formation professionnelle des enseignants novices est toujours d\u2019am\u00e9liorer leur pratique effective de classe, rares <\/i><i>sont toutefois les \u00e9tudes ayant v\u00e9ritablement cherch\u00e9 \u00e0 appr\u00e9cier cet impact<\/i> \u00bb (Gaudin &amp; Chali\u00e8s, 2012, p.122).<\/p>\n<p>Elles s\u2019efforceront ainsi, \u00e0 partir de leur perspectives th\u00e9oriques propres (anthropologie cognitive situ\u00e9e, anthropologie culturaliste, didactique, pragmastisme, psychologie historico-culturaliste) d\u2019interroger les circonstances dans lesquels l\u2019usage de la vid\u00e9o contribue \u00e0 modifier l\u2019activit\u00e9 des form\u00e9s en situation de formation (par exemple, le d\u00e9veloppement de leur capacit\u00e9 r\u00e9flexive), et\/ou en situation de travail effectif en classe (par exemple, le d\u00e9veloppement de leur capacit\u00e9 \u00e0 agir autrement aupr\u00e8s de leurs \u00e9l\u00e8ves).<\/p>\n<p>&nbsp;<\/p>\n<p><strong>r\u00e9f\u00e9rences bibliographiques :<\/strong><\/p>\n<ul>\n<li>Blomberg, G., Renkl, A., Sherin, M.G., Borko, H., &amp; Seidel, T. (2013). Five research based heuristics for using video in pre-service teacher education.\u00a0<i>Journal for Educational Research Online, 5<\/i>(1), 90-114.<\/li>\n<li>Gaudin, C., &amp; Chali\u00e8s, S. (2012). L\u2019utilisation de la vid\u00e9o dans la formation professionnelle des enseignants novices. <i>Revue Fran\u00e7aise de P\u00e9dagogie, 178<\/i>(1), 115-130.<\/li>\n<li>Leblanc, S., &amp; Veyrunes, P. (2011). Vid\u00e9oscopie et mod\u00e9lisation de l\u2019activit\u00e9 enseignante. <i>Recherche &amp; Formation, 68<\/i>(3), 139-152.<\/li>\n<li>Tripp, R. T., &amp; Rich J.R\u00a0 (2012). Using video to analyze one&rsquo;s own teaching. <i>British Journal of Educational Technology<\/i><i>, 43<\/i>(4), 678-704.<\/li>\n<\/ul>\n<p>&nbsp;<\/p>\n<p><strong>Les interventions<br \/>\n<\/strong><\/p>\n<p><a href=\"https:\/\/blogs.univ-tlse2.fr\/convisciencia\/category\/symposium-6\/\"><em>R\u00e9sum\u00e9s des interventions<\/em><\/a><\/p>\n<p><b><a title=\"6-1 Circonstances d\u2019exploitation de la vid\u00e9o par une communaut\u00e9 de formation au sein d\u2019un dispositif de recherche technologique\" href=\"https:\/\/blogs.univ-tlse2.fr\/convisciencia\/2014\/02\/17\/6-1-circonstances-dexploitation-de-la-video-par-une-communaute-de-formation-au-sein-dun-dispositif-de-recherche-technologique\/\">Circonstances d\u2019exploitation de la vid\u00e9o par une communaut\u00e9 de formation au sein d\u2019un dispositif de recherche technologique<\/a> &#8211; Stefano Bertone, Marine Luminet<br \/>\n<\/b><\/p>\n<p><b><a title=\"6-2 Innover en situation de visite-conseil par l\u2019usage adapt\u00e9 des outils et supports num\u00e9riques au service du projet de formation du futur enseignant\" href=\"https:\/\/blogs.univ-tlse2.fr\/convisciencia\/2014\/02\/17\/6-2-innover-en-situation-de-visite-conseil-par-lusage-adapte-des-outils-et-supports-numeriques-au-service-du-projet-de-formation-du-futur-enseignant\/\">Innover en situation de visite-conseil par l\u2019usage adapt\u00e9 des outils et supports num\u00e9riques au service du projet de formation du futur enseignant<\/a> &#8211; Solange Ciavaldini-Cartaut,\u00a0David Sette<br \/>\n<\/b><\/p>\n<p><a title=\"6-3 Ergonomie de la vid\u00e9oformation des enseignants novices\" href=\"https:\/\/blogs.univ-tlse2.fr\/convisciencia\/2014\/02\/17\/6-3-ergonomie-de-la-videoformation-des-enseignants-novices\/\"><b>Ergonomie de la vid\u00e9oformation des enseignants novice<\/b><\/a><strong><a title=\"6-3 Ergonomie de la vid\u00e9oformation des enseignants novices\" href=\"https:\/\/blogs.univ-tlse2.fr\/convisciencia\/2014\/02\/17\/6-3-ergonomie-de-la-videoformation-des-enseignants-novices\/\">s<\/a> &#8211; Simon Flandin, Luc Ria<\/strong><\/p>\n<p><a title=\"6-4 Immersion, r\u00e9flexion, imagination et transformation via le visionnement de films de pairs\" href=\"https:\/\/blogs.univ-tlse2.fr\/convisciencia\/2014\/02\/17\/6-4-immersion-reflexion-imagination-et-transformation-via-le-visionnement-de-films-de-pairs\/\"><b>Immersion, r\u00e9flexion, imagination et transformation <i>via<\/i> le visionnement de films de pairs<\/b><\/a> <strong>&#8211; Serge Leblanc, C\u00e9line Blanes Maestre<\/strong><\/p>\n<p><a title=\"6-5 Entre soi et autrui : pistes d\u2019usages du visionnement du travail en formation\" href=\"https:\/\/blogs.univ-tlse2.fr\/convisciencia\/2014\/02\/17\/6-5-entre-soi-et-autrui-pistes-dusages-du-visionnement-du-travail-en-formation\/\"><b>Entre soi et autrui\u00a0: pistes d\u2019usages du visionnement du travail en formation<\/b><\/a> &#8211; <strong>Val\u00e9rie Lussi Borer, Alain Muller<\/strong><\/p>\n<p><b><a title=\"6-6 Observation de situations de classe sur vid\u00e9o dans un contexte de formation \u00e0 l\u2019enseignement \u00e0 distance: \u00e9volution des interactions.\" href=\"https:\/\/blogs.univ-tlse2.fr\/convisciencia\/2014\/02\/17\/6-6-observation-de-situations-de-classe-sur-video-dans-un-contexte-de-formation-a-lenseignement-a-distance-evolution-des-interactions\/\">Observation de situations de classe sur vid\u00e9o dans un contexte de formation \u00e0 l\u2019enseignement \u00e0 distance: \u00e9volution des interactions<\/a> &#8211; Florian Meyer<br \/>\n<\/b><\/p>\n<p><b><a title=\"6-7 Usage des vid\u00e9os de classe dans un \u00e9tablissement scolaire : une autre fa\u00e7on de se former \u00e0 plusieurs au m\u00e9tier d\u2019enseignant\" href=\"https:\/\/blogs.univ-tlse2.fr\/convisciencia\/2014\/02\/17\/6-7-usage-des-videos-de-classe-dans-un-etablissement-scolaire-une-autre-facon-de-se-former-a-plusieurs-au-metier-denseignant\/\">Usage des vid\u00e9os de classe\u00a0dans un \u00e9tablissement scolaire : une autre fa\u00e7on de se former \u00e0 plusieurs au m\u00e9tier d\u2019enseignant<\/a> &#8211; Sylvie Moussay<br \/>\n<\/b><\/p>\n<p><b><a title=\"6-8 Une conception participative d\u2019un dispositif de vid\u00e9o-formation recourant \u00e0 des ressources multimodales\" href=\"https:\/\/blogs.univ-tlse2.fr\/convisciencia\/2014\/02\/17\/6-8-une-conception-participative-dun-dispositif-de-video-formation-recourant-a-des-ressources-multimodales\/\">Une conception participative d\u2019un dispositif de vid\u00e9o-formation recourant \u00e0 des ressources multimodales<\/a> &#8211; Lionel Roche, Nathalie Gal-Petitfaux<br \/>\n<\/b><\/p>\n<p><a title=\"6-9 L\u2019usage de la vid\u00e9o est-il compatible avec une lecture disciplinaire didactique ?\" href=\"https:\/\/blogs.univ-tlse2.fr\/convisciencia\/2014\/02\/17\/6-9-lusage-de-la-video-est-il-compatible-avec-une-lecture-disciplinaire-didactique\/\"><b>L\u2019usage de la vid\u00e9o est-il compatible avec une lecture disciplinaire didactique\u00a0?<\/b><\/a> <strong>&#8211; Michel Grandaty<\/strong><\/p>\n<p><strong><a title=\"6-10 Exploiter le visionnage vid\u00e9o dans un dispositif de formation par alternance pour contribuer \u00e0 modifier l\u2019activit\u00e9 de classe d\u2019enseignants novices : int\u00e9r\u00eats et limites.\" href=\"https:\/\/blogs.univ-tlse2.fr\/convisciencia\/2014\/02\/17\/6-10-exploiter-le-visionnage-video-dans-un-dispositif-de-formation-par-alternance-pour-contribuer-a-modifier-lactivite-de-classe-denseignants-novices-interets-et-limites\/\">Exploiter le visionnage vid\u00e9o dans un dispositif de formation par alternance pour contribuer \u00e0 modifier l\u2019activit\u00e9 de classe d\u2019enseignants novices\u00a0: int\u00e9r\u00eats et limites<\/a> &#8211; Cyrille Gaudin, S\u00e9bastien Chalies<\/strong><\/p>\n<p>&nbsp;<\/p>\n<p>&nbsp;<\/p>\n","protected":false},"excerpt":{"rendered":"<p>Visionner le travail ou se visionner au travail sert-il \u00e0 s\u2019y former ? Int\u00e9r\u00eats et limites de l\u2019usage de la vid\u00e9o en formation Symposium anim\u00e9 par Serge Leblanc et S\u00e9bastien Chalies Les travaux port\u00e9s par ce symposium interrogent d\u2019un point de vue th\u00e9orique et technologique en quoi et comment l\u2019usage de la vid\u00e9o peut avoir [&hellip;]<\/p>\n","protected":false},"author":196,"featured_media":0,"parent":0,"menu_order":0,"comment_status":"closed","ping_status":"closed","template":"","meta":{"footnotes":""},"class_list":["post-289","page","type-page","status-publish","hentry"],"_links":{"self":[{"href":"https:\/\/blogs.univ-tlse2.fr\/convisciencia\/wp-json\/wp\/v2\/pages\/289","targetHints":{"allow":["GET"]}}],"collection":[{"href":"https:\/\/blogs.univ-tlse2.fr\/convisciencia\/wp-json\/wp\/v2\/pages"}],"about":[{"href":"https:\/\/blogs.univ-tlse2.fr\/convisciencia\/wp-json\/wp\/v2\/types\/page"}],"author":[{"embeddable":true,"href":"https:\/\/blogs.univ-tlse2.fr\/convisciencia\/wp-json\/wp\/v2\/users\/196"}],"replies":[{"embeddable":true,"href":"https:\/\/blogs.univ-tlse2.fr\/convisciencia\/wp-json\/wp\/v2\/comments?post=289"}],"version-history":[{"count":7,"href":"https:\/\/blogs.univ-tlse2.fr\/convisciencia\/wp-json\/wp\/v2\/pages\/289\/revisions"}],"predecessor-version":[{"id":746,"href":"https:\/\/blogs.univ-tlse2.fr\/convisciencia\/wp-json\/wp\/v2\/pages\/289\/revisions\/746"}],"wp:attachment":[{"href":"https:\/\/blogs.univ-tlse2.fr\/convisciencia\/wp-json\/wp\/v2\/media?parent=289"}],"curies":[{"name":"wp","href":"https:\/\/api.w.org\/{rel}","templated":true}]}}