 {"id":341,"date":"2014-02-17T16:24:10","date_gmt":"2014-02-17T15:24:10","guid":{"rendered":"https:\/\/blogs.univ-tlse2.fr\/convisciencia\/?page_id=341"},"modified":"2014-03-27T09:40:07","modified_gmt":"2014-03-27T08:40:07","slug":"8-evaluation-et-changement","status":"publish","type":"page","link":"https:\/\/blogs.univ-tlse2.fr\/convisciencia\/8-evaluation-et-changement\/","title":{"rendered":"8 &#8211; Evaluation et changement"},"content":{"rendered":"<p><strong>Symposium anim\u00e9 par Lucie Mottier-lopez et Yvan Abernot<\/strong><\/p>\n<p>&nbsp;<\/p>\n<p><em>Changement d\u2019\u00e9valuation<\/em><\/p>\n<p>Consid\u00e9rons les deux fonctions (formative\/sommative) de l\u2019\u00e9valuation.<\/p>\n<p>L\u2019\u00e9valuation formative progresse-t-elle\u00a0? Accompagnement, individualisation, cours et tests en ligne, etc. y participe-t-elle vraiment\u00a0? Quant \u00e0 l\u2019\u00e9valuation certificative elle a d\u00e9j\u00e0 chang\u00e9 (VAE, capacit\u00e9s, comp\u00e9tences) mais en voit-on d\u00e9j\u00e0 les r\u00e9percussions\u00a0?<\/p>\n<p>La pr\u00e9occupation de l\u2019insertion professionnelle semble importante dans les nouveaux programmes. Quelles comp\u00e9tences nouvelles sont vis\u00e9es par le syst\u00e8me \u00e9ducatif et au service de qui\u00a0: les citoyens ou les employeurs ? Ceci revient \u00e0 poser la question d\u2019un nouvel id\u00e9al de soci\u00e9t\u00e9 et de citoyens.<\/p>\n<p>Un grand nombre de questions se posent entre l\u2019ambition de l\u2019Ecole et la demande des employeurs dont certaines ne peuvent \u00eatre assum\u00e9es par le syst\u00e8me \u00e9ducatif seul. Ainsi de l\u2019exigence \u00ab\u00a0d\u2019exp\u00e9rience\u00a0\u00bb, par exemple.<\/p>\n<p><em>Evaluation du changement <\/em><\/p>\n<p>De quel changement\u00a0parle-t-on\u00a0? Comment le rep\u00e9rer, le qualifier, l\u2019\u00e9valuer\u00a0? A l\u2019aide de quels outils\u00a0?<\/p>\n<p>Il conviendra d\u2019abord de se poser des questions portant sur la nature du changement. Par exemple, la r\u00e9volution num\u00e9rique, les nouveaux moyens de communication, l\u2019autorit\u00e9 des parents, l\u2019Europe, etc. Sont-ils des changements de m\u00eame nature\u00a0? Comment en \u00e9valuer l\u2019impact dans la soci\u00e9t\u00e9 (en particulier, sur la formation)\u00a0?<\/p>\n<p>Enfin, le changement concerne-t-il tous les citoyens\u00a0?<\/p>\n<p>&nbsp;<\/p>\n<p><strong>rep\u00e8res bibliographiques<\/strong><\/p>\n<ul>\n<li>Abernot, Y. (2013). Evolution d\u2019homo evaluatus. Dans J.-F. Marcel et H. Savy, (dir.), <i>Evaluons, \u00e9voluons. L\u2019enseignement agricole en action <\/i>(p. 185-196). Dijon, France\u00a0: Educagri \u00e9ditions.<\/li>\n<li>Danvers, F. (dir.). (2006) <i>Mod\u00e8les, concepts et pratiques en orientation des adultes. <\/i>Villeneuve-d&rsquo;Ascq\u00a0: Presses du Septentrion.<\/li>\n<li>Gilli\u00e9ron Giroud,\u00a0P. &amp; Ntamakiliro, L. (Eds.) (2010). <i>R\u00e9former l\u2019\u00e9valuation scolaire: mission impossible\u00a0? <\/i>Berne\u00a0: Peter Lang.<\/li>\n<li>Mottier Lopez, L., &amp; Crahay, M. (2009). <em>Evaluations en tension<\/em>. Bruxelles: De Boeck.<\/li>\n<\/ul>\n<p>&nbsp;<\/p>\n<p><strong>Les interventions<\/strong><\/p>\n<p><a href=\"https:\/\/blogs.univ-tlse2.fr\/convisciencia\/category\/symposium-8\/\"><em>R\u00e9sum\u00e9s des interventions<\/em><\/a><\/p>\n<p><b><a title=\"8-1 Le changement en \u00e9valuation scolaire : entre orientations politiques et r\u00e9alit\u00e9s des pratiques situ\u00e9es\" href=\"https:\/\/blogs.univ-tlse2.fr\/convisciencia\/2014\/02\/17\/8-1-le-changement-en-evaluation-scolaire-entre-orientations-politiques-et-realites-des-pratiques-situees\/\">Le changement en \u00e9valuation scolaire\u00a0: entre orientations politiques et r\u00e9alit\u00e9s des pratiques situ\u00e9es<\/a> &#8211; Lucie Mottier-Lopez<br \/>\n<\/b><\/p>\n<p><strong><a title=\"8-2 Apprendre en VAE\" href=\"https:\/\/blogs.univ-tlse2.fr\/convisciencia\/2014\/02\/17\/8-2-apprendre-en-vae\/\">Apprendre en VAE<\/a> &#8211; Catherine Eymery<\/strong><\/p>\n<p><a title=\"8-3 Une exp\u00e9rience d\u2019accompagnement de la d\u00e9cision politique\" href=\"https:\/\/blogs.univ-tlse2.fr\/convisciencia\/2014\/02\/17\/8-3-une-experience-daccompagnement-de-la-decision-politique\/\"><b>Une exp\u00e9rience d&rsquo;accompagnement de la d\u00e9cision politique<\/b><\/a><strong> &#8211; Lucie Aussel<\/strong><\/p>\n<p><a title=\"8-4 Evaluation du changement et changement d\u2019\u00e9valuation\" href=\"https:\/\/blogs.univ-tlse2.fr\/convisciencia\/2014\/02\/17\/8-4-evaluation-du-changement-et-changement-devaluation\/\"><b>Evaluation du changement et changement d\u2019\u00e9valuation<\/b><\/a> &#8211; <strong>Yvan Abernot, V\u00e9ronique Bedin<\/strong><\/p>\n<p><a title=\"8-5 Evolution du travail social, de l\u2019\u00e9ducation et de la soci\u00e9t\u00e9\" href=\"https:\/\/blogs.univ-tlse2.fr\/convisciencia\/2014\/02\/17\/8-5-evolution-du-travail-social-de-leducation-et-de-la-societe\/\"><b>Evolution du travail social, de l\u2019\u00e9ducation et de la soci\u00e9t\u00e9<\/b><\/a><strong> &#8211; Fouzia Seddaoui<\/strong><\/p>\n<p>&nbsp;<\/p>\n<p>&nbsp;<\/p>\n<p>&nbsp;<\/p>\n","protected":false},"excerpt":{"rendered":"<p>Symposium anim\u00e9 par Lucie Mottier-lopez et Yvan Abernot &nbsp; Changement d\u2019\u00e9valuation Consid\u00e9rons les deux fonctions (formative\/sommative) de l\u2019\u00e9valuation. L\u2019\u00e9valuation formative progresse-t-elle\u00a0? Accompagnement, individualisation, cours et tests en ligne, etc. y participe-t-elle vraiment\u00a0? Quant \u00e0 l\u2019\u00e9valuation certificative elle a d\u00e9j\u00e0 chang\u00e9 (VAE, capacit\u00e9s, comp\u00e9tences) mais en voit-on d\u00e9j\u00e0 les r\u00e9percussions\u00a0? La pr\u00e9occupation de l\u2019insertion professionnelle semble [&hellip;]<\/p>\n","protected":false},"author":196,"featured_media":0,"parent":0,"menu_order":0,"comment_status":"closed","ping_status":"closed","template":"","meta":{"footnotes":""},"class_list":["post-341","page","type-page","status-publish","hentry"],"_links":{"self":[{"href":"https:\/\/blogs.univ-tlse2.fr\/convisciencia\/wp-json\/wp\/v2\/pages\/341","targetHints":{"allow":["GET"]}}],"collection":[{"href":"https:\/\/blogs.univ-tlse2.fr\/convisciencia\/wp-json\/wp\/v2\/pages"}],"about":[{"href":"https:\/\/blogs.univ-tlse2.fr\/convisciencia\/wp-json\/wp\/v2\/types\/page"}],"author":[{"embeddable":true,"href":"https:\/\/blogs.univ-tlse2.fr\/convisciencia\/wp-json\/wp\/v2\/users\/196"}],"replies":[{"embeddable":true,"href":"https:\/\/blogs.univ-tlse2.fr\/convisciencia\/wp-json\/wp\/v2\/comments?post=341"}],"version-history":[{"count":10,"href":"https:\/\/blogs.univ-tlse2.fr\/convisciencia\/wp-json\/wp\/v2\/pages\/341\/revisions"}],"predecessor-version":[{"id":700,"href":"https:\/\/blogs.univ-tlse2.fr\/convisciencia\/wp-json\/wp\/v2\/pages\/341\/revisions\/700"}],"wp:attachment":[{"href":"https:\/\/blogs.univ-tlse2.fr\/convisciencia\/wp-json\/wp\/v2\/media?parent=341"}],"curies":[{"name":"wp","href":"https:\/\/api.w.org\/{rel}","templated":true}]}}