 {"id":444,"date":"2014-02-18T15:46:09","date_gmt":"2014-02-18T14:46:09","guid":{"rendered":"https:\/\/blogs.univ-tlse2.fr\/convisciencia\/?page_id=444"},"modified":"2015-03-16T10:42:35","modified_gmt":"2015-03-16T09:42:35","slug":"11-du-changement-dans-le-champ-de-la-sante-formations-virtuelles-pratiques-avancees-nouveaux-metiers-education-therapeutique","status":"publish","type":"page","link":"https:\/\/blogs.univ-tlse2.fr\/convisciencia\/11-du-changement-dans-le-champ-de-la-sante-formations-virtuelles-pratiques-avancees-nouveaux-metiers-education-therapeutique\/","title":{"rendered":"11 &#8211; Du changement dans le champ de la sant\u00e9"},"content":{"rendered":"<h2>Du changement dans le champ de la sant\u00e9 : formations virtuelles, pratiques avanc\u00e9es, nouveaux m\u00e9tiers, \u00e9ducation th\u00e9rapeutique,\u2026<\/h2>\n<p><strong>Symposium anim\u00e9 par\u00a0Chantal Eymard et Mich\u00e8le Saint-Jean<\/strong><\/p>\n<h1 style=\"padding-left: 60px\"><span style=\"color: #99cc00\">Retrouvez, les actes du symposium<\/span><\/h1>\n<p style=\"padding-left: 60px\"><a href=\"https:\/\/blogs.univ-tlse2.fr\/convisciencia\/files\/2014\/02\/accompagnement-changement-sante.png\"><img loading=\"lazy\" decoding=\"async\" class=\"  wp-image-814 alignleft\" src=\"https:\/\/blogs.univ-tlse2.fr\/convisciencia\/files\/2014\/02\/accompagnement-changement-sante.png\" alt=\"accompagnement-changement-sante\" width=\"231\" height=\"328\" srcset=\"https:\/\/blogs.univ-tlse2.fr\/convisciencia\/files\/2014\/02\/accompagnement-changement-sante.png 220w, https:\/\/blogs.univ-tlse2.fr\/convisciencia\/files\/2014\/02\/accompagnement-changement-sante-212x300.png 212w\" sizes=\"auto, (max-width: 231px) 100vw, 231px\" \/><\/a><\/p>\n<p style=\"padding-left: 60px\">\n<p style=\"padding-left: 60px\"><span style=\"color: #99cc00\"><strong>Mich\u00e8le Saint-Jean, Nadia P\u00e9oc\u2019h, Bruno Bastiani (dir)<\/strong><\/span><\/p>\n<p><em><span style=\"color: #99cc00\">Accompagner le changement dans le champ de la sant\u00e9<\/span><\/em><\/p>\n<p><span style=\"color: #99cc00\">ISBN : 9782843717956<\/span><\/p>\n<p><span style=\"color: #99cc00\"><a style=\"color: #99cc00\" href=\"https:\/\/blogs.univ-tlse2.fr\/convisciencia\/?attachment_id=821\">Plaquette de pr\u00e9sentation<\/a><\/span><\/p>\n<p><a href=\"http:\/\/superieur.deboeck.com\/titres\/132551_5\/9782843717956-accompagner-le-changement-dans-le-champ-de-la-sante.html\"><span style=\"color: #99cc00\">Site de l&rsquo;\u00e9diteur<\/span><\/a><\/p>\n<h1><\/h1>\n<p>&nbsp;<\/p>\n<h1>Descriptif du symposium des 5-6 juin :<\/h1>\n<p>Un contexte en mouvance<\/p>\n<p>Le champ de la sant\u00e9, dans son ensemble, conna\u00eet de profondes mutations. Ces mutations sont port\u00e9es par une nouvelle loi, diff\u00e9rentes innovations et des projets issus de nombreux rapports d\u2019experts, elles se concr\u00e9tisent \u00e0 plusieurs niveaux\u00a0:<\/p>\n<ul>\n<li>la formation initiale (nouveaux r\u00e9f\u00e9rentiels, universitarisation des formations, nouveau r\u00f4le des tuteurs de stage, \u2026) et continue (h\u00f4pital virtuel, <i>serious game, \u2026<\/i>),<\/li>\n<li>la mise en place de protocoles de coop\u00e9ration, de projet de pratiques avanc\u00e9es qui permettent un <i>up grade<\/i> des comp\u00e9tences des professionnels de sant\u00e9 param\u00e9dicaux sur des champs d\u2019exercice comme la gestion de parcours complexes de soins dans diff\u00e9rentes disciplines (Masters de pratiques avanc\u00e9es en g\u00e9rontologie, oncologie, sant\u00e9 mentale, \u2026) mais aussi projet de cr\u00e9ation de professions dites interm\u00e9diaires qui pose la question du statut de ces professionnels,<\/li>\n<li>le plan pour l\u2019am\u00e9lioration de la qualit\u00e9 de vie des personnes atteintes de maladies chroniques 2007-2011 et l\u2019importance accord\u00e9e au d\u00e9veloppement de l\u2019\u00e9ducation th\u00e9rapeutique du patient (l\u2019utilisation des r\u00e9f\u00e9rentiels de comp\u00e9tences requises pour dispenser ou coordonner des activit\u00e9s d\u2019ETP\u00a0; actualisation des r\u00e9f\u00e9rentiels de formation et de la formation aux comp\u00e9tences requises),<\/li>\n<li>l\u2019\u00e9valuation des pratiques professionnelles,<\/li>\n<li>le d\u00e9veloppement professionnel continu,<\/li>\n<li>l\u2019\u00e9volution de la l\u00e9gislation et des pratiques en termes de risques psychosociaux, \u2026<\/li>\n<\/ul>\n<p>La conduite et l\u2019accompagnement du changement dans le champ de la sant\u00e9\u00a0: des vis\u00e9es scientifiques et prax\u00e9ologiques<\/p>\n<p>Ce symposium a pour objet de faire le point sur la conduite et l\u2019accompagnement de quelques uns des changements \u00e9voqu\u00e9s.<\/p>\n<p>L\u2019accompagnement a \u00e9t\u00e9 particuli\u00e8rement investi dans les recherches en sciences de l\u2019\u00e9ducation depuis les ann\u00e9es 90-95 en France. Alors que la conduite et l\u2019accompagnement du changement sont l\u2019objet de nombreux travaux en psychologie ou encore les sciences de gestion, en management \u00a0et en sociologie, c\u2019est une th\u00e9matique relativement \u00e9mergente en sciences de l\u2019\u00e9ducation, qui se d\u00e9veloppe en France (Bedin &amp; al., 2013) et au Canada (Lafortune, 2008).<\/p>\n<p>Dans l\u2019ensemble des travaux cit\u00e9s supra nous constatons que la conduite et l\u2019accompagnement du changement sont susceptibles d\u2019interroger diff\u00e9rents objets notamment dans le champ de la sant\u00e9 :<\/p>\n<ul>\n<li>le type de\u00a0 recherche pour accompagner ou conduire le changement avec notamment des d\u00e9marches de type recherche-intervention, recherche-action, \u2026<\/li>\n<li>la place des pratiques mises en jeu sur le chemin du changement : les observer, les orienter, les impulser, les concevoir, \u2026<\/li>\n<li>le r\u00f4le de l\u2019acteur de terrain, collectif ou individuel, dans l\u2019accompagnement et la conduite du changement,<\/li>\n<li>la pr\u00e9gnance des dispositifs de formation, d\u2019\u00e9valuation des pratiques comme cadre de pens\u00e9e, cadre d\u2019intelligibilit\u00e9 ou cadre d\u2019\u00e9mancipation pour le changement,<\/li>\n<li>le poids des organisations avec des changements \u00e0 g\u00e9om\u00e9trie variable (subis, planifi\u00e9s, induits, prescrits, orient\u00e9s, construits, adaptatifs, \u2026),<\/li>\n<li>\u2026<\/li>\n<\/ul>\n<p>Par ailleurs, la litt\u00e9rature scientifique met en \u00e9vidence la posture du chercheur, les strat\u00e9gies et de multiples formes de conduite et d\u2019accompagnement du changement : supervision, conseil, expertise, \u2026 ces formes sont pens\u00e9es en fonction des finalit\u00e9s attendues,\u00a0relatives \u00e0 la continuit\u00e9 (pr\u00e9dominance du pass\u00e9) \/discontinuit\u00e9 (retrait, rupture avec le pass\u00e9) du changement, ce qui revient \u00e0 situer le changement dans son rapport \u00e0 la situation ant\u00e9rieure (Saint-Jean &amp; Seddaoui, 2013).<\/p>\n<p>Ce lien entre accompagnement\/conduite et changement n\u2019est pas un effet de mode, c\u2019est une r\u00e9ponse \u00e0 la\u00a0 multiplication des r\u00e9formes, \u00e0 l\u2019acuit\u00e9 des exigences face aux crises de toutes sortes\u00a0 (\u00e9conomiques, sociales, politiques, \u2026) que traverse notre \u00e9poque. Nous attendons, dans ce symposium centr\u00e9 sur les changements dans le champ de la sant\u00e9, des apports th\u00e9oriques et empiriques permettant de faire un \u00e9tat de la recherche et des enjeux dans ce champ professionnel.<\/p>\n<p>&nbsp;<\/p>\n<p>&nbsp;<\/p>\n<p><b>r\u00e9f\u00e9rences bibliographiques :<\/b><\/p>\n<ul>\n<li>Bedin, V. (Ed.) (2013). <i>Conduite et accompagnement du changement. Contribution des sciences de l\u2019\u00e9ducation<\/i>. Paris, L\u2019Harmattan.<\/li>\n<li>Eymard C., Thuilier O. (2013) Des interactions entre le chercheur en Sciences de l\u2019\u00e9ducation et le terrain\u00a0des pratiques d\u2019\u00e9ducation en sant\u00e9. In Education et sant\u00e9. De Boeck (sous presse)<\/li>\n<li>Lafortune, L. (2008). <i>Un mod\u00e8le d\u2019accompagnement professionnel du changement<\/i>. Qu\u00e9bec\u00a0: Presses Universitaires du Qu\u00e9bec.<\/li>\n<li>P\u00e9oc\u2019h, N. &amp; Saint-Jean, M. (2012). La pratique avanc\u00e9e\u00a0: une \u00e9volution attendue \u00e0 l\u2019intersection de l\u2019art, la praxis et l\u2019action. <i>Gestion hospitali\u00e8re<\/i>, 516, 313-317.<\/li>\n<li>Saint-Jean, M. (2013). De l\u2019exp\u00e9rience \u00e0 l\u2019anticipation des risques psychosociaux. <i>Revue Education Permanente<\/i>, 97, 103-111.<\/li>\n<\/ul>\n<p>&nbsp;<\/p>\n<p><strong>Les interventions<\/strong><\/p>\n<p><a href=\"https:\/\/blogs.univ-tlse2.fr\/convisciencia\/category\/symposium-11\/\"><em>R\u00e9sum\u00e9s des interventions<\/em><\/a><\/p>\n<p><strong><a title=\"11-1 Didactisation des savoirs en \u00e9ducation th\u00e9rapeutique du patient\" href=\"https:\/\/blogs.univ-tlse2.fr\/convisciencia\/2014\/02\/18\/11-1-didactisation-des-savoirs-en-education-therapeutique-du-patient\/\">Didactisation des savoirs en \u00e9ducation th\u00e9rapeutique du patient<\/a> &#8211; Chantal Eymard<\/strong><\/p>\n<p><strong><a title=\"11-2 Accompagner la pr\u00e9vention des Risques Psychosociaux : un vecteur de changement et de construction de l\u2019exp\u00e9rience\" href=\"https:\/\/blogs.univ-tlse2.fr\/convisciencia\/2014\/02\/18\/11-2-accompagner-la-prevention-des-risques-psychosociaux-un-vecteur-de-changement-et-de-construction-de-lexperience\/\">Accompagner la pr\u00e9vention des Risques Psychosociaux : un vecteur de changement et de construction de l\u2019exp\u00e9rience<\/a> &#8211; Mich\u00e8le Saint-Jean<\/strong><\/p>\n<p><strong><a title=\"11-3 La professionnalisation des infirmiers dans l\u2019organisation hospitali\u00e8re, entre intention et exigence sociale\" href=\"https:\/\/blogs.univ-tlse2.fr\/convisciencia\/2014\/02\/18\/11-3-la-professionnalisation-des-infirmiers-dans-lorganisation-hospitaliere-entre-intention-et-exigence-sociale\/\">La professionnalisation des infirmiers dans l\u2019organisation hospitali\u00e8re, entre intention et exigence sociale<\/a> &#8211; Nadia P\u00e9oc&rsquo;h<\/strong><\/p>\n<p><strong><a title=\"11-5 Des principes d\u2019accompagnement-formation pour la mise en \u0153uvre de changements orient\u00e9s dans le domaine de la sant\u00e9\" href=\"https:\/\/blogs.univ-tlse2.fr\/convisciencia\/2014\/02\/18\/11-5-des-principes-daccompagnement-formation-pour-la-mise-en-oeuvre-de-changements-orientes-dans-le-domaine-de-la-sante\/\">Des principes d\u2019accompagnement-formation pour la mise en \u0153uvre de changements orient\u00e9s dans le domaine de la sant\u00e9<\/a> &#8211; Louise Lafortune<\/strong><\/p>\n<p><strong><a title=\"11-6 Exp\u00e9rience de la simulation : du changement en formation pour l\u2019anesth\u00e9sie r\u00e9animation\" href=\"https:\/\/blogs.univ-tlse2.fr\/convisciencia\/2014\/02\/18\/11-6-experience-de-la-simulation-du-changement-en-formation-pour-lanesthesie-reanimation\/\">Exp\u00e9rience de la simulation\u00a0: du changement en formation pour l\u2019anesth\u00e9sie r\u00e9animation<\/a> &#8211; Vincent Minville, Bruno Bastiani, Bernard Calmettes<\/strong><\/p>\n<p><strong><a title=\"11-7 Du virtuel au r\u00e9el : quel impact des Serious game (3dVor) sur le processus d\u2019enseignement\/ apprentissage ?\" href=\"https:\/\/blogs.univ-tlse2.fr\/convisciencia\/2014\/02\/18\/11-7-du-virtuel-au-reel-quel-impact-des-serious-game-3dvor-sur-le-processus-denseignement-apprentissage\/\">Du virtuel au r\u00e9el\u00a0: quel impact des Serious game (3dVor) sur le processus d&rsquo;enseignement\/ apprentissage\u00a0?<\/a> &#8211; Ingrid Verscheure, David Panzoli <\/strong><\/p>\n<p><strong><a title=\"11-8 La fonction de tuteur : Continuit\u00e9, transformation ou mutation du processus de professionnalisation\" href=\"https:\/\/blogs.univ-tlse2.fr\/convisciencia\/2014\/02\/18\/11-8-la-fonction-de-tuteur-continuite-transformation-ou-mutation-du-processus-de-professionnalisation\/\">La fonction de tuteur : Continuit\u00e9, transformation ou mutation du processus de professionnalisation<\/a> &#8211; Marine Do<\/strong><\/p>\n<p><strong><a title=\"11-9 Pratiques avanc\u00e9es : des Repr\u00e9sentations professionnelles aux rep\u00e8res pour accompagner le changement\" href=\"https:\/\/blogs.univ-tlse2.fr\/convisciencia\/2014\/02\/18\/11-9-pratiques-avancees-des-representations-professionnelles-aux-reperes-pour-accompagner-le-changement\/\">Pratiques avanc\u00e9es\u00a0: des Repr\u00e9sentations professionnelles aux rep\u00e8res pour accompagner le changement<\/a> &#8211; Bruno Bastiani, Nadia P\u00e9oc\u2019h, Ghyslaine Lopez, Vincent Minville<\/strong><\/p>\n<p><strong><a title=\"11-10 L\u2019utilisation de cartes conceptuelles dans l\u2019apprentissage au raisonnement clinique\" href=\"https:\/\/blogs.univ-tlse2.fr\/convisciencia\/2014\/02\/18\/11-10-lutilisation-de-cartes-conceptuelles-dans-lapprentissage-au-raisonnement-clinique\/\">L&rsquo;utilisation de cartes conceptuelles dans l&rsquo;apprentissage au raisonnement clinique<\/a> &#8211; Anne Demeester, Dominique Vanpee, Chantal Eymard<\/strong><\/p>\n<p><strong><a title=\"11-11 Introduction des pratiques avanc\u00e9es en soins: vers un mod\u00e8le fran\u00e7ais ?\" href=\"https:\/\/blogs.univ-tlse2.fr\/convisciencia\/2014\/02\/18\/11-11-introduction-des-pratiques-avancees-en-soins-vers-un-modele-francais\/\">Introduction des pratiques avanc\u00e9es en soins: vers un mod\u00e8le fran\u00e7ais\u00a0?<\/a> &#8211; Christophe Debout, Anne-Marie Dor\u00e9<\/strong><\/p>\n<p><strong><a title=\"11-12 Animer les r\u00e9sultats de recherche en milieu clinique, une innovation infirmi\u00e8re le R\u00e9seau infirmier : un Partenaire de Soins\" href=\"https:\/\/blogs.univ-tlse2.fr\/convisciencia\/2014\/02\/18\/11-12-animer-les-resultats-de-recherche-en-milieu-clinique-une-innovation-infirmiere-le-reseau-infirmier-un-partenaire-de-soins\/\">Animer les r\u00e9sultats de recherche en milieu clinique, une innovation infirmi\u00e8re le R\u00e9seau infirmier\u00a0: un Partenaire de Soins<\/a> &#8211; H\u00e9l\u00e8ne Lefebvre<\/strong><\/p>\n<p><a title=\"11-13 La pr\u00e9vention entre changements et continuit\u00e9 : r\u00e9flexions psychosociales\" href=\"https:\/\/blogs.univ-tlse2.fr\/convisciencia\/2014\/03\/10\/11-13-la-prevention-entre-changements-et-continuite-reflexions-psychosociales\/\"><b>La pr\u00e9vention entre changements et continuit\u00e9\u00a0: r\u00e9flexions psychosociales<\/b><\/a> <strong>&#8211; Lionel Dany<\/strong><\/p>\n<p><b><a title=\"11-13 La construction de l\u2019identit\u00e9 professionnelle des cadres soignants de p\u00f4le dans le contexte des profondes mutations du champ de la sant\u00e9.\" href=\"https:\/\/blogs.univ-tlse2.fr\/convisciencia\/2014\/04\/09\/11-13\/\">La construction de l\u2019identit\u00e9 professionnelle des cadres soignants de p\u00f4le dans le contexte des profondes mutations du champ de la sant\u00e9<\/a> &#8211; Fabienne Sintes, Christine Merienne<br \/>\n<\/b><\/p>\n","protected":false},"excerpt":{"rendered":"<p>Du changement dans le champ de la sant\u00e9 : formations virtuelles, pratiques avanc\u00e9es, nouveaux m\u00e9tiers, \u00e9ducation th\u00e9rapeutique,\u2026 Symposium anim\u00e9 par\u00a0Chantal Eymard et Mich\u00e8le Saint-Jean Retrouvez, les actes du symposium Mich\u00e8le Saint-Jean, Nadia P\u00e9oc\u2019h, Bruno Bastiani (dir) Accompagner le changement dans le champ de la sant\u00e9 ISBN : 9782843717956 Plaquette de pr\u00e9sentation Site de l&rsquo;\u00e9diteur &nbsp; [&hellip;]<\/p>\n","protected":false},"author":196,"featured_media":0,"parent":0,"menu_order":0,"comment_status":"closed","ping_status":"closed","template":"","meta":{"footnotes":""},"class_list":["post-444","page","type-page","status-publish","hentry"],"_links":{"self":[{"href":"https:\/\/blogs.univ-tlse2.fr\/convisciencia\/wp-json\/wp\/v2\/pages\/444","targetHints":{"allow":["GET"]}}],"collection":[{"href":"https:\/\/blogs.univ-tlse2.fr\/convisciencia\/wp-json\/wp\/v2\/pages"}],"about":[{"href":"https:\/\/blogs.univ-tlse2.fr\/convisciencia\/wp-json\/wp\/v2\/types\/page"}],"author":[{"embeddable":true,"href":"https:\/\/blogs.univ-tlse2.fr\/convisciencia\/wp-json\/wp\/v2\/users\/196"}],"replies":[{"embeddable":true,"href":"https:\/\/blogs.univ-tlse2.fr\/convisciencia\/wp-json\/wp\/v2\/comments?post=444"}],"version-history":[{"count":21,"href":"https:\/\/blogs.univ-tlse2.fr\/convisciencia\/wp-json\/wp\/v2\/pages\/444\/revisions"}],"predecessor-version":[{"id":823,"href":"https:\/\/blogs.univ-tlse2.fr\/convisciencia\/wp-json\/wp\/v2\/pages\/444\/revisions\/823"}],"wp:attachment":[{"href":"https:\/\/blogs.univ-tlse2.fr\/convisciencia\/wp-json\/wp\/v2\/media?parent=444"}],"curies":[{"name":"wp","href":"https:\/\/api.w.org\/{rel}","templated":true}]}}