 {"id":477,"date":"2014-02-18T16:41:41","date_gmt":"2014-02-18T15:41:41","guid":{"rendered":"https:\/\/blogs.univ-tlse2.fr\/convisciencia\/?page_id=477"},"modified":"2016-06-21T10:41:18","modified_gmt":"2016-06-21T08:41:18","slug":"12-les-revues-scientifiques-francophones-de-sciences-de-leducation-bilan-et-perspectives","status":"publish","type":"page","link":"https:\/\/blogs.univ-tlse2.fr\/convisciencia\/12-les-revues-scientifiques-francophones-de-sciences-de-leducation-bilan-et-perspectives\/","title":{"rendered":"12 &#8211; Les revues scientifiques francophones de sciences de l\u2019\u00e9ducation"},"content":{"rendered":"<h2>Les revues scientifiques francophones de sciences de l\u2019\u00e9ducation : bilan et perspectives<\/h2>\n<p>Ce symposium a donn\u00e9 lieu \u00e0 la publication de l&rsquo;ouvrage :<\/p>\n<p><a href=\"https:\/\/blogs.univ-tlse2.fr\/convisciencia\/couv_sceduc\/\"><img loading=\"lazy\" decoding=\"async\" class=\"wp-image-858 alignleft\" src=\"https:\/\/blogs.univ-tlse2.fr\/convisciencia\/files\/2016\/06\/couv_sceduc.jpg\" alt=\"couv_sceduc\" width=\"121\" height=\"121\" srcset=\"https:\/\/blogs.univ-tlse2.fr\/convisciencia\/files\/2016\/06\/couv_sceduc.jpg 315w, https:\/\/blogs.univ-tlse2.fr\/convisciencia\/files\/2016\/06\/couv_sceduc-150x150.jpg 150w, https:\/\/blogs.univ-tlse2.fr\/convisciencia\/files\/2016\/06\/couv_sceduc-300x300.jpg 300w\" sizes=\"auto, (max-width: 121px) 100vw, 121px\" \/><\/a><span style=\"color: #99cc00\"><strong>Jacques Fijalkow et Richard Etienne (dir.)<\/strong><\/span><\/p>\n<p><a href=\"https:\/\/www.pulm.fr\/index.php\/9782367812007.html\">Les revues en sciences de l\u2019\u00e9ducation : mutations et permanences. Lire, publier, diffuser <\/a><\/p>\n<p>Presses Universitaires de la M\u00e9diterran\u00e9e<\/p>\n<p>&nbsp;<\/p>\n<p><strong>Symposium anim\u00e9 par Jacques Fijalkow<\/strong><\/p>\n<p>La communaut\u00e9 des sciences humaines et sociales se pr\u00e9occupe actuellement des \u00e9crits qu\u2019elle produit et en particulier de ses revues, \u00e0 preuve en septembre 2013 une rencontre \u00e0 Paris de la Conf\u00e9rence des publications de psychologie en langue fran\u00e7aise (CPPLF) et \u00e0 Istamboul un symposium sur les revues en sociologie de l\u2019\u00e9ducation (Dir. J.-L. Derouet). Le comit\u00e9 d&rsquo;organisations des journ\u00e9es internationales de l&rsquo;EFTS a donc accept\u00e9 le principe d&rsquo;accueillir un\u00a0 symposium qui r\u00e9unisse \u00e0 son tour les responsables des principales revues francophones en sciences de l\u2019\u00e9ducation, voire au-del\u00e0, afin de faire un bilan de ces publications et de d\u00e9finir ensemble d\u2019\u00e9ventuelles perspectives communes. A notre connaissance, un tel symposium n\u2019a jamais eu lieu. Il s\u2019agit donc d\u2019un symposium d\u00e9croch\u00e9 des autres symposia des Journ\u00e9es Internationales de l\u2019EFTS , mais qui comme ceux-ci se d\u00e9roulera sur les deux journ\u00e9es des 5 et 6 juin 2014.<\/p>\n<p>Je vous propose donc, comme aux divers intervenants belges, fran\u00e7ais, qu\u00e9b\u00e9cois, suisses et au-del\u00e0, une grille de r\u00e9flexion \u00e0 partir de laquelle chacun pourra construire son intervention en la compl\u00e9tant \u00e9ventuellement<b>. <\/b>L\u2019accent sera mis moins sur une pr\u00e9sentation de chacune des revues que sur la fa\u00e7on dont chacune fait face aux<b> <\/b>probl\u00e8mes actuels auxquelles elles sont actuellement confront\u00e9es. Cette grille de r\u00e9flexion\u00a0commune examinera en particulier, mais sans obligation ni limite les items suivants :<\/p>\n<ul>\n<li>Choix des th\u00e8mes de publication<\/li>\n<li>Choix des auteurs (jeunes chercheurs\u00a0\/ chercheurs confirm\u00e9s)<\/li>\n<li>Processus de s\u00e9lection des articles<\/li>\n<li>Evaluation en double aveugle<\/li>\n<li>Choix des experts<\/li>\n<li>Quelle(s) m\u00e9thodologie(s) de recherche<\/li>\n<li>Quelle(s) discipline(s) de r\u00e9f\u00e9rence<\/li>\n<li>Recherche et \/ ou recherche-action<\/li>\n<li>Quel lectorat (abonnement, vente en librairie)<\/li>\n<li>Positionnement entre terrain et recherche pure<\/li>\n<\/ul>\n<p><strong>Les interventions<\/strong><\/p>\n<p><a href=\"https:\/\/blogs.univ-tlse2.fr\/convisciencia\/category\/symposium-12\/\">R\u00e9sum\u00e9s des interventions<\/a><\/p>\n<p><strong><a title=\"12-1 H\u00e9ritage des travaux d\u2019Alfred Binet et promotion de recherches innovantes en \u00e9ducation\" href=\"https:\/\/blogs.univ-tlse2.fr\/convisciencia\/2014\/02\/18\/12-1-heritage-des-travaux-dalfred-binet-et-promotion-de-recherches-innovantes-en-education\/\">H\u00e9ritage des travaux d\u2019Alfred Binet et promotion de recherches innovantes en \u00e9ducation <\/a>&#8211; Emmanuel Triby<br \/>\n<\/strong><\/p>\n<p><strong><a title=\"12-2 Conception et \u00e9volution des listes de revues SHS de l\u2019AERES : sp\u00e9cificit\u00e9s de la liste Sciences de l\u2019\u00c9ducation\" href=\"https:\/\/blogs.univ-tlse2.fr\/convisciencia\/2014\/02\/18\/12-2-conception-et-evolution-des-listes-de-revues-shs-de-laeres-specificites-de-la-liste-sciences-de-leducation\/\">Conception et \u00e9volution des listes de revues SHS de l\u2019AERES : sp\u00e9cificit\u00e9s de la liste Sciences de l\u2019\u00c9ducation<\/a> &#8211; Jo\u00ebl Lebeaume<\/strong><\/p>\n<p><strong><a title=\"12-3 Revues scientifiques et acc\u00e8s-libre : quels enjeux ?\" href=\"https:\/\/blogs.univ-tlse2.fr\/convisciencia\/2014\/02\/18\/12-3-revues-scientifiques-et-acces-libre-quels-enjeux\/\">Revues scientifiques et acc\u00e8s-libre : quels enjeux ?<\/a> &#8211; Audrey Gonin, Sylvie Jochems<br \/>\n<\/strong><\/p>\n<p><strong><a title=\"12-4 Recherches en Didactiques\" href=\"https:\/\/blogs.univ-tlse2.fr\/convisciencia\/2014\/02\/18\/12-4-recherches-en-didactiques\/\">Recherches en Didactiques<\/a> &#8211; Dominique Lahanier-Reuter et Abdelkarim Zaid<br \/>\n<\/strong><\/p>\n<p><b><a title=\"12-5 Contenus, \u00e9chelle g\u00e9ographique, statut, lectorat : la fragilit\u00e9 d\u2019une revue interm\u00e9diaire de didactique de l\u2019histoire\" href=\"https:\/\/blogs.univ-tlse2.fr\/convisciencia\/2014\/02\/18\/12-5-contenus-echelle-geographique-statut-lectorat-la-fragilite-dune-revue-intermediaire-de-didactique-de-lhistoire\/\">Contenus, \u00e9chelle g\u00e9ographique, statut, lectorat : la fragilit\u00e9 d&rsquo;une revue interm\u00e9diaire de didactique de l&rsquo;histoire<\/a> &#8211; Charles Heimberg<br \/>\n<\/b><\/p>\n<p><a title=\"12-7 La diffusion des travaux scientifiques : le d\u00e9fi du num\u00e9rique\" href=\"https:\/\/blogs.univ-tlse2.fr\/convisciencia\/2014\/02\/18\/12-7-la-diffusion-des-travaux-scientifiques-le-defi-du-numerique\/\"><b>La diffusion des travaux scientifiques\u00a0: le d\u00e9fi du num<\/b><\/a><strong><a title=\"12-7 La diffusion des travaux scientifiques : le d\u00e9fi du num\u00e9rique\" href=\"https:\/\/blogs.univ-tlse2.fr\/convisciencia\/2014\/02\/18\/12-7-la-diffusion-des-travaux-scientifiques-le-defi-du-numerique\/\">\u00e9rique<\/a> &#8211; Virginie Czeniack<\/strong><\/p>\n<p><strong><a title=\"12-8 Quelle \u00e9volution de la politique \u00e9ditoriale pour la revue internationale Les Sciences de l\u2019\u00e9ducation \u2013 Pour l\u2019\u00c8re nouvelle ?\" href=\"https:\/\/blogs.univ-tlse2.fr\/convisciencia\/2014\/02\/18\/12-8-quelle-evolution-de-la-politique-editoriale-pour-la-revue-internationale-les-sciences-de-leducation-pour-lere-nouvelle\/\">Quelle \u00e9volution de la politique \u00e9ditoriale pour la revue internationale <i>Les Sciences de l\u2019\u00e9ducation &#8211; Pour l\u2019\u00c8re nouvelle\u00a0<\/i>?<\/a> &#8211; Julie Delalande, Christine Seux<\/strong><\/p>\n<p style=\"text-align: left\" align=\"center\"><strong><a title=\"12-10 Articles publi\u00e9s, articles non publi\u00e9s, proc\u00e9dure d\u2019\u00e9valuation et r\u00e9f\u00e9rencement : 7 ans de publication de la revue \u00c8ducation &amp; Didactique\" href=\"https:\/\/blogs.univ-tlse2.fr\/convisciencia\/2014\/02\/18\/12-10-articles-publies-articles-non-publies-procedure-devaluation-et-referencement-7-ans-de-publication-de-la-revue-education-didactique\/\">Articles publi\u00e9s, articles non publi\u00e9s, proc\u00e9dure d\u2019\u00e9valuation et r\u00e9f\u00e9rencement\u00a0: 7 ans de publication de la revue<\/a> <i>\u00c8ducation &amp; Didactique<\/i> &#8211; Jean-No\u00ebl Blocher, Marion Boulland, Am\u00e9lie Gauchet<\/strong><\/p>\n<p><strong><a title=\"12-11 La revue Travail et Apprentissages\" href=\"https:\/\/blogs.univ-tlse2.fr\/convisciencia\/2014\/02\/18\/12-11-la-revue-travail-et-apprentissages\/\">La revue Travail et Apprentissages<\/a> &#8211; O<strong>tilia Holgado<\/strong><br \/>\n<\/strong><\/p>\n<p><strong><a title=\"12-12 Une proposition pour encadrer la pr\u00e9sentation d\u2019articles de recherche th\u00e9orique \u00e0 la Revue des sciences de l\u2019\u00e9ducation\" href=\"https:\/\/blogs.univ-tlse2.fr\/convisciencia\/2014\/02\/18\/12-12-une-proposition-pour-encadrer-la-presentation-darticles-de-recherche-theorique-a-la-revue-des-sciences-de-leducation\/\">Une proposition pour encadrer la pr\u00e9sentation d\u2019articles de recherche th\u00e9orique \u00e0 la Revue des sciences de l\u2019\u00e9ducation<\/a> &#8211; Gilles Ra\u00eeche<\/strong><\/p>\n<p style=\"text-align: left\" align=\"right\"><strong><a title=\"12-13 La revue \u00ab\u00a0Formation et pratiques d\u2019enseignement en questions\u00a0\u00bb : apr\u00e8s 10 ans d\u2019existence, quelles remises en question ?\" href=\"https:\/\/blogs.univ-tlse2.fr\/convisciencia\/2014\/02\/18\/12-13-la-revue-formation-et-pratiques-denseignement-en-questions-apres-10-ans-dexistence-quelles-remises-en-question\/\">La revue \u00ab\u00a0Formation et pratiques d\u2019enseignement en questions\u00a0\u00bb : apr\u00e8s 10 ans d\u2019existence, quelles remises en question ?<\/a> &#8211; Pierre-Fran\u00e7ois Coen<\/strong><\/p>\n<p style=\"text-align: left\" align=\"right\"><strong><a title=\"12-14 Vers une mise en r\u00e9seau des revues et leur \u00e9valuation formative ?\" href=\"https:\/\/blogs.univ-tlse2.fr\/convisciencia\/2014\/04\/07\/12-14-vers-une-mise-en-reseau-des-revues-et-leur-evaluation-formative\/\">Vers une mise en r\u00e9seau des revues et leur \u00e9valuation formative\u00a0?<\/a> &#8211; Richard \u00c9tienne<\/strong><\/p>\n","protected":false},"excerpt":{"rendered":"<p>Les revues scientifiques francophones de sciences de l\u2019\u00e9ducation : bilan et perspectives Ce symposium a donn\u00e9 lieu \u00e0 la publication de l&rsquo;ouvrage : Jacques Fijalkow et Richard Etienne (dir.) Les revues en sciences de l\u2019\u00e9ducation : mutations et permanences. Lire, publier, diffuser Presses Universitaires de la M\u00e9diterran\u00e9e &nbsp; Symposium anim\u00e9 par Jacques Fijalkow La communaut\u00e9 [&hellip;]<\/p>\n","protected":false},"author":196,"featured_media":0,"parent":0,"menu_order":0,"comment_status":"closed","ping_status":"closed","template":"","meta":{"footnotes":""},"class_list":["post-477","page","type-page","status-publish","hentry"],"_links":{"self":[{"href":"https:\/\/blogs.univ-tlse2.fr\/convisciencia\/wp-json\/wp\/v2\/pages\/477","targetHints":{"allow":["GET"]}}],"collection":[{"href":"https:\/\/blogs.univ-tlse2.fr\/convisciencia\/wp-json\/wp\/v2\/pages"}],"about":[{"href":"https:\/\/blogs.univ-tlse2.fr\/convisciencia\/wp-json\/wp\/v2\/types\/page"}],"author":[{"embeddable":true,"href":"https:\/\/blogs.univ-tlse2.fr\/convisciencia\/wp-json\/wp\/v2\/users\/196"}],"replies":[{"embeddable":true,"href":"https:\/\/blogs.univ-tlse2.fr\/convisciencia\/wp-json\/wp\/v2\/comments?post=477"}],"version-history":[{"count":15,"href":"https:\/\/blogs.univ-tlse2.fr\/convisciencia\/wp-json\/wp\/v2\/pages\/477\/revisions"}],"predecessor-version":[{"id":860,"href":"https:\/\/blogs.univ-tlse2.fr\/convisciencia\/wp-json\/wp\/v2\/pages\/477\/revisions\/860"}],"wp:attachment":[{"href":"https:\/\/blogs.univ-tlse2.fr\/convisciencia\/wp-json\/wp\/v2\/media?parent=477"}],"curies":[{"name":"wp","href":"https:\/\/api.w.org\/{rel}","templated":true}]}}