 {"id":599,"date":"2014-03-11T14:55:48","date_gmt":"2014-03-11T13:55:48","guid":{"rendered":"https:\/\/blogs.univ-tlse2.fr\/convisciencia\/?page_id=599"},"modified":"2014-03-11T15:09:46","modified_gmt":"2014-03-11T14:09:46","slug":"hebergement","status":"publish","type":"page","link":"https:\/\/blogs.univ-tlse2.fr\/convisciencia\/hebergement\/","title":{"rendered":"H\u00e9bergement"},"content":{"rendered":"<p><strong>Voici quelques h\u00f4tels susceptibles de vous accueillir pendant votre s\u00e9jour \u00e0 Toulouse :<\/strong><\/p>\n<p><em>(Vous pouvez pr\u00e9ciser \u00e0 ces \u00e9tablissements que vous participez \u00e0 une manifestation organis\u00e9e par l&rsquo;universit\u00e9 de Toulouse le Mirail)<\/em><\/p>\n<p>&nbsp;<\/p>\n<h3><strong> HOTEL PHOENICIA ***<\/strong><\/h3>\n<p><i> <strong>Adresse<\/strong>\u00a0: 7, boulevard Bonrepos (face \u00e0 la gare) &#8211; t\u00e9l. 05 61 63 81 63 &#8211; fax. 05 61 63 02 06<\/i><\/p>\n<p><strong>Acc\u00e8s<\/strong>\u00a0: m\u00e9tro Ligne A arr\u00eat \u00ab\u00a0Marengo \u2013 SNCF\u00a0\u00bb<\/p>\n<p><strong>Mail<\/strong>\u00a0: <a href=\"&#x6d;&#x61;&#x69;&#x6c;&#x74;&#x6f;&#x3a;&#x68;&#x6f;&#x74;&#x65;&#x6c;&#x2e;&#x70;&#x68;&#x6f;&#x65;&#x6e;&#x69;&#x63;&#x69;&#x61;&#x40;&#x77;&#x61;&#x6e;&#x61;&#x64;&#x6f;&#x6f;&#x2e;&#x66;&#x72;\">ho&#116;&#x65;&#x6c;&#x2e;pho&#101;&#x6e;&#x69;&#x63;ia&#64;&#119;&#x61;&#x6e;&#x61;do&#111;&#x2e;&#x66;&#x72;<\/a><\/p>\n<p><strong>Site web<\/strong><i>\u00a0: <a href=\"http:\/\/www.hotel-phoenicia-toulouse.com\" rel=\"nofollow\">www.hotel-phoenicia-toulouse.com<\/a> <\/i><\/p>\n<p><strong>TARIFS<\/strong><\/p>\n<p>de 79 \u00e0 90\u20ac petit d\u00e9jeuner inclus<\/p>\n<p>Parking\u00a0: NON mais public de la Gare \u00e0 proximit\u00e9 avec tarif pr\u00e9f\u00e9rentiel 24h\/24<\/p>\n<p>Accueil 24h\/24<\/p>\n<h3><\/h3>\n<p>&nbsp;<\/p>\n<h3><strong>IBIS STYLE ***<\/strong><\/h3>\n<p><i> <strong>Adresse<\/strong>\u00a0: 13, boulevard Bonrepos (face \u00e0 la gare) &#8211; t\u00e9l. 05 61 62 44 78 &#8211; fax. 05 61 63 18 06<\/i><\/p>\n<p><strong>Acc\u00e8s<\/strong>\u00a0: m\u00e9tro Ligne A arr\u00eat \u00ab\u00a0Marengo \u2013 SNCF\u00a0\u00bb<\/p>\n<p><strong>Mail<\/strong>\u00a0: <a href=\"&#109;&#x61;&#105;&#x6c;t&#x6f;:&#x68;o&#x74;e&#x6c;&#64;&#x74;o&#117;&#x6c;&#111;&#x75;&#115;&#x65;-&#x66;r&#x61;n&#x63;e&#x2e;f&#x72;\">&#x68;&#x6f;&#116;e&#x6c;&#x40;&#x74;&#111;u&#x6c;&#x6f;&#x75;&#115;e&#x2d;&#x66;&#x72;&#97;n&#x63;&#x65;&#x2e;&#102;r<\/a><\/p>\n<p><strong>Site web<\/strong><i>\u00a0: <a href=\"http:\/\/www.accorhotels.com\/fr\/hotel-8481-ibis-styles-toulouse-gare-centre-matabiau\/index.shtml\">http:\/\/www.accorhotels.com\/fr\/hotel&#8230;<\/a><\/i><\/p>\n<p><strong>TARIFS 2013\u00a0: <\/strong><\/p>\n<p>de 59 \u00e0 95\u20ac<\/p>\n<p>petit-d\u00e9jeuner compris<\/p>\n<p>parking\u00a0: NON mais pkg public \u00e0 proximit\u00e9 de l\u2019h\u00f4tel<\/p>\n<p>accueil 24h\/24<\/p>\n<p>&nbsp;<\/p>\n<h3><strong>BEST WESTERN ATHENEE *** <\/strong><\/h3>\n<p><i> <strong>Adresse<\/strong>\u00a0: 1 bis rue Matabiau &#8211; t\u00e9l. 05 61 63 10 63 &#8211; fax. 05 61 63 87 80<\/i><\/p>\n<p><strong>Acc\u00e8s<\/strong>\u00a0: m\u00e9tro Ligne B arr\u00eat \u00ab\u00a0Jeanne d\u2019Arc\u00a0\u00bb<\/p>\n<p><strong>Mail<\/strong>\u00a0: <a href=\"&#109;&#x61;i&#x6c;t&#x6f;:&#99;&#x6f;&#110;&#x74;a&#x63;t&#x40;h&#111;&#x74;e&#x6c;-&#x74;o&#x75;&#x6c;&#111;&#x75;s&#x65;-&#x61;t&#104;&#x65;&#110;&#x65;e&#x2e;c&#x6f;m\">&#x63;&#x6f;&#110;tac&#x74;&#x40;&#x68;&#111;te&#x6c;&#x2d;&#x74;&#111;ul&#x6f;&#x75;&#x73;&#101;-a&#x74;&#x68;&#x65;&#110;ee&#46;&#x63;&#x6f;&#x6d;<\/a><\/p>\n<p><strong>Site web<\/strong><i>\u00a0: <a href=\"http:\/\/www.hotel-toulouse-athenee.com\/\" rel=\"nofollow\">http:\/\/www.hotel-toulouse-athenee.com\/<\/a><\/i><\/p>\n<p><strong>TARIFS :<\/strong><\/p>\n<p>de 70 \u00e0 90\u20ac<\/p>\n<p>petit-d\u00e9jeuner compris<\/p>\n<p>parking\u00a0: OUI 15 places non r\u00e9servables \u00e0 10 \u20ac\/24h<\/p>\n<p>accueil 24h\/24<\/p>\n<p>&nbsp;<\/p>\n<h3><strong>HOTEL VICTOR HUGO** <\/strong><\/h3>\n<address><i><strong>Adresse<\/strong>\u00a0: 26 boulevard de Strasbourg \u2013 t\u00e9l. 05 61 63 40 41 \u2013 fax 05 61 62 66 31<\/i><\/address>\n<p><strong>Acc\u00e8s<\/strong>\u00a0: m\u00e9tro Capitole ou Jean Jaur\u00e8s<\/p>\n<p><strong>Mail<\/strong>\u00a0: <a href=\"m&#97;&#x69;&#x6c;t&#111;&#x3a;&#x63;o&#110;&#x74;&#x61;ct&#x40;&#x76;ic&#x74;&#x6f;rh&#117;&#x67;&#x6f;-&#104;&#x6f;&#x74;e&#108;&#x2e;&#x63;o&#109;\">&#99;&#x6f;n&#x74;a&#x63;t&#x40;v&#x69;c&#116;&#x6f;&#114;&#x68;u&#x67;o&#x2d;h&#x6f;t&#x65;l&#46;&#x63;&#111;&#x6d;<\/a><\/p>\n<p><strong>Site web<\/strong><i>\u00a0: <a href=\"http:\/\/www. victorhugo-hotel.com\">www. victorhugo-hotel.com<\/a><\/i><\/p>\n<p><strong>TARIFS :<\/strong><\/p>\n<p>de 50 \u00e0 79\u20ac<\/p>\n<p>Petit-d\u00e9jeuner\u00a0: 9 \u20ac<\/p>\n<p>Parking\u00a0: NON mais pkg public \u00e0 proximit\u00e9 de l\u2019h\u00f4tel avec tarif pr\u00e9f\u00e9rentiel<\/p>\n<p>&nbsp;<\/p>\n<h3><strong> HOTEL DU CAPITOLE ** <\/strong><\/h3>\n<p><i> <strong>Adresse<\/strong>\u00a0: 10, rue Rivals &#8211; tel. 05 61 23 21 28 &#8211; fax. 05 61 23 67 48<\/i><\/p>\n<p><strong>Acc\u00e8s<\/strong>\u00a0: m\u00e9tro ligne A arr\u00eat \u201cCapitole\u201d<\/p>\n<p><strong>Mail<\/strong>\u00a0: <a href=\"mailt&#111;&#58;&#x63;&#x6f;&#x6e;&#x74;&#x61;&#x63;&#x74;&#64;capi&#116;&#111;&#108;&#x65;&#x2d;&#x68;&#x6f;&#x74;&#x65;l&#46;com\">c&#x6f;&#x6e;t&#97;&#x63;t&#64;&#x63;a&#112;&#x69;to&#x6c;&#x65;-&#x68;&#x6f;t&#101;&#x6c;&#46;&#99;&#x6f;m<\/a><\/p>\n<p><strong>Site web<\/strong><i>\u00a0: <a href=\"http:\/\/www.capitole-hotel.com\">www.capitole-hotel.com<\/a><\/i><\/p>\n<p><strong>TARIFS<br \/>\n<\/strong><\/p>\n<p><strong><\/strong>de 56 \u00e0 89\u20ac<\/p>\n<p>Petit d\u00e9jeuner\u00a0: 8 \u20ac<\/p>\n<p>Parking\u00a0: NON\u00a0 mais pkg public V.Hugo \u00e0 proximit\u00e9 avec tarif pr\u00e9f\u00e9rentiel<\/p>\n<p>&nbsp;<\/p>\n<h3><strong> HOTEL CASTELLANE** <\/strong><\/h3>\n<p><i> <strong>Adresse<\/strong>\u00a0: 17, rue Castellane &#8211; t\u00e9l. 05 61 62 18 82 &#8211; fax. 05 61 62 58 04<\/i><\/p>\n<p><strong>Acc\u00e8s<\/strong>\u00a0: m\u00e9tro ligne A arr\u00eat \u00ab\u00a0Jean Jaur\u00e8s\u00a0\u00bb<\/p>\n<p><strong>Mail<\/strong>\u00a0: <a href=\"&#109;&#x61;i&#x6c;t&#x6f;:&#x63;a&#115;&#x74;&#101;&#x6c;l&#x61;n&#x65;h&#111;&#x74;&#101;&#x6c;&#64;&#x77;a&#x6e;a&#x64;o&#111;&#x2e;&#102;&#x72;\">&#x63;as&#x74;&#101;l&#x6c;&#97;n&#x65;&#x68;o&#x74;&#x65;l&#64;&#x77;&#97;n&#x61;&#100;o&#x6f;&#x2e;f&#x72;<\/a><\/p>\n<p><strong>Site web<\/strong><i>\u00a0: <a href=\"http:\/\/www.castellanehotel.com\/\">www.castellanehotel.com\/<\/a><\/i><\/p>\n<p><strong>TARIFS :<\/strong><\/p>\n<p>de 60 \u00e0 120\u20ac<\/p>\n<p>Petit-d\u00e9jeuner buffet \u00e0 volont\u00e9\u00a0: 8,50 \u20ac<\/p>\n<p>Parking\u00a0: OUI 10 \u20ac \/ 24h<\/p>\n<p>&nbsp;<\/p>\n<h3><\/h3>\n<h3><strong>HOTEL DU TAUR** <\/strong><\/h3>\n<p><i> <strong>Adresse<\/strong>\u00a0: 2, rue du Taur &#8211; tel. 05 61 21 17 54 &#8211; fax. 05 61 13 78 41<\/i><\/p>\n<p><strong>Acc\u00e8s<\/strong>\u00a0: m\u00e9tro ligne A arr\u00eat \u201cCapitole\u201d<\/p>\n<p><strong>Mail<\/strong>\u00a0: <a href=\"m&#x61;i&#108;&#x74;o&#58;&#x68;o&#116;&#x65;l&#100;&#x75;t&#x61;&#x75;r&#x40;&#x77;a&#x6e;a&#100;&#x6f;o&#46;&#x66;r\">&#104;&#x6f;&#116;&#x65;&#108;&#x64;&#117;&#x74;&#97;&#x75;r&#x40;w&#x61;n&#x61;d&#x6f;o&#x2e;f&#x72;<\/a> (contact\u00a0: Morgane)<\/p>\n<p><strong>Site web<\/strong><i>\u00a0: <a href=\"http:\/\/www.hotel-du-taur.com\/fr\/\">www.hotel-du-taur.com<\/a><\/i><\/p>\n<p><strong>TARIFS <\/strong><\/p>\n<p>de 50 \u00e0 81\u20ac<\/p>\n<p>Petit-d\u00e9jeuner\u00a0: non-inclus\u00a0: 9 \u20ac<\/p>\n<p>Parking\u00a0: NON mais parking du Capitole public \u00e0 proximit\u00e9<\/p>\n<p>&nbsp;<\/p>\n<h3><strong>ROYAL WILSON ** <\/strong><\/h3>\n<p><i> <strong>Adresse<\/strong>\u00a0: 6 rue Labeda &#8211; t\u00e9l. 05 61 12 41 41 &#8211; fax 05 61 12 41 53<\/i><\/p>\n<p><strong>Acc\u00e8s<\/strong>\u00a0: m\u00e9tro ligne A arr\u00eat \u201cCapitole\u201d ou \u201cJean Jaur\u00e8s\u201d<\/p>\n<p><strong>Mail<\/strong>\u00a0: <a href=\"&#109;a&#x69;l&#x74;o&#x3a;c&#x6f;&#110;&#x74;&#97;c&#x74;&#64;&#x68;o&#x74;e&#x6c;r&#x6f;&#121;&#x61;&#108;w&#x69;l&#x73;o&#x6e;-&#x74;o&#x75;&#108;&#x6f;&#117;s&#x65;&#46;&#x63;o&#x6d;\">&#x63;&#x6f;&#110;ta&#x63;&#x74;&#x40;hot&#x65;&#x6c;&#114;oy&#x61;&#x6c;&#x77;&#105;ls&#x6f;&#x6e;&#45;to&#x75;&#x6c;&#x6f;&#117;se&#x2e;&#x63;&#111;m<\/a><\/p>\n<p><strong>Site web<\/strong><i>\u00a0: <a href=\"http:\/\/www.hotelroyalwilson-toulouse.com\/\">www.hotelroyalwilson-toulouse.com<\/a><br \/>\n<\/i><\/p>\n<p><strong>TARIFS <\/strong>:<\/p>\n<p>de 61 \u00e0 98\u20ac<\/p>\n<p>Petit d\u00e9jeuner\u00a0: 9 \u20ac<\/p>\n<p>garage priv\u00e9 : 9\u20ac \/ jour<\/p>\n<p>&nbsp;<\/p>\n<h3><strong>APPART HOTEL ADAGIO ACCESS JOLIMONT<\/strong><\/h3>\n<p><i> <strong>Adresse<\/strong> :11 avenue L\u00e9on Blum \u2013 t\u00e9l. 05 34 30 28 00 \u2013 fax\u00a0: 05 34 30 28 01<\/i><\/p>\n<p><strong>Mail<\/strong>\u00a0<i>: <a href=\"mailt&#111;&#58;&#x48;&#x38;&#x33;&#x38;&#x38;&#x40;&#x61;dagio&#45;&#99;&#105;&#x74;&#x79;&#x2e;&#x63;&#x6f;&#x6d;\">H&#56;&#x33;&#x38;&#x38;&#64;&#97;&#x64;&#x61;&#x67;i&#111;&#x2d;&#x63;&#x69;t&#121;&#x2e;&#x63;&#x6f;m<\/a><br \/>\n<\/i><\/p>\n<p><strong>Site web :<\/strong> <a href=\"http:\/\/www.adagio-city.com\/fr\/hotel-8388-adagio-access-toulouse-jolimont-ex-citea\/index.shtml\">www.adagio-city.com\/fr&#8230;<\/a><\/p>\n<p><strong>TARIFS :<br \/>\n<\/strong><\/p>\n<p>de 59 \u20ac \u00e0 75 \u20ac (Tarifs d\u00e9gressifs \u00e0 partir de 4 nuits, Tarif groupe \u00e0 n\u00e9gocier)<\/p>\n<p>Petit d\u00e9jeuner\u00a0: 7,50 \u20ac<\/p>\n<p>Parking\u00a0: NON mais pkg public \u00e0 proximit\u00e9<\/p>\n<p>&nbsp;<\/p>\n<h3><\/h3>\n<h3>AT HOME APPART HOTEL<\/h3>\n<p><em><strong>Adresse :<\/strong> 7, rue du Pont Montaudran &#8211; 31000 TOULOUSE &#8211; t\u00e9l. 05\u00a034 41 76 50 \u2013 fax\u00a0: 05 61 63 08 89<\/em><\/p>\n<p><strong>Mail :<\/strong> <a href=\"&#x6d;&#97;i&#x6c;&#x74;&#111;:&#x74;&#x6f;&#117;l&#x6f;&#x75;&#115;e&#x40;&#x61;&#116;h&#x6f;&#x6d;&#101;-&#x61;&#x68;&#46;c&#x6f;&#x6d;\">&#x74;&#111;u&#x6c;&#x6f;us&#x65;&#64;a&#x74;&#x68;om&#x65;&#45;a&#x68;&#x2e;&#99;o&#x6d;<\/a><\/p>\n<p><strong>Site web<\/strong> : <a href=\"http:\/\/http:\/\/www.athome-ah.com\/\">www.athome-ah.com<\/a><\/p>\n<p><strong>TARIFS :<\/strong><\/p>\n<p>60 \u20ac<\/p>\n<p>Petit d\u00e9jeuner : 9 \u20ac<\/p>\n<p>Parking : OUI<\/p>\n<p>&nbsp;<\/p>\n<h3>D&rsquo;autres h\u00f4tels sur le site :<\/h3>\n<p><a href=\"http:\/\/www.toulouse-tourisme.com\/offre\/recherche\/Accessibilite\/Hebergements-accessibles\/Hotels\/~~~\/page-1\">www.toulouse-tourisme.com<\/a><\/p>\n","protected":false},"excerpt":{"rendered":"<p>Voici quelques h\u00f4tels susceptibles de vous accueillir pendant votre s\u00e9jour \u00e0 Toulouse : (Vous pouvez pr\u00e9ciser \u00e0 ces \u00e9tablissements que vous participez \u00e0 une manifestation organis\u00e9e par l&rsquo;universit\u00e9 de Toulouse le Mirail) &nbsp; HOTEL PHOENICIA *** Adresse\u00a0: 7, boulevard Bonrepos (face \u00e0 la gare) &#8211; t\u00e9l. 05 61 63 81 63 &#8211; fax. 05 61 [&hellip;]<\/p>\n","protected":false},"author":196,"featured_media":0,"parent":0,"menu_order":0,"comment_status":"closed","ping_status":"closed","template":"","meta":{"footnotes":""},"class_list":["post-599","page","type-page","status-publish","hentry"],"_links":{"self":[{"href":"https:\/\/blogs.univ-tlse2.fr\/convisciencia\/wp-json\/wp\/v2\/pages\/599","targetHints":{"allow":["GET"]}}],"collection":[{"href":"https:\/\/blogs.univ-tlse2.fr\/convisciencia\/wp-json\/wp\/v2\/pages"}],"about":[{"href":"https:\/\/blogs.univ-tlse2.fr\/convisciencia\/wp-json\/wp\/v2\/types\/page"}],"author":[{"embeddable":true,"href":"https:\/\/blogs.univ-tlse2.fr\/convisciencia\/wp-json\/wp\/v2\/users\/196"}],"replies":[{"embeddable":true,"href":"https:\/\/blogs.univ-tlse2.fr\/convisciencia\/wp-json\/wp\/v2\/comments?post=599"}],"version-history":[{"count":10,"href":"https:\/\/blogs.univ-tlse2.fr\/convisciencia\/wp-json\/wp\/v2\/pages\/599\/revisions"}],"predecessor-version":[{"id":610,"href":"https:\/\/blogs.univ-tlse2.fr\/convisciencia\/wp-json\/wp\/v2\/pages\/599\/revisions\/610"}],"wp:attachment":[{"href":"https:\/\/blogs.univ-tlse2.fr\/convisciencia\/wp-json\/wp\/v2\/media?parent=599"}],"curies":[{"name":"wp","href":"https:\/\/api.w.org\/{rel}","templated":true}]}}