 {"id":645,"date":"2014-03-17T14:05:54","date_gmt":"2014-03-17T13:05:54","guid":{"rendered":"https:\/\/blogs.univ-tlse2.fr\/convisciencia\/?page_id=645"},"modified":"2014-05-27T14:20:32","modified_gmt":"2014-05-27T12:20:32","slug":"contact","status":"publish","type":"page","link":"https:\/\/blogs.univ-tlse2.fr\/convisciencia\/contact\/","title":{"rendered":"Contact"},"content":{"rendered":"<p><strong>Besoin de joindre un responsable technique d&rsquo;urgence pendant la dur\u00e9e de la manifestation : 06 83 27 27 00 <\/strong>(t\u00e9l\u00e9phone non op\u00e9rationnel avant le 4 juin et apr\u00e8s le 6 juin)<\/p>\n<p><strong>Renseignements :<\/strong><br \/>\nS\u00e9bastien Reynes<br \/>\nMail : <a href=\"&#x6d;a&#x69;&#108;t&#x6f;:&#x63;&#111;n&#x76;i&#x73;&#99;i&#x65;n&#x63;&#x69;a&#x40;&#117;n&#x69;v&#x2d;&#116;l&#x73;e&#x32;&#46;f&#x72;\">&#x63;on&#x76;is&#x63;ie&#x6e;ci&#x61;&#64;u&#x6e;iv&#x2d;&#116;l&#x73;&#101;2&#x2e;&#102;r<\/a><br \/>\nT\u00e9l\u00e9phone : 05-61-50-36-72<\/p>\n<p><strong>Inscriptions :<\/strong><br \/>\nEmmanuelle COSTER<br \/>\nMail : <a href=\"&#109;&#x61;i&#x6c;t&#x6f;:&#99;&#x70;r&#x73;&#64;&#x75;n&#105;&#x76;-&#x74;l&#x73;e&#50;&#x2e;f&#x72;\">&#x63;&#x70;&#x72;&#115;&#64;un&#x69;&#x76;&#x2d;&#x74;&#108;se2&#x2e;&#x66;&#x72;<\/a><br \/>\nT\u00e9l. 05 61 50 47 86<br \/>\nFax. 05 61 50 37 14<\/p>\n","protected":false},"excerpt":{"rendered":"<p>Besoin de joindre un responsable technique d&rsquo;urgence pendant la dur\u00e9e de la manifestation : 06 83 27 27 00 (t\u00e9l\u00e9phone non op\u00e9rationnel avant le 4 juin et apr\u00e8s le 6 juin) Renseignements : S\u00e9bastien Reynes Mail : convisciencia&#64;univ-&#116;&#108;&#115;&#101;&#50;&#46;&#102;&#114; T\u00e9l\u00e9phone : 05-61-50-36-72 Inscriptions : Emmanuelle COSTER Mail : cprs&#64;univ-tlse2&#46;fr T\u00e9l. 05 61 50 47 86 Fax. [&hellip;]<\/p>\n","protected":false},"author":196,"featured_media":0,"parent":0,"menu_order":0,"comment_status":"closed","ping_status":"closed","template":"","meta":{"footnotes":""},"class_list":["post-645","page","type-page","status-publish","hentry"],"_links":{"self":[{"href":"https:\/\/blogs.univ-tlse2.fr\/convisciencia\/wp-json\/wp\/v2\/pages\/645","targetHints":{"allow":["GET"]}}],"collection":[{"href":"https:\/\/blogs.univ-tlse2.fr\/convisciencia\/wp-json\/wp\/v2\/pages"}],"about":[{"href":"https:\/\/blogs.univ-tlse2.fr\/convisciencia\/wp-json\/wp\/v2\/types\/page"}],"author":[{"embeddable":true,"href":"https:\/\/blogs.univ-tlse2.fr\/convisciencia\/wp-json\/wp\/v2\/users\/196"}],"replies":[{"embeddable":true,"href":"https:\/\/blogs.univ-tlse2.fr\/convisciencia\/wp-json\/wp\/v2\/comments?post=645"}],"version-history":[{"count":4,"href":"https:\/\/blogs.univ-tlse2.fr\/convisciencia\/wp-json\/wp\/v2\/pages\/645\/revisions"}],"predecessor-version":[{"id":810,"href":"https:\/\/blogs.univ-tlse2.fr\/convisciencia\/wp-json\/wp\/v2\/pages\/645\/revisions\/810"}],"wp:attachment":[{"href":"https:\/\/blogs.univ-tlse2.fr\/convisciencia\/wp-json\/wp\/v2\/media?parent=645"}],"curies":[{"name":"wp","href":"https:\/\/api.w.org\/{rel}","templated":true}]}}