 {"id":82,"date":"2014-02-11T12:50:41","date_gmt":"2014-02-11T11:50:41","guid":{"rendered":"https:\/\/blogs.univ-tlse2.fr\/convisciencia\/?page_id=82"},"modified":"2014-03-24T16:05:41","modified_gmt":"2014-03-24T15:05:41","slug":"presentation","status":"publish","type":"page","link":"https:\/\/blogs.univ-tlse2.fr\/convisciencia\/presentation\/","title":{"rendered":"Pr\u00e9sentation"},"content":{"rendered":"<p style=\"text-align: justify\">Les journ\u00e9es internationales <a href=\"http:\/\/efts.univ-tlse2.fr\/\">EFTS<\/a>, Convisciencia de la recherche en \u00e9ducation, ont pour objectif de mener une r\u00e9flexion sur les questions d\u2019\u00e9ducation tant au niveau de l\u2019enseignement primaire et secondaire que de la formation professionnelle.<\/p>\n<ul style=\"text-align: justify\">\n<li>Une premi\u00e8re journ\u00e9e est consacr\u00e9e \u00e0 \u00ab\u00a0<strong>l\u2019\u00e9criture scientifique<\/strong> \u00bb. Cette journ\u00e9e dans laquelle les doctorants tiennent une place pr\u00e9pond\u00e9rante constituera un espace de partage d\u2019exp\u00e9riences d\u2019\u00e9criture et interrogera la dimension individuelle ou collective de l\u2019\u00e9criture scientifique. L\u2019\u00e9criture demande un effort de d\u00e9codage des implicites qui entourent autant le processus d\u2019\u00e9crire comme l\u2019\u00e9crit en tant que production. Les chercheurs, apprentis ou exp\u00e9riment\u00e9s, se confrontent \u00e0 l\u2019\u00e9criture scientifique dans l\u2019objectif de communiquer les r\u00e9sultats de leurs travaux, de valider et de se l\u00e9gitimer aupr\u00e8s de la communaut\u00e9 scientifique, d\u2019obtenir du financement, etc.<\/li>\n<\/ul>\n<ul style=\"text-align: justify\">\n<li>Deux journ\u00e9es organis\u00e9es selon la modalit\u00e9 de symposiums assument le \u00ab <strong>faire science autrement<\/strong> \u00bb. 12 symposiums bas\u00e9s sur\u00a0:\n<ul>\n<li>la dimension collective du travail, autour de textes-martyrs r\u00e9dig\u00e9s avant la s\u00e9ance, et visant une publication scientifique ;<\/li>\n<li>le m\u00e9tissage des participants en termes d\u2019exp\u00e9rience et de statuts (doctorants, enseignants-chercheurs et acteurs du monde professionnel), de g\u00e9ographie (dimensions locales, nationales et internationales) ;<\/li>\n<li>le souci d\u2019ouverture aux membres de notre communaut\u00e9 scientifique (co-direction des symposiums).<\/li>\n<\/ul>\n<\/li>\n<\/ul>\n<p style=\"text-align: justify\">Afin de pr\u00e9server la dimension occitane de la manifestation nous avons choisi comme intitul\u00e9 le terme de \u00ab ConviSciencia \u00bb, directement h\u00e9rit\u00e9 de celui de \u00ab <a href=\"http:\/\/blogs.mediapart.fr\/blog\/gerard-jacquemin\/021113\/convivance-convivencia\">convivencia <\/a>\u00bb.<\/p>\n","protected":false},"excerpt":{"rendered":"<p>Les journ\u00e9es internationales EFTS, Convisciencia de la recherche en \u00e9ducation, ont pour objectif de mener une r\u00e9flexion sur les questions d\u2019\u00e9ducation tant au niveau de l\u2019enseignement primaire et secondaire que de la formation professionnelle. Une premi\u00e8re journ\u00e9e est consacr\u00e9e \u00e0 \u00ab\u00a0l\u2019\u00e9criture scientifique \u00bb. Cette journ\u00e9e dans laquelle les doctorants tiennent une place pr\u00e9pond\u00e9rante constituera un [&hellip;]<\/p>\n","protected":false},"author":196,"featured_media":0,"parent":0,"menu_order":0,"comment_status":"closed","ping_status":"closed","template":"page-templates\/front-page.php","meta":{"footnotes":""},"class_list":["post-82","page","type-page","status-publish","hentry"],"_links":{"self":[{"href":"https:\/\/blogs.univ-tlse2.fr\/convisciencia\/wp-json\/wp\/v2\/pages\/82","targetHints":{"allow":["GET"]}}],"collection":[{"href":"https:\/\/blogs.univ-tlse2.fr\/convisciencia\/wp-json\/wp\/v2\/pages"}],"about":[{"href":"https:\/\/blogs.univ-tlse2.fr\/convisciencia\/wp-json\/wp\/v2\/types\/page"}],"author":[{"embeddable":true,"href":"https:\/\/blogs.univ-tlse2.fr\/convisciencia\/wp-json\/wp\/v2\/users\/196"}],"replies":[{"embeddable":true,"href":"https:\/\/blogs.univ-tlse2.fr\/convisciencia\/wp-json\/wp\/v2\/comments?post=82"}],"version-history":[{"count":10,"href":"https:\/\/blogs.univ-tlse2.fr\/convisciencia\/wp-json\/wp\/v2\/pages\/82\/revisions"}],"predecessor-version":[{"id":693,"href":"https:\/\/blogs.univ-tlse2.fr\/convisciencia\/wp-json\/wp\/v2\/pages\/82\/revisions\/693"}],"wp:attachment":[{"href":"https:\/\/blogs.univ-tlse2.fr\/convisciencia\/wp-json\/wp\/v2\/media?parent=82"}],"curies":[{"name":"wp","href":"https:\/\/api.w.org\/{rel}","templated":true}]}}