 {"id":94,"date":"2014-02-11T15:28:01","date_gmt":"2014-02-11T14:28:01","guid":{"rendered":"https:\/\/blogs.univ-tlse2.fr\/convisciencia\/?page_id=94"},"modified":"2014-04-24T14:32:36","modified_gmt":"2014-04-24T12:32:36","slug":"comites","status":"publish","type":"page","link":"https:\/\/blogs.univ-tlse2.fr\/convisciencia\/comites\/","title":{"rendered":"Comit\u00e9s"},"content":{"rendered":"<h2><span style=\"color: #ff0000\">Comit\u00e9 scientifique<\/span><\/h2>\n<ul>\n<li><a href=\"http:\/\/efts.univ-tlse2.fr\/accueil\/les-chercheurs\/m-abernot-yvan-219539.kjsp?RH=1317804911498\">Yvan Abernot<\/a>, Professeur d&rsquo;universit\u00e9 en sciences de l&rsquo;\u00e9ducation<\/li>\n<li><a href=\"http:\/\/efts.univ-tlse2.fr\/accueil\/les-chercheurs\/mme-bedin-veronique-52589.kjsp?RH=1317804911498\">V\u00e9ronique Bedin<\/a>, Ma\u00eetre de conf\u00e9rences en sciences de l&rsquo;\u00e9ducation<\/li>\n<li><a href=\"http:\/\/efts.univ-tlse2.fr\/accueil\/les-chercheurs\/m-marcel-jean-francois-53521.kjsp?RH=1317804911498\">Jean-Fran\u00e7ois Marcel<\/a>, Professeur\u00a0l&rsquo;enseignement sup\u00e9rieur agricole en sciences de l&rsquo;\u00e9ducation<\/li>\n<li><a href=\"http:\/\/efts.univ-tlse2.fr\/accueil\/les-chercheurs\/mme-mias-christine-52889.kjsp?RH=1317804911498\">Christine Mias<\/a>,Professeur d&rsquo;universit\u00e9 en sciences de l&rsquo;\u00e9ducation<\/li>\n<li><a href=\"http:\/\/efts.univ-tlse2.fr\/accueil\/les-chercheurs\/mme-panissal-nathalie-119195.kjsp?RH=1317804911498\">Nathalie Panissal<\/a>, Ma\u00eetre de conf\u00e9rences en psychologie<\/li>\n<li><a href=\"http:\/\/efts.univ-tlse2.fr\/accueil\/les-chercheurs\/m-piaser-alain-53078.kjsp?RH=1317804911498\">Alain Piaser<\/a>, Ma\u00eetre de conf\u00e9rences en sciences de l&rsquo;\u00e9ducation<\/li>\n<li><a href=\"http:\/\/efts.univ-tlse2.fr\/accueil\/les-chercheurs\/mme-simonneaux-laurence-219577.kjsp?RH=1317804911498\">Laurence Simonneaux<\/a>, Professeur d&rsquo;universit\u00e9 en sciences de l&rsquo;\u00e9ducation<\/li>\n<li><a href=\"http:\/\/efts.univ-tlse2.fr\/accueil\/les-chercheurs\/mme-trinquier-marie-pierre-53096.kjsp?RH=1317804911498\">Marie-Pierre Trinquier<\/a>, Ma\u00eetre de conf\u00e9rences HDR en sciences de l&rsquo;\u00e9ducation<\/li>\n<li><a href=\"&#109;a&#x69;l&#x74;o&#x3a;h&#x65;&#108;&#x65;&#110;e&#x2e;v&#x65;y&#x72;a&#x63;&#64;&#x65;&#100;&#x75;&#99;a&#x67;r&#x69;&#46;&#x66;r\">H\u00e9l\u00e8ne Veyrac<\/a>, Ma\u00eetre de conf\u00e9rences en ergonomie<\/li>\n<\/ul>\n<p><span style=\"text-decoration: underline\">Pr\u00e9sid\u00e9 par :<\/span><\/p>\n<ul>\n<li><a title=\"12-12 Une proposition pour encadrer la pr\u00e9sentation d\u2019articles de recherche th\u00e9orique \u00e0 la Revue des sciences de l\u2019\u00e9ducation\" href=\"&#x6d;a&#x69;&#108;t&#x6f;:&#x63;&#x68;a&#x6e;&#116;a&#x6c;&#46;&#x61;&#109;a&#x64;&#101;-&#x65;s&#x63;&#111;t&#x40;u&#x6e;&#x69;v&#x2d;&#116;l&#x73;e&#x32;&#x2e;f&#x72;\">Chantal Amade Escot<\/a>, Professeur d&rsquo;universit\u00e9 en sciences de l&rsquo;\u00e9ducation<\/li>\n<li><a href=\"http:\/\/efts.univ-tlse2.fr\/accueil\/les-chercheurs\/m-venturini-patrice-53068.kjsp?RH=1317804911498\">Patrice Venturini<\/a>, Professeur d&rsquo;universit\u00e9 en sciences de l&rsquo;\u00e9ducation<\/li>\n<\/ul>\n<p>&nbsp;<\/p>\n<h2><span style=\"color: #99cc00\">Comit\u00e9 d&rsquo;organisation<\/span><\/h2>\n<ul>\n<li><a href=\"http:\/\/efts.univ-tlse2.fr\/accueil\/les-chercheurs\/m-abernot-yvan-219539.kjsp?RH=1317804911498\">Yvan Abernot, <\/a>Professeur d&rsquo;universit\u00e9 en sciences de l&rsquo;\u00e9ducation<\/li>\n<li><a title=\"4 juin : \u00e9criture scientifique\" href=\"https:\/\/blogs.univ-tlse2.fr\/convisciencia\/4-juin-ecriture-scientifique\/\">R\u00e9mi Bonasio, <\/a>Doctorant en sciences de l&rsquo;\u00e9ducation<\/li>\n<li><a href=\"http:\/\/efts.univ-tlse2.fr\/accueil\/les-chercheurs\/mme-carnus-marie-france-119830.kjsp?RH=1317804911498\">Marie-France Carnus,<\/a> Professeur d&rsquo;universit\u00e9 en sciences de l&rsquo;\u00e9ducation<\/li>\n<li><a href=\"http:\/\/efts.univ-tlse2.fr\/accueil\/les-chercheurs\/mme-fabre-isabelle-54710.kjsp?RH=1317804911498\">Isabelle Fabre,<\/a> Ma\u00eetre de conf\u00e9rences en Sciences de l\u2019information et de la communication<\/li>\n<li><a href=\"&#x6d;a&#x69;&#108;t&#x6f;:&#x73;&#x79;l&#x76;&#105;e&#x2e;f&#x65;&#114;n&#x61;&#110;d&#x65;s&#x40;&#101;d&#x75;c&#x61;&#x67;r&#x69;&#46;f&#x72;\">Sylvie Fernandes,<\/a> docteure Responsable administrative<\/li>\n<li><a href=\"http:\/\/efts.univ-tlse2.fr\/accueil\/les-chercheurs\/mme-gardies-cecile-219558.kjsp?RH=1317804911498\">C\u00e9cile Gardies,<\/a> Ma\u00eetre de conf\u00e9rences en Sciences de l\u2019information et de la communication<\/li>\n<li><a href=\"mailto:veronique&#46;gouaze&#64;univ-tlse2&#46;fr\">V\u00e9ronique Gouaz\u00e9,<\/a> SAENES Responsable administrative<\/li>\n<li><a href=\"http:\/\/efts.univ-tlse2.fr\/accueil\/les-chercheurs\/m-grandaty-michel-119718.kjsp?RH=1317804911498\">Michel Grandaty,<\/a> Professeur d&rsquo;universit\u00e9 en sciences de l&rsquo;\u00e9ducation<\/li>\n<li><a href=\"m&#x61;&#x69;l&#116;&#x6f;:&#99;&#x68;r&#105;&#x73;te&#x6c;&#x6c;e&#x2e;&#x68;e&#114;&#x72;a&#117;&#x64;&#64;u&#x6e;&#x69;v&#x2d;&#x74;l&#115;&#x65;2&#46;&#x66;r\">Christelle Herraud,<\/a> IGE Responsable administrative<\/li>\n<li><a href=\"&#x6d;&#x61;&#x69;&#x6c;&#x74;&#x6f;&#58;&#106;eanfra&#x6e;&#x63;&#x6f;&#x69;&#x73;&#x2e;&#109;&#97;rcel&#64;g&#x6d;&#x61;&#x69;&#x6c;&#x2e;&#x63;&#111;&#109;\">Jean-Fran\u00e7ois Marcel,<\/a> Professeur\u00a0l&rsquo;enseignement sup\u00e9rieur agricole en sciences de l&rsquo;\u00e9ducation<\/li>\n<li><a href=\"&#x6d;&#97;i&#x6c;&#x74;o:&#x75;&#109;r&#x2d;&#x65;ft&#x73;&#64;u&#x6e;&#x69;&#118;-&#x74;&#x6c;s&#x65;&#x32;&#46;f&#x72;\">S\u00e9bastien Reynes,<\/a> SAENES responsable administratif<\/li>\n<li><a href=\"http:\/\/efts.univ-tlse2.fr\/accueil\/les-chercheurs\/mme-simonneaux-laurence-219577.kjsp?RH=1317804911498\">Laurence Simonneaux,<\/a> Professeur d&rsquo;universit\u00e9 en sciences de l&rsquo;\u00e9ducation<\/li>\n<li><a href=\"http:\/\/efts.univ-tlse2.fr\/accueil\/les-chercheurs\/mme-trinquier-marie-pierre-53096.kjsp?RH=1317804911498\">Marie-Pierre Trinquier,<\/a> Ma\u00eetre de conf\u00e9rences en sciences de l&rsquo;\u00e9ducation<\/li>\n<li><a href=\"http:\/\/efts.univ-tlse2.fr\/accueil\/les-chercheurs\/m-venturini-patrice-53068.kjsp?RH=1317804911498\">Patrice Venturini,<\/a> Professeur d&rsquo;universit\u00e9 en sciences de l&rsquo;\u00e9ducation<\/li>\n<\/ul>\n<p><span style=\"text-decoration: underline\">Responsables organisationnels :<\/span><\/p>\n<ul>\n<li><a href=\"&#109;&#x61;i&#x6c;t&#111;&#x3a;s&#x65;b&#97;&#x73;t&#x69;e&#x6e;&#x2e;c&#x68;a&#x6c;i&#101;&#x73;&#64;&#x75;n&#105;&#x76;-&#x74;l&#115;&#x65;2&#x2e;f&#x72;\">S\u00e9bastien Chali\u00e8s,<\/a> Ma\u00eetre de conf\u00e9rences en sciences de l&rsquo;\u00e9ducation<\/li>\n<li><a href=\"&#109;&#x61;i&#x6c;t&#111;&#x3a;h&#x65;l&#101;&#x6e;e&#x2e;v&#x65;&#x79;r&#x61;c&#x40;e&#100;&#x75;c&#x61;g&#114;&#x69;&#46;&#x66;r\">H\u00e9l\u00e8ne Veyrac,<\/a> Ma\u00eetre de conf\u00e9rences en ergonomie<\/li>\n<\/ul>\n<p><span style=\"text-decoration: underline\"><br \/>\nPr\u00e9sid\u00e9 par :<\/span><\/p>\n<ul>\n<li><a href=\"&#x6d;&#x61;&#x69;&#x6c;&#x74;&#x6f;&#x3a;&#x6a;&#x65;&#x61;&#x6e;&#x66;&#x72;&#x61;&#x6e;&#x63;&#x6f;&#x69;&#x73;&#x2e;&#x6d;&#x61;&#x72;&#x63;&#x65;&#x6c;&#x40;&#x67;&#x6d;&#x61;&#x69;&#x6c;&#x2e;&#x63;&#x6f;&#x6d;\">Jean-Fran\u00e7ois Marcel,<\/a> Professeur de l&rsquo;enseignement sup\u00e9rieur agricole en sciences de l&rsquo;\u00e9ducation<\/li>\n<\/ul>\n<h2><\/h2>\n<h2><span style=\"color: #99cc00\">Comit\u00e9 scientifique de la journ\u00e9e consacr\u00e9e \u00e0 l&rsquo;\u00e9criture scientifique : <\/span><\/h2>\n<ul>\n<li><a href=\"m&#97;&#x69;&#x6c;to&#58;&#x61;&#x6c;in&#101;&#x2e;&#x61;rr&#x69;&#x65;&#x75;&#64;&#103;&#x6d;&#x61;il&#46;&#x63;&#x6f;m\">Aline Arrieu-Mutel<\/a>, doctorante<\/li>\n<li><a href=\"&#x6d;ai&#x6c;&#116;o&#x3a;&#114;e&#x6d;&#105;&#46;&#x62;&#111;n&#x61;&#x73;i&#x6f;&#x40;l&#x61;&#x70;o&#x73;&#x74;e&#46;&#x6e;&#101;t\">R\u00e9mi Bonasio<\/a>, doctorant<\/li>\n<li><a href=\"&#109;&#x61;&#105;&#x6c;&#116;&#x6f;&#58;&#x64;&#111;&#x6d;&#105;&#x6e;&#105;&#x71;&#117;&#x65;&#46;&#x62;&#114;&#x6f;&#117;&#x73;&#115;&#x61;&#108;&#x40;&#117;&#x6e;&#105;&#x76;&#45;&#x74;&#108;&#x73;&#101;&#x32;&#46;&#x66;&#114;\">Dominique Broussal<\/a>, MCF<\/li>\n<li><a href=\"mail&#116;&#111;&#x3a;&#x69;&#x73;&#x61;&#x62;elle&#46;&#102;&#x61;&#x62;&#x72;&#x65;&#x40;educ&#97;&#103;&#x72;&#x69;&#x2e;&#x66;&#x72;\">Isabelle Fabre<\/a>, MCF<\/li>\n<li><a href=\"mail&#116;&#111;&#x3a;&#x6a;&#x66;&#x69;&#x6a;alko&#64;&#117;&#x6e;&#x69;&#x76;&#x2d;&#x74;lse2&#46;&#102;&#x72;\">Jacques Fijalkow<\/a>, PU \u00e9m\u00e9rite<\/li>\n<li><a href=\"&#x6d;a&#x69;&#108;&#x74;&#x6f;:&#x63;&#101;&#x63;&#x69;l&#x65;&#46;&#x67;&#x61;r&#x64;&#105;&#x65;&#x73;&#64;&#x65;&#100;&#x75;&#x63;a&#x67;&#114;&#x69;&#x2e;f&#x72;\">C\u00e9cile Gardi\u00e8s<\/a>, MCF-HDR<\/li>\n<li><a href=\"&#x6d;&#x61;&#x69;&#108;to:&#x63;&#x68;&#x67;&#x65;&#114;mie&#x72;&#x40;&#x67;&#109;&#97;il&#46;&#x63;&#x6f;&#x6d;\">Christian Germier<\/a>, doctorant<\/li>\n<li><a href=\"&#x6d;&#x61;&#105;&#108;to&#x3a;&#x6a;&#x61;&#118;ier&#x2e;&#x6e;&#x75;&#110;ez&#x2e;&#x6d;&#x40;&#103;&#109;ai&#x6c;&#x2e;&#x63;&#111;m\">Javier Nunez,<\/a> docteur<\/li>\n<li><a href=\"&#109;&#x61;i&#x6c;t&#111;&#x3a;j&#x75;l&#x69;a&#115;&#x61;n&#x6d;a&#x72;&#x74;&#105;&#x6e;&#64;&#x67;m&#97;&#x69;l&#x2e;c&#x6f;m\">Julia San Martin<\/a>, doctorante<\/li>\n<\/ul>\n","protected":false},"excerpt":{"rendered":"<p>Comit\u00e9 scientifique Yvan Abernot, Professeur d&rsquo;universit\u00e9 en sciences de l&rsquo;\u00e9ducation V\u00e9ronique Bedin, Ma\u00eetre de conf\u00e9rences en sciences de l&rsquo;\u00e9ducation Jean-Fran\u00e7ois Marcel, Professeur\u00a0l&rsquo;enseignement sup\u00e9rieur agricole en sciences de l&rsquo;\u00e9ducation Christine Mias,Professeur d&rsquo;universit\u00e9 en sciences de l&rsquo;\u00e9ducation Nathalie Panissal, Ma\u00eetre de conf\u00e9rences en psychologie Alain Piaser, Ma\u00eetre de conf\u00e9rences en sciences de l&rsquo;\u00e9ducation Laurence Simonneaux, Professeur d&rsquo;universit\u00e9 [&hellip;]<\/p>\n","protected":false},"author":196,"featured_media":0,"parent":0,"menu_order":0,"comment_status":"closed","ping_status":"closed","template":"page-templates\/front-page.php","meta":{"footnotes":""},"class_list":["post-94","page","type-page","status-publish","hentry"],"_links":{"self":[{"href":"https:\/\/blogs.univ-tlse2.fr\/convisciencia\/wp-json\/wp\/v2\/pages\/94","targetHints":{"allow":["GET"]}}],"collection":[{"href":"https:\/\/blogs.univ-tlse2.fr\/convisciencia\/wp-json\/wp\/v2\/pages"}],"about":[{"href":"https:\/\/blogs.univ-tlse2.fr\/convisciencia\/wp-json\/wp\/v2\/types\/page"}],"author":[{"embeddable":true,"href":"https:\/\/blogs.univ-tlse2.fr\/convisciencia\/wp-json\/wp\/v2\/users\/196"}],"replies":[{"embeddable":true,"href":"https:\/\/blogs.univ-tlse2.fr\/convisciencia\/wp-json\/wp\/v2\/comments?post=94"}],"version-history":[{"count":11,"href":"https:\/\/blogs.univ-tlse2.fr\/convisciencia\/wp-json\/wp\/v2\/pages\/94\/revisions"}],"predecessor-version":[{"id":741,"href":"https:\/\/blogs.univ-tlse2.fr\/convisciencia\/wp-json\/wp\/v2\/pages\/94\/revisions\/741"}],"wp:attachment":[{"href":"https:\/\/blogs.univ-tlse2.fr\/convisciencia\/wp-json\/wp\/v2\/media?parent=94"}],"curies":[{"name":"wp","href":"https:\/\/api.w.org\/{rel}","templated":true}]}}