 {"id":56,"date":"2011-04-04T09:20:05","date_gmt":"2011-04-04T08:20:05","guid":{"rendered":"https:\/\/blogs.univ-tlse2.fr\/crossroads\/?page_id=56"},"modified":"2012-03-13T14:55:56","modified_gmt":"2012-03-13T13:55:56","slug":"bibliography","status":"publish","type":"page","link":"https:\/\/blogs.univ-tlse2.fr\/crossroads\/bibliography\/","title":{"rendered":"Bibliography"},"content":{"rendered":"<p><span style=\"font-family: Tahoma, sans-serif\">Bird, Jon et al., <em>Mapping the Futures: Local Cultures, Global Change<\/em>, eds. J., London, Routledge, 1993.<\/span><\/p>\n<p><span style=\"font-family: Tahoma, sans-serif\">Cosgrove, Denis,\u00a0<em>Apollo&#8217;s Eye: A Cartographic Genealogy of the Earth in the Western Imagination<\/em>,\u00a0Baltimore and London, John Hopkins University Press, 2001.<br \/>\n<\/span><\/p>\n<p><span style=\"font-family: Tahoma, sans-serif\">Crary, Jonathan,\u00a0<em>Techniques of the Observer: On Vision and Modernity in the Nineteenth Century<\/em>,\u00a0Cambridge, MA, MIT Press.<\/span><\/p>\n<p><span style=\"font-family: Tahoma, sans-serif\">Duncan, J. and Ley, D., eds. <em>Place \/ culture \/ representation<\/em>, London and New York, Routledge, 1993.<\/span><\/p>\n<p><span style=\"color: #000000\"><span style=\"font-family: Tahoma, sans-serif\">Glaudes Pierre, <\/span><\/span><span style=\"font-family: Tahoma, sans-serif\">(sous la dir. de), <\/span><span style=\"font-family: Tahoma, sans-serif\"><em>La repr\u00e9sentation dans la litt\u00e9rature et les arts<\/em><\/span><span style=\"font-family: Tahoma, sans-serif\">, Toulouse, PUM, 2000.<\/span><\/p>\n<p><span style=\"font-family: Tahoma, sans-serif\">Harvey, David,\u00a0<em>Spaces of the Capital: Towards a Critical Geography<\/em>,\u00a0Edinburgh, Edinburgh University Press, 2001.<\/span><\/p>\n<p><span style=\"font-family: Tahoma, sans-serif\">Jean-Louis Tilleuil (sous la dir. de), <em>Th\u00e9ories et lectures de la relation image-texte<\/em>, Cortil-Wodon, E.M.E., 2005.<\/span><\/p>\n<p><span style=\"font-family: Tahoma, sans-serif\">Jean-Pierre Montier, Liliane Louvel, Dani\u00e8le M\u00e9aux et Philippe Ortel (dir.), <em>Litt\u00e9rature et photographie<\/em>, Rennes, PUR, 2008.<\/span><\/p>\n<p><span style=\"font-family: Tahoma, sans-serif\">Lefebvre, Henri, <span style=\"color: #000000\"><em>La Production de l&#8217;espace<\/em><\/span><span style=\"color: #000000\">, Paris, Anthropos, 1974.<\/span><\/span><\/p>\n<p><span style=\"font-family: Tahoma, sans-serif\">Louvel , Liliane, <em>Le tiers pictural : Pour une critique interm\u00e9diale<\/em>, Rennes, PUR, 2010.<\/span><\/p>\n<p><span style=\"font-family: Tahoma, sans-serif\">Marin,\u00a0Louis, <em>Politiques de la repr\u00e9sentation<\/em>, Paris, Kim\u00e9,  2005.<\/span><\/p>\n<p><span style=\"font-family: Tahoma, sans-serif\">Massey, Doreen, <em>For Space<\/em>, London: Sage, 2005.<\/span><\/p>\n<p><span style=\"font-family: Tahoma, sans-serif\">Massey, Doreen, <em>Space, place, and gender<\/em>, Minneapolis, University of Minnesota Press, 1994.<\/span><\/p>\n<p><span style=\"font-family: Tahoma, sans-serif\">Mitchell, W. J. T., <em>Picture Theory<\/em>, Chicago, U of Chicago P, 1994.<\/span><\/p>\n<p><span style=\"font-family: Tahoma, sans-serif\">Praz, Mario, <em>Mn\u00e9mosyne. Parall\u00e8le entre litt\u00e9rature et arts plastiques<\/em>, Paris, Salvy, 1986.<\/span><\/p>\n<p><span style=\"font-family: Tahoma, sans-serif\">Soja, Edward,\u00a0\u00a0<em>Postmetropolis : Critical Studies of Cities and Regions<\/em>, Oxford, Basil Blackwell, 2000.<\/span><\/p>\n<p><span style=\"font-family: Tahoma, sans-serif\">Soja, Edward,\u00a0\u00a0<em>Thirdspace : Journeys to Los Angeles and Other Real-and-Imagined Places<\/em>, Oxford, Basil Blackwell.\u00a0 1996.<\/span><\/p>\n","protected":false},"excerpt":{"rendered":"<p>Bird, Jon et al., Mapping the Futures: Local Cultures, Global Change, eds. J., London, Routledge, 1993. Cosgrove, Denis,\u00a0Apollo&#8217;s Eye: A Cartographic Genealogy of the Earth in the Western Imagination,\u00a0Baltimore and London, John Hopkins University Press, 2001. Crary, Jonathan,\u00a0Techniques of the &hellip; <a href=\"https:\/\/blogs.univ-tlse2.fr\/crossroads\/bibliography\/\">Continue reading <span class=\"meta-nav\">&rarr;<\/span><\/a><\/p>\n","protected":false},"author":63,"featured_media":0,"parent":0,"menu_order":0,"comment_status":"closed","ping_status":"closed","template":"","meta":{"footnotes":""},"class_list":["post-56","page","type-page","status-publish","hentry"],"_links":{"self":[{"href":"https:\/\/blogs.univ-tlse2.fr\/crossroads\/wp-json\/wp\/v2\/pages\/56","targetHints":{"allow":["GET"]}}],"collection":[{"href":"https:\/\/blogs.univ-tlse2.fr\/crossroads\/wp-json\/wp\/v2\/pages"}],"about":[{"href":"https:\/\/blogs.univ-tlse2.fr\/crossroads\/wp-json\/wp\/v2\/types\/page"}],"author":[{"embeddable":true,"href":"https:\/\/blogs.univ-tlse2.fr\/crossroads\/wp-json\/wp\/v2\/users\/63"}],"replies":[{"embeddable":true,"href":"https:\/\/blogs.univ-tlse2.fr\/crossroads\/wp-json\/wp\/v2\/comments?post=56"}],"version-history":[{"count":6,"href":"https:\/\/blogs.univ-tlse2.fr\/crossroads\/wp-json\/wp\/v2\/pages\/56\/revisions"}],"predecessor-version":[{"id":69,"href":"https:\/\/blogs.univ-tlse2.fr\/crossroads\/wp-json\/wp\/v2\/pages\/56\/revisions\/69"}],"wp:attachment":[{"href":"https:\/\/blogs.univ-tlse2.fr\/crossroads\/wp-json\/wp\/v2\/media?parent=56"}],"curies":[{"name":"wp","href":"https:\/\/api.w.org\/{rel}","templated":true}]}}