 {"id":87,"date":"2012-04-25T14:08:12","date_gmt":"2012-04-25T13:08:12","guid":{"rendered":"https:\/\/blogs.univ-tlse2.fr\/crossroads\/?page_id=87"},"modified":"2012-04-25T14:08:12","modified_gmt":"2012-04-25T13:08:12","slug":"sightseeing","status":"publish","type":"page","link":"https:\/\/blogs.univ-tlse2.fr\/crossroads\/sightseeing\/","title":{"rendered":"Sightseeing"},"content":{"rendered":"<p>Here are a few links and information about Toulouse !<\/p>\n<p><a href=\"http:\/\/www.worldtravelguide.net\/toulouse\/things-to-see\">Things To See<\/a><\/p>\n<p><a href=\"http:\/\/www.toulouse.fr\" target=\"_blank\">Toulouse.fr<\/a><\/p>\n<p>Place to eat and\/or have a drink :<\/p>\n<p><a href=\"http:\/\/maps.google.fr\/maps\/place?hl=fr&amp;rlz=1C1ASUT_frFR479FR480&amp;prmd=imvns&amp;bav=on.2,or.r_gc.r_pw.r_cp.r_qf.,cf.osb&amp;biw=1366&amp;bih=653&amp;um=1&amp;ie=UTF-8&amp;q=la+popote+de+s%C3%A9bastien&amp;fb=1&amp;gl=fr&amp;hq=la+popote+de+s%C3%A9bastien&amp;hnear=0x12aebb6fec7552ff:0x406f69c2f411030,Toulouse&amp;cid=18076726482488467429\" target=\"_blank\">La Popote de S\u00e9bastien<\/a><\/p>\n<p><a href=\"http:\/\/maps.google.fr\/maps\/place?rlz=1C1ASUT_frFR479FR480&amp;um=1&amp;ie=UTF-8&amp;q=le+delicatessen+toulouse&amp;fb=1&amp;gl=fr&amp;hq=le+delicatessen&amp;hnear=0x12aebb6fec7552ff:0x406f69c2f411030,Toulouse&amp;cid=5676365518571893592\" target=\"_blank\">Le D\u00e9licatessen<\/a><\/p>\n<p><a href=\"http:\/\/www.bol-bu.com\/\" target=\"_blank\">Le Bol Bu<\/a><\/p>\n<p><a href=\"http:\/\/www.filalaune.com\/\" target=\"_blank\">Le Fil \u00e0 la Une<\/a><\/p>\n<p><a href=\"http:\/\/www.letranchoir.fr\/\" target=\"_blank\">Le Tranchoir<\/a><\/p>\n<p><a href=\"http:\/\/pizza-lopez.blogspot.fr\/\" target=\"_blank\">Pizza Lopez<\/a><\/p>\n<p><a href=\"http:\/\/www.cityvox.fr\/restaurants_toulouse\/la-gouaille_95712\/Profil-Lieu\" target=\"_blank\">La Gouaille<\/a><\/p>\n","protected":false},"excerpt":{"rendered":"<p>Here are a few links and information about Toulouse ! Things To See Toulouse.fr Place to eat and\/or have a drink : La Popote de S\u00e9bastien Le D\u00e9licatessen Le Bol Bu Le Fil \u00e0 la Une Le Tranchoir Pizza Lopez &hellip; <a href=\"https:\/\/blogs.univ-tlse2.fr\/crossroads\/sightseeing\/\">Continue reading <span class=\"meta-nav\">&rarr;<\/span><\/a><\/p>\n","protected":false},"author":98,"featured_media":0,"parent":0,"menu_order":0,"comment_status":"closed","ping_status":"closed","template":"","meta":{"footnotes":""},"class_list":["post-87","page","type-page","status-publish","hentry"],"_links":{"self":[{"href":"https:\/\/blogs.univ-tlse2.fr\/crossroads\/wp-json\/wp\/v2\/pages\/87","targetHints":{"allow":["GET"]}}],"collection":[{"href":"https:\/\/blogs.univ-tlse2.fr\/crossroads\/wp-json\/wp\/v2\/pages"}],"about":[{"href":"https:\/\/blogs.univ-tlse2.fr\/crossroads\/wp-json\/wp\/v2\/types\/page"}],"author":[{"embeddable":true,"href":"https:\/\/blogs.univ-tlse2.fr\/crossroads\/wp-json\/wp\/v2\/users\/98"}],"replies":[{"embeddable":true,"href":"https:\/\/blogs.univ-tlse2.fr\/crossroads\/wp-json\/wp\/v2\/comments?post=87"}],"version-history":[{"count":1,"href":"https:\/\/blogs.univ-tlse2.fr\/crossroads\/wp-json\/wp\/v2\/pages\/87\/revisions"}],"predecessor-version":[{"id":88,"href":"https:\/\/blogs.univ-tlse2.fr\/crossroads\/wp-json\/wp\/v2\/pages\/87\/revisions\/88"}],"wp:attachment":[{"href":"https:\/\/blogs.univ-tlse2.fr\/crossroads\/wp-json\/wp\/v2\/media?parent=87"}],"curies":[{"name":"wp","href":"https:\/\/api.w.org\/{rel}","templated":true}]}}