 {"id":83,"date":"2020-04-07T23:05:43","date_gmt":"2020-04-07T21:05:43","guid":{"rendered":"https:\/\/blogs.univ-tlse2.fr\/culturenumeriquecpe\/?page_id=83"},"modified":"2020-06-06T11:49:45","modified_gmt":"2020-06-06T09:49:45","slug":"a-propos","status":"publish","type":"page","link":"https:\/\/blogs.univ-tlse2.fr\/culturenumeriquecpe\/a-propos\/","title":{"rendered":"A propos"},"content":{"rendered":"\n<p>Cet espace est aliment\u00e9 par les \u00e9tudiants de M2 MEEF Encadrement Educatif parcours CPE de <a href=\"https:\/\/inspe.univ-toulouse.fr\/accueil-\/navigation\/formation\/master-meef-mention-encadrement-educatif-116631.kjsp\">l&rsquo;INSPE Toulouse Occitanie Pyr\u00e9n\u00e9es<\/a>, dans le cadre de leur formation au num\u00e9rique. Il constitue l&rsquo;une des modalit\u00e9s d&rsquo;\u00e9valuation propos\u00e9es dans le cadre de cette formation.<\/p>\n\n\n\n<p>D\u00e9but\u00e9 au cours du second semestre 2020, ce site est un blog collaboratif \u00e0 destination des CPE, recensant des outils num\u00e9riques pouvant \u00eatre utiles aux CPE dans le cadre de leurs missions. Il n&rsquo;est pas exhaustif et s&rsquo;enrichit chaque ann\u00e9e des propositions des \u00e9tudiants;<\/p>\n\n\n\n<p>Suivez-nous sur Twitter #MEEF_Encadrement_Educatif_CPE_Toulouse @MEEF_CPE_Tlse<\/p>\n","protected":false},"excerpt":{"rendered":"<p>Cet espace est aliment\u00e9 par les \u00e9tudiants de M2 MEEF Encadrement Educatif parcours CPE de l&rsquo;INSPE Toulouse Occitanie Pyr\u00e9n\u00e9es, dans le cadre de leur formation au num\u00e9rique. Il constitue l&rsquo;une des modalit\u00e9s d&rsquo;\u00e9valuation propos\u00e9es dans le cadre de cette formation. D\u00e9but\u00e9 au cours du second semestre 2020, ce site est un blog collaboratif \u00e0 destination [&hellip;]<\/p>\n","protected":false},"author":727,"featured_media":0,"parent":0,"menu_order":0,"comment_status":"closed","ping_status":"closed","template":"","meta":{"footnotes":""},"class_list":["post-83","page","type-page","status-publish","hentry"],"_links":{"self":[{"href":"https:\/\/blogs.univ-tlse2.fr\/culturenumeriquecpe\/wp-json\/wp\/v2\/pages\/83","targetHints":{"allow":["GET"]}}],"collection":[{"href":"https:\/\/blogs.univ-tlse2.fr\/culturenumeriquecpe\/wp-json\/wp\/v2\/pages"}],"about":[{"href":"https:\/\/blogs.univ-tlse2.fr\/culturenumeriquecpe\/wp-json\/wp\/v2\/types\/page"}],"author":[{"embeddable":true,"href":"https:\/\/blogs.univ-tlse2.fr\/culturenumeriquecpe\/wp-json\/wp\/v2\/users\/727"}],"replies":[{"embeddable":true,"href":"https:\/\/blogs.univ-tlse2.fr\/culturenumeriquecpe\/wp-json\/wp\/v2\/comments?post=83"}],"version-history":[{"count":5,"href":"https:\/\/blogs.univ-tlse2.fr\/culturenumeriquecpe\/wp-json\/wp\/v2\/pages\/83\/revisions"}],"predecessor-version":[{"id":928,"href":"https:\/\/blogs.univ-tlse2.fr\/culturenumeriquecpe\/wp-json\/wp\/v2\/pages\/83\/revisions\/928"}],"wp:attachment":[{"href":"https:\/\/blogs.univ-tlse2.fr\/culturenumeriquecpe\/wp-json\/wp\/v2\/media?parent=83"}],"curies":[{"name":"wp","href":"https:\/\/api.w.org\/{rel}","templated":true}]}}