 {"id":2,"date":"2016-11-29T13:46:05","date_gmt":"2016-11-29T12:46:05","guid":{"rendered":"https:\/\/blogs.univ-tlse2.fr\/dam-histoire-art\/?page_id=2"},"modified":"2017-11-24T09:51:30","modified_gmt":"2017-11-24T08:51:30","slug":"page-d-exemple","status":"publish","type":"page","link":"https:\/\/blogs.univ-tlse2.fr\/dam-histoire-art\/","title":{"rendered":"Publier"},"content":{"rendered":"<p><strong>Cahier des charges :\u00a0<\/strong><\/p>\n<p>voir tutoriel ci-dessous pour publier :<\/p>\n<p><a href=\"https:\/\/blogs.univ-tlse2.fr\/dam-histoire-art\/files\/2016\/11\/tutoriel-article-blog.pdf\" target=\"_blank\" rel=\"noopener\">tutoriel-article-blog (nouvel onglet)<\/a><\/p>\n<ul>\n<li>Par bin\u00f4me, vous choisissez 2 artistes diff\u00e9rents pour 2 mouvements diff\u00e9rents et vous r\u00e9digez une notice biographique synth\u00e9tique, et pr\u00e9sentez 3 exemples embl\u00e9matiques de l&rsquo;oeuvre de l&rsquo;artiste, en lien avec le (ou les) mouvement(s) auquel il a pris part.<\/li>\n<li>Chaque bin\u00f4me \u00e9labore \u00a02 articles brefs relatifs \u00e0\u00a02 p\u00e9riodes diff\u00e9rentes et publie 6 illustrations en tout. Il faut taguer chaque article \u00ab\u00a0artiste\u00a0\u00bb en fonction de la cat\u00e9gorie du menu \u00ab\u00a0mouvements\u00a0\u00bb ou \u00ab\u00a0p\u00e9riode\u00a0\u00bb \u00e0 laquelle vous voulez renvoyer.<\/li>\n<li>Chacun est responsable de ce qu&rsquo;il publie.<\/li>\n<li>Les bin\u00f4mes doivent se concerter pour :\n<ul>\n<li>corriger les erreurs de frappe,<\/li>\n<li>v\u00e9rifier la fiabilit\u00e9 des informations,<\/li>\n<li>choisir des sources fiables et les mentionner en clair (bibliographie + encyclopedia universalis (ENT) + sites web des mus\u00e9es, etc.).<\/li>\n<\/ul>\n<\/li>\n<\/ul>\n<p><strong>Les contenus :\u00a0<\/strong><\/p>\n<ul>\n<li>Illustrations :\n<ul>\n<li>\u00a03 oeuvres embl\u00e9matiques avec l&rsquo;une d&rsquo;elles en \u00ab\u00a0une\u00a0\u00bb de l&rsquo;article (\u00ab\u00a0d\u00e9finir l&rsquo;image mise en avant\u00a0\u00bb\u00e0. Dans l&rsquo;article, pour chaque reproduction d&rsquo;oeuvre, pr\u00e9ciser :\n<ul>\n<li>Auteur<\/li>\n<li>Titre<\/li>\n<li>Date<\/li>\n<li>Dimensions<\/li>\n<li>Mat\u00e9riaux<\/li>\n<li>Lieu de conservation<\/li>\n<\/ul>\n<\/li>\n<\/ul>\n<\/li>\n<li>Rubriques de textes pour les mouvements \u00a0:\n<ul>\n<li>Lieux et p\u00e9riodes<\/li>\n<li>Principe g\u00e9n\u00e9ral et d\u00e9finition<\/li>\n<li>Les acteurs majeurs (artistes ou th\u00e9oriciens, institutions, etc.)<\/li>\n<\/ul>\n<\/li>\n<\/ul>\n","protected":false},"excerpt":{"rendered":"<p>Cahier des charges :\u00a0 voir tutoriel ci-dessous pour publier : tutoriel-article-blog (nouvel onglet) Par bin\u00f4me, vous choisissez 2 artistes diff\u00e9rents pour 2 mouvements diff\u00e9rents et vous r\u00e9digez une notice biographique synth\u00e9tique, et pr\u00e9sentez 3 exemples embl\u00e9matiques de l&rsquo;oeuvre de l&rsquo;artiste,&hellip;<\/p>\n<p class=\"more-link-p\"><a class=\"more-link\" href=\"https:\/\/blogs.univ-tlse2.fr\/dam-histoire-art\/\">Read more &rarr;<\/a><\/p>\n","protected":false},"author":308,"featured_media":0,"parent":0,"menu_order":0,"comment_status":"closed","ping_status":"closed","template":"","meta":{"footnotes":""},"class_list":["post-2","page","type-page","status-publish","hentry"],"_links":{"self":[{"href":"https:\/\/blogs.univ-tlse2.fr\/dam-histoire-art\/wp-json\/wp\/v2\/pages\/2","targetHints":{"allow":["GET"]}}],"collection":[{"href":"https:\/\/blogs.univ-tlse2.fr\/dam-histoire-art\/wp-json\/wp\/v2\/pages"}],"about":[{"href":"https:\/\/blogs.univ-tlse2.fr\/dam-histoire-art\/wp-json\/wp\/v2\/types\/page"}],"author":[{"embeddable":true,"href":"https:\/\/blogs.univ-tlse2.fr\/dam-histoire-art\/wp-json\/wp\/v2\/users\/308"}],"replies":[{"embeddable":true,"href":"https:\/\/blogs.univ-tlse2.fr\/dam-histoire-art\/wp-json\/wp\/v2\/comments?post=2"}],"version-history":[{"count":9,"href":"https:\/\/blogs.univ-tlse2.fr\/dam-histoire-art\/wp-json\/wp\/v2\/pages\/2\/revisions"}],"predecessor-version":[{"id":576,"href":"https:\/\/blogs.univ-tlse2.fr\/dam-histoire-art\/wp-json\/wp\/v2\/pages\/2\/revisions\/576"}],"wp:attachment":[{"href":"https:\/\/blogs.univ-tlse2.fr\/dam-histoire-art\/wp-json\/wp\/v2\/media?parent=2"}],"curies":[{"name":"wp","href":"https:\/\/api.w.org\/{rel}","templated":true}]}}