 {"id":51,"date":"2016-11-29T23:00:49","date_gmt":"2016-11-29T22:00:49","guid":{"rendered":"https:\/\/blogs.univ-tlse2.fr\/dam-histoire-art\/?page_id=51"},"modified":"2016-11-29T23:01:55","modified_gmt":"2016-11-29T22:01:55","slug":"presentation","status":"publish","type":"page","link":"https:\/\/blogs.univ-tlse2.fr\/dam-histoire-art\/page-d-exemple\/presentation\/","title":{"rendered":"Pr\u00e9sentation"},"content":{"rendered":"<p>Ce blog est destin\u00e9 aux \u00e9tudiants des licences professionnelles \u00ab\u00a0\u00e9dition\u00a0\u00bb; \u00ab\u00a0\u00e9dition num\u00e9rique\u00a0\u00bb et \u00ab\u00a0librairie\u00a0\u00bb.<\/p>\n<p>Les articles, r\u00e9dig\u00e9s de fa\u00e7on collaborative, pr\u00e9sentent de courtes synth\u00e8ses autour\u00a0des grands mouvements des arts visuels (hors cin\u00e9ma) du XX\u00e8me si\u00e8cle.\u00a0Ils visent \u00e0 mutualiser les savoirs et permettent de construire ou d&rsquo;\u00e9largir la culture commune dans le cours d&rsquo;introduction \u00e0 l&rsquo;histoire de l&rsquo;art.<\/p>\n","protected":false},"excerpt":{"rendered":"<p>Ce blog est destin\u00e9 aux \u00e9tudiants des licences professionnelles \u00ab\u00a0\u00e9dition\u00a0\u00bb; \u00ab\u00a0\u00e9dition num\u00e9rique\u00a0\u00bb et \u00ab\u00a0librairie\u00a0\u00bb. Les articles, r\u00e9dig\u00e9s de fa\u00e7on collaborative, pr\u00e9sentent de courtes synth\u00e8ses autour\u00a0des grands mouvements des arts visuels (hors cin\u00e9ma) du XX\u00e8me si\u00e8cle.\u00a0Ils visent \u00e0 mutualiser les savoirs&hellip;<\/p>\n<p class=\"more-link-p\"><a class=\"more-link\" href=\"https:\/\/blogs.univ-tlse2.fr\/dam-histoire-art\/page-d-exemple\/presentation\/\">Read more &rarr;<\/a><\/p>\n","protected":false},"author":308,"featured_media":0,"parent":2,"menu_order":0,"comment_status":"closed","ping_status":"closed","template":"","meta":{"footnotes":""},"class_list":["post-51","page","type-page","status-publish","hentry"],"_links":{"self":[{"href":"https:\/\/blogs.univ-tlse2.fr\/dam-histoire-art\/wp-json\/wp\/v2\/pages\/51","targetHints":{"allow":["GET"]}}],"collection":[{"href":"https:\/\/blogs.univ-tlse2.fr\/dam-histoire-art\/wp-json\/wp\/v2\/pages"}],"about":[{"href":"https:\/\/blogs.univ-tlse2.fr\/dam-histoire-art\/wp-json\/wp\/v2\/types\/page"}],"author":[{"embeddable":true,"href":"https:\/\/blogs.univ-tlse2.fr\/dam-histoire-art\/wp-json\/wp\/v2\/users\/308"}],"replies":[{"embeddable":true,"href":"https:\/\/blogs.univ-tlse2.fr\/dam-histoire-art\/wp-json\/wp\/v2\/comments?post=51"}],"version-history":[{"count":1,"href":"https:\/\/blogs.univ-tlse2.fr\/dam-histoire-art\/wp-json\/wp\/v2\/pages\/51\/revisions"}],"predecessor-version":[{"id":52,"href":"https:\/\/blogs.univ-tlse2.fr\/dam-histoire-art\/wp-json\/wp\/v2\/pages\/51\/revisions\/52"}],"up":[{"embeddable":true,"href":"https:\/\/blogs.univ-tlse2.fr\/dam-histoire-art\/wp-json\/wp\/v2\/pages\/2"}],"wp:attachment":[{"href":"https:\/\/blogs.univ-tlse2.fr\/dam-histoire-art\/wp-json\/wp\/v2\/media?parent=51"}],"curies":[{"name":"wp","href":"https:\/\/api.w.org\/{rel}","templated":true}]}}