 {"id":95,"date":"2016-11-30T09:33:59","date_gmt":"2016-11-30T08:33:59","guid":{"rendered":"https:\/\/blogs.univ-tlse2.fr\/dam-histoire-art\/?page_id=95"},"modified":"2016-11-30T09:33:59","modified_gmt":"2016-11-30T08:33:59","slug":"bibliographie","status":"publish","type":"page","link":"https:\/\/blogs.univ-tlse2.fr\/dam-histoire-art\/page-d-exemple\/bibliographie\/","title":{"rendered":"Bibliographie"},"content":{"rendered":"<ul>\n<li><strong>Ouvrages g\u00e9n\u00e9raux<\/strong><\/li>\n<\/ul>\n<p>&nbsp;<\/p>\n<p>Philippe Dagen et Fran\u00e7oise Hamon, <em>\u00c9poque contemporaine<\/em><em>\u202f<\/em><em>:\u00a0 XIXe-XXIe si\u00e8cles<\/em>, [Nouvelle \u00e9d, Paris, Flammarion, 2011, 627\u00a0p., (\u00ab\u00a0Histoire de l\u2019art\u00a0\u00bb, [4).<\/p>\n<p>Jean-Louis Ferrier, <em>L\u2019aventure de l\u2019art au XIXe si\u00e8cle<\/em>, Paris, Ch\u00eane, 2003, 925\u00a0p.<\/p>\n<p>Federico Poletti, <em>L\u2019art au XXe si\u00e8cle ,\u00a0 I<\/em><em>\u202f<\/em><em>:\u00a0 Les avant-gardes<\/em>, trad. Dominique F\u00e9rault, Paris, Hazan, 2006, 383\u00a0p., (\u00ab\u00a0Guide des arts\u00a0\u00bb).<\/p>\n<p>Marco Meneguzzo, <em>L\u2019art au XXe si\u00e8cle ,\u00a0 II<\/em><em>\u202f<\/em><em>:\u00a0 L\u2019art contemporain<\/em>, trad. Dominique F\u00e9rault, Paris, Hazan, 2007, 383\u00a0p., (\u00ab\u00a0Guide des arts\u00a0\u00bb).<\/p>\n<p>&nbsp;<\/p>\n<ul>\n<li><strong>Mouvements<\/strong><\/li>\n<\/ul>\n<p><em>Aux origines de l\u2019abstraction, 1800-1914<\/em>, catalogue de l\u2019exposition, Mus\u00e9e d\u2019Orsay, Paris, RMN, 2004.<\/p>\n<p>Camilla Gray, <em>L\u2019avant-garde russe dans l\u2019art moderne<\/em>, Paris-Londres, Thames &amp; Hudson, 2003.<\/p>\n<p>Kenneth E. Silver<em>, Vers le retour \u00e0 l\u2019ordre<\/em>. <em>L\u2019avant-garde parisienne et la premi\u00e8re guerre mondiale<\/em>, Paris, Flammarion, 1991.<\/p>\n<p><em>Les r\u00e9alismes, <\/em>catalogue de l\u2019exposition, Paris, MNAM Centre Georges Pompidou, 1980.<\/p>\n<p><em>Dada<\/em>, catalogue de l\u2019exposition, Paris, MNAM Centre Georges Pompidou, 2005.<\/p>\n<p>Ren\u00e9 Passeron, <em>Histoire de la peinture surr\u00e9aliste<\/em>, (1968), Paris Le livre de poche, 1991.<\/p>\n<p>Michel Seuphor<em>, L\u2019art abstrait<\/em>, Paris, Maeght, 1974-1988, 5 vol.<\/p>\n<p>Lionel Richard<em>, Le Bauhaus, \u00e9cole du design<\/em>, Paris, Somogy, 1985.<\/p>\n","protected":false},"excerpt":{"rendered":"<p>Ouvrages g\u00e9n\u00e9raux &nbsp; Philippe Dagen et Fran\u00e7oise Hamon, \u00c9poque contemporaine\u202f:\u00a0 XIXe-XXIe si\u00e8cles, [Nouvelle \u00e9d, Paris, Flammarion, 2011, 627\u00a0p., (\u00ab\u00a0Histoire de l\u2019art\u00a0\u00bb, [4). Jean-Louis Ferrier, L\u2019aventure de l\u2019art au XIXe si\u00e8cle, Paris, Ch\u00eane, 2003, 925\u00a0p. Federico Poletti, L\u2019art au XXe si\u00e8cle&hellip;<\/p>\n<p class=\"more-link-p\"><a class=\"more-link\" href=\"https:\/\/blogs.univ-tlse2.fr\/dam-histoire-art\/page-d-exemple\/bibliographie\/\">Read more &rarr;<\/a><\/p>\n","protected":false},"author":308,"featured_media":0,"parent":2,"menu_order":0,"comment_status":"closed","ping_status":"closed","template":"","meta":{"footnotes":""},"class_list":["post-95","page","type-page","status-publish","hentry"],"_links":{"self":[{"href":"https:\/\/blogs.univ-tlse2.fr\/dam-histoire-art\/wp-json\/wp\/v2\/pages\/95","targetHints":{"allow":["GET"]}}],"collection":[{"href":"https:\/\/blogs.univ-tlse2.fr\/dam-histoire-art\/wp-json\/wp\/v2\/pages"}],"about":[{"href":"https:\/\/blogs.univ-tlse2.fr\/dam-histoire-art\/wp-json\/wp\/v2\/types\/page"}],"author":[{"embeddable":true,"href":"https:\/\/blogs.univ-tlse2.fr\/dam-histoire-art\/wp-json\/wp\/v2\/users\/308"}],"replies":[{"embeddable":true,"href":"https:\/\/blogs.univ-tlse2.fr\/dam-histoire-art\/wp-json\/wp\/v2\/comments?post=95"}],"version-history":[{"count":1,"href":"https:\/\/blogs.univ-tlse2.fr\/dam-histoire-art\/wp-json\/wp\/v2\/pages\/95\/revisions"}],"predecessor-version":[{"id":96,"href":"https:\/\/blogs.univ-tlse2.fr\/dam-histoire-art\/wp-json\/wp\/v2\/pages\/95\/revisions\/96"}],"up":[{"embeddable":true,"href":"https:\/\/blogs.univ-tlse2.fr\/dam-histoire-art\/wp-json\/wp\/v2\/pages\/2"}],"wp:attachment":[{"href":"https:\/\/blogs.univ-tlse2.fr\/dam-histoire-art\/wp-json\/wp\/v2\/media?parent=95"}],"curies":[{"name":"wp","href":"https:\/\/api.w.org\/{rel}","templated":true}]}}