 {"id":12,"date":"2016-07-13T20:53:55","date_gmt":"2016-07-13T18:53:55","guid":{"rendered":"https:\/\/blogs.univ-tlse2.fr\/dejanstosic\/?page_id=12"},"modified":"2025-09-28T17:53:57","modified_gmt":"2025-09-28T15:53:57","slug":"home","status":"publish","type":"page","link":"https:\/\/blogs.univ-tlse2.fr\/dejanstosic\/","title":{"rendered":"Bienvenue"},"content":{"rendered":"\n<p>Je suis Professeur des universit\u00e9s au&nbsp;<a href=\"https:\/\/sciences-du-langage.univ-tlse2.fr\">D\u00e9partement de Sciences du langage<\/a>, \u00e0 l&rsquo;Universit\u00e9 Toulouse Jean Jaur\u00e8s et membre&nbsp;du&nbsp;<a href=\"https:\/\/clle.univ-tlse2.fr\" target=\"blank\" rel=\"noopener noreferrer\">Laboratoire CLLE<\/a>&nbsp;(UMR 5263 du CNRS).<\/p>\n\n\n\n<hr class=\"wp-block-separator has-alpha-channel-opacity\" \/>\n\n\n\n<h2 class=\"wp-block-heading center\" id=\"themes\">Th\u00e8mes de recherche<\/h2>\n\n\n\n<ul class=\"wp-block-list\">\n<li>S\u00e9mantique de l&rsquo;espace<\/li>\n\n\n\n<li>Expression de la mani\u00e8re dans la langue<\/li>\n\n\n\n<li>S\u00e9mantique des pr\u00e9positions<\/li>\n\n\n\n<li>S\u00e9mantique nominale<\/li>\n\n\n\n<li>Polys\u00e9mie lexicale et grammaticale<\/li>\n\n\n\n<li>Comparaison des langues<\/li>\n\n\n\n<li>Langues, langage, cognition<\/li>\n<\/ul>\n\n\n\n<p class=\"has-text-align-right\"><a href=\"https:\/\/blogs.univ-tlse2.fr\/dejanstosic\/recherche\/\">Plus de d\u00e9tails&#8230;<\/a><\/p>\n\n\n\n<hr class=\"wp-block-separator has-alpha-channel-opacity\" \/>\n\n\n\n<h2 class=\"wp-block-heading\">Principales responsabilit\u00e9s<\/h2>\n\n\n\n<ul class=\"wp-block-list\">\n<li>Directeur du <a href=\"https:\/\/sciences-du-langage.univ-tlse2.fr\" target=\"_blank\" rel=\"noopener noreferrer\">D\u00e9partement de Sciences du langage<\/a>, Universit\u00e9 de Toulouse Jean Jaur\u00e8s (depuis septembre 2025)<\/li>\n\n\n\n<li>Directeur adjoint du <a href=\"https:\/\/sciences-du-langage.univ-tlse2.fr\" target=\"_blank\" rel=\"noopener noreferrer\">D\u00e9partement de Sciences du langage<\/a>, Universit\u00e9 de Toulouse Jean Jaur\u00e8s (septembre 2024 &#8211; septembre 2025)<\/li>\n\n\n\n<li>Responsable de la <em><strong>Mention Master Sciences du langage<\/strong><\/em>, Universit\u00e9 de Toulouse Jean Jaur\u00e8s (septembre 2023 &#8211; octobre 2025)<\/li>\n\n\n\n<li>Membre de la <em><strong>Commission Valorisation de l\u2019UT2J<\/strong><\/em>, repr\u00e9sentant du Laboratoire CLLE (depuis 2023)<\/li>\n\n\n\n<li>Membre du <em><strong>Conseil de la Maison de l\u2019Image et du Num\u00e9rique<\/strong><\/em> de l\u2019UT2J, repr\u00e9sentant de l\u2019UFR LLCER (depuis 2021)<\/li>\n\n\n\n<li>Membre \u00e9lu du <em><strong>Coll\u00e8ge scientifique qualifi\u00e9<\/strong><\/em> (<strong><em>CSQ<\/em><\/strong>) de la 7\u00e8me Section, \u00e0 l\u2019Universit\u00e9 Toulouse Jean Jaur\u00e8s (depuis 2024)<\/li>\n\n\n\n<li>Membre \u00e9lu du <em><strong>Conseil du D\u00e9partement de Sciences du langage<\/strong><\/em>, Universit\u00e9 de Toulouse Jean Jaur\u00e8s (depuis 2015)<\/li>\n\n\n\n<li>Co-responsable de la <em><strong><a href=\"https:\/\/clle.univ-tlse2.fr\/accueil\/sciences-du-langage\/occitan-langues-romanes-langues-deurope-decrire-formaliser-outiller-comparer\">Th\u00e9matique OCRE<\/a><\/strong><\/em> (<em>Occitan, langues Romanes, langues d&rsquo;Europe : d\u00e9crire, formaliser, outiller, comparer<\/em>) de l\u2019<strong>\u00c9quipe<\/strong> <em><strong>Langues et Langage<\/strong><\/em>, du laboratoire CLLE (UMR 5263 CNRS &amp; UT2J) (depuis 2021)<\/li>\n\n\n\n<li>Membre des comit\u00e9s de r\u00e9daction des revues <strong><em>Langages<\/em><\/strong> (depuis f\u00e9vrier 2022), <strong><em>Lexique<\/em><\/strong> (depuis mars 2022) et<em><strong> Annals of the Faculty of Philology<\/strong><\/em> (depuis juin 2021)<\/li>\n<\/ul>\n\n\n\n<hr class=\"wp-block-separator has-alpha-channel-opacity\" \/>\n\n\n\n<h2 class=\"wp-block-heading\">Parcours professionnel<\/h2>\n\n\n\n<p>sept. 2022 =&gt; &#8211; Professeur des universit\u00e9s au&nbsp;<a href=\"https:\/\/sciences-du-langage.univ-tlse2.fr\" target=\"_blank\" rel=\"noopener noreferrer\">D\u00e9partement de Sciences du langage<\/a>, Universit\u00e9 de Toulouse Jean Jaur\u00e8s.<\/p>\n\n\n\n<p class=\"justify\">sept. 2013 =&gt; &#8211; Ma\u00eetre de conf\u00e9rences au&nbsp;D\u00e9partement de Sciences du langage, Universit\u00e9 de Toulouse Jean Jaur\u00e8s.<\/p>\n\n\n\n<p class=\"justify\">f\u00e9v. 2006-ao\u00fbt 2013 &#8211; Ma\u00eetre de conf\u00e9rences en linguistique fran\u00e7aise et g\u00e9n\u00e9rale \u00e0 l&rsquo;UFR de Lettres et Arts, Universit\u00e9 d&rsquo;Artois, Arras.<\/p>\n\n\n\n<p class=\"justify\">f\u00e9v. 2003-janv. 2006 &#8211; ATER en linguistique \u00e0 l&rsquo;UFR de Lettres et Arts, Universit\u00e9 d&rsquo;Artois, Arras.<\/p>\n\n\n\n<hr class=\"wp-block-separator has-alpha-channel-opacity\" \/>\n\n\n\n<h2 class=\"wp-block-heading\">Cursus universitaire<\/h2>\n\n\n\n<p class=\"justify\"><strong>2020 &#8211; Habilitation \u00e0 diriger des recherches (HDR)<\/strong>, soutenue le 19 juin 2020, \u00e0&nbsp; l&rsquo;Universit\u00e9 Toulouse Jean Jaur\u00e8s.<\/p>\n\n\n\n<p>Titre de l&rsquo;HDR:\u00a0<em>La polys\u00e9mie au c\u0153ur de la langue\u00a0: \u00e9tudes autour de la triade forme, sens, concept<\/em><\/p>\n\n\n\n<p>Composition du jury:\u00a0M. Richard HUYGHE (rapporteur, Universit\u00e9 de Fribourg),<br>M. Ludo MELIS (rapporteur, K.U. Leuven),\u00a0Mme St\u00e9phane ROBERT (rapporteure, CNRS\/LLACAN),\u00a0Mme Myriam BRAS (pr\u00e9sidente du jury, Universit\u00e9 Toulouse &#8211; Jean Jaur\u00e8s),\u00a0Mme Catherine SCHNEDECKER (examinatrice, Universit\u00e9 de Strasbourg),\u00a0M. Michel AURNAGUE (garant, CNRS\/CLLE)<\/p>\n\n\n\n<p class=\"justify\"><strong>1999-2002 &#8211; Th\u00e8se de doctorat<\/strong> <strong>en sciences du langage<\/strong>, soutenue le 10 d\u00e9cembre 2002, \u00e0&nbsp; l&rsquo;Universit\u00e9 de Toulouse-Le Mirail.<\/p>\n\n\n\n<p>Titre de la th\u00e8se:\u00a0<em>\u00ab\u00a0Par\u00a0\u00bb et \u00ab\u00a0\u00e0\u00a0 travers\u00a0\u00bb dans l&rsquo;expression des relations spatiales : comparaison entre le fran\u00e7ais et le serbo-croate<\/em>\u00a0(\u00a0<a href=\"http:\/\/tel.archives-ouvertes.fr\/docs\/00\/27\/29\/07\/PDF\/stosic_these-pdf.pdf\" target=\"_blank\" rel=\"noreferrer noopener\">texte_int\u00e9gral.pdf<\/a>)<\/p>\n\n\n\n<p>Composition du jury: A. Borillo (directeur de th\u00e8se &#8211; Universit\u00e9 de Toulouse II), M. Aurnague (ERSS\/ CNRS &amp; UTM), W. De Mulder (Universit\u00e9 d&rsquo;Artois), P. Garde (Universit\u00e9 d&rsquo;Aix-Marseille), C. Vandeloise (Universit\u00e9 de B\u00e2ton Rouge).<\/p>\n\n\n\n<p class=\"justify\"><strong>1998-1999 &#8211; DEA en sciences du langage<\/strong>, \u00e0&nbsp; l&rsquo;Universit\u00e9 de Toulouse-Le Mirail, sous la direction d&rsquo;Andr\u00e9e Borillo.<\/p>\n\n\n\n<p><\/p>\n","protected":false},"excerpt":{"rendered":"<p>Je suis Professeur des universit\u00e9s au&nbsp;D\u00e9partement de Sciences du langage, \u00e0 l&rsquo;Universit\u00e9 Toulouse Jean Jaur\u00e8s et membre&nbsp;du&nbsp;Laboratoire CLLE&nbsp;(UMR 5263 du CNRS). Th\u00e8mes de recherche Plus de d\u00e9tails&#8230; Principales responsabilit\u00e9s Parcours professionnel sept. 2022 =&gt; &#8211; Professeur des universit\u00e9s au&nbsp;D\u00e9partement de Sciences du langage, Universit\u00e9 de Toulouse Jean Jaur\u00e8s. sept. 2013 =&gt; &#8211; Ma\u00eetre de conf\u00e9rences [&hellip;]<\/p>\n","protected":false},"author":310,"featured_media":0,"parent":0,"menu_order":0,"comment_status":"closed","ping_status":"closed","template":"","meta":{"footnotes":""},"class_list":["post-12","page","type-page","status-publish","hentry"],"_links":{"self":[{"href":"https:\/\/blogs.univ-tlse2.fr\/dejanstosic\/wp-json\/wp\/v2\/pages\/12","targetHints":{"allow":["GET"]}}],"collection":[{"href":"https:\/\/blogs.univ-tlse2.fr\/dejanstosic\/wp-json\/wp\/v2\/pages"}],"about":[{"href":"https:\/\/blogs.univ-tlse2.fr\/dejanstosic\/wp-json\/wp\/v2\/types\/page"}],"author":[{"embeddable":true,"href":"https:\/\/blogs.univ-tlse2.fr\/dejanstosic\/wp-json\/wp\/v2\/users\/310"}],"replies":[{"embeddable":true,"href":"https:\/\/blogs.univ-tlse2.fr\/dejanstosic\/wp-json\/wp\/v2\/comments?post=12"}],"version-history":[{"count":51,"href":"https:\/\/blogs.univ-tlse2.fr\/dejanstosic\/wp-json\/wp\/v2\/pages\/12\/revisions"}],"predecessor-version":[{"id":530,"href":"https:\/\/blogs.univ-tlse2.fr\/dejanstosic\/wp-json\/wp\/v2\/pages\/12\/revisions\/530"}],"wp:attachment":[{"href":"https:\/\/blogs.univ-tlse2.fr\/dejanstosic\/wp-json\/wp\/v2\/media?parent=12"}],"curies":[{"name":"wp","href":"https:\/\/api.w.org\/{rel}","templated":true}]}}