 {"id":43,"date":"2016-07-13T23:13:17","date_gmt":"2016-07-13T21:13:17","guid":{"rendered":"https:\/\/blogs.univ-tlse2.fr\/dejanstosic\/?page_id=43"},"modified":"2022-10-15T16:59:14","modified_gmt":"2022-10-15T14:59:14","slug":"contact","status":"publish","type":"page","link":"https:\/\/blogs.univ-tlse2.fr\/dejanstosic\/contact\/","title":{"rendered":"Contact"},"content":{"rendered":"<p>Voici mes coordonn\u00e9es professionnelles:<\/p>\n<table class=\"normal\" style=\"height: 165px\" width=\"613\">\n<tbody>\n<tr>\n<td class=\"normal left\" width=\"50%\">Laboratoire CLLE<br \/>\nMaison de la Recherche,\u00a0Bureau <strong>B512<\/strong><br \/>\nUniversit\u00e9 de Toulouse Jean Jaur\u00e8s<br \/>\n5, all\u00e9es Antonio Machado<br \/>\nF-31058 Toulouse Cedex 9<\/td>\n<td class=\"normal left bottom\" width=\"50%\">\n<p>T\u00e9l\u00a0: (+33) <strong>05-61-50-36-10<\/strong> (Laboratoire)<br \/>\nT\u00e9l\u00a0: (+33) 05-61-50-48-32 (D\u00e9partement SdL)<br \/>\nFax\u00a0: (+33) 05-61-50-46-77<br \/>\nE-mail\u00a0:\u00a0\u00a0<a href=\"&#x6d;&#97;il&#x74;&#x6f;:d&#x73;&#x74;os&#x69;&#x63;&#64;u&#x6e;&#x69;&#118;-&#x74;&#x6c;&#115;e&#x32;&#x2e;&#102;r\">&#x64;e&#x6a;a&#x6e;&#46;s&#x74;o&#x73;&#105;c&#x40;u&#x6e;&#105;v&#x2d;t&#x6c;s&#x65;&#x32;&#46;&#x66;r<\/a><\/td>\n<\/tr>\n<\/tbody>\n<\/table>\n<p>Liens vers ma page sur:<\/p>\n<p>ORCID: \u00a0<a style=\"vertical-align: top\" href=\"https:\/\/orcid.org\/0000-0003-3853-983X\" target=\"orcid.widget\" rel=\"noopener noreferrer\"><img decoding=\"async\" style=\"width: 1em;margin-right: .5em\" src=\"https:\/\/orcid.org\/sites\/default\/files\/images\/orcid_16x16.png\" alt=\"ORCID iD icon\" \/>https:\/\/orcid.org\/0000-0003-3853-983X<\/a><\/p>\n<p>Researchgate:\u00a0<a href=\"https:\/\/www.researchgate.net\/profile\/Dejan_Stosic\">https:\/\/www.researchgate.net\/profile\/Dejan_Stosic<\/a><\/p>\n<p>Academia:\u00a0<a href=\"https:\/\/univ-tlse2.academia.edu\/DejanStosic\">https:\/\/univ-tlse2.academia.edu\/DejanStosic<\/a><\/p>\n","protected":false},"excerpt":{"rendered":"<p>Voici mes coordonn\u00e9es professionnelles: Laboratoire CLLE Maison de la Recherche,\u00a0Bureau B512 Universit\u00e9 de Toulouse Jean Jaur\u00e8s 5, all\u00e9es Antonio Machado F-31058 Toulouse Cedex 9 T\u00e9l\u00a0: (+33) 05-61-50-36-10 (Laboratoire) T\u00e9l\u00a0: (+33) 05-61-50-48-32 (D\u00e9partement SdL) Fax\u00a0: (+33) 05-61-50-46-77 E-mail\u00a0:\u00a0\u00a0&#x64;&#x65;&#x6a;&#x61;&#x6e;&#x2e;&#x73;&#x74;&#x6f;&#x73;&#x69;&#x63;&#x40;&#x75;&#x6e;&#x69;&#x76;&#x2d;&#x74;&#x6c;&#x73;&#x65;&#x32;&#x2e;&#x66;&#x72; Liens vers ma page sur: ORCID: \u00a0https:\/\/orcid.org\/0000-0003-3853-983X Researchgate:\u00a0https:\/\/www.researchgate.net\/profile\/Dejan_Stosic Academia:\u00a0https:\/\/univ-tlse2.academia.edu\/DejanStosic<\/p>\n","protected":false},"author":310,"featured_media":0,"parent":0,"menu_order":0,"comment_status":"closed","ping_status":"closed","template":"","meta":{"footnotes":""},"class_list":["post-43","page","type-page","status-publish","hentry"],"_links":{"self":[{"href":"https:\/\/blogs.univ-tlse2.fr\/dejanstosic\/wp-json\/wp\/v2\/pages\/43","targetHints":{"allow":["GET"]}}],"collection":[{"href":"https:\/\/blogs.univ-tlse2.fr\/dejanstosic\/wp-json\/wp\/v2\/pages"}],"about":[{"href":"https:\/\/blogs.univ-tlse2.fr\/dejanstosic\/wp-json\/wp\/v2\/types\/page"}],"author":[{"embeddable":true,"href":"https:\/\/blogs.univ-tlse2.fr\/dejanstosic\/wp-json\/wp\/v2\/users\/310"}],"replies":[{"embeddable":true,"href":"https:\/\/blogs.univ-tlse2.fr\/dejanstosic\/wp-json\/wp\/v2\/comments?post=43"}],"version-history":[{"count":7,"href":"https:\/\/blogs.univ-tlse2.fr\/dejanstosic\/wp-json\/wp\/v2\/pages\/43\/revisions"}],"predecessor-version":[{"id":396,"href":"https:\/\/blogs.univ-tlse2.fr\/dejanstosic\/wp-json\/wp\/v2\/pages\/43\/revisions\/396"}],"wp:attachment":[{"href":"https:\/\/blogs.univ-tlse2.fr\/dejanstosic\/wp-json\/wp\/v2\/media?parent=43"}],"curies":[{"name":"wp","href":"https:\/\/api.w.org\/{rel}","templated":true}]}}