 {"id":10,"date":"2012-06-28T11:37:22","date_gmt":"2012-06-28T09:37:22","guid":{"rendered":"https:\/\/blogs.univ-tlse2.fr\/depart\/?page_id=10"},"modified":"2024-09-16T15:12:41","modified_gmt":"2024-09-16T13:12:41","slug":"publications","status":"publish","type":"page","link":"https:\/\/blogs.univ-tlse2.fr\/depart\/publications\/","title":{"rendered":"Publications"},"content":{"rendered":"<p>Bient\u00f4t sur cette page les actes des Journ\u00e9es d&rsquo;\u00c9tudes organis\u00e9es par D\u00c9PART !<\/p>\n","protected":false},"excerpt":{"rendered":"<p>Bient\u00f4t sur cette page les actes des Journ\u00e9es d&rsquo;\u00c9tudes organis\u00e9es par D\u00c9PART !<\/p>\n","protected":false},"author":1,"featured_media":0,"parent":0,"menu_order":0,"comment_status":"closed","ping_status":"closed","template":"","meta":{"footnotes":""},"class_list":["post-10","page","type-page","status-publish","hentry"],"_links":{"self":[{"href":"https:\/\/blogs.univ-tlse2.fr\/depart\/wp-json\/wp\/v2\/pages\/10","targetHints":{"allow":["GET"]}}],"collection":[{"href":"https:\/\/blogs.univ-tlse2.fr\/depart\/wp-json\/wp\/v2\/pages"}],"about":[{"href":"https:\/\/blogs.univ-tlse2.fr\/depart\/wp-json\/wp\/v2\/types\/page"}],"author":[{"embeddable":true,"href":"https:\/\/blogs.univ-tlse2.fr\/depart\/wp-json\/wp\/v2\/users\/1"}],"replies":[{"embeddable":true,"href":"https:\/\/blogs.univ-tlse2.fr\/depart\/wp-json\/wp\/v2\/comments?post=10"}],"version-history":[{"count":4,"href":"https:\/\/blogs.univ-tlse2.fr\/depart\/wp-json\/wp\/v2\/pages\/10\/revisions"}],"predecessor-version":[{"id":208,"href":"https:\/\/blogs.univ-tlse2.fr\/depart\/wp-json\/wp\/v2\/pages\/10\/revisions\/208"}],"wp:attachment":[{"href":"https:\/\/blogs.univ-tlse2.fr\/depart\/wp-json\/wp\/v2\/media?parent=10"}],"curies":[{"name":"wp","href":"https:\/\/api.w.org\/{rel}","templated":true}]}}