 {"id":186,"date":"2021-03-12T19:25:30","date_gmt":"2021-03-12T18:25:30","guid":{"rendered":"https:\/\/blogs.univ-tlse2.fr\/didalap\/?page_id=186"},"modified":"2021-03-12T19:25:30","modified_gmt":"2021-03-12T18:25:30","slug":"f-a-q","status":"publish","type":"page","link":"https:\/\/blogs.univ-tlse2.fr\/didalap\/f-a-q\/","title":{"rendered":"F.A.Q"},"content":{"rendered":"\n<h1>\n\t\tVous souhaitez plus de pr\u00e9cisions ?\n\t<\/h1>\n\t<p>Consultez nos r\u00e9ponses aux questions les plus fr\u00e9quemment pos\u00e9es (Frequently Asked Questions)<\/p>\n\t\t\t<a href=\"\" target=\"_self\" role=\"button\" rel=\"noopener\">\n\t\t\t\t\t\t\tCliquez pour en savoir plus\n\t\t\t<\/a>\n\n","protected":false},"excerpt":{"rendered":"<p>Vous souhaitez plus de pr\u00e9cisions ? Consultez nos r\u00e9ponses aux questions les plus fr\u00e9quemment pos\u00e9es (Frequently Asked Questions) Cliquez pour en savoir plus<\/p>\n","protected":false},"author":873,"featured_media":0,"parent":0,"menu_order":0,"comment_status":"closed","ping_status":"closed","template":"","meta":{"_acf_changed":false,"footnotes":""},"class_list":["post-186","page","type-page","status-publish","hentry"],"acf":[],"featured_image_src":null,"featured_image_src_square":null,"_links":{"self":[{"href":"https:\/\/blogs.univ-tlse2.fr\/didalap\/wp-json\/wp\/v2\/pages\/186","targetHints":{"allow":["GET"]}}],"collection":[{"href":"https:\/\/blogs.univ-tlse2.fr\/didalap\/wp-json\/wp\/v2\/pages"}],"about":[{"href":"https:\/\/blogs.univ-tlse2.fr\/didalap\/wp-json\/wp\/v2\/types\/page"}],"author":[{"embeddable":true,"href":"https:\/\/blogs.univ-tlse2.fr\/didalap\/wp-json\/wp\/v2\/users\/873"}],"replies":[{"embeddable":true,"href":"https:\/\/blogs.univ-tlse2.fr\/didalap\/wp-json\/wp\/v2\/comments?post=186"}],"version-history":[{"count":2,"href":"https:\/\/blogs.univ-tlse2.fr\/didalap\/wp-json\/wp\/v2\/pages\/186\/revisions"}],"predecessor-version":[{"id":191,"href":"https:\/\/blogs.univ-tlse2.fr\/didalap\/wp-json\/wp\/v2\/pages\/186\/revisions\/191"}],"wp:attachment":[{"href":"https:\/\/blogs.univ-tlse2.fr\/didalap\/wp-json\/wp\/v2\/media?parent=186"}],"curies":[{"name":"wp","href":"https:\/\/api.w.org\/{rel}","templated":true}]}}