 {"id":30,"date":"2021-03-11T17:36:07","date_gmt":"2021-03-11T16:36:07","guid":{"rendered":"https:\/\/blogs.univ-tlse2.fr\/didalap\/?page_id=30"},"modified":"2021-03-12T19:26:29","modified_gmt":"2021-03-12T18:26:29","slug":"presentation-du-parcours-de-master","status":"publish","type":"page","link":"https:\/\/blogs.univ-tlse2.fr\/didalap\/","title":{"rendered":"Accueil"},"content":{"rendered":"\n\n\t<figure id=\"logodidalap\"><img loading=\"lazy\" decoding=\"async\" src=\"https:\/\/blogs.univ-tlse2.fr\/didalap\/files\/2021\/03\/cropped-Capture-de\u0301cran-2021-03-09-a\u0300-13.21.13-2.png\" alt=\"\" width=\"547\" height=\"265\" \/><figcaption>Ce parcours de master vise l&rsquo;enseignement des langues aux sp\u00e9cialistes des autres disciplines, et notamment \u00e0  la capacit\u00e9 \u00e0 utiliser la langue en action sur le lieu de travail.<br \/><strong>Il articule  :<\/strong><\/figcaption><\/figure>\n<figure><img decoding=\"async\" src=\"https:\/\/blogs.univ-tlse2.fr\/didalap\/files\/2021\/03\/Capture-de\u0301cran-2021-03-11-a\u0300-22.45.10.png\" alt=\"\" \/><\/figure>\n<p>Des comp\u00e9tences de terrain en enseignement<\/p>\n<figure><img decoding=\"async\" src=\"https:\/\/blogs.univ-tlse2.fr\/didalap\/files\/2021\/03\/cropped-Capture-de\u0301cran-2021-03-11-a\u0300-22.41.50.png\" alt=\"\" \/><\/figure>\n<p>une formation \u00e0 la recherche en didactique.<\/p>\n<p>Blablablabla<\/p>\n<figure>\n\n<\/figure>\n<figure><img alt=\"\" \/><\/figure>\n\n","protected":false},"excerpt":{"rendered":"<p>Ce parcours de master vise l&rsquo;enseignement des langues aux sp\u00e9cialistes des autres disciplines, et notamment \u00e0 la capacit\u00e9 \u00e0 utiliser la langue en action sur le lieu de travail.Il articule : Des comp\u00e9tences de terrain en enseignement une formation \u00e0 la recherche en didactique. Blablablabla<\/p>\n","protected":false},"author":873,"featured_media":0,"parent":0,"menu_order":0,"comment_status":"closed","ping_status":"closed","template":"","meta":{"_acf_changed":false,"footnotes":""},"class_list":["post-30","page","type-page","status-publish","hentry"],"acf":[],"featured_image_src":null,"featured_image_src_square":null,"_links":{"self":[{"href":"https:\/\/blogs.univ-tlse2.fr\/didalap\/wp-json\/wp\/v2\/pages\/30","targetHints":{"allow":["GET"]}}],"collection":[{"href":"https:\/\/blogs.univ-tlse2.fr\/didalap\/wp-json\/wp\/v2\/pages"}],"about":[{"href":"https:\/\/blogs.univ-tlse2.fr\/didalap\/wp-json\/wp\/v2\/types\/page"}],"author":[{"embeddable":true,"href":"https:\/\/blogs.univ-tlse2.fr\/didalap\/wp-json\/wp\/v2\/users\/873"}],"replies":[{"embeddable":true,"href":"https:\/\/blogs.univ-tlse2.fr\/didalap\/wp-json\/wp\/v2\/comments?post=30"}],"version-history":[{"count":12,"href":"https:\/\/blogs.univ-tlse2.fr\/didalap\/wp-json\/wp\/v2\/pages\/30\/revisions"}],"predecessor-version":[{"id":192,"href":"https:\/\/blogs.univ-tlse2.fr\/didalap\/wp-json\/wp\/v2\/pages\/30\/revisions\/192"}],"wp:attachment":[{"href":"https:\/\/blogs.univ-tlse2.fr\/didalap\/wp-json\/wp\/v2\/media?parent=30"}],"curies":[{"name":"wp","href":"https:\/\/api.w.org\/{rel}","templated":true}]}}