 {"id":21,"date":"2018-12-05T18:15:20","date_gmt":"2018-12-05T17:15:20","guid":{"rendered":"https:\/\/blogs.univ-tlse2.fr\/dimedd\/?page_id=21"},"modified":"2018-12-05T18:36:59","modified_gmt":"2018-12-05T17:36:59","slug":"partenaires","status":"publish","type":"page","link":"https:\/\/blogs.univ-tlse2.fr\/dimedd\/partenaires\/","title":{"rendered":"Partenaires"},"content":{"rendered":"<header class=\"entry-header\"><span style=\"text-align: justify;font-size: 0.95em\">Les collaborations impliquent principalement deux laboratoires de recherche, sp\u00e9cialistes de l\u2019ergonomie p\u00e9dagogiques des outils num\u00e9riques, une association (FREDD), une entreprise SapienSapienS, le rectorat de l\u2019acad\u00e9mie de Toulouse et des \u00e9tablissements scolaires de l\u2019acad\u00e9mie de Toulouse impliqu\u00e9s dans l\u2019\u00e9ducation au d\u00e9veloppement durable.<\/span><\/header>\n<div class=\"entry-content\">\n<h2>Laboratoires de recherche<\/h2>\n<ul>\n<li><a href=\"http:\/\/clle.univ-tlse2.fr\/\" target=\"_blank\" rel=\"noopener\">Laboratoire CLLE<\/a>\u00a0(Cognition, Langues, Langage &amp; Ergonomie) \/ CNRS \/ Universit\u00e9 Toulouse Jean Jaur\u00e8s<\/li>\n<li>Laboratoire\u00a0<a href=\"http:\/\/leadserv.u-bourgogne.fr\/fr\/\" target=\"_blank\" rel=\"noopener\">LEAD<\/a>\u00a0(Laboratoire d\u2019Etude de l\u2019Apprentissage et du D\u00e9veloppement) \/ CNRS \/ Universit\u00e9 Bourgogne Franche Comt\u00e9<\/li>\n<\/ul>\n<h2>Acad\u00e9mie de Toulouse et \u00e9tablissements scolaires<\/h2>\n<p><a href=\"http:\/\/www.ac-toulouse.fr\/\" target=\"_blank\" rel=\"noopener\">Acad\u00e9mie de Toulouse<\/a><\/p>\n<p>Coll\u00e8ges partenaires du projet :<\/p>\n<ul>\n<li><a href=\"http:\/\/edouard-lartet.entmip.fr\/\" target=\"_blank\" rel=\"noopener\">Coll\u00e8ge \u00e9douard-lartet<\/a>\u00a0(Gimont \u2013 32)<\/li>\n<li><a href=\"http:\/\/rostand-eauze.entmip.fr\/\" target=\"_blank\" rel=\"noopener\">Coll\u00e8ge Jean Rostand<\/a>\u00a0(Eauze \u2013 32)<\/li>\n<li><a href=\"http:\/\/college-vert.entmip.fr\/\" target=\"_blank\" rel=\"noopener\">Coll\u00e8ge Vert d\u2019Aignan<\/a>\u00a0(Aignan \u2013 32)<\/li>\n<li><a href=\"http:\/\/montesquieu.ecollege.haute-garonne.fr\/\" target=\"_blank\" rel=\"noopener\">Coll\u00e8ge Montesquieu<\/a>\u00a0(Cugnaux \u2013 31)<\/li>\n<li><a href=\"http:\/\/pyrenees.entmip.fr\/\" target=\"_blank\" rel=\"noopener\">Coll\u00e8ge Pyr\u00e9n\u00e9es<\/a>\u00a0(Tarbes \u2013 65)<\/li>\n<li><a href=\"http:\/\/victor-hugo-tarbes.entmip.fr\/\" target=\"_blank\" rel=\"noopener\">Coll\u00e8ge Victor Hugo<\/a>\u00a0(Tarbes \u2013 65)<\/li>\n<\/ul>\n<h2>Partenaires priv\u00e9s<\/h2>\n<p><a href=\"http:\/\/sapiensapiens.com\/\" target=\"_blank\" rel=\"noopener\">Agence SapienSapiens<\/a>\u00a0de reportage multim\u00e9dia<\/p>\n<p><a href=\"https:\/\/www.kodaizen.com\/\" target=\"_blank\" rel=\"noopener\">kodaizen<\/a>\u00a0d\u00e9veloppement Web<\/p>\n<h2>Partenaire Associatif<\/h2>\n<p><a href=\"https:\/\/blogs.univ-tlse2.fr\/fredd\/lassociation-fredd\/\" target=\"_blank\" rel=\"noopener\">Association FREDD<\/a>\u00a0(Film, Recherche, D\u00e9veloppement Durable)<\/p>\n<\/div>\n","protected":false},"excerpt":{"rendered":"<p>Les collaborations impliquent principalement deux laboratoires de recherche, sp\u00e9cialistes de l\u2019ergonomie p\u00e9dagogiques des outils num\u00e9riques, une association (FREDD), une entreprise SapienSapienS, le rectorat de l\u2019acad\u00e9mie de Toulouse et des \u00e9tablissements scolaires de l\u2019acad\u00e9mie de Toulouse impliqu\u00e9s dans l\u2019\u00e9ducation au d\u00e9veloppement durable. Laboratoires de recherche Laboratoire CLLE\u00a0(Cognition, Langues, Langage &amp; Ergonomie) \/ CNRS \/ Universit\u00e9 Toulouse [&hellip;]<\/p>\n","protected":false},"author":134,"featured_media":0,"parent":0,"menu_order":0,"comment_status":"closed","ping_status":"closed","template":"","meta":{"footnotes":""},"class_list":["post-21","page","type-page","status-publish","hentry"],"_links":{"self":[{"href":"https:\/\/blogs.univ-tlse2.fr\/dimedd\/wp-json\/wp\/v2\/pages\/21","targetHints":{"allow":["GET"]}}],"collection":[{"href":"https:\/\/blogs.univ-tlse2.fr\/dimedd\/wp-json\/wp\/v2\/pages"}],"about":[{"href":"https:\/\/blogs.univ-tlse2.fr\/dimedd\/wp-json\/wp\/v2\/types\/page"}],"author":[{"embeddable":true,"href":"https:\/\/blogs.univ-tlse2.fr\/dimedd\/wp-json\/wp\/v2\/users\/134"}],"replies":[{"embeddable":true,"href":"https:\/\/blogs.univ-tlse2.fr\/dimedd\/wp-json\/wp\/v2\/comments?post=21"}],"version-history":[{"count":4,"href":"https:\/\/blogs.univ-tlse2.fr\/dimedd\/wp-json\/wp\/v2\/pages\/21\/revisions"}],"predecessor-version":[{"id":39,"href":"https:\/\/blogs.univ-tlse2.fr\/dimedd\/wp-json\/wp\/v2\/pages\/21\/revisions\/39"}],"wp:attachment":[{"href":"https:\/\/blogs.univ-tlse2.fr\/dimedd\/wp-json\/wp\/v2\/media?parent=21"}],"curies":[{"name":"wp","href":"https:\/\/api.w.org\/{rel}","templated":true}]}}