 {"id":7,"date":"2018-12-05T18:03:39","date_gmt":"2018-12-05T17:03:39","guid":{"rendered":"https:\/\/blogs.univ-tlse2.fr\/dimedd\/?page_id=7"},"modified":"2022-02-11T16:03:17","modified_gmt":"2022-02-11T15:03:17","slug":"rapports","status":"publish","type":"page","link":"https:\/\/blogs.univ-tlse2.fr\/dimedd\/rapports\/","title":{"rendered":"Rapports des \u00e9tudes"},"content":{"rendered":"<h2>Profils des \u00e9l\u00e8ves : Attitudes, connaissances, croyances \u00e9pist\u00e9miques, confiance dans les sources d&rsquo;information<\/h2>\n<p><img loading=\"lazy\" decoding=\"async\" class=\"wp-image-45 alignleft\" src=\"https:\/\/blogs.univ-tlse2.fr\/dimedd\/files\/2018\/12\/pdf-2127829_640.png\" alt=\"\" width=\"58\" height=\"58\" srcset=\"https:\/\/blogs.univ-tlse2.fr\/dimedd\/files\/2018\/12\/pdf-2127829_640.png 640w, https:\/\/blogs.univ-tlse2.fr\/dimedd\/files\/2018\/12\/pdf-2127829_640-150x150.png 150w, https:\/\/blogs.univ-tlse2.fr\/dimedd\/files\/2018\/12\/pdf-2127829_640-300x300.png 300w\" sizes=\"auto, (max-width: 58px) 100vw, 58px\" \/><\/p>\n<p><a href=\"https:\/\/blogs.univ-tlse2.fr\/dimedd\/files\/2018\/12\/DIMEDD_Rapport-Etude-1.pdf\" target=\"_blank\" rel=\"noopener noreferrer\">DIMEDD_Rapport Etude 1<\/a><\/p>\n<h2>\u00a0<\/h2>\n<hr \/>\n<h2>Evolution des attitudes des \u00e9l\u00e8ves apr\u00e8s visionnage d&rsquo;une vid\u00e9o pr\u00e9sentant des arguments divergents<\/h2>\n<p><img loading=\"lazy\" decoding=\"async\" class=\"wp-image-45 alignleft\" src=\"https:\/\/blogs.univ-tlse2.fr\/dimedd\/files\/2018\/12\/pdf-2127829_640.png\" alt=\"\" width=\"58\" height=\"58\" srcset=\"https:\/\/blogs.univ-tlse2.fr\/dimedd\/files\/2018\/12\/pdf-2127829_640.png 640w, https:\/\/blogs.univ-tlse2.fr\/dimedd\/files\/2018\/12\/pdf-2127829_640-150x150.png 150w, https:\/\/blogs.univ-tlse2.fr\/dimedd\/files\/2018\/12\/pdf-2127829_640-300x300.png 300w\" sizes=\"auto, (max-width: 58px) 100vw, 58px\" \/><\/p>\n<p><a href=\"https:\/\/blogs.univ-tlse2.fr\/dimedd\/files\/2018\/12\/DIMEDD_Rapport-Etude-2.pdf\" target=\"_blank\" rel=\"noopener noreferrer\">DIMEDD_Rapport Etude 2<\/a><\/p>\n<h2>\u00a0<\/h2>\n<hr \/>\n<h2>R\u00f4le des sources d&rsquo;information dans le traitement des arguments dans les vid\u00e9os et sur le changement d&rsquo;attitude des \u00e9l\u00e8ves<\/h2>\n<p><a href=\"https:\/\/blogs.univ-tlse2.fr\/dimedd\/files\/2019\/02\/DIMEDD_Rapport-Etude-3_V1.pdf\"><img loading=\"lazy\" decoding=\"async\" class=\"wp-image-45 alignleft\" src=\"https:\/\/blogs.univ-tlse2.fr\/dimedd\/files\/2018\/12\/pdf-2127829_640.png\" alt=\"\" width=\"58\" height=\"58\" srcset=\"https:\/\/blogs.univ-tlse2.fr\/dimedd\/files\/2018\/12\/pdf-2127829_640.png 640w, https:\/\/blogs.univ-tlse2.fr\/dimedd\/files\/2018\/12\/pdf-2127829_640-150x150.png 150w, https:\/\/blogs.univ-tlse2.fr\/dimedd\/files\/2018\/12\/pdf-2127829_640-300x300.png 300w\" sizes=\"auto, (max-width: 58px) 100vw, 58px\" \/><\/a><\/p>\n<p><a href=\"https:\/\/blogs.univ-tlse2.fr\/dimedd\/files\/2019\/02\/DIMEDD_Rapport-Etude-3_V1.pdf\">DIMEDD_Rapport Etude 3<\/a><\/p>\n<p>\u00a0<\/p>\n<hr \/>\n<h2>Evaluation d&rsquo;une activit\u00e9 p\u00e9dagogique (classification des vid\u00e9os) sur la m\u00e9morisation et l&rsquo;argumentation des \u00e9l\u00e8ves et comparaison avec des adultes<\/h2>\n<p><a href=\"https:\/\/blogs.univ-tlse2.fr\/dimedd\/files\/2019\/10\/DIMEDD_Rapport-Etude-4.pdf\"><img loading=\"lazy\" decoding=\"async\" class=\"alignleft wp-image-45\" src=\"https:\/\/blogs.univ-tlse2.fr\/dimedd\/files\/2018\/12\/pdf-2127829_640.png\" alt=\"\" width=\"58\" height=\"58\" srcset=\"https:\/\/blogs.univ-tlse2.fr\/dimedd\/files\/2018\/12\/pdf-2127829_640.png 640w, https:\/\/blogs.univ-tlse2.fr\/dimedd\/files\/2018\/12\/pdf-2127829_640-150x150.png 150w, https:\/\/blogs.univ-tlse2.fr\/dimedd\/files\/2018\/12\/pdf-2127829_640-300x300.png 300w\" sizes=\"auto, (max-width: 58px) 100vw, 58px\" \/><\/a><\/p>\n<p><a href=\"https:\/\/blogs.univ-tlse2.fr\/dimedd\/files\/2019\/10\/DIMEDD_Rapport-Etude-4.pdf\">DIMEDD_Rapport Etude 4<\/a><\/p>\n<h2>\u00a0<\/h2>\n<hr \/>\n<h2>R\u00e9plication de l&rsquo;\u00e9tude 3 et \u00e9valuation d&rsquo;une activit\u00e9 p\u00e9dagogique (r\u00e9pondre \u00e0 des prompts relatifs aux sources) sur la prise en compte de la source par les \u00e9l\u00e8ves<\/h2>\n<h2><a href=\"https:\/\/blogs.univ-tlse2.fr\/dimedd\/files\/2019\/10\/DIMEDD_Rapport-Etude-4.pdf\"><img loading=\"lazy\" decoding=\"async\" class=\"alignleft wp-image-45\" src=\"https:\/\/blogs.univ-tlse2.fr\/dimedd\/files\/2018\/12\/pdf-2127829_640.png\" alt=\"\" width=\"58\" height=\"58\" srcset=\"https:\/\/blogs.univ-tlse2.fr\/dimedd\/files\/2018\/12\/pdf-2127829_640.png 640w, https:\/\/blogs.univ-tlse2.fr\/dimedd\/files\/2018\/12\/pdf-2127829_640-150x150.png 150w, https:\/\/blogs.univ-tlse2.fr\/dimedd\/files\/2018\/12\/pdf-2127829_640-300x300.png 300w\" sizes=\"auto, (max-width: 58px) 100vw, 58px\" \/><\/a><\/h2>\n<p><a href=\"https:\/\/blogs.univ-tlse2.fr\/dimedd\/files\/2019\/11\/DIMEDD_Rapport-Etude-5.pdf\">DIMEDD_Rapport Etude 5<\/a><\/p>\n<h2>\u00a0<\/h2>\n<hr \/>\n<h2>Effets de la pertinence des informations visuelles et des sources sur le traitement des informations visuelles et des arguments &#8211; \u00e9tude oculom\u00e9trique<\/h2>\n<p><a href=\"https:\/\/blogs.univ-tlse2.fr\/dimedd\/files\/2019\/10\/DIMEDD_Rapport-Etude-4.pdf\"><img loading=\"lazy\" decoding=\"async\" class=\"alignleft wp-image-45\" src=\"https:\/\/blogs.univ-tlse2.fr\/dimedd\/files\/2018\/12\/pdf-2127829_640.png\" alt=\"\" width=\"58\" height=\"58\" srcset=\"https:\/\/blogs.univ-tlse2.fr\/dimedd\/files\/2018\/12\/pdf-2127829_640.png 640w, https:\/\/blogs.univ-tlse2.fr\/dimedd\/files\/2018\/12\/pdf-2127829_640-150x150.png 150w, https:\/\/blogs.univ-tlse2.fr\/dimedd\/files\/2018\/12\/pdf-2127829_640-300x300.png 300w\" sizes=\"auto, (max-width: 58px) 100vw, 58px\" \/><\/a><a href=\"https:\/\/blogs.univ-tlse2.fr\/dimedd\/files\/2020\/03\/Rapport-interme\u0301diaire-e\u0301tude-Dijon.docx.pdf\">DIMEDD &#8211; Rapport interme\u0301diaire Etude 3bis (Dijon)<\/a><\/p>\n<p>\u00a0<\/p>\n\n\n<hr class=\"wp-block-separator\" \/>\n\n\n\n<h2 class=\"wp-block-heading\" id=\"effets-du-type-de-format-de-l-information-video-ou-texte-et-des-croyances-initiales-des-eleves-sur-le-traitement-d-arguments-contradictoires\">Effets du type de format de l&rsquo;information (vid\u00e9o ou texte) et des croyances initiales des \u00e9l\u00e8ves sur le traitement d&rsquo;arguments contradictoires<\/h2>\n\n\n\n<div class=\"wp-block-image\"><figure class=\"alignleft is-resized\"><a href=\"https:\/\/blogs.univ-tlse2.fr\/dimedd\/files\/2019\/10\/DIMEDD_Rapport-Etude-4.pdf\"><img loading=\"lazy\" decoding=\"async\" src=\"https:\/\/blogs.univ-tlse2.fr\/dimedd\/files\/2018\/12\/pdf-2127829_640.png\" alt=\"\" class=\"wp-image-45\" width=\"57\" height=\"57\" srcset=\"https:\/\/blogs.univ-tlse2.fr\/dimedd\/files\/2018\/12\/pdf-2127829_640.png 640w, https:\/\/blogs.univ-tlse2.fr\/dimedd\/files\/2018\/12\/pdf-2127829_640-150x150.png 150w, https:\/\/blogs.univ-tlse2.fr\/dimedd\/files\/2018\/12\/pdf-2127829_640-300x300.png 300w\" sizes=\"auto, (max-width: 57px) 100vw, 57px\" \/><\/a><\/figure><\/div>\n\n\n\n<p><a href=\"https:\/\/blogs.univ-tlse2.fr\/dimedd\/files\/2022\/02\/Rapport-Enseignants_e\u0301tude-6.pdf\" data-type=\"URL\" data-id=\"https:\/\/blogs.univ-tlse2.fr\/dimedd\/files\/2022\/02\/Rapport-Enseignants_e\u0301tude-6.pdf\">DIMEDD &#8211; Rapport Etude 6<\/a><\/p>\n\n\n\n<p> <\/p>\n","protected":false},"excerpt":{"rendered":"<p>Profils des \u00e9l\u00e8ves : Attitudes, connaissances, croyances \u00e9pist\u00e9miques, confiance dans les sources d&rsquo;information DIMEDD_Rapport Etude 1 \u00a0 Evolution des attitudes des \u00e9l\u00e8ves apr\u00e8s visionnage d&rsquo;une vid\u00e9o pr\u00e9sentant des arguments divergents DIMEDD_Rapport Etude 2 \u00a0 R\u00f4le des sources d&rsquo;information dans le traitement des arguments dans les vid\u00e9os et sur le changement d&rsquo;attitude des \u00e9l\u00e8ves DIMEDD_Rapport Etude [&hellip;]<\/p>\n","protected":false},"author":134,"featured_media":0,"parent":0,"menu_order":0,"comment_status":"closed","ping_status":"closed","template":"","meta":{"footnotes":""},"class_list":["post-7","page","type-page","status-publish","hentry"],"_links":{"self":[{"href":"https:\/\/blogs.univ-tlse2.fr\/dimedd\/wp-json\/wp\/v2\/pages\/7","targetHints":{"allow":["GET"]}}],"collection":[{"href":"https:\/\/blogs.univ-tlse2.fr\/dimedd\/wp-json\/wp\/v2\/pages"}],"about":[{"href":"https:\/\/blogs.univ-tlse2.fr\/dimedd\/wp-json\/wp\/v2\/types\/page"}],"author":[{"embeddable":true,"href":"https:\/\/blogs.univ-tlse2.fr\/dimedd\/wp-json\/wp\/v2\/users\/134"}],"replies":[{"embeddable":true,"href":"https:\/\/blogs.univ-tlse2.fr\/dimedd\/wp-json\/wp\/v2\/comments?post=7"}],"version-history":[{"count":32,"href":"https:\/\/blogs.univ-tlse2.fr\/dimedd\/wp-json\/wp\/v2\/pages\/7\/revisions"}],"predecessor-version":[{"id":127,"href":"https:\/\/blogs.univ-tlse2.fr\/dimedd\/wp-json\/wp\/v2\/pages\/7\/revisions\/127"}],"wp:attachment":[{"href":"https:\/\/blogs.univ-tlse2.fr\/dimedd\/wp-json\/wp\/v2\/media?parent=7"}],"curies":[{"name":"wp","href":"https:\/\/api.w.org\/{rel}","templated":true}]}}