 {"id":9,"date":"2018-12-05T18:04:21","date_gmt":"2018-12-05T17:04:21","guid":{"rendered":"https:\/\/blogs.univ-tlse2.fr\/dimedd\/?page_id=9"},"modified":"2022-02-11T15:49:14","modified_gmt":"2022-02-11T14:49:14","slug":"evenements-lies-au-projet","status":"publish","type":"page","link":"https:\/\/blogs.univ-tlse2.fr\/dimedd\/evenements-lies-au-projet\/","title":{"rendered":"\u00c9v\u00e8nements li\u00e9s au projet"},"content":{"rendered":"<p><img loading=\"lazy\" decoding=\"async\" class=\"aligncenter  wp-image-51\" src=\"https:\/\/blogs.univ-tlse2.fr\/dimedd\/files\/2019\/02\/o4hy9.jpeg\" alt=\"\" width=\"370\" height=\"523\" srcset=\"https:\/\/blogs.univ-tlse2.fr\/dimedd\/files\/2019\/02\/o4hy9.jpeg 1200w, https:\/\/blogs.univ-tlse2.fr\/dimedd\/files\/2019\/02\/o4hy9-212x300.jpeg 212w, https:\/\/blogs.univ-tlse2.fr\/dimedd\/files\/2019\/02\/o4hy9-768x1086.jpeg 768w, https:\/\/blogs.univ-tlse2.fr\/dimedd\/files\/2019\/02\/o4hy9-724x1024.jpeg 724w\" sizes=\"auto, (max-width: 370px) 100vw, 370px\" \/><\/p>\n<p><strong>Pr\u00e9sentation de l&rsquo;\u00e9tude 4 au Colloque Jeunes Chercheurs PRAXILING 2019 : \u00ab\u00a0Repr\u00e9sentations et transmission de connaissances \u00e0 la lumi\u00e8re de l&rsquo;innovation num\u00e9rique\u00a0\u00bb.\u00a0 (7-8 novembre, Montpellier<\/strong><\/p>\n<hr \/>\n<p><strong>Pr\u00e9sentation de l&rsquo;\u00e9tude 3 au 4\u00e8me COLLOQUE DE PSYCHOLOGIE SOCIALE DE LA COMMUNICATION de l&rsquo;universit\u00e9 de Lorraine : \u00ab\u00a0De la communication interpersonnelle aux interactions virtuelles\u00a0\u00bb (17-19 octobre, Metz)<\/strong><\/p>\n<hr \/>\n<p><strong>Pr\u00e9sentation de la plateforme DIMEDD dans le cadre du FESTIVAL DE L&rsquo;HOMO NUMERICUS (5 octobre 2019, Toulouse)<\/strong><\/p>\n<hr \/>\n<p><strong>Animation \u00ab\u00a0JOUONS BIO\u00a0\u00bb r\u00e9alis\u00e9 au \u00ab\u00a0VILLAGE DU CLIMAT\u00a0\u00bb dans le cadre de la\u00a0 SEMAINE EUROPEENNE DU DEVELOPPEMENT DURABLE (3 juin 2019, Toulouse)<\/strong><\/p>\n<p>Animation ouverte \u00e0 tous et \u00e9labor\u00e9e partir des ressources du projet DIMEDD pour sensibiliser \u00e0 l&rsquo;argumentation sur les enjeux de l&rsquo;alimentation bio.<\/p>\n<hr \/>\n<p><strong>FORUM DES RESSOURCES NUMERIQUES POUR L&rsquo;EDUCATION AU DEVELOPPEMENT DURABLE (17 avril 2019, Toulouse)<\/strong><\/p>\n<p style=\"text-align: left\">Une pr\u00e9sentation du projet DIMEDD a \u00e9t\u00e9 r\u00e9alis\u00e9e par Colin LESCARRET (Doctorant, Laboratoire CLLE) au \u00ab\u00a0<strong>Forum des ressources num\u00e9riques pour l\u2019\u00e9ducation au d\u00e9veloppement durable<\/strong>\u00a0\u00bb\u00a0 le 17 avril 2019 \u00e0 la Nova M\u00eal\u00e9e (27 rue d&rsquo;Aubuisson, Toulouse).<\/p>\n<p style=\"text-align: left\">Cette journ\u00e9e organis\u00e9e par l&rsquo;Association FREDD et qui s&rsquo;est inscrite dans le cadre du <a href=\"http:\/\/www.festival-fredd.fr\/\">9\u00e8me festival international du film d&rsquo;environnement &#8211; FREDD<\/a>, a eu \u00e0 coeur de relier d&rsquo;une part l&rsquo;engagement pour une \u00e9ducation au d\u00e9veloppement durable, et d&rsquo;autre part la n\u00e9cessit\u00e9 d&rsquo;une approche critique des messages audiovisuels et num\u00e9riques.<\/p>\n<p><a href=\"https:\/\/blogs.univ-tlse2.fr\/dimedd\/files\/2019\/04\/Communiqu\u00e9-de-presse-du-forum.pdf\">Communiqu\u00e9 de presse du Forum<\/a><\/p>\n<hr \/>\n<p><strong>14\u00e8me CONFERENCE INTERNATIONALE EUTIC (Enjeux et Usages des Technologies de l&rsquo;Information et de la Communication) (17-18 octobre 2018, Bordeaux)<\/strong><\/p>\n<p>Yves Ardourel (pr\u00e9sident de l&rsquo;association FREDD, partenaire du projet DIMEDD) a pr\u00e9sent\u00e9 le projet DIMEDD et des \u00e9l\u00e9ments de r\u00e9flexion sur l&rsquo;usage des moyens audiovisuels num\u00e9riques dans la formation de l&rsquo;esprit critique et des comp\u00e9tences argumentatives \u00e0 la <a href=\"http:\/\/conference-eutic.org\/call\/\">Conf\u00e9rence du r\u00e9seau EUTIC 2018<\/a> qui s&rsquo;est tenue les 17 et 18 octobre 2018 \u00e0 l&rsquo;Universit\u00e9 Bordeaux Montaigne.<\/p>\n<p>Cette conf\u00e9rence internationale, adress\u00e9e tant aux universitaires qu&rsquo;aux acteurs de terrains et aux d\u00e9cideurs politiques, fut une occasion d&rsquo;enrichir le questionnement concernant la pertinence de l\u2019usage des TIC dans une perspective d\u2019adaptabilit\u00e9 des syst\u00e8mes informationnels qui augmente les chances de r\u00e9ussite \u00e0 long terme dans un monde de plus en plus complexe.<\/p>\n<p><a href=\"https:\/\/blogs.univ-tlse2.fr\/dimedd\/files\/2019\/05\/article-fredd-dimedd-ardourel.pdf\">Intervention de Yves Ardourel \u00e0 la Conf\u00e9rence EUTIC 2018<\/a><\/p>\n<hr \/>\n","protected":false},"excerpt":{"rendered":"<p>Pr\u00e9sentation de l&rsquo;\u00e9tude 4 au Colloque Jeunes Chercheurs PRAXILING 2019 : \u00ab\u00a0Repr\u00e9sentations et transmission de connaissances \u00e0 la lumi\u00e8re de l&rsquo;innovation num\u00e9rique\u00a0\u00bb.\u00a0 (7-8 novembre, Montpellier Pr\u00e9sentation de l&rsquo;\u00e9tude 3 au 4\u00e8me COLLOQUE DE PSYCHOLOGIE SOCIALE DE LA COMMUNICATION de l&rsquo;universit\u00e9 de Lorraine : \u00ab\u00a0De la communication interpersonnelle aux interactions virtuelles\u00a0\u00bb (17-19 octobre, Metz) Pr\u00e9sentation de [&hellip;]<\/p>\n","protected":false},"author":134,"featured_media":0,"parent":0,"menu_order":0,"comment_status":"closed","ping_status":"closed","template":"","meta":{"footnotes":""},"class_list":["post-9","page","type-page","status-publish","hentry"],"_links":{"self":[{"href":"https:\/\/blogs.univ-tlse2.fr\/dimedd\/wp-json\/wp\/v2\/pages\/9","targetHints":{"allow":["GET"]}}],"collection":[{"href":"https:\/\/blogs.univ-tlse2.fr\/dimedd\/wp-json\/wp\/v2\/pages"}],"about":[{"href":"https:\/\/blogs.univ-tlse2.fr\/dimedd\/wp-json\/wp\/v2\/types\/page"}],"author":[{"embeddable":true,"href":"https:\/\/blogs.univ-tlse2.fr\/dimedd\/wp-json\/wp\/v2\/users\/134"}],"replies":[{"embeddable":true,"href":"https:\/\/blogs.univ-tlse2.fr\/dimedd\/wp-json\/wp\/v2\/comments?post=9"}],"version-history":[{"count":8,"href":"https:\/\/blogs.univ-tlse2.fr\/dimedd\/wp-json\/wp\/v2\/pages\/9\/revisions"}],"predecessor-version":[{"id":121,"href":"https:\/\/blogs.univ-tlse2.fr\/dimedd\/wp-json\/wp\/v2\/pages\/9\/revisions\/121"}],"wp:attachment":[{"href":"https:\/\/blogs.univ-tlse2.fr\/dimedd\/wp-json\/wp\/v2\/media?parent=9"}],"curies":[{"name":"wp","href":"https:\/\/api.w.org\/{rel}","templated":true}]}}