 {"id":2,"date":"2015-10-20T09:52:02","date_gmt":"2015-10-20T08:52:02","guid":{"rendered":"https:\/\/blogs.univ-tlse2.fr\/dynamiquesrurales\/?page_id=2"},"modified":"2015-10-29T08:44:15","modified_gmt":"2015-10-29T07:44:15","slug":"page-d-exemple","status":"publish","type":"page","link":"https:\/\/blogs.univ-tlse2.fr\/dynamiquesrurales\/page-d-exemple\/","title":{"rendered":"Comit\u00e9s"},"content":{"rendered":"<h1 style=\"text-align: center\">Comit\u00e9 scientifique<\/h1>\n<ul>\n<li>Josefa Salete Barbosa Cavalcanti, Universidade Federal de Pernambuco (Br\u00e9sil)<\/li>\n<li>Laurence Barthe, Universit\u00e9 Toulouse 2<\/li>\n<li>Famo\u00ef Beavogui, Institut de Recherche Agronomique, Conakry (Guin\u00e9e)<\/li>\n<li>Mary Cawley, NUI Galway (Irlande)<\/li>\n<li>Bernard Charlery, Universit\u00e9 Toulouse 2<\/li>\n<li>Claire Delfosse, Universit\u00e9 Lyon 2<\/li>\n<li>Javier Esparcia, Universidad de Valencia (Espagne)<\/li>\n<li>Guy Faure, CIRAD Montpellier<\/li>\n<li>Ana Firmino, Nouvelle Universit\u00e9 de Lisbonne (Portugal)<\/li>\n<li>Mohamed Gafsi, ENFA Toulouse<\/li>\n<li>M\u00e9lanie Gambino, Universit\u00e9 Toulouse 2<\/li>\n<li>Alma Amalia Gonz\u00e1lez Caba\u00f1as, UNAM &#8211; CIMSUR (Mexique)<\/li>\n<li>Ulrike Grabski-Kieron, Universit\u00e9 de M\u00fcnster (Allemagne)<\/li>\n<li>H\u00e9l\u00e8ne Gu\u00e9tat-Bernard, ENFA Toulouse<\/li>\n<li>Martine Guibert, Universit\u00e9 Toulouse 2<\/li>\n<li>Didas Kimaro, Sokoine University, Morogoro (Tanzanie)<\/li>\n<li>Martin Kuet\u00e9, Universit\u00e9 de Dschang (Cameroun)<\/li>\n<li>Romain Lajarge, Universit\u00e9 de Grenoble<\/li>\n<li>Sergio Leite, Universit\u00e9 F\u00e9d\u00e9rale Rurale Rio de Janeiro \u2013 CPDA (Br\u00e9sil)<\/li>\n<li>Christine Margetic, Universit\u00e9 de Nantes<\/li>\n<li>Monique Poulot, Universit\u00e9 Paris-Ouest<\/li>\n<li>Micha\u00ebl Pouzenc, Universit\u00e9 de Toulouse 2<\/li>\n<li>Laurent Rieutort, Universit\u00e9 de Clermont-Ferrand<\/li>\n<li>Serge Schmitz, Universit\u00e9 de Li\u00e8ge (Belgique)<\/li>\n<li>Marcelo Sili, Universidad nacional del Sur (Argentine)<\/li>\n<\/ul>\n<p>&nbsp;<\/p>\n<h1 style=\"text-align: center\">Comit\u00e9 d\u2019organisation<\/h1>\n<ul>\n<li>Maylis Ast\u00e9,<\/li>\n<li>Laurence Barthe,<\/li>\n<li>Adriana Blache,<\/li>\n<li>R\u00e9mi Benos,<\/li>\n<li>Olivier Bories,<\/li>\n<li>Jean-Michel Cazenave,<\/li>\n<li>Marie-Claude Cass\u00e9,<\/li>\n<li>Fabienne Cavaill\u00e9,<\/li>\n<li>Bernard Charlery,<\/li>\n<li>Floriane Chouraqui,<\/li>\n<li>Dominique Deligny,<\/li>\n<li>Mathilde Deno\u00ebl,<\/li>\n<li>Corinne Eychenne,<\/li>\n<li>Jean-Pascal Fontorbes,<\/li>\n<li>Mohamed Gafsi,<\/li>\n<li>Anne-Marie Grani\u00e9,<\/li>\n<li>H\u00e9l\u00e8ne Gu\u00e9tat-Bernard,<\/li>\n<li>Martine Guibert<\/li>\n<li>Marie-Christine Henninger,<\/li>\n<li>Bernard Mondy,<\/li>\n<li>J\u00e9r\u00e9my Pasini,<\/li>\n<li>Micha\u00ebl Pouzenc,<\/li>\n<li>Agn\u00e8s Terrieux<\/li>\n<\/ul>\n<p>&nbsp;<\/p>\n","protected":false},"excerpt":{"rendered":"<p>Comit\u00e9 scientifique Josefa Salete Barbosa Cavalcanti, Universidade Federal de Pernambuco (Br\u00e9sil) Laurence Barthe, Universit\u00e9 Toulouse 2 Famo\u00ef Beavogui, Institut de Recherche Agronomique, Conakry (Guin\u00e9e) Mary Cawley, NUI Galway (Irlande) Bernard Charlery, Universit\u00e9 Toulouse 2 Claire Delfosse, Universit\u00e9 Lyon 2 Javier Esparcia, Universidad de Valencia (Espagne) Guy Faure, CIRAD Montpellier Ana Firmino, Nouvelle Universit\u00e9 de Lisbonne [&hellip;]<\/p>\n","protected":false},"author":289,"featured_media":0,"parent":0,"menu_order":0,"comment_status":"closed","ping_status":"closed","template":"","meta":{"footnotes":""},"class_list":["post-2","page","type-page","status-publish","hentry"],"_links":{"self":[{"href":"https:\/\/blogs.univ-tlse2.fr\/dynamiquesrurales\/wp-json\/wp\/v2\/pages\/2","targetHints":{"allow":["GET"]}}],"collection":[{"href":"https:\/\/blogs.univ-tlse2.fr\/dynamiquesrurales\/wp-json\/wp\/v2\/pages"}],"about":[{"href":"https:\/\/blogs.univ-tlse2.fr\/dynamiquesrurales\/wp-json\/wp\/v2\/types\/page"}],"author":[{"embeddable":true,"href":"https:\/\/blogs.univ-tlse2.fr\/dynamiquesrurales\/wp-json\/wp\/v2\/users\/289"}],"replies":[{"embeddable":true,"href":"https:\/\/blogs.univ-tlse2.fr\/dynamiquesrurales\/wp-json\/wp\/v2\/comments?post=2"}],"version-history":[{"count":5,"href":"https:\/\/blogs.univ-tlse2.fr\/dynamiquesrurales\/wp-json\/wp\/v2\/pages\/2\/revisions"}],"predecessor-version":[{"id":63,"href":"https:\/\/blogs.univ-tlse2.fr\/dynamiquesrurales\/wp-json\/wp\/v2\/pages\/2\/revisions\/63"}],"wp:attachment":[{"href":"https:\/\/blogs.univ-tlse2.fr\/dynamiquesrurales\/wp-json\/wp\/v2\/media?parent=2"}],"curies":[{"name":"wp","href":"https:\/\/api.w.org\/{rel}","templated":true}]}}