 {"id":19,"date":"2023-01-12T11:03:22","date_gmt":"2023-01-12T10:03:22","guid":{"rendered":"https:\/\/blogs.univ-tlse2.fr\/ecobuage-feux-pyrenees\/?page_id=19"},"modified":"2023-01-18T11:33:02","modified_gmt":"2023-01-18T10:33:02","slug":"usage-du-feu","status":"publish","type":"page","link":"https:\/\/blogs.univ-tlse2.fr\/ecobuage-feux-pyrenees\/usage-du-feu\/","title":{"rendered":"Usages du feu"},"content":{"rendered":"\n<p><\/p>\n\n\n\n<div class=\"wp-block-media-text alignfull is-stacked-on-mobile is-vertically-aligned-center\"><figure class=\"wp-block-media-text__media\"><img loading=\"lazy\" decoding=\"async\" width=\"1024\" height=\"650\" src=\"https:\/\/blogs.univ-tlse2.fr\/ecobuage-feux-pyrenees\/files\/2023\/01\/Ecobuage_brulage-pastoral-1-1024x650.jpg\" alt=\"\" class=\"wp-image-66 size-full\" srcset=\"https:\/\/blogs.univ-tlse2.fr\/ecobuage-feux-pyrenees\/files\/2023\/01\/Ecobuage_brulage-pastoral-1-1024x650.jpg 1024w, https:\/\/blogs.univ-tlse2.fr\/ecobuage-feux-pyrenees\/files\/2023\/01\/Ecobuage_brulage-pastoral-1-300x190.jpg 300w, https:\/\/blogs.univ-tlse2.fr\/ecobuage-feux-pyrenees\/files\/2023\/01\/Ecobuage_brulage-pastoral-1-768x488.jpg 768w, https:\/\/blogs.univ-tlse2.fr\/ecobuage-feux-pyrenees\/files\/2023\/01\/Ecobuage_brulage-pastoral-1.jpg 1087w\" sizes=\"auto, (max-width: 767px) 89vw, (max-width: 1000px) 54vw, (max-width: 1071px) 543px, 580px\" \/><\/figure><div class=\"wp-block-media-text__content\">\n<h3 class=\"has-text-align-center wp-block-heading\"><strong>Ecobuage\/br\u00fblage pastoral<\/strong><\/h3>\n\n\n\n<p class=\"has-text-align-center has-extra-small-font-size\"><\/p>\n<\/div><\/div>\n\n\n\n<div class=\"wp-block-media-text alignfull is-stacked-on-mobile is-vertically-aligned-center\" style=\"grid-template-columns:51% auto\"><figure class=\"wp-block-media-text__media\"><img loading=\"lazy\" decoding=\"async\" width=\"974\" height=\"690\" src=\"https:\/\/blogs.univ-tlse2.fr\/ecobuage-feux-pyrenees\/files\/2023\/01\/Brulage-dirige.jpg\" alt=\"\" class=\"wp-image-43 size-full\" srcset=\"https:\/\/blogs.univ-tlse2.fr\/ecobuage-feux-pyrenees\/files\/2023\/01\/Brulage-dirige.jpg 974w, https:\/\/blogs.univ-tlse2.fr\/ecobuage-feux-pyrenees\/files\/2023\/01\/Brulage-dirige-300x213.jpg 300w, https:\/\/blogs.univ-tlse2.fr\/ecobuage-feux-pyrenees\/files\/2023\/01\/Brulage-dirige-768x544.jpg 768w\" sizes=\"auto, (max-width: 767px) 89vw, (max-width: 1000px) 54vw, (max-width: 1071px) 543px, 580px\" \/><\/figure><div class=\"wp-block-media-text__content\">\n<h3 class=\"has-text-align-center wp-block-heading\"><strong>Br\u00fblage dirig\u00e9<\/strong><\/h3>\n\n\n\n<p class=\"has-text-align-center has-extra-small-font-size\"><\/p>\n<\/div><\/div>\n\n\n\n<div class=\"wp-block-media-text alignfull is-stacked-on-mobile is-vertically-aligned-center\" style=\"grid-template-columns:51% auto\"><figure class=\"wp-block-media-text__media\"><img loading=\"lazy\" decoding=\"async\" width=\"1005\" height=\"690\" src=\"https:\/\/blogs.univ-tlse2.fr\/ecobuage-feux-pyrenees\/files\/2023\/01\/Brulage-environnemental.jpg\" alt=\"\" class=\"wp-image-44 size-full\" srcset=\"https:\/\/blogs.univ-tlse2.fr\/ecobuage-feux-pyrenees\/files\/2023\/01\/Brulage-environnemental.jpg 1005w, https:\/\/blogs.univ-tlse2.fr\/ecobuage-feux-pyrenees\/files\/2023\/01\/Brulage-environnemental-300x206.jpg 300w, https:\/\/blogs.univ-tlse2.fr\/ecobuage-feux-pyrenees\/files\/2023\/01\/Brulage-environnemental-768x527.jpg 768w\" sizes=\"auto, (max-width: 767px) 89vw, (max-width: 1000px) 54vw, (max-width: 1071px) 543px, 580px\" \/><\/figure><div class=\"wp-block-media-text__content\">\n<h3 class=\"has-text-align-center wp-block-heading\"><strong>Br\u00fblage environnemental<\/strong><\/h3>\n\n\n\n<p class=\"has-text-align-center has-extra-small-font-size\"><\/p>\n<\/div><\/div>\n\n\n\n<div class=\"wp-block-media-text alignfull is-stacked-on-mobile is-vertically-aligned-center\" style=\"grid-template-columns:51% auto\"><figure class=\"wp-block-media-text__media\"><img loading=\"lazy\" decoding=\"async\" width=\"974\" height=\"622\" src=\"https:\/\/blogs.univ-tlse2.fr\/ecobuage-feux-pyrenees\/files\/2023\/01\/Feu-tactique.jpg\" alt=\"\" class=\"wp-image-45 size-full\" srcset=\"https:\/\/blogs.univ-tlse2.fr\/ecobuage-feux-pyrenees\/files\/2023\/01\/Feu-tactique.jpg 974w, https:\/\/blogs.univ-tlse2.fr\/ecobuage-feux-pyrenees\/files\/2023\/01\/Feu-tactique-300x192.jpg 300w, https:\/\/blogs.univ-tlse2.fr\/ecobuage-feux-pyrenees\/files\/2023\/01\/Feu-tactique-768x490.jpg 768w\" sizes=\"auto, (max-width: 767px) 89vw, (max-width: 1000px) 54vw, (max-width: 1071px) 543px, 580px\" \/><\/figure><div class=\"wp-block-media-text__content\">\n<h3 class=\"has-text-align-center wp-block-heading\"><strong>Feu tactique<\/strong><\/h3>\n\n\n\n<p class=\"has-text-align-center has-extra-small-font-size\"><\/p>\n<\/div><\/div>\n","protected":false},"excerpt":{"rendered":"<p>Ecobuage\/br\u00fblage pastoral Br\u00fblage dirig\u00e9 Br\u00fblage environnemental Feu tactique<\/p>\n","protected":false},"author":968,"featured_media":0,"parent":0,"menu_order":0,"comment_status":"closed","ping_status":"closed","template":"","meta":{"footnotes":""},"class_list":["post-19","page","type-page","status-publish","hentry"],"_links":{"self":[{"href":"https:\/\/blogs.univ-tlse2.fr\/ecobuage-feux-pyrenees\/wp-json\/wp\/v2\/pages\/19","targetHints":{"allow":["GET"]}}],"collection":[{"href":"https:\/\/blogs.univ-tlse2.fr\/ecobuage-feux-pyrenees\/wp-json\/wp\/v2\/pages"}],"about":[{"href":"https:\/\/blogs.univ-tlse2.fr\/ecobuage-feux-pyrenees\/wp-json\/wp\/v2\/types\/page"}],"author":[{"embeddable":true,"href":"https:\/\/blogs.univ-tlse2.fr\/ecobuage-feux-pyrenees\/wp-json\/wp\/v2\/users\/968"}],"replies":[{"embeddable":true,"href":"https:\/\/blogs.univ-tlse2.fr\/ecobuage-feux-pyrenees\/wp-json\/wp\/v2\/comments?post=19"}],"version-history":[{"count":5,"href":"https:\/\/blogs.univ-tlse2.fr\/ecobuage-feux-pyrenees\/wp-json\/wp\/v2\/pages\/19\/revisions"}],"predecessor-version":[{"id":119,"href":"https:\/\/blogs.univ-tlse2.fr\/ecobuage-feux-pyrenees\/wp-json\/wp\/v2\/pages\/19\/revisions\/119"}],"wp:attachment":[{"href":"https:\/\/blogs.univ-tlse2.fr\/ecobuage-feux-pyrenees\/wp-json\/wp\/v2\/media?parent=19"}],"curies":[{"name":"wp","href":"https:\/\/api.w.org\/{rel}","templated":true}]}}