 {"id":23,"date":"2023-01-12T11:04:11","date_gmt":"2023-01-12T10:04:11","guid":{"rendered":"https:\/\/blogs.univ-tlse2.fr\/ecobuage-feux-pyrenees\/?page_id=23"},"modified":"2023-01-17T15:02:55","modified_gmt":"2023-01-17T14:02:55","slug":"reglementation-et-gouvernance","status":"publish","type":"page","link":"https:\/\/blogs.univ-tlse2.fr\/ecobuage-feux-pyrenees\/reglementation-et-gouvernance\/","title":{"rendered":"R\u00e9glementation et gouvernance"},"content":{"rendered":"\n<div class=\"wp-block-media-text alignfull is-stacked-on-mobile is-vertically-aligned-center\"><figure class=\"wp-block-media-text__media\"><a href=\"https:\/\/blogs.univ-tlse2.fr\/ecobuage-feux-pyrenees\/reglementation-des-hautes-pyrenees\/\"><img loading=\"lazy\" decoding=\"async\" width=\"974\" height=\"690\" src=\"https:\/\/blogs.univ-tlse2.fr\/ecobuage-feux-pyrenees\/files\/2023\/01\/65-1.jpg\" alt=\"\" class=\"wp-image-86 size-full\" srcset=\"https:\/\/blogs.univ-tlse2.fr\/ecobuage-feux-pyrenees\/files\/2023\/01\/65-1.jpg 974w, https:\/\/blogs.univ-tlse2.fr\/ecobuage-feux-pyrenees\/files\/2023\/01\/65-1-300x213.jpg 300w, https:\/\/blogs.univ-tlse2.fr\/ecobuage-feux-pyrenees\/files\/2023\/01\/65-1-768x544.jpg 768w\" sizes=\"auto, (max-width: 767px) 89vw, (max-width: 1000px) 54vw, (max-width: 1071px) 543px, 580px\" \/><\/a><\/figure><div class=\"wp-block-media-text__content\">\n<h3 class=\"has-text-align-center wp-block-heading\"><a href=\"https:\/\/blogs.univ-tlse2.fr\/ecobuage-feux-pyrenees\/reglementation-des-hautes-pyrenees\/\" data-type=\"page\" data-id=\"112\"><strong>Hautes-Pyr\u00e9n\u00e9es<\/strong><br><strong>65<\/strong><\/a><\/h3>\n<\/div><\/div>\n\n\n\n<div class=\"wp-block-media-text alignfull is-stacked-on-mobile is-vertically-aligned-center\"><figure class=\"wp-block-media-text__media\"><img loading=\"lazy\" decoding=\"async\" width=\"974\" height=\"690\" src=\"https:\/\/blogs.univ-tlse2.fr\/ecobuage-feux-pyrenees\/files\/2023\/01\/64-1.jpg\" alt=\"\" class=\"wp-image-85 size-full\" srcset=\"https:\/\/blogs.univ-tlse2.fr\/ecobuage-feux-pyrenees\/files\/2023\/01\/64-1.jpg 974w, https:\/\/blogs.univ-tlse2.fr\/ecobuage-feux-pyrenees\/files\/2023\/01\/64-1-300x213.jpg 300w, https:\/\/blogs.univ-tlse2.fr\/ecobuage-feux-pyrenees\/files\/2023\/01\/64-1-768x544.jpg 768w\" sizes=\"auto, (max-width: 767px) 89vw, (max-width: 1000px) 54vw, (max-width: 1071px) 543px, 580px\" \/><\/figure><div class=\"wp-block-media-text__content\">\n<h3 class=\"has-text-align-center wp-block-heading\"><strong>Pyr\u00e9n\u00e9es-Atlantiques<\/strong><br><strong>64<\/strong><\/h3>\n<\/div><\/div>\n\n\n\n<div class=\"wp-block-media-text alignfull is-stacked-on-mobile is-vertically-aligned-center\"><figure class=\"wp-block-media-text__media\"><img loading=\"lazy\" decoding=\"async\" width=\"974\" height=\"690\" src=\"https:\/\/blogs.univ-tlse2.fr\/ecobuage-feux-pyrenees\/files\/2023\/01\/31-1.jpg\" alt=\"\" class=\"wp-image-84 size-full\" srcset=\"https:\/\/blogs.univ-tlse2.fr\/ecobuage-feux-pyrenees\/files\/2023\/01\/31-1.jpg 974w, https:\/\/blogs.univ-tlse2.fr\/ecobuage-feux-pyrenees\/files\/2023\/01\/31-1-300x213.jpg 300w, https:\/\/blogs.univ-tlse2.fr\/ecobuage-feux-pyrenees\/files\/2023\/01\/31-1-768x544.jpg 768w\" sizes=\"auto, (max-width: 767px) 89vw, (max-width: 1000px) 54vw, (max-width: 1071px) 543px, 580px\" \/><\/figure><div class=\"wp-block-media-text__content\">\n<h3 class=\"has-text-align-center wp-block-heading\"><strong><strong>Haute-Garonne<\/strong><\/strong><br><strong>31<\/strong><\/h3>\n<\/div><\/div>\n\n\n\n<div class=\"wp-block-media-text alignfull is-stacked-on-mobile is-vertically-aligned-center\"><figure class=\"wp-block-media-text__media\"><img loading=\"lazy\" decoding=\"async\" width=\"974\" height=\"690\" src=\"https:\/\/blogs.univ-tlse2.fr\/ecobuage-feux-pyrenees\/files\/2023\/01\/09-1.jpg\" alt=\"\" class=\"wp-image-88 size-full\" srcset=\"https:\/\/blogs.univ-tlse2.fr\/ecobuage-feux-pyrenees\/files\/2023\/01\/09-1.jpg 974w, https:\/\/blogs.univ-tlse2.fr\/ecobuage-feux-pyrenees\/files\/2023\/01\/09-1-300x213.jpg 300w, https:\/\/blogs.univ-tlse2.fr\/ecobuage-feux-pyrenees\/files\/2023\/01\/09-1-768x544.jpg 768w\" sizes=\"auto, (max-width: 767px) 89vw, (max-width: 1000px) 54vw, (max-width: 1071px) 543px, 580px\" \/><\/figure><div class=\"wp-block-media-text__content\">\n<h3 class=\"has-text-align-center wp-block-heading\"><strong><strong>Ari\u00e8ge<\/strong><\/strong><br><strong>09<\/strong><\/h3>\n<\/div><\/div>\n\n\n\n<div class=\"wp-block-media-text alignfull is-stacked-on-mobile is-vertically-aligned-center\"><figure class=\"wp-block-media-text__media\"><img loading=\"lazy\" decoding=\"async\" width=\"974\" height=\"690\" src=\"https:\/\/blogs.univ-tlse2.fr\/ecobuage-feux-pyrenees\/files\/2023\/01\/11-1.jpg\" alt=\"\" class=\"wp-image-83 size-full\" srcset=\"https:\/\/blogs.univ-tlse2.fr\/ecobuage-feux-pyrenees\/files\/2023\/01\/11-1.jpg 974w, https:\/\/blogs.univ-tlse2.fr\/ecobuage-feux-pyrenees\/files\/2023\/01\/11-1-300x213.jpg 300w, https:\/\/blogs.univ-tlse2.fr\/ecobuage-feux-pyrenees\/files\/2023\/01\/11-1-768x544.jpg 768w\" sizes=\"auto, (max-width: 767px) 89vw, (max-width: 1000px) 54vw, (max-width: 1071px) 543px, 580px\" \/><\/figure><div class=\"wp-block-media-text__content\">\n<h3 class=\"has-text-align-center wp-block-heading\"><strong>Aude<\/strong><br><strong>11<\/strong><\/h3>\n<\/div><\/div>\n\n\n\n<div class=\"wp-block-media-text alignfull is-stacked-on-mobile is-vertically-aligned-center\"><figure class=\"wp-block-media-text__media\"><img loading=\"lazy\" decoding=\"async\" width=\"974\" height=\"690\" src=\"https:\/\/blogs.univ-tlse2.fr\/ecobuage-feux-pyrenees\/files\/2023\/01\/66-1.jpg\" alt=\"\" class=\"wp-image-87 size-full\" srcset=\"https:\/\/blogs.univ-tlse2.fr\/ecobuage-feux-pyrenees\/files\/2023\/01\/66-1.jpg 974w, https:\/\/blogs.univ-tlse2.fr\/ecobuage-feux-pyrenees\/files\/2023\/01\/66-1-300x213.jpg 300w, https:\/\/blogs.univ-tlse2.fr\/ecobuage-feux-pyrenees\/files\/2023\/01\/66-1-768x544.jpg 768w\" sizes=\"auto, (max-width: 767px) 89vw, (max-width: 1000px) 54vw, (max-width: 1071px) 543px, 580px\" \/><\/figure><div class=\"wp-block-media-text__content\">\n<h3 class=\"has-text-align-center wp-block-heading\"><strong><strong>Pyr\u00e9n\u00e9es-Orientales<\/strong><\/strong><br><strong>66<\/strong><\/h3>\n<\/div><\/div>\n","protected":false},"excerpt":{"rendered":"<p>Hautes-Pyr\u00e9n\u00e9es65 Pyr\u00e9n\u00e9es-Atlantiques64 Haute-Garonne31 Ari\u00e8ge09 Aude11 Pyr\u00e9n\u00e9es-Orientales66<\/p>\n","protected":false},"author":968,"featured_media":0,"parent":0,"menu_order":0,"comment_status":"closed","ping_status":"closed","template":"","meta":{"footnotes":""},"class_list":["post-23","page","type-page","status-publish","hentry"],"_links":{"self":[{"href":"https:\/\/blogs.univ-tlse2.fr\/ecobuage-feux-pyrenees\/wp-json\/wp\/v2\/pages\/23","targetHints":{"allow":["GET"]}}],"collection":[{"href":"https:\/\/blogs.univ-tlse2.fr\/ecobuage-feux-pyrenees\/wp-json\/wp\/v2\/pages"}],"about":[{"href":"https:\/\/blogs.univ-tlse2.fr\/ecobuage-feux-pyrenees\/wp-json\/wp\/v2\/types\/page"}],"author":[{"embeddable":true,"href":"https:\/\/blogs.univ-tlse2.fr\/ecobuage-feux-pyrenees\/wp-json\/wp\/v2\/users\/968"}],"replies":[{"embeddable":true,"href":"https:\/\/blogs.univ-tlse2.fr\/ecobuage-feux-pyrenees\/wp-json\/wp\/v2\/comments?post=23"}],"version-history":[{"count":10,"href":"https:\/\/blogs.univ-tlse2.fr\/ecobuage-feux-pyrenees\/wp-json\/wp\/v2\/pages\/23\/revisions"}],"predecessor-version":[{"id":116,"href":"https:\/\/blogs.univ-tlse2.fr\/ecobuage-feux-pyrenees\/wp-json\/wp\/v2\/pages\/23\/revisions\/116"}],"wp:attachment":[{"href":"https:\/\/blogs.univ-tlse2.fr\/ecobuage-feux-pyrenees\/wp-json\/wp\/v2\/media?parent=23"}],"curies":[{"name":"wp","href":"https:\/\/api.w.org\/{rel}","templated":true}]}}