 {"id":25,"date":"2023-01-12T11:04:32","date_gmt":"2023-01-12T10:04:32","guid":{"rendered":"https:\/\/blogs.univ-tlse2.fr\/ecobuage-feux-pyrenees\/?page_id=25"},"modified":"2023-01-17T11:47:13","modified_gmt":"2023-01-17T10:47:13","slug":"galerie","status":"publish","type":"page","link":"https:\/\/blogs.univ-tlse2.fr\/ecobuage-feux-pyrenees\/galerie\/","title":{"rendered":"Galerie"},"content":{"rendered":"\n<figure class=\"wp-block-gallery has-nested-images columns-default is-cropped wp-block-gallery-1 is-layout-flex wp-block-gallery-is-layout-flex\">\n<figure class=\"wp-block-image size-large\"><img loading=\"lazy\" decoding=\"async\" width=\"1024\" height=\"768\" data-id=\"15\" src=\"https:\/\/blogs.univ-tlse2.fr\/ecobuage-feux-pyrenees\/files\/2023\/01\/P1010169-1024x768.jpg\" alt=\"\" class=\"wp-image-15\" srcset=\"https:\/\/blogs.univ-tlse2.fr\/ecobuage-feux-pyrenees\/files\/2023\/01\/P1010169-1024x768.jpg 1024w, https:\/\/blogs.univ-tlse2.fr\/ecobuage-feux-pyrenees\/files\/2023\/01\/P1010169-300x225.jpg 300w, https:\/\/blogs.univ-tlse2.fr\/ecobuage-feux-pyrenees\/files\/2023\/01\/P1010169-768x576.jpg 768w, https:\/\/blogs.univ-tlse2.fr\/ecobuage-feux-pyrenees\/files\/2023\/01\/P1010169-1536x1152.jpg 1536w, https:\/\/blogs.univ-tlse2.fr\/ecobuage-feux-pyrenees\/files\/2023\/01\/P1010169-2048x1536.jpg 2048w\" sizes=\"auto, (max-width: 767px) 89vw, (max-width: 1000px) 54vw, (max-width: 1071px) 543px, 580px\" \/><figcaption class=\"wp-element-caption\"><strong>Commission Syndicale du Bar\u00e8ge, Commune de Gavarnie-G\u00e8dre, estive de Groutte, brulage pied \u00e0 pied (dit aussi \u00e0 la matte) de gen\u00e9vriers communs.<\/strong><\/figcaption><\/figure>\n<\/figure>\n\n\n\n<figure class=\"wp-block-gallery has-nested-images columns-default is-cropped wp-block-gallery-2 is-layout-flex wp-block-gallery-is-layout-flex\">\n<figure class=\"wp-block-image size-large\"><img loading=\"lazy\" decoding=\"async\" width=\"1024\" height=\"768\" data-id=\"16\" src=\"https:\/\/blogs.univ-tlse2.fr\/ecobuage-feux-pyrenees\/files\/2023\/01\/P1010229-1024x768.jpg\" alt=\"\" class=\"wp-image-16\" srcset=\"https:\/\/blogs.univ-tlse2.fr\/ecobuage-feux-pyrenees\/files\/2023\/01\/P1010229-1024x768.jpg 1024w, https:\/\/blogs.univ-tlse2.fr\/ecobuage-feux-pyrenees\/files\/2023\/01\/P1010229-300x225.jpg 300w, https:\/\/blogs.univ-tlse2.fr\/ecobuage-feux-pyrenees\/files\/2023\/01\/P1010229-768x576.jpg 768w, https:\/\/blogs.univ-tlse2.fr\/ecobuage-feux-pyrenees\/files\/2023\/01\/P1010229-1536x1152.jpg 1536w, https:\/\/blogs.univ-tlse2.fr\/ecobuage-feux-pyrenees\/files\/2023\/01\/P1010229-2048x1536.jpg 2048w\" sizes=\"auto, (max-width: 767px) 89vw, (max-width: 1000px) 54vw, (max-width: 1071px) 543px, 580px\" \/><figcaption class=\"wp-element-caption\"><strong>Commission Syndicale du Bar\u00e8ge, Commune de Gavarnie-G\u00e8dre, estive de Groutte, brulage pied \u00e0 pied (dit aussi \u00e0 la matte) de gen\u00e9vriers communs.<\/strong><\/figcaption><\/figure>\n<\/figure>\n\n\n\n<figure class=\"wp-block-gallery has-nested-images columns-default is-cropped wp-block-gallery-3 is-layout-flex wp-block-gallery-is-layout-flex\">\n<figure class=\"wp-block-image size-large\"><img loading=\"lazy\" decoding=\"async\" width=\"1024\" height=\"768\" data-id=\"96\" src=\"https:\/\/blogs.univ-tlse2.fr\/ecobuage-feux-pyrenees\/files\/2023\/01\/Estive-du-Pin-078-1024x768.jpg\" alt=\"\" class=\"wp-image-96\" srcset=\"https:\/\/blogs.univ-tlse2.fr\/ecobuage-feux-pyrenees\/files\/2023\/01\/Estive-du-Pin-078-1024x768.jpg 1024w, https:\/\/blogs.univ-tlse2.fr\/ecobuage-feux-pyrenees\/files\/2023\/01\/Estive-du-Pin-078-300x225.jpg 300w, https:\/\/blogs.univ-tlse2.fr\/ecobuage-feux-pyrenees\/files\/2023\/01\/Estive-du-Pin-078-768x576.jpg 768w, https:\/\/blogs.univ-tlse2.fr\/ecobuage-feux-pyrenees\/files\/2023\/01\/Estive-du-Pin-078-1536x1152.jpg 1536w, https:\/\/blogs.univ-tlse2.fr\/ecobuage-feux-pyrenees\/files\/2023\/01\/Estive-du-Pin-078-2048x1536.jpg 2048w\" sizes=\"auto, (max-width: 767px) 89vw, (max-width: 1000px) 54vw, (max-width: 1071px) 543px, 580px\" \/><figcaption class=\"wp-element-caption\"><strong>Commune de Trameza\u00efgues, estive du Moudang, brulage pied \u00e0 pied de gen\u00e9vriers commun\u00a0; outils de contr\u00f4le de la propagation du feu\u00a0: le seau-pompe et la batte \u00e0 feu<\/strong>.<\/figcaption><\/figure>\n<\/figure>\n\n\n\n<figure class=\"wp-block-gallery has-nested-images columns-default is-cropped wp-block-gallery-4 is-layout-flex wp-block-gallery-is-layout-flex\">\n<figure class=\"wp-block-image size-large\"><img loading=\"lazy\" decoding=\"async\" width=\"1024\" height=\"768\" data-id=\"95\" src=\"https:\/\/blogs.univ-tlse2.fr\/ecobuage-feux-pyrenees\/files\/2023\/01\/echanges_eleveurs_pompiers-1024x768.jpg\" alt=\"\" class=\"wp-image-95\" srcset=\"https:\/\/blogs.univ-tlse2.fr\/ecobuage-feux-pyrenees\/files\/2023\/01\/echanges_eleveurs_pompiers-1024x768.jpg 1024w, https:\/\/blogs.univ-tlse2.fr\/ecobuage-feux-pyrenees\/files\/2023\/01\/echanges_eleveurs_pompiers-300x225.jpg 300w, https:\/\/blogs.univ-tlse2.fr\/ecobuage-feux-pyrenees\/files\/2023\/01\/echanges_eleveurs_pompiers-768x576.jpg 768w, https:\/\/blogs.univ-tlse2.fr\/ecobuage-feux-pyrenees\/files\/2023\/01\/echanges_eleveurs_pompiers-1536x1152.jpg 1536w, https:\/\/blogs.univ-tlse2.fr\/ecobuage-feux-pyrenees\/files\/2023\/01\/echanges_eleveurs_pompiers.jpg 2048w\" sizes=\"auto, (max-width: 767px) 89vw, (max-width: 1000px) 54vw, (max-width: 1071px) 543px, 580px\" \/><figcaption class=\"wp-element-caption\"><strong>Groupement pastoral de la Hosse- commune d\u2019Arreau  \u2013 \u00e9changes entre \u00e9leveurs et pompiers \u00e0 la fin d\u2019un chantier.<\/strong><\/figcaption><\/figure>\n<\/figure>\n\n\n\n<figure class=\"wp-block-gallery has-nested-images columns-default is-cropped wp-block-gallery-5 is-layout-flex wp-block-gallery-is-layout-flex\">\n<figure class=\"wp-block-image size-large\"><img loading=\"lazy\" decoding=\"async\" width=\"1024\" height=\"768\" data-id=\"98\" src=\"https:\/\/blogs.univ-tlse2.fr\/ecobuage-feux-pyrenees\/files\/2023\/01\/P1051694-1024x768.jpg\" alt=\"\" class=\"wp-image-98\" srcset=\"https:\/\/blogs.univ-tlse2.fr\/ecobuage-feux-pyrenees\/files\/2023\/01\/P1051694-1024x768.jpg 1024w, https:\/\/blogs.univ-tlse2.fr\/ecobuage-feux-pyrenees\/files\/2023\/01\/P1051694-300x225.jpg 300w, https:\/\/blogs.univ-tlse2.fr\/ecobuage-feux-pyrenees\/files\/2023\/01\/P1051694-768x576.jpg 768w, https:\/\/blogs.univ-tlse2.fr\/ecobuage-feux-pyrenees\/files\/2023\/01\/P1051694-1536x1152.jpg 1536w, https:\/\/blogs.univ-tlse2.fr\/ecobuage-feux-pyrenees\/files\/2023\/01\/P1051694-2048x1536.jpg 2048w\" sizes=\"auto, (max-width: 767px) 89vw, (max-width: 1000px) 54vw, (max-width: 1071px) 543px, 580px\" \/><figcaption class=\"wp-element-caption\"><strong>Commission syndicale des IV V\u00e9ziaux d\u2019Aure\u00a0; estive des Artigous &#8211; territoire administratif d\u2019Ancizan, allumage \u00e0 la torche par le bas &#8211; br\u00fblage d\u2019une lande \u00e0 foug\u00e8re aigle<\/strong>.<\/figcaption><\/figure>\n<\/figure>\n\n\n\n<figure class=\"wp-block-gallery has-nested-images columns-default is-cropped wp-block-gallery-6 is-layout-flex wp-block-gallery-is-layout-flex\">\n<figure class=\"wp-block-image size-large\"><img loading=\"lazy\" decoding=\"async\" width=\"1024\" height=\"768\" data-id=\"99\" src=\"https:\/\/blogs.univ-tlse2.fr\/ecobuage-feux-pyrenees\/files\/2023\/01\/hautes_pyrenees_1-2-1024x768.jpg\" alt=\"\" class=\"wp-image-99\" srcset=\"https:\/\/blogs.univ-tlse2.fr\/ecobuage-feux-pyrenees\/files\/2023\/01\/hautes_pyrenees_1-2-1024x768.jpg 1024w, https:\/\/blogs.univ-tlse2.fr\/ecobuage-feux-pyrenees\/files\/2023\/01\/hautes_pyrenees_1-2-300x225.jpg 300w, https:\/\/blogs.univ-tlse2.fr\/ecobuage-feux-pyrenees\/files\/2023\/01\/hautes_pyrenees_1-2-768x576.jpg 768w, https:\/\/blogs.univ-tlse2.fr\/ecobuage-feux-pyrenees\/files\/2023\/01\/hautes_pyrenees_1-2-1536x1152.jpg 1536w, https:\/\/blogs.univ-tlse2.fr\/ecobuage-feux-pyrenees\/files\/2023\/01\/hautes_pyrenees_1-2-2048x1536.jpg 2048w\" sizes=\"auto, (max-width: 767px) 89vw, (max-width: 1000px) 54vw, (max-width: 1071px) 543px, 580px\" \/><figcaption class=\"wp-element-caption\"><strong>Commission syndicale pastorale de la Barousse\u00a0; estive du Pin, territoire administratif de Ferr\u00e8re \u2013 utilisation d\u2019une pelle comme batte \u00e0 feu pour contr\u00f4ler la propagation du feu.<\/strong><\/figcaption><\/figure>\n<\/figure>\n\n\n\n<figure class=\"wp-block-gallery has-nested-images columns-default is-cropped wp-block-gallery-7 is-layout-flex wp-block-gallery-is-layout-flex\">\n<figure class=\"wp-block-image size-large\"><img loading=\"lazy\" decoding=\"async\" width=\"1024\" height=\"768\" data-id=\"100\" src=\"https:\/\/blogs.univ-tlse2.fr\/ecobuage-feux-pyrenees\/files\/2023\/01\/hautes_pyrenees_1-3-1024x768.jpg\" alt=\"\" class=\"wp-image-100\" srcset=\"https:\/\/blogs.univ-tlse2.fr\/ecobuage-feux-pyrenees\/files\/2023\/01\/hautes_pyrenees_1-3-1024x768.jpg 1024w, https:\/\/blogs.univ-tlse2.fr\/ecobuage-feux-pyrenees\/files\/2023\/01\/hautes_pyrenees_1-3-300x225.jpg 300w, https:\/\/blogs.univ-tlse2.fr\/ecobuage-feux-pyrenees\/files\/2023\/01\/hautes_pyrenees_1-3-768x576.jpg 768w, https:\/\/blogs.univ-tlse2.fr\/ecobuage-feux-pyrenees\/files\/2023\/01\/hautes_pyrenees_1-3-1536x1152.jpg 1536w, https:\/\/blogs.univ-tlse2.fr\/ecobuage-feux-pyrenees\/files\/2023\/01\/hautes_pyrenees_1-3-2048x1536.jpg 2048w\" sizes=\"auto, (max-width: 767px) 89vw, (max-width: 1000px) 54vw, (max-width: 1071px) 543px, 580px\" \/><figcaption class=\"wp-element-caption\"><strong>Commune de Trameza\u00efgues, estive du Moudang, brulage pied \u00e0 pied de gen\u00e9vriers commun\u00a0; outils de contr\u00f4le de la propagation du feu\u00a0: le seau-pompe et la batte \u00e0 feu<\/strong><\/figcaption><\/figure>\n<\/figure>\n\n\n\n<figure class=\"wp-block-gallery has-nested-images columns-default is-cropped wp-block-gallery-8 is-layout-flex wp-block-gallery-is-layout-flex\">\n<figure class=\"wp-block-image size-large\"><img loading=\"lazy\" decoding=\"async\" width=\"1024\" height=\"768\" data-id=\"101\" src=\"https:\/\/blogs.univ-tlse2.fr\/ecobuage-feux-pyrenees\/files\/2023\/01\/hautes_pyrenees_1-4-1024x768.jpg\" alt=\"\" class=\"wp-image-101\" srcset=\"https:\/\/blogs.univ-tlse2.fr\/ecobuage-feux-pyrenees\/files\/2023\/01\/hautes_pyrenees_1-4-1024x768.jpg 1024w, https:\/\/blogs.univ-tlse2.fr\/ecobuage-feux-pyrenees\/files\/2023\/01\/hautes_pyrenees_1-4-300x225.jpg 300w, https:\/\/blogs.univ-tlse2.fr\/ecobuage-feux-pyrenees\/files\/2023\/01\/hautes_pyrenees_1-4-768x576.jpg 768w, https:\/\/blogs.univ-tlse2.fr\/ecobuage-feux-pyrenees\/files\/2023\/01\/hautes_pyrenees_1-4-1536x1152.jpg 1536w, https:\/\/blogs.univ-tlse2.fr\/ecobuage-feux-pyrenees\/files\/2023\/01\/hautes_pyrenees_1-4-2048x1536.jpg 2048w\" sizes=\"auto, (max-width: 767px) 89vw, (max-width: 1000px) 54vw, (max-width: 1071px) 543px, 580px\" \/><figcaption class=\"wp-element-caption\"><strong>Commune de Trameza\u00efgues, estive du Moudang, brulage pied \u00e0 pied (dit aussi \u00e0 la matte) de gen\u00e9vriers communs<\/strong>.<\/figcaption><\/figure>\n<\/figure>\n\n\n\n<p class=\"has-text-align-center\"><strong>Progression d\u2019un chantier d\u2019\u00e9cobuage sur une journ\u00e9e.<\/strong><\/p>\n\n\n\n<figure class=\"wp-block-gallery has-nested-images columns-default is-cropped wp-block-gallery-9 is-layout-flex wp-block-gallery-is-layout-flex\">\n<figure class=\"wp-block-image size-large\"><img loading=\"lazy\" decoding=\"async\" width=\"1024\" height=\"768\" data-id=\"103\" src=\"https:\/\/blogs.univ-tlse2.fr\/ecobuage-feux-pyrenees\/files\/2023\/01\/ecobuage_arcizans_arras_11h30-1024x768.jpg\" alt=\"\" class=\"wp-image-103\" srcset=\"https:\/\/blogs.univ-tlse2.fr\/ecobuage-feux-pyrenees\/files\/2023\/01\/ecobuage_arcizans_arras_11h30-1024x768.jpg 1024w, https:\/\/blogs.univ-tlse2.fr\/ecobuage-feux-pyrenees\/files\/2023\/01\/ecobuage_arcizans_arras_11h30-300x225.jpg 300w, https:\/\/blogs.univ-tlse2.fr\/ecobuage-feux-pyrenees\/files\/2023\/01\/ecobuage_arcizans_arras_11h30-768x576.jpg 768w, https:\/\/blogs.univ-tlse2.fr\/ecobuage-feux-pyrenees\/files\/2023\/01\/ecobuage_arcizans_arras_11h30-1536x1152.jpg 1536w, https:\/\/blogs.univ-tlse2.fr\/ecobuage-feux-pyrenees\/files\/2023\/01\/ecobuage_arcizans_arras_11h30.jpg 2040w\" sizes=\"auto, (max-width: 767px) 89vw, (max-width: 1000px) 54vw, (max-width: 1071px) 543px, 580px\" \/><figcaption class=\"wp-element-caption\"><strong>11h30<\/strong><\/figcaption><\/figure>\n\n\n\n<figure class=\"wp-block-image size-large\"><img loading=\"lazy\" decoding=\"async\" width=\"1024\" height=\"768\" data-id=\"105\" src=\"https:\/\/blogs.univ-tlse2.fr\/ecobuage-feux-pyrenees\/files\/2023\/01\/ecobuage_arcizans_arras_13h15-1024x768.jpg\" alt=\"\" class=\"wp-image-105\" srcset=\"https:\/\/blogs.univ-tlse2.fr\/ecobuage-feux-pyrenees\/files\/2023\/01\/ecobuage_arcizans_arras_13h15-1024x768.jpg 1024w, https:\/\/blogs.univ-tlse2.fr\/ecobuage-feux-pyrenees\/files\/2023\/01\/ecobuage_arcizans_arras_13h15-300x225.jpg 300w, https:\/\/blogs.univ-tlse2.fr\/ecobuage-feux-pyrenees\/files\/2023\/01\/ecobuage_arcizans_arras_13h15-768x576.jpg 768w, https:\/\/blogs.univ-tlse2.fr\/ecobuage-feux-pyrenees\/files\/2023\/01\/ecobuage_arcizans_arras_13h15-1536x1152.jpg 1536w, https:\/\/blogs.univ-tlse2.fr\/ecobuage-feux-pyrenees\/files\/2023\/01\/ecobuage_arcizans_arras_13h15.jpg 2040w\" sizes=\"auto, (max-width: 767px) 89vw, (max-width: 1000px) 54vw, (max-width: 1071px) 543px, 580px\" \/><figcaption class=\"wp-element-caption\"><strong>13h15<\/strong><\/figcaption><\/figure>\n\n\n\n<figure class=\"wp-block-image size-large\"><img loading=\"lazy\" decoding=\"async\" width=\"1024\" height=\"768\" data-id=\"104\" src=\"https:\/\/blogs.univ-tlse2.fr\/ecobuage-feux-pyrenees\/files\/2023\/01\/ecobuage_arcizans_arras_13h45-1024x768.jpg\" alt=\"\" class=\"wp-image-104\" srcset=\"https:\/\/blogs.univ-tlse2.fr\/ecobuage-feux-pyrenees\/files\/2023\/01\/ecobuage_arcizans_arras_13h45-1024x768.jpg 1024w, https:\/\/blogs.univ-tlse2.fr\/ecobuage-feux-pyrenees\/files\/2023\/01\/ecobuage_arcizans_arras_13h45-300x225.jpg 300w, https:\/\/blogs.univ-tlse2.fr\/ecobuage-feux-pyrenees\/files\/2023\/01\/ecobuage_arcizans_arras_13h45-768x576.jpg 768w, https:\/\/blogs.univ-tlse2.fr\/ecobuage-feux-pyrenees\/files\/2023\/01\/ecobuage_arcizans_arras_13h45-1536x1152.jpg 1536w, https:\/\/blogs.univ-tlse2.fr\/ecobuage-feux-pyrenees\/files\/2023\/01\/ecobuage_arcizans_arras_13h45.jpg 2040w\" sizes=\"auto, (max-width: 767px) 89vw, (max-width: 1000px) 54vw, (max-width: 1071px) 543px, 580px\" \/><figcaption class=\"wp-element-caption\"><strong>13h45<\/strong><\/figcaption><\/figure>\n\n\n\n<figure class=\"wp-block-image size-large\"><img loading=\"lazy\" decoding=\"async\" width=\"1024\" height=\"768\" data-id=\"106\" src=\"https:\/\/blogs.univ-tlse2.fr\/ecobuage-feux-pyrenees\/files\/2023\/01\/ecobuage_arcizans_arras_16h30-1024x768.jpg\" alt=\"\" class=\"wp-image-106\" srcset=\"https:\/\/blogs.univ-tlse2.fr\/ecobuage-feux-pyrenees\/files\/2023\/01\/ecobuage_arcizans_arras_16h30-1024x768.jpg 1024w, https:\/\/blogs.univ-tlse2.fr\/ecobuage-feux-pyrenees\/files\/2023\/01\/ecobuage_arcizans_arras_16h30-300x225.jpg 300w, https:\/\/blogs.univ-tlse2.fr\/ecobuage-feux-pyrenees\/files\/2023\/01\/ecobuage_arcizans_arras_16h30-768x576.jpg 768w, https:\/\/blogs.univ-tlse2.fr\/ecobuage-feux-pyrenees\/files\/2023\/01\/ecobuage_arcizans_arras_16h30-1536x1152.jpg 1536w, https:\/\/blogs.univ-tlse2.fr\/ecobuage-feux-pyrenees\/files\/2023\/01\/ecobuage_arcizans_arras_16h30.jpg 2040w\" sizes=\"auto, (max-width: 767px) 89vw, (max-width: 1000px) 54vw, (max-width: 1071px) 543px, 580px\" \/><figcaption class=\"wp-element-caption\"><strong>16h30<\/strong><\/figcaption><\/figure>\n\n\n\n<figure class=\"wp-block-image size-large\"><img loading=\"lazy\" decoding=\"async\" width=\"1024\" height=\"768\" data-id=\"107\" src=\"https:\/\/blogs.univ-tlse2.fr\/ecobuage-feux-pyrenees\/files\/2023\/01\/ecobuage_arcizans_arras_16h45-1024x768.jpg\" alt=\"\" class=\"wp-image-107\" srcset=\"https:\/\/blogs.univ-tlse2.fr\/ecobuage-feux-pyrenees\/files\/2023\/01\/ecobuage_arcizans_arras_16h45-1024x768.jpg 1024w, https:\/\/blogs.univ-tlse2.fr\/ecobuage-feux-pyrenees\/files\/2023\/01\/ecobuage_arcizans_arras_16h45-300x225.jpg 300w, https:\/\/blogs.univ-tlse2.fr\/ecobuage-feux-pyrenees\/files\/2023\/01\/ecobuage_arcizans_arras_16h45-768x576.jpg 768w, https:\/\/blogs.univ-tlse2.fr\/ecobuage-feux-pyrenees\/files\/2023\/01\/ecobuage_arcizans_arras_16h45-1536x1152.jpg 1536w, https:\/\/blogs.univ-tlse2.fr\/ecobuage-feux-pyrenees\/files\/2023\/01\/ecobuage_arcizans_arras_16h45.jpg 2040w\" sizes=\"auto, (max-width: 767px) 89vw, (max-width: 1000px) 54vw, (max-width: 1071px) 543px, 580px\" \/><figcaption class=\"wp-element-caption\"><strong>16h45<\/strong><\/figcaption><\/figure>\n<\/figure>\n","protected":false},"excerpt":{"rendered":"<p>Progression d\u2019un chantier d\u2019\u00e9cobuage sur une journ\u00e9e.<\/p>\n","protected":false},"author":968,"featured_media":0,"parent":0,"menu_order":0,"comment_status":"closed","ping_status":"closed","template":"","meta":{"footnotes":""},"class_list":["post-25","page","type-page","status-publish","hentry"],"_links":{"self":[{"href":"https:\/\/blogs.univ-tlse2.fr\/ecobuage-feux-pyrenees\/wp-json\/wp\/v2\/pages\/25","targetHints":{"allow":["GET"]}}],"collection":[{"href":"https:\/\/blogs.univ-tlse2.fr\/ecobuage-feux-pyrenees\/wp-json\/wp\/v2\/pages"}],"about":[{"href":"https:\/\/blogs.univ-tlse2.fr\/ecobuage-feux-pyrenees\/wp-json\/wp\/v2\/types\/page"}],"author":[{"embeddable":true,"href":"https:\/\/blogs.univ-tlse2.fr\/ecobuage-feux-pyrenees\/wp-json\/wp\/v2\/users\/968"}],"replies":[{"embeddable":true,"href":"https:\/\/blogs.univ-tlse2.fr\/ecobuage-feux-pyrenees\/wp-json\/wp\/v2\/comments?post=25"}],"version-history":[{"count":6,"href":"https:\/\/blogs.univ-tlse2.fr\/ecobuage-feux-pyrenees\/wp-json\/wp\/v2\/pages\/25\/revisions"}],"predecessor-version":[{"id":109,"href":"https:\/\/blogs.univ-tlse2.fr\/ecobuage-feux-pyrenees\/wp-json\/wp\/v2\/pages\/25\/revisions\/109"}],"wp:attachment":[{"href":"https:\/\/blogs.univ-tlse2.fr\/ecobuage-feux-pyrenees\/wp-json\/wp\/v2\/media?parent=25"}],"curies":[{"name":"wp","href":"https:\/\/api.w.org\/{rel}","templated":true}]}}