 {"id":77,"date":"2017-07-01T17:40:24","date_gmt":"2017-07-01T15:40:24","guid":{"rendered":"https:\/\/blogs.univ-tlse2.fr\/edl\/?page_id=77"},"modified":"2026-02-09T09:30:07","modified_gmt":"2026-02-09T08:30:07","slug":"admissions","status":"publish","type":"page","link":"https:\/\/blogs.univ-tlse2.fr\/edl\/admissions\/","title":{"rendered":"Qui peut candidater et comment\u202f?"},"content":{"rendered":"<h2>La formation n&rsquo;ouvrira pas en septembre 2026.<\/h2>\n<h2>Vous pouvez vous tourner vers les Licences Pro de la m\u00eame mention \u00ab d\u00e9veloppement de projets de territoires \u00bb ou explorer l\u2019offre de formation de<a href=\"https:\/\/www.univ-tlse2.fr\/accueil\/formation-insertion\/decouvrir-formations\/licences-professionnelles-but\">\u00a0l\u2019UT2J d\u00e9taill\u00e9e ici<\/a>.<\/h2>\n<p>&nbsp;<\/p>\n<p>&nbsp;<\/p>\n<p style=\"text-align: left\">La Licence Pro ADEL est accessible aux titulaires d\u2019un dipl\u00f4me de BAC +2.<\/p>\n<p>Elle est ouverte en particulier aux :<\/p>\n<ul>\n<li>BTSA DATR (D\u00e9veloppement et Animation des territoires Ruraux), et BTSA ACSE (Analyse, conduite et Strat\u00e9gie de l\u2019Entreprise Agricole).<\/li>\n<li>BTS Tourisme ; GPN (Gestion et protection de la nature) ; SAM (Support \u00e0 l\u2019action manag\u00e9riale) ; MCO (Management Commercial Op\u00e9rationnel).<\/li>\n<li>Les \u00e9tudiants de L2 en SHS, comme L2 de G\u00e9ographie, Am\u00e9nagement et Environnement, de Sociologie, d\u2019\u00e9conomie ou encore les BUT du secteur des services (carri\u00e8res sociales, gestion des entreprises et des administrations).<\/li>\n<\/ul>\n<p>Les candidats ne disposant pas d\u2019un tel dipl\u00f4me, mais pouvant justifier d\u2019une exp\u00e9rience professionnelle en lien avec la formation, peuvent engager une proc\u00e9dure de Validation des Acquis Professionnels.<\/p>\n<div class=\"entry-content\"><\/div>\n<div id=\"primary\" class=\"content-area\"><\/div>\n<p><strong>\u00a0<\/strong><\/p>\n","protected":false},"excerpt":{"rendered":"<p>La formation n&rsquo;ouvrira pas en septembre 2026. Vous pouvez vous tourner vers les Licences Pro de la m\u00eame mention \u00ab d\u00e9veloppement de projets de territoires \u00bb ou explorer l\u2019offre de formation de\u00a0l\u2019UT2J d\u00e9taill\u00e9e ici. &nbsp; &nbsp; La Licence Pro ADEL est accessible aux titulaires d\u2019un dipl\u00f4me de BAC +2. Elle est ouverte en particulier aux <a href=\"https:\/\/blogs.univ-tlse2.fr\/edl\/admissions\/\" rel=\"nofollow\"><span class=\"sr-only\">En savoir plus surQui peut candidater et comment\u202f?<\/span>[&hellip;]<\/a><\/p>\n","protected":false},"author":414,"featured_media":0,"parent":0,"menu_order":0,"comment_status":"closed","ping_status":"closed","template":"","meta":{"footnotes":""},"class_list":["post-77","page","type-page","status-publish","hentry"],"_links":{"self":[{"href":"https:\/\/blogs.univ-tlse2.fr\/edl\/wp-json\/wp\/v2\/pages\/77","targetHints":{"allow":["GET"]}}],"collection":[{"href":"https:\/\/blogs.univ-tlse2.fr\/edl\/wp-json\/wp\/v2\/pages"}],"about":[{"href":"https:\/\/blogs.univ-tlse2.fr\/edl\/wp-json\/wp\/v2\/types\/page"}],"author":[{"embeddable":true,"href":"https:\/\/blogs.univ-tlse2.fr\/edl\/wp-json\/wp\/v2\/users\/414"}],"replies":[{"embeddable":true,"href":"https:\/\/blogs.univ-tlse2.fr\/edl\/wp-json\/wp\/v2\/comments?post=77"}],"version-history":[{"count":39,"href":"https:\/\/blogs.univ-tlse2.fr\/edl\/wp-json\/wp\/v2\/pages\/77\/revisions"}],"predecessor-version":[{"id":585,"href":"https:\/\/blogs.univ-tlse2.fr\/edl\/wp-json\/wp\/v2\/pages\/77\/revisions\/585"}],"wp:attachment":[{"href":"https:\/\/blogs.univ-tlse2.fr\/edl\/wp-json\/wp\/v2\/media?parent=77"}],"curies":[{"name":"wp","href":"https:\/\/api.w.org\/{rel}","templated":true}]}}