 {"id":104,"date":"2018-11-19T15:28:32","date_gmt":"2018-11-19T14:28:32","guid":{"rendered":"https:\/\/blogs.univ-tlse2.fr\/eepld\/?page_id=104"},"modified":"2018-11-19T15:28:32","modified_gmt":"2018-11-19T14:28:32","slug":"les-acteurs-de-la-lutte-contre-le-decrochage-scolaire","status":"publish","type":"page","link":"https:\/\/blogs.univ-tlse2.fr\/eepld\/espace-eleves\/les-acteurs-de-la-lutte-contre-le-decrochage-scolaire\/","title":{"rendered":"Les acteurs de la lutte contre le d\u00e9crochage scolaire"},"content":{"rendered":"<p>Les rencontres avec les \u00e9l\u00e8ves ont permis de montrer que le r\u00f4le de chacun des professionnels du milieu scolaire et p\u00e9riscolaire n\u2019est pas toujours \u00e9vident \u00e0 appr\u00e9hender pour eux. Dans cette page, tous les professionnels sont pr\u00e9sent\u00e9s ainsi que leur r\u00f4le respectif.<br \/>\n<!--more--><br \/>\nsuite<\/p>\n","protected":false},"excerpt":{"rendered":"<p>Les rencontres avec les \u00e9l\u00e8ves ont permis de montrer que le r\u00f4le de chacun des professionnels du milieu scolaire et p\u00e9riscolaire n\u2019est pas toujours \u00e9vident \u00e0 appr\u00e9hender pour eux. Dans cette page, tous les professionnels sont pr\u00e9sent\u00e9s ainsi que leur r\u00f4le respectif.<\/p>\n","protected":false},"author":582,"featured_media":0,"parent":88,"menu_order":0,"comment_status":"closed","ping_status":"closed","template":"","meta":{"footnotes":"","_links_to":"","_links_to_target":""},"class_list":["post-104","page","type-page","status-publish","hentry"],"_links":{"self":[{"href":"https:\/\/blogs.univ-tlse2.fr\/eepld\/wp-json\/wp\/v2\/pages\/104","targetHints":{"allow":["GET"]}}],"collection":[{"href":"https:\/\/blogs.univ-tlse2.fr\/eepld\/wp-json\/wp\/v2\/pages"}],"about":[{"href":"https:\/\/blogs.univ-tlse2.fr\/eepld\/wp-json\/wp\/v2\/types\/page"}],"author":[{"embeddable":true,"href":"https:\/\/blogs.univ-tlse2.fr\/eepld\/wp-json\/wp\/v2\/users\/582"}],"replies":[{"embeddable":true,"href":"https:\/\/blogs.univ-tlse2.fr\/eepld\/wp-json\/wp\/v2\/comments?post=104"}],"version-history":[{"count":2,"href":"https:\/\/blogs.univ-tlse2.fr\/eepld\/wp-json\/wp\/v2\/pages\/104\/revisions"}],"predecessor-version":[{"id":120,"href":"https:\/\/blogs.univ-tlse2.fr\/eepld\/wp-json\/wp\/v2\/pages\/104\/revisions\/120"}],"up":[{"embeddable":true,"href":"https:\/\/blogs.univ-tlse2.fr\/eepld\/wp-json\/wp\/v2\/pages\/88"}],"wp:attachment":[{"href":"https:\/\/blogs.univ-tlse2.fr\/eepld\/wp-json\/wp\/v2\/media?parent=104"}],"curies":[{"name":"wp","href":"https:\/\/api.w.org\/{rel}","templated":true}]}}