 {"id":122,"date":"2018-09-28T21:59:45","date_gmt":"2018-09-28T19:59:45","guid":{"rendered":"https:\/\/blogs.univ-tlse2.fr\/eepld\/?page_id=122"},"modified":"2018-10-09T15:27:16","modified_gmt":"2018-10-09T13:27:16","slug":"liens-vers-dautres-sites","status":"publish","type":"page","link":"https:\/\/blogs.univ-tlse2.fr\/eepld\/espace-eleves\/liens-vers-dautres-sites\/","title":{"rendered":"Liens vers d&rsquo;autres sites"},"content":{"rendered":"<p>Des liens sont recens\u00e9s en plusieurs cat\u00e9gories :<\/p>\n<ul>\n<li>le d\u00e9crochage scolaire,<\/li>\n<li>les m\u00e9thodes d\u2019apprentissage<\/li>\n<li>l&rsquo;am\u00e9lioration de la qualit\u00e9 de vie en milieu scolaire<\/li>\n<\/ul>\n<p><!--more--><\/p>\n<p><img loading=\"lazy\" decoding=\"async\" class=\"alignnone size-medium wp-image-123\" src=\"https:\/\/blogs.univ-tlse2.fr\/eepld\/files\/2018\/09\/liens-autres-sites-300x187.png\" alt=\"\" width=\"300\" height=\"187\" srcset=\"https:\/\/blogs.univ-tlse2.fr\/eepld\/files\/2018\/09\/liens-autres-sites-300x187.png 300w, https:\/\/blogs.univ-tlse2.fr\/eepld\/files\/2018\/09\/liens-autres-sites.png 678w\" sizes=\"auto, (max-width: 300px) 100vw, 300px\" \/><\/p>\n","protected":false},"excerpt":{"rendered":"<p>Des liens sont recens\u00e9s en plusieurs cat\u00e9gories : le d\u00e9crochage scolaire, les m\u00e9thodes d\u2019apprentissage l&rsquo;am\u00e9lioration de la qualit\u00e9 de vie en milieu scolaire<\/p>\n","protected":false},"author":582,"featured_media":0,"parent":88,"menu_order":0,"comment_status":"closed","ping_status":"closed","template":"","meta":{"footnotes":"","_links_to":"","_links_to_target":""},"class_list":["post-122","page","type-page","status-publish","hentry"],"_links":{"self":[{"href":"https:\/\/blogs.univ-tlse2.fr\/eepld\/wp-json\/wp\/v2\/pages\/122","targetHints":{"allow":["GET"]}}],"collection":[{"href":"https:\/\/blogs.univ-tlse2.fr\/eepld\/wp-json\/wp\/v2\/pages"}],"about":[{"href":"https:\/\/blogs.univ-tlse2.fr\/eepld\/wp-json\/wp\/v2\/types\/page"}],"author":[{"embeddable":true,"href":"https:\/\/blogs.univ-tlse2.fr\/eepld\/wp-json\/wp\/v2\/users\/582"}],"replies":[{"embeddable":true,"href":"https:\/\/blogs.univ-tlse2.fr\/eepld\/wp-json\/wp\/v2\/comments?post=122"}],"version-history":[{"count":3,"href":"https:\/\/blogs.univ-tlse2.fr\/eepld\/wp-json\/wp\/v2\/pages\/122\/revisions"}],"predecessor-version":[{"id":415,"href":"https:\/\/blogs.univ-tlse2.fr\/eepld\/wp-json\/wp\/v2\/pages\/122\/revisions\/415"}],"up":[{"embeddable":true,"href":"https:\/\/blogs.univ-tlse2.fr\/eepld\/wp-json\/wp\/v2\/pages\/88"}],"wp:attachment":[{"href":"https:\/\/blogs.univ-tlse2.fr\/eepld\/wp-json\/wp\/v2\/media?parent=122"}],"curies":[{"name":"wp","href":"https:\/\/api.w.org\/{rel}","templated":true}]}}