 {"id":135,"date":"2018-10-09T14:32:03","date_gmt":"2018-10-09T12:32:03","guid":{"rendered":"https:\/\/blogs.univ-tlse2.fr\/eepld\/?page_id=135"},"modified":"2018-10-09T14:34:25","modified_gmt":"2018-10-09T12:34:25","slug":"forum","status":"publish","type":"page","link":"https:\/\/blogs.univ-tlse2.fr\/eepld\/ro\/elevi\/forum\/","title":{"rendered":"Forum"},"content":{"rendered":"<p>Un sentiment a plusieurs fois \u00e9t\u00e9 exprim\u00e9 durant les rencontres avec les \u00e9l\u00e8ves : la solitude des pr\u00e9-d\u00e9crocheurs et des d\u00e9crocheurs.<br \/>\nAinsi, il semblerait qu&rsquo;\u00e0 l&rsquo;instar des r\u00e9seaux sociaux, les \u00e9changes virtuels par l\u2019interm\u00e9diaire du forum permettraient aux \u00e9l\u00e8ves de s\u2019exprimer en conservant leur anonymat. Cette fonction est possible mais implique la pr\u00e9sence d&rsquo;un mod\u00e9rateur comp\u00e9tent. Conscient de ce que cela implique d&rsquo;une part, et des attentes d&rsquo;autre part, nous avons choisi une alternative int\u00e9ressante qui est celle des \u00ab\u00a0Billets th\u00e9matiques\u00a0\u00bb qui remplacera le Forum existant.<br \/>\n<!--more--><\/p>\n<p>Le billet est une forme courte de communication aussi ancienne que la presse. C\u2019est une forme d\u2019article court qui peut porter sur diff\u00e9rents aspects de la vie en milieu scolaire et qui n\u2019est pas limit\u00e9e uniquement au d\u00e9crochage scolaire. Vous pouvez r\u00e9diger un nouveau billet sur des aspects relationnels avec vos enseignants, vos amis, vos ennemis\u2026\u00a0; sur des aspects p\u00e9dagogiques, la fa\u00e7on dont vous vivez vos apprentissages mais \u00e9galement sur des aspects plus personnels, affectifs comme vos ressentis sur l\u2019\u00e9cole, les angoisses, les joies\u2026 Tout ce qui est en relation avec l\u2019\u00e9cole peut faire l\u2019objet d\u2019un billet mais sachez qu\u2019il devra \u00eatre valid\u00e9 avant d\u2019\u00eatre mis en ligne (aucun propos insultant, raciste, contre les valeurs r\u00e9publicaines\u2026).<\/p>\n<p><a href=\"http:&#47;\/&#x50;r&#x65;s&#x69;d&#x65;&#110;&#x63;&#101;&#64;&#x61;s&#x6d;p&#x2d;f&#x70;e&#x2e;&#101;&#x75;\">Envoyer un billet th\u00e9matique<\/a><\/p>\n","protected":false},"excerpt":{"rendered":"<p>Un sentiment a plusieurs fois \u00e9t\u00e9 exprim\u00e9 durant les rencontres avec les \u00e9l\u00e8ves : la solitude des pr\u00e9-d\u00e9crocheurs et des d\u00e9crocheurs. Ainsi, il semblerait qu&rsquo;\u00e0 l&rsquo;instar des r\u00e9seaux sociaux, les \u00e9changes virtuels par l\u2019interm\u00e9diaire du forum permettraient aux \u00e9l\u00e8ves de s\u2019exprimer en conservant leur anonymat. Cette fonction est possible mais implique la pr\u00e9sence d&rsquo;un mod\u00e9rateur <a href=\"https:\/\/blogs.univ-tlse2.fr\/eepld\/ro\/elevi\/forum\/\" rel=\"nofollow\"><span class=\"sr-only\">En savoir plus surForum<\/span>[&hellip;]<\/a><\/p>\n","protected":false},"author":582,"featured_media":0,"parent":90,"menu_order":0,"comment_status":"closed","ping_status":"closed","template":"","meta":{"footnotes":"","_links_to":"","_links_to_target":""},"class_list":["post-135","page","type-page","status-publish","hentry"],"_links":{"self":[{"href":"https:\/\/blogs.univ-tlse2.fr\/eepld\/wp-json\/wp\/v2\/pages\/135","targetHints":{"allow":["GET"]}}],"collection":[{"href":"https:\/\/blogs.univ-tlse2.fr\/eepld\/wp-json\/wp\/v2\/pages"}],"about":[{"href":"https:\/\/blogs.univ-tlse2.fr\/eepld\/wp-json\/wp\/v2\/types\/page"}],"author":[{"embeddable":true,"href":"https:\/\/blogs.univ-tlse2.fr\/eepld\/wp-json\/wp\/v2\/users\/582"}],"replies":[{"embeddable":true,"href":"https:\/\/blogs.univ-tlse2.fr\/eepld\/wp-json\/wp\/v2\/comments?post=135"}],"version-history":[{"count":6,"href":"https:\/\/blogs.univ-tlse2.fr\/eepld\/wp-json\/wp\/v2\/pages\/135\/revisions"}],"predecessor-version":[{"id":406,"href":"https:\/\/blogs.univ-tlse2.fr\/eepld\/wp-json\/wp\/v2\/pages\/135\/revisions\/406"}],"up":[{"embeddable":true,"href":"https:\/\/blogs.univ-tlse2.fr\/eepld\/wp-json\/wp\/v2\/pages\/90"}],"wp:attachment":[{"href":"https:\/\/blogs.univ-tlse2.fr\/eepld\/wp-json\/wp\/v2\/media?parent=135"}],"curies":[{"name":"wp","href":"https:\/\/api.w.org\/{rel}","templated":true}]}}