 {"id":148,"date":"2018-09-28T22:26:19","date_gmt":"2018-09-28T20:26:19","guid":{"rendered":"https:\/\/blogs.univ-tlse2.fr\/eepld\/?page_id=148"},"modified":"2018-10-09T15:24:44","modified_gmt":"2018-10-09T13:24:44","slug":"billets","status":"publish","type":"page","link":"https:\/\/blogs.univ-tlse2.fr\/eepld\/espace-eleves\/billets\/","title":{"rendered":"Billets"},"content":{"rendered":"<p>Des appels \u00e0 billets th\u00e9matiques seront r\u00e9guli\u00e8rement propos\u00e9s et diffus\u00e9s sur la plateforme.<br \/>\n<!--more--><br \/>\nles billets<br \/>\n<img loading=\"lazy\" decoding=\"async\" class=\"alignnone size-medium wp-image-151\" src=\"https:\/\/blogs.univ-tlse2.fr\/eepld\/files\/2018\/09\/billet-300x172.png\" alt=\"\" width=\"300\" height=\"172\" srcset=\"https:\/\/blogs.univ-tlse2.fr\/eepld\/files\/2018\/09\/billet-300x172.png 300w, https:\/\/blogs.univ-tlse2.fr\/eepld\/files\/2018\/09\/billet.png 582w\" sizes=\"auto, (max-width: 300px) 100vw, 300px\" \/><\/p>\n","protected":false},"excerpt":{"rendered":"<p>Des appels \u00e0 billets th\u00e9matiques seront r\u00e9guli\u00e8rement propos\u00e9s et diffus\u00e9s sur la plateforme.<\/p>\n","protected":false},"author":582,"featured_media":0,"parent":88,"menu_order":0,"comment_status":"closed","ping_status":"closed","template":"","meta":{"footnotes":"","_links_to":"","_links_to_target":""},"class_list":["post-148","page","type-page","status-publish","hentry"],"_links":{"self":[{"href":"https:\/\/blogs.univ-tlse2.fr\/eepld\/wp-json\/wp\/v2\/pages\/148","targetHints":{"allow":["GET"]}}],"collection":[{"href":"https:\/\/blogs.univ-tlse2.fr\/eepld\/wp-json\/wp\/v2\/pages"}],"about":[{"href":"https:\/\/blogs.univ-tlse2.fr\/eepld\/wp-json\/wp\/v2\/types\/page"}],"author":[{"embeddable":true,"href":"https:\/\/blogs.univ-tlse2.fr\/eepld\/wp-json\/wp\/v2\/users\/582"}],"replies":[{"embeddable":true,"href":"https:\/\/blogs.univ-tlse2.fr\/eepld\/wp-json\/wp\/v2\/comments?post=148"}],"version-history":[{"count":3,"href":"https:\/\/blogs.univ-tlse2.fr\/eepld\/wp-json\/wp\/v2\/pages\/148\/revisions"}],"predecessor-version":[{"id":413,"href":"https:\/\/blogs.univ-tlse2.fr\/eepld\/wp-json\/wp\/v2\/pages\/148\/revisions\/413"}],"up":[{"embeddable":true,"href":"https:\/\/blogs.univ-tlse2.fr\/eepld\/wp-json\/wp\/v2\/pages\/88"}],"wp:attachment":[{"href":"https:\/\/blogs.univ-tlse2.fr\/eepld\/wp-json\/wp\/v2\/media?parent=148"}],"curies":[{"name":"wp","href":"https:\/\/api.w.org\/{rel}","templated":true}]}}