 {"id":150,"date":"2018-11-19T15:28:02","date_gmt":"2018-11-19T14:28:02","guid":{"rendered":"https:\/\/blogs.univ-tlse2.fr\/eepld\/?page_id=150"},"modified":"2018-11-19T15:28:02","modified_gmt":"2018-11-19T14:28:02","slug":"articole","status":"publish","type":"page","link":"https:\/\/blogs.univ-tlse2.fr\/eepld\/ro\/elevi\/articole\/","title":{"rendered":"Articole"},"content":{"rendered":"<p>(ro)<br \/>\nDes appels \u00e0 billets th\u00e9matiques seront r\u00e9guli\u00e8rement propos\u00e9s et diffus\u00e9s sur la plateforme.<br \/>\n<!--more--><br \/>\nles billets<br \/>\n<img loading=\"lazy\" decoding=\"async\" class=\"alignnone size-medium wp-image-151\" src=\"https:\/\/blogs.univ-tlse2.fr\/eepld\/files\/2018\/09\/billet-300x172.png\" alt=\"\" width=\"300\" height=\"172\" srcset=\"https:\/\/blogs.univ-tlse2.fr\/eepld\/files\/2018\/09\/billet-300x172.png 300w, https:\/\/blogs.univ-tlse2.fr\/eepld\/files\/2018\/09\/billet.png 582w\" sizes=\"auto, (max-width: 300px) 100vw, 300px\" \/><\/p>\n","protected":false},"excerpt":{"rendered":"<p>(ro) Des appels \u00e0 billets th\u00e9matiques seront r\u00e9guli\u00e8rement propos\u00e9s et diffus\u00e9s sur la plateforme.<\/p>\n","protected":false},"author":582,"featured_media":0,"parent":90,"menu_order":0,"comment_status":"closed","ping_status":"closed","template":"","meta":{"footnotes":"","_links_to":"","_links_to_target":""},"class_list":["post-150","page","type-page","status-publish","hentry"],"_links":{"self":[{"href":"https:\/\/blogs.univ-tlse2.fr\/eepld\/wp-json\/wp\/v2\/pages\/150","targetHints":{"allow":["GET"]}}],"collection":[{"href":"https:\/\/blogs.univ-tlse2.fr\/eepld\/wp-json\/wp\/v2\/pages"}],"about":[{"href":"https:\/\/blogs.univ-tlse2.fr\/eepld\/wp-json\/wp\/v2\/types\/page"}],"author":[{"embeddable":true,"href":"https:\/\/blogs.univ-tlse2.fr\/eepld\/wp-json\/wp\/v2\/users\/582"}],"replies":[{"embeddable":true,"href":"https:\/\/blogs.univ-tlse2.fr\/eepld\/wp-json\/wp\/v2\/comments?post=150"}],"version-history":[{"count":2,"href":"https:\/\/blogs.univ-tlse2.fr\/eepld\/wp-json\/wp\/v2\/pages\/150\/revisions"}],"predecessor-version":[{"id":426,"href":"https:\/\/blogs.univ-tlse2.fr\/eepld\/wp-json\/wp\/v2\/pages\/150\/revisions\/426"}],"up":[{"embeddable":true,"href":"https:\/\/blogs.univ-tlse2.fr\/eepld\/wp-json\/wp\/v2\/pages\/90"}],"wp:attachment":[{"href":"https:\/\/blogs.univ-tlse2.fr\/eepld\/wp-json\/wp\/v2\/media?parent=150"}],"curies":[{"name":"wp","href":"https:\/\/api.w.org\/{rel}","templated":true}]}}